{"id":32162,"date":"2026-04-30T08:30:07","date_gmt":"2026-04-30T08:30:07","guid":{"rendered":"https:\/\/vengru.com\/?post_type=product&#038;p=32162"},"modified":"2026-04-30T08:36:18","modified_gmt":"2026-04-30T08:36:18","slug":"leather-wallet-granite-masolat","status":"publish","type":"product","link":"https:\/\/vengru.com\/en\/termek\/leather-wallet-granite-masolat\/","title":{"rendered":"Leather wallet &#8211; multicolor1"},"content":{"rendered":"<h2>B\u0151r p\u00e9nzt\u00e1rca -multicolor1<\/h2>\n<p>Leather wallet &#8211; multicolor1<\/p>\n<p>Unique leather wallet multicolor1, classic women&#8217;s wallet. Carefully designed, practical and elegant. Perfect for evening outings, it can also be worn as a stylish clutch. The wrist strap ensures added comfort and convenience.<\/p>\n<p>Features dedicated compartments for coins, cards, and documents. The inner pocket can even hold a phone. Features 6 card slots that can hold up to 12 cards, with well-organized compartments to keep everything easy to find. The back zip pocket is perfect for storing coins.<\/p>\n<p>&nbsp;<\/p>\n<p>A timeless piece designed to last, reflecting Vengru\u2019s signature minimalist and geometric aesthetic. The wallet\u2019s flap is inspired by the iconic \u201cU\u201d shape of the brand.<\/p>\n<p>This design reflects confident femininity and timeless elegance. A perfect choice for special occasions, it is also suitable for formal events.<br \/>\nDespite its compact size, the wallet offers enough space for your essentials, including your phone, which fits comfortably in the main compartment.<br \/>\nThis elegant leather wallet pairs beautifully with evening wear and formal outfits. For added convenience, it can be used as a wristlet or clutch, making it an ideal choice when comfort and style are equally important.<br \/>\nIts compact size also makes it a perfect option as a theatre bag or evening clutch.<\/p>\n<p>This wallet is crafted from premium Italian leather, handmade by skilled Hungarian leather artisans, and produced in limited quantities. The accessories are high quality Italian metal accessories, with cut edges, hand painted edge finishes.<\/p>\n<p>A t\u00e1rca k\u00fcls\u0151 m\u00e9rete: 20 cm x 10 cm<\/p>\n<p>&nbsp;<\/p>\n<p>Product care, cleaning<\/p>\n<p>The original leather is a natural material, which is characterised by the fact that its character can change over time. With use, our genuine leather products can be given a patina finish to emphasise their uniqueness. In general, products made from genuine leather require moderate cleaning. Most dirt can be easily removed with a soft, damp cloth. Some soft leather products can also be treated with a specially formulated skin care cream. Always buy the right colour of moisturiser and use only as directed. Conditioning creams and sprays can darken the treated skin. First, it&#8217;s a good idea to clean in a less conspicuous place, where you can make sure that the cleaning doesn&#8217;t leave any unwanted marks. After-care products are not suitable for cleaning leather products.<\/p>\n","protected":false},"excerpt":{"rendered":"<p>Dear Customer,<\/p>\n<p>We believe in sustainable, eternal pieces. Most of our products are only a few pieces in stock, we make them to order. Of course, we will try to deliver orders as soon as possible, but due to the increased number of orders, it may take up to <strong>10-15 working days<\/strong> before delivery.<\/p>\n<p>If your order is urgent, please make sure you <a href=\"https:\/\/vengru.com\/kapcsolat-showroom-2\/\">contact<\/a> us.<\/p>\n<p>Thank you!<\/p>\n<p><em>BogiTomi<\/em><\/p>\n","protected":false},"featured_media":32155,"comment_status":"open","ping_status":"closed","template":"","meta":[],"product_brand":[],"product_cat":[1106,1507,1232,1229],"product_tag":[],"class_list":{"0":"post-32162","1":"product","2":"type-product","3":"status-publish","4":"has-post-thumbnail","6":"product_cat-accessorise-en","7":"product_cat-new-products","8":"product_cat-u-bag-collection","9":"product_cat-wallet","10":"pa_szin-multicolor1","12":"first","13":"instock","14":"shipping-taxable","15":"purchasable","16":"product-type-simple"},"yoast_head":"<!-- This site is optimized with the Yoast SEO plugin v27.5 - https:\/\/yoast.com\/product\/yoast-seo-wordpress\/ -->\n<title>Leather wallet - multicolor1 - vengru.com<\/title>\n<meta name=\"description\" content=\"Leather wallet - multicolor1 Unique leather wallet \u2013 classic women\u2019s leather wallet design. Carefully designed, practical and elegant.\" \/>\n<meta name=\"robots\" content=\"index, follow, max-snippet:-1, max-image-preview:large, max-video-preview:-1\" \/>\n<link rel=\"canonical\" href=\"https:\/\/vengru.com\/en\/termek\/leather-wallet-granite-masolat\/\" \/>\n<meta property=\"og:locale\" content=\"en_US\" \/>\n<meta property=\"og:type\" content=\"article\" \/>\n<meta property=\"og:title\" content=\"Leather wallet - multicolor1 - vengru.com\" \/>\n<meta property=\"og:description\" content=\"Leather wallet - multicolor1 Unique leather wallet \u2013 classic women\u2019s leather wallet design. Carefully designed, practical and elegant.\" \/>\n<meta property=\"og:url\" content=\"https:\/\/vengru.com\/en\/termek\/leather-wallet-granite-masolat\/\" \/>\n<meta property=\"og:site_name\" content=\"vengru.com\" \/>\n<meta property=\"article:publisher\" content=\"https:\/\/www.facebook.com\/vengrubag\/\" \/>\n<meta property=\"article:modified_time\" content=\"2026-04-30T08:36:18+00:00\" \/>\n<meta property=\"og:image\" content=\"https:\/\/vengru.com\/wp-content\/uploads\/2026\/04\/penztarca-multicolor.jpg\" \/>\n\t<meta property=\"og:image:width\" content=\"800\" \/>\n\t<meta property=\"og:image:height\" content=\"1000\" \/>\n\t<meta property=\"og:image:type\" content=\"image\/jpeg\" \/>\n<meta name=\"twitter:card\" content=\"summary_large_image\" \/>\n<meta name=\"twitter:label1\" content=\"Est. reading time\" \/>\n\t<meta name=\"twitter:data1\" content=\"2 minutes\" \/>\n<script type=\"application\/ld+json\" class=\"yoast-schema-graph\">{\"@context\":\"https:\\\/\\\/schema.org\",\"@graph\":[{\"@type\":\"WebPage\",\"@id\":\"https:\\\/\\\/vengru.com\\\/en\\\/termek\\\/leather-wallet-granite-masolat\\\/\",\"url\":\"https:\\\/\\\/vengru.com\\\/en\\\/termek\\\/leather-wallet-granite-masolat\\\/\",\"name\":\"Leather wallet - multicolor1 - vengru.com\",\"isPartOf\":{\"@id\":\"https:\\\/\\\/vengru.com\\\/en\\\/#website\"},\"primaryImageOfPage\":{\"@id\":\"https:\\\/\\\/vengru.com\\\/en\\\/termek\\\/leather-wallet-granite-masolat\\\/#primaryimage\"},\"image\":{\"@id\":\"https:\\\/\\\/vengru.com\\\/en\\\/termek\\\/leather-wallet-granite-masolat\\\/#primaryimage\"},\"thumbnailUrl\":\"https:\\\/\\\/vengru.com\\\/wp-content\\\/uploads\\\/2026\\\/04\\\/penztarca-multicolor.jpg\",\"datePublished\":\"2026-04-30T08:30:07+00:00\",\"dateModified\":\"2026-04-30T08:36:18+00:00\",\"description\":\"Leather wallet - multicolor1 Unique leather wallet \u2013 classic women\u2019s leather wallet design. Carefully designed, practical and elegant.\",\"breadcrumb\":{\"@id\":\"https:\\\/\\\/vengru.com\\\/en\\\/termek\\\/leather-wallet-granite-masolat\\\/#breadcrumb\"},\"inLanguage\":\"en-US\",\"potentialAction\":[{\"@type\":\"ReadAction\",\"target\":[\"https:\\\/\\\/vengru.com\\\/en\\\/termek\\\/leather-wallet-granite-masolat\\\/\"]}]},{\"@type\":\"ImageObject\",\"inLanguage\":\"en-US\",\"@id\":\"https:\\\/\\\/vengru.com\\\/en\\\/termek\\\/leather-wallet-granite-masolat\\\/#primaryimage\",\"url\":\"https:\\\/\\\/vengru.com\\\/wp-content\\\/uploads\\\/2026\\\/04\\\/penztarca-multicolor.jpg\",\"contentUrl\":\"https:\\\/\\\/vengru.com\\\/wp-content\\\/uploads\\\/2026\\\/04\\\/penztarca-multicolor.jpg\",\"width\":800,\"height\":1000},{\"@type\":\"BreadcrumbList\",\"@id\":\"https:\\\/\\\/vengru.com\\\/en\\\/termek\\\/leather-wallet-granite-masolat\\\/#breadcrumb\",\"itemListElement\":[{\"@type\":\"ListItem\",\"position\":1,\"name\":\"Home\",\"item\":\"https:\\\/\\\/vengru.com\\\/en\\\/\"},{\"@type\":\"ListItem\",\"position\":2,\"name\":\"SHOP\",\"item\":\"https:\\\/\\\/vengru.com\\\/en\\\/shop-2\\\/\"},{\"@type\":\"ListItem\",\"position\":3,\"name\":\"Leather wallet &#8211; multicolor1\"}]},{\"@type\":\"WebSite\",\"@id\":\"https:\\\/\\\/vengru.com\\\/en\\\/#website\",\"url\":\"https:\\\/\\\/vengru.com\\\/en\\\/\",\"name\":\"vengru.com\",\"description\":\"Vari\u00e1lhat\u00f3, min\u0151s\u00e9gi magyar designer m\u00e1rka\",\"publisher\":{\"@id\":\"https:\\\/\\\/vengru.com\\\/en\\\/#organization\"},\"potentialAction\":[{\"@type\":\"SearchAction\",\"target\":{\"@type\":\"EntryPoint\",\"urlTemplate\":\"https:\\\/\\\/vengru.com\\\/en\\\/?s={search_term_string}\"},\"query-input\":{\"@type\":\"PropertyValueSpecification\",\"valueRequired\":true,\"valueName\":\"search_term_string\"}}],\"inLanguage\":\"en-US\"},{\"@type\":\"Organization\",\"@id\":\"https:\\\/\\\/vengru.com\\\/en\\\/#organization\",\"name\":\"VENGRU Ltd.\",\"url\":\"https:\\\/\\\/vengru.com\\\/en\\\/\",\"logo\":{\"@type\":\"ImageObject\",\"inLanguage\":\"en-US\",\"@id\":\"https:\\\/\\\/vengru.com\\\/en\\\/#\\\/schema\\\/logo\\\/image\\\/\",\"url\":\"https:\\\/\\\/vengru.com\\\/wp-content\\\/uploads\\\/2025\\\/05\\\/cropped-VENGRU-logoPNG3-1.png\",\"contentUrl\":\"https:\\\/\\\/vengru.com\\\/wp-content\\\/uploads\\\/2025\\\/05\\\/cropped-VENGRU-logoPNG3-1.png\",\"width\":581,\"height\":98,\"caption\":\"VENGRU Ltd.\"},\"image\":{\"@id\":\"https:\\\/\\\/vengru.com\\\/en\\\/#\\\/schema\\\/logo\\\/image\\\/\"},\"sameAs\":[\"https:\\\/\\\/www.facebook.com\\\/vengrubag\\\/\",\"https:\\\/\\\/www.instagram.com\\\/vengrubag\\\/\"]}]}<\/script>\n<!-- \/ Yoast SEO plugin. -->","yoast_head_json":{"title":"Leather wallet - multicolor1 - vengru.com","description":"Leather wallet - multicolor1 Unique leather wallet \u2013 classic women\u2019s leather wallet design. Carefully designed, practical and elegant.","robots":{"index":"index","follow":"follow","max-snippet":"max-snippet:-1","max-image-preview":"max-image-preview:large","max-video-preview":"max-video-preview:-1"},"canonical":"https:\/\/vengru.com\/en\/termek\/leather-wallet-granite-masolat\/","og_locale":"en_US","og_type":"article","og_title":"Leather wallet - multicolor1 - vengru.com","og_description":"Leather wallet - multicolor1 Unique leather wallet \u2013 classic women\u2019s leather wallet design. Carefully designed, practical and elegant.","og_url":"https:\/\/vengru.com\/en\/termek\/leather-wallet-granite-masolat\/","og_site_name":"vengru.com","article_publisher":"https:\/\/www.facebook.com\/vengrubag\/","article_modified_time":"2026-04-30T08:36:18+00:00","og_image":[{"width":800,"height":1000,"url":"https:\/\/vengru.com\/wp-content\/uploads\/2026\/04\/penztarca-multicolor.jpg","type":"image\/jpeg"}],"twitter_card":"summary_large_image","twitter_misc":{"Est. reading time":"2 minutes"},"schema":{"@context":"https:\/\/schema.org","@graph":[{"@type":"WebPage","@id":"https:\/\/vengru.com\/en\/termek\/leather-wallet-granite-masolat\/","url":"https:\/\/vengru.com\/en\/termek\/leather-wallet-granite-masolat\/","name":"Leather wallet - multicolor1 - vengru.com","isPartOf":{"@id":"https:\/\/vengru.com\/en\/#website"},"primaryImageOfPage":{"@id":"https:\/\/vengru.com\/en\/termek\/leather-wallet-granite-masolat\/#primaryimage"},"image":{"@id":"https:\/\/vengru.com\/en\/termek\/leather-wallet-granite-masolat\/#primaryimage"},"thumbnailUrl":"https:\/\/vengru.com\/wp-content\/uploads\/2026\/04\/penztarca-multicolor.jpg","datePublished":"2026-04-30T08:30:07+00:00","dateModified":"2026-04-30T08:36:18+00:00","description":"Leather wallet - multicolor1 Unique leather wallet \u2013 classic women\u2019s leather wallet design. Carefully designed, practical and elegant.","breadcrumb":{"@id":"https:\/\/vengru.com\/en\/termek\/leather-wallet-granite-masolat\/#breadcrumb"},"inLanguage":"en-US","potentialAction":[{"@type":"ReadAction","target":["https:\/\/vengru.com\/en\/termek\/leather-wallet-granite-masolat\/"]}]},{"@type":"ImageObject","inLanguage":"en-US","@id":"https:\/\/vengru.com\/en\/termek\/leather-wallet-granite-masolat\/#primaryimage","url":"https:\/\/vengru.com\/wp-content\/uploads\/2026\/04\/penztarca-multicolor.jpg","contentUrl":"https:\/\/vengru.com\/wp-content\/uploads\/2026\/04\/penztarca-multicolor.jpg","width":800,"height":1000},{"@type":"BreadcrumbList","@id":"https:\/\/vengru.com\/en\/termek\/leather-wallet-granite-masolat\/#breadcrumb","itemListElement":[{"@type":"ListItem","position":1,"name":"Home","item":"https:\/\/vengru.com\/en\/"},{"@type":"ListItem","position":2,"name":"SHOP","item":"https:\/\/vengru.com\/en\/shop-2\/"},{"@type":"ListItem","position":3,"name":"Leather wallet &#8211; multicolor1"}]},{"@type":"WebSite","@id":"https:\/\/vengru.com\/en\/#website","url":"https:\/\/vengru.com\/en\/","name":"vengru.com","description":"Vari\u00e1lhat\u00f3, min\u0151s\u00e9gi magyar designer m\u00e1rka","publisher":{"@id":"https:\/\/vengru.com\/en\/#organization"},"potentialAction":[{"@type":"SearchAction","target":{"@type":"EntryPoint","urlTemplate":"https:\/\/vengru.com\/en\/?s={search_term_string}"},"query-input":{"@type":"PropertyValueSpecification","valueRequired":true,"valueName":"search_term_string"}}],"inLanguage":"en-US"},{"@type":"Organization","@id":"https:\/\/vengru.com\/en\/#organization","name":"VENGRU Ltd.","url":"https:\/\/vengru.com\/en\/","logo":{"@type":"ImageObject","inLanguage":"en-US","@id":"https:\/\/vengru.com\/en\/#\/schema\/logo\/image\/","url":"https:\/\/vengru.com\/wp-content\/uploads\/2025\/05\/cropped-VENGRU-logoPNG3-1.png","contentUrl":"https:\/\/vengru.com\/wp-content\/uploads\/2025\/05\/cropped-VENGRU-logoPNG3-1.png","width":581,"height":98,"caption":"VENGRU Ltd."},"image":{"@id":"https:\/\/vengru.com\/en\/#\/schema\/logo\/image\/"},"sameAs":["https:\/\/www.facebook.com\/vengrubag\/","https:\/\/www.instagram.com\/vengrubag\/"]}]}},"_links":{"self":[{"href":"https:\/\/vengru.com\/en\/wp-json\/wp\/v2\/product\/32162","targetHints":{"allow":["GET"]}}],"collection":[{"href":"https:\/\/vengru.com\/en\/wp-json\/wp\/v2\/product"}],"about":[{"href":"https:\/\/vengru.com\/en\/wp-json\/wp\/v2\/types\/product"}],"replies":[{"embeddable":true,"href":"https:\/\/vengru.com\/en\/wp-json\/wp\/v2\/comments?post=32162"}],"wp:featuredmedia":[{"embeddable":true,"href":"https:\/\/vengru.com\/en\/wp-json\/wp\/v2\/media\/32155"}],"wp:attachment":[{"href":"https:\/\/vengru.com\/en\/wp-json\/wp\/v2\/media?parent=32162"}],"wp:term":[{"taxonomy":"product_brand","embeddable":true,"href":"https:\/\/vengru.com\/en\/wp-json\/wp\/v2\/product_brand?post=32162"},{"taxonomy":"product_cat","embeddable":true,"href":"https:\/\/vengru.com\/en\/wp-json\/wp\/v2\/product_cat?post=32162"},{"taxonomy":"product_tag","embeddable":true,"href":"https:\/\/vengru.com\/en\/wp-json\/wp\/v2\/product_tag?post=32162"}],"curies":[{"name":"wp","href":"https:\/\/api.w.org\/{rel}","templated":true}]}}