{"id":32132,"date":"2026-04-30T07:49:39","date_gmt":"2026-04-30T07:49:39","guid":{"rendered":"https:\/\/vengru.com\/?post_type=product&#038;p=32132"},"modified":"2026-04-30T07:56:40","modified_gmt":"2026-04-30T07:56:40","slug":"vengru-mini-wallet-black-copy","status":"publish","type":"product","link":"https:\/\/vengru.com\/en\/termek\/vengru-mini-wallet-black-copy\/","title":{"rendered":"Vengru Mini wallet cobalt"},"content":{"rendered":"<h3 class=\"\" data-start=\"165\" data-end=\"239\">\ud83d\udc5c Vengru Mini Wallet Cobalt \u2013 Handmade Women&#8217;s Leather Wallet<\/h3>\n<p class=\"\" data-start=\"241\" data-end=\"480\">Meet Vengru Mini Wallet Cobalt \u2013 the handmade Hungarian leather wallet, specially designed for the Vengru GEM Mini bag. This compact women&#8217;s wallet is the perfect combination of style, functionality and uniqueness.<\/p>\n<p class=\"\" data-start=\"482\" data-end=\"789\">The card holder design ensures that you can always keep your most important cards organized, while the top section with a metal zipper securely stores change and other small items. The premium quality leather is not only timeless, but also gives each piece a special character.<\/p>\n<p class=\"\" data-start=\"791\" data-end=\"1048\">A small series product made by Hungarian leather craftsmen, so you are guaranteed to have a unique designer wallet in your hands \u2013 not a mass product. Whether you choose it for your own use or as a gift, the Vengru Mini wallet is a special piece for everyday use. Durable, sustainable and stylish. Recommended for every woman who appreciates uniqueness.<\/p>\n<p class=\"\" data-start=\"791\" data-end=\"1048\">It&#8217;s a perfect choice if exclusivity, quality, and supporting a domestic brand are important to you.<\/p>\n<p data-start=\"791\" data-end=\"1048\">Size: 13 cm X 8.5 cm X 1 cm<\/p>\n<hr class=\"\" data-start=\"1050\" data-end=\"1053\" \/>\n<h3 class=\"\" data-start=\"1055\" data-end=\"1079\">\ud83d\udd11 Main features:<\/h3>\n<ul data-start=\"1080\" data-end=\"1328\">\n<li class=\"\" data-start=\"1080\" data-end=\"1125\">\n<p class=\"\" data-start=\"1082\" data-end=\"1125\">Handmade, Hungarian designer wallet<\/p>\n<\/li>\n<li class=\"\" data-start=\"1126\" data-end=\"1191\">\n<p class=\"\" data-start=\"1128\" data-end=\"1191\">Compact size \u2013 fits perfectly into the Vengru Mini bag<\/p>\n<\/li>\n<li class=\"\" data-start=\"1192\" data-end=\"1225\">\n<p class=\"\" data-start=\"1194\" data-end=\"1225\">Card holder layout<\/p>\n<\/li>\n<li class=\"\" data-start=\"1226\" data-end=\"1260\">\n<p class=\"\" data-start=\"1228\" data-end=\"1260\">Top closed with metal zipper<\/p>\n<\/li>\n<li class=\"\" data-start=\"1261\" data-end=\"1293\">\n<p class=\"\" data-start=\"1263\" data-end=\"1293\">Made of premium Italian leather<\/p>\n<\/li>\n<li class=\"\" data-start=\"1294\" data-end=\"1328\">\n<p class=\"\" data-start=\"1296\" data-end=\"1328\">Available in small series<\/p>\n<\/li>\n<\/ul>\n<h3>PRODUCT CARE, CLEANING<\/h3>\n<p>The original leather is a natural material, which is characterised by the fact that its character can change over time. With use, our genuine leather products can be given a patina finish to emphasise their uniqueness. In general, products made from genuine leather require moderate cleaning. Most dirt can be easily removed with a soft, damp cloth. Some soft leather products can also be treated with a specially formulated skin care cream. Always buy the right colour of moisturiser and use only as directed. Conditioning creams and sprays can darken the treated skin. First, it&#8217;s a good idea to clean in a less conspicuous place, where you can make sure that the cleaning doesn&#8217;t leave any unwanted marks. After-care products are not suitable for cleaning leather products.<\/p>\n<p>If you haven&#8217;t already, follow us on <a href=\"https:\/\/instagram.com\/vengrubag\">Instagram<\/a> and <a href=\"https:\/\/facebook.com\/vengrubag\">Facebook<\/a> to keep up to date with our latest news.<\/p>\n","protected":false},"excerpt":{"rendered":"<p class=\"\" data-start=\"1126\" data-end=\"1388\">Each piece is crafted by experienced Hungarian leather craftsmen from premium quality leather with meticulous attention to detail. The unique design guarantees that you will not find anything similar \u2013 each wallet is a true designer piece, with only a few copies being made.<\/p>\n<p class=\"\" data-start=\"1390\" data-end=\"1631\">It&#8217;s a perfect choice if exclusivity, quality, and supporting a domestic brand are important to you.<\/p>\n","protected":false},"featured_media":32134,"comment_status":"closed","ping_status":"closed","template":"","meta":[],"product_brand":[],"product_cat":[1228,1507,1229],"product_tag":[1399,1397,1400,1401,1398,1402],"class_list":{"0":"post-32132","1":"product","2":"type-product","3":"status-publish","4":"has-post-thumbnail","6":"product_cat-card-holder","7":"product_cat-new-products","8":"product_cat-wallet","9":"product_tag-designer-card-holder-wallet","10":"product_tag-handcrafted-womens-leather-wallet","11":"product_tag-hungarian-designed-wallet","12":"product_tag-premium-leather-wallet-for-women","13":"product_tag-small-leather-wallet","14":"product_tag-vengru-mini-wallet","15":"pa_szin-cobalt","17":"first","18":"instock","19":"shipping-taxable","20":"purchasable","21":"product-type-simple"},"yoast_head":"<!-- This site is optimized with the Yoast SEO plugin v27.5 - https:\/\/yoast.com\/product\/yoast-seo-wordpress\/ -->\n<title>Vengru Mini wallet cobalt -<\/title>\n<meta name=\"description\" content=\"Discover: Vengru Mini Wallet Cobalt \u2013 handmade, compact women&#039;s leather wallet in premium quality. Unique designer piece with card holder.\" \/>\n<meta name=\"robots\" content=\"index, follow, max-snippet:-1, max-image-preview:large, max-video-preview:-1\" \/>\n<link rel=\"canonical\" href=\"https:\/\/vengru.com\/en\/termek\/vengru-mini-wallet-black-copy\/\" \/>\n<meta property=\"og:locale\" content=\"en_US\" \/>\n<meta property=\"og:type\" content=\"article\" \/>\n<meta property=\"og:title\" content=\"Vengru Mini wallet cobalt -\" \/>\n<meta property=\"og:description\" content=\"Discover: Vengru Mini Wallet Cobalt \u2013 handmade, compact women&#039;s leather wallet in premium quality. Unique designer piece with card holder.\" \/>\n<meta property=\"og:url\" content=\"https:\/\/vengru.com\/en\/termek\/vengru-mini-wallet-black-copy\/\" \/>\n<meta property=\"og:site_name\" content=\"vengru.com\" \/>\n<meta property=\"article:publisher\" content=\"https:\/\/www.facebook.com\/vengrubag\/\" \/>\n<meta property=\"article:modified_time\" content=\"2026-04-30T07:56:40+00:00\" \/>\n<meta property=\"og:image\" content=\"https:\/\/vengru.com\/wp-content\/uploads\/2026\/04\/Vengru-wallet-mini-cobalt.jpg\" \/>\n\t<meta property=\"og:image:width\" content=\"1200\" \/>\n\t<meta property=\"og:image:height\" content=\"1500\" \/>\n\t<meta property=\"og:image:type\" content=\"image\/jpeg\" \/>\n<meta name=\"twitter:card\" content=\"summary_large_image\" \/>\n<meta name=\"twitter:label1\" content=\"Est. reading time\" \/>\n\t<meta name=\"twitter:data1\" content=\"2 minutes\" \/>\n<script type=\"application\/ld+json\" class=\"yoast-schema-graph\">{\"@context\":\"https:\\\/\\\/schema.org\",\"@graph\":[{\"@type\":\"WebPage\",\"@id\":\"https:\\\/\\\/vengru.com\\\/en\\\/termek\\\/vengru-mini-wallet-black-copy\\\/\",\"url\":\"https:\\\/\\\/vengru.com\\\/en\\\/termek\\\/vengru-mini-wallet-black-copy\\\/\",\"name\":\"Vengru Mini wallet cobalt -\",\"isPartOf\":{\"@id\":\"https:\\\/\\\/vengru.com\\\/en\\\/#website\"},\"primaryImageOfPage\":{\"@id\":\"https:\\\/\\\/vengru.com\\\/en\\\/termek\\\/vengru-mini-wallet-black-copy\\\/#primaryimage\"},\"image\":{\"@id\":\"https:\\\/\\\/vengru.com\\\/en\\\/termek\\\/vengru-mini-wallet-black-copy\\\/#primaryimage\"},\"thumbnailUrl\":\"https:\\\/\\\/vengru.com\\\/wp-content\\\/uploads\\\/2026\\\/04\\\/Vengru-wallet-mini-cobalt.jpg\",\"datePublished\":\"2026-04-30T07:49:39+00:00\",\"dateModified\":\"2026-04-30T07:56:40+00:00\",\"description\":\"Discover: Vengru Mini Wallet Cobalt \u2013 handmade, compact women's leather wallet in premium quality. Unique designer piece with card holder.\",\"breadcrumb\":{\"@id\":\"https:\\\/\\\/vengru.com\\\/en\\\/termek\\\/vengru-mini-wallet-black-copy\\\/#breadcrumb\"},\"inLanguage\":\"en-US\",\"potentialAction\":[{\"@type\":\"ReadAction\",\"target\":[\"https:\\\/\\\/vengru.com\\\/en\\\/termek\\\/vengru-mini-wallet-black-copy\\\/\"]}]},{\"@type\":\"ImageObject\",\"inLanguage\":\"en-US\",\"@id\":\"https:\\\/\\\/vengru.com\\\/en\\\/termek\\\/vengru-mini-wallet-black-copy\\\/#primaryimage\",\"url\":\"https:\\\/\\\/vengru.com\\\/wp-content\\\/uploads\\\/2026\\\/04\\\/Vengru-wallet-mini-cobalt.jpg\",\"contentUrl\":\"https:\\\/\\\/vengru.com\\\/wp-content\\\/uploads\\\/2026\\\/04\\\/Vengru-wallet-mini-cobalt.jpg\",\"width\":1200,\"height\":1500},{\"@type\":\"BreadcrumbList\",\"@id\":\"https:\\\/\\\/vengru.com\\\/en\\\/termek\\\/vengru-mini-wallet-black-copy\\\/#breadcrumb\",\"itemListElement\":[{\"@type\":\"ListItem\",\"position\":1,\"name\":\"Home\",\"item\":\"https:\\\/\\\/vengru.com\\\/en\\\/\"},{\"@type\":\"ListItem\",\"position\":2,\"name\":\"SHOP\",\"item\":\"https:\\\/\\\/vengru.com\\\/en\\\/shop-2\\\/\"},{\"@type\":\"ListItem\",\"position\":3,\"name\":\"Vengru Mini wallet cobalt\"}]},{\"@type\":\"WebSite\",\"@id\":\"https:\\\/\\\/vengru.com\\\/en\\\/#website\",\"url\":\"https:\\\/\\\/vengru.com\\\/en\\\/\",\"name\":\"vengru.com\",\"description\":\"Vari\u00e1lhat\u00f3, min\u0151s\u00e9gi magyar designer m\u00e1rka\",\"publisher\":{\"@id\":\"https:\\\/\\\/vengru.com\\\/en\\\/#organization\"},\"potentialAction\":[{\"@type\":\"SearchAction\",\"target\":{\"@type\":\"EntryPoint\",\"urlTemplate\":\"https:\\\/\\\/vengru.com\\\/en\\\/?s={search_term_string}\"},\"query-input\":{\"@type\":\"PropertyValueSpecification\",\"valueRequired\":true,\"valueName\":\"search_term_string\"}}],\"inLanguage\":\"en-US\"},{\"@type\":\"Organization\",\"@id\":\"https:\\\/\\\/vengru.com\\\/en\\\/#organization\",\"name\":\"VENGRU Ltd.\",\"url\":\"https:\\\/\\\/vengru.com\\\/en\\\/\",\"logo\":{\"@type\":\"ImageObject\",\"inLanguage\":\"en-US\",\"@id\":\"https:\\\/\\\/vengru.com\\\/en\\\/#\\\/schema\\\/logo\\\/image\\\/\",\"url\":\"https:\\\/\\\/vengru.com\\\/wp-content\\\/uploads\\\/2025\\\/05\\\/cropped-VENGRU-logoPNG3-1.png\",\"contentUrl\":\"https:\\\/\\\/vengru.com\\\/wp-content\\\/uploads\\\/2025\\\/05\\\/cropped-VENGRU-logoPNG3-1.png\",\"width\":581,\"height\":98,\"caption\":\"VENGRU Ltd.\"},\"image\":{\"@id\":\"https:\\\/\\\/vengru.com\\\/en\\\/#\\\/schema\\\/logo\\\/image\\\/\"},\"sameAs\":[\"https:\\\/\\\/www.facebook.com\\\/vengrubag\\\/\",\"https:\\\/\\\/www.instagram.com\\\/vengrubag\\\/\"]}]}<\/script>\n<!-- \/ Yoast SEO plugin. -->","yoast_head_json":{"title":"Vengru Mini wallet cobalt -","description":"Discover: Vengru Mini Wallet Cobalt \u2013 handmade, compact women's leather wallet in premium quality. Unique designer piece with card holder.","robots":{"index":"index","follow":"follow","max-snippet":"max-snippet:-1","max-image-preview":"max-image-preview:large","max-video-preview":"max-video-preview:-1"},"canonical":"https:\/\/vengru.com\/en\/termek\/vengru-mini-wallet-black-copy\/","og_locale":"en_US","og_type":"article","og_title":"Vengru Mini wallet cobalt -","og_description":"Discover: Vengru Mini Wallet Cobalt \u2013 handmade, compact women's leather wallet in premium quality. Unique designer piece with card holder.","og_url":"https:\/\/vengru.com\/en\/termek\/vengru-mini-wallet-black-copy\/","og_site_name":"vengru.com","article_publisher":"https:\/\/www.facebook.com\/vengrubag\/","article_modified_time":"2026-04-30T07:56:40+00:00","og_image":[{"width":1200,"height":1500,"url":"https:\/\/vengru.com\/wp-content\/uploads\/2026\/04\/Vengru-wallet-mini-cobalt.jpg","type":"image\/jpeg"}],"twitter_card":"summary_large_image","twitter_misc":{"Est. reading time":"2 minutes"},"schema":{"@context":"https:\/\/schema.org","@graph":[{"@type":"WebPage","@id":"https:\/\/vengru.com\/en\/termek\/vengru-mini-wallet-black-copy\/","url":"https:\/\/vengru.com\/en\/termek\/vengru-mini-wallet-black-copy\/","name":"Vengru Mini wallet cobalt -","isPartOf":{"@id":"https:\/\/vengru.com\/en\/#website"},"primaryImageOfPage":{"@id":"https:\/\/vengru.com\/en\/termek\/vengru-mini-wallet-black-copy\/#primaryimage"},"image":{"@id":"https:\/\/vengru.com\/en\/termek\/vengru-mini-wallet-black-copy\/#primaryimage"},"thumbnailUrl":"https:\/\/vengru.com\/wp-content\/uploads\/2026\/04\/Vengru-wallet-mini-cobalt.jpg","datePublished":"2026-04-30T07:49:39+00:00","dateModified":"2026-04-30T07:56:40+00:00","description":"Discover: Vengru Mini Wallet Cobalt \u2013 handmade, compact women's leather wallet in premium quality. Unique designer piece with card holder.","breadcrumb":{"@id":"https:\/\/vengru.com\/en\/termek\/vengru-mini-wallet-black-copy\/#breadcrumb"},"inLanguage":"en-US","potentialAction":[{"@type":"ReadAction","target":["https:\/\/vengru.com\/en\/termek\/vengru-mini-wallet-black-copy\/"]}]},{"@type":"ImageObject","inLanguage":"en-US","@id":"https:\/\/vengru.com\/en\/termek\/vengru-mini-wallet-black-copy\/#primaryimage","url":"https:\/\/vengru.com\/wp-content\/uploads\/2026\/04\/Vengru-wallet-mini-cobalt.jpg","contentUrl":"https:\/\/vengru.com\/wp-content\/uploads\/2026\/04\/Vengru-wallet-mini-cobalt.jpg","width":1200,"height":1500},{"@type":"BreadcrumbList","@id":"https:\/\/vengru.com\/en\/termek\/vengru-mini-wallet-black-copy\/#breadcrumb","itemListElement":[{"@type":"ListItem","position":1,"name":"Home","item":"https:\/\/vengru.com\/en\/"},{"@type":"ListItem","position":2,"name":"SHOP","item":"https:\/\/vengru.com\/en\/shop-2\/"},{"@type":"ListItem","position":3,"name":"Vengru Mini wallet cobalt"}]},{"@type":"WebSite","@id":"https:\/\/vengru.com\/en\/#website","url":"https:\/\/vengru.com\/en\/","name":"vengru.com","description":"Vari\u00e1lhat\u00f3, min\u0151s\u00e9gi magyar designer m\u00e1rka","publisher":{"@id":"https:\/\/vengru.com\/en\/#organization"},"potentialAction":[{"@type":"SearchAction","target":{"@type":"EntryPoint","urlTemplate":"https:\/\/vengru.com\/en\/?s={search_term_string}"},"query-input":{"@type":"PropertyValueSpecification","valueRequired":true,"valueName":"search_term_string"}}],"inLanguage":"en-US"},{"@type":"Organization","@id":"https:\/\/vengru.com\/en\/#organization","name":"VENGRU Ltd.","url":"https:\/\/vengru.com\/en\/","logo":{"@type":"ImageObject","inLanguage":"en-US","@id":"https:\/\/vengru.com\/en\/#\/schema\/logo\/image\/","url":"https:\/\/vengru.com\/wp-content\/uploads\/2025\/05\/cropped-VENGRU-logoPNG3-1.png","contentUrl":"https:\/\/vengru.com\/wp-content\/uploads\/2025\/05\/cropped-VENGRU-logoPNG3-1.png","width":581,"height":98,"caption":"VENGRU Ltd."},"image":{"@id":"https:\/\/vengru.com\/en\/#\/schema\/logo\/image\/"},"sameAs":["https:\/\/www.facebook.com\/vengrubag\/","https:\/\/www.instagram.com\/vengrubag\/"]}]}},"_links":{"self":[{"href":"https:\/\/vengru.com\/en\/wp-json\/wp\/v2\/product\/32132","targetHints":{"allow":["GET"]}}],"collection":[{"href":"https:\/\/vengru.com\/en\/wp-json\/wp\/v2\/product"}],"about":[{"href":"https:\/\/vengru.com\/en\/wp-json\/wp\/v2\/types\/product"}],"replies":[{"embeddable":true,"href":"https:\/\/vengru.com\/en\/wp-json\/wp\/v2\/comments?post=32132"}],"wp:featuredmedia":[{"embeddable":true,"href":"https:\/\/vengru.com\/en\/wp-json\/wp\/v2\/media\/32134"}],"wp:attachment":[{"href":"https:\/\/vengru.com\/en\/wp-json\/wp\/v2\/media?parent=32132"}],"wp:term":[{"taxonomy":"product_brand","embeddable":true,"href":"https:\/\/vengru.com\/en\/wp-json\/wp\/v2\/product_brand?post=32132"},{"taxonomy":"product_cat","embeddable":true,"href":"https:\/\/vengru.com\/en\/wp-json\/wp\/v2\/product_cat?post=32132"},{"taxonomy":"product_tag","embeddable":true,"href":"https:\/\/vengru.com\/en\/wp-json\/wp\/v2\/product_tag?post=32132"}],"curies":[{"name":"wp","href":"https:\/\/api.w.org\/{rel}","templated":true}]}}