{"id":31877,"date":"2026-04-29T12:36:58","date_gmt":"2026-04-29T12:36:58","guid":{"rendered":"https:\/\/vengru.com\/?post_type=product&#038;p=31877"},"modified":"2026-04-29T12:43:49","modified_gmt":"2026-04-29T12:43:49","slug":"canvas-bag-mini-beige-gem-mini-sand-masolat-2","status":"publish","type":"product","link":"https:\/\/vengru.com\/en\/termek\/canvas-bag-mini-beige-gem-mini-sand-masolat-2\/","title":{"rendered":"Canvas bag mini beige turquoise &#8211; GEM mini electric tide"},"content":{"rendered":"<h2>Canvas bag mini beige turquoise &#8211; GEM mini electric tide<\/h2>\n<p><span data-contrast=\"auto\">Canvas bag mini beige turquoise &#8211; GEM mini electric tide <\/span><\/p>\n<p><span data-contrast=\"auto\">The GEM mini bag can be attached to VENGRU canvas bags<\/span><span data-contrast=\"auto\">, but it also works well as a separate bag. Whether it&#8217;s a casual event or just an afternoon coffee or an evening out. Because of their size, canvas bags can hold all the essentials you need for your daily work. And when you only need the essentials &#8211; phone, wallet, keys &#8211; you only need to take your bag. <\/span><\/p>\n<p><span data-contrast=\"auto\">The GEM mini is a practical, <\/span><span data-contrast=\"auto\">sleek addition to any woman&#8217;s<\/span><span data-contrast=\"auto\">wardrobe. This bag style reflects true femininity. A casual bag that&#8217;s perfect even for a formal event. Your essentials like your phone, wallet, gum and favourite lipstick will fit in a handbag. This pretty little bag goes great with casual outfits, if comfort is important, we definitely recommend this bag.<\/span><\/p>\n<p><span data-contrast=\"auto\">The small bag also stands on its own and makes a special outfit. It<\/span><span data-contrast=\"auto\">can be used in the hand as a clutch bag, with a chain, strap or even with a belt as a belt bag. The new type of canvas can be attached to the shopper using the D rings on the back. If you have an old-style canvas shopper, please let us know in the comments when ordering, thank you!<\/span><\/p>\n<p>The set includes the canvas bag, GEM mini and a strap that can be attached to the bag if desired.<\/p>\n<p><span data-contrast=\"auto\">This canvas shopper is compatible with all GEM mini and U envelope bags. Swap and vary the styles. Find <\/span><span data-contrast=\"auto\">your favorite<\/span> <span data-contrast=\"auto\">on our webshop<\/span> <span data-contrast=\"auto\">and connect <\/span>it to<span data-contrast=\"auto\"> the shopper!<\/span><\/p>\n<p>The external dimensions of the shopper bag body are: 32 cm x 32 cm x 14 cm, it closes with a magnetic clasp.<\/p>\n<p><span data-contrast=\"auto\">Shoulder strap length: 85cm<\/span><\/p>\n<p>GEM mini size: 21 cm x 12 cm x 5 cm<\/p>\n<p>The set includes 1 narrow crossbody strap for the GEM mini bag.<\/p>\n<p>A versatile accessory, it can be worn as a sling shoulder bag with an attachable shoulder strap.<\/p>\n<p>Accessories compatible with GEM mini:<\/p>\n<ul>\n<li>Belt,<\/li>\n<li>Chain,<\/li>\n<li>Cross strap,<\/li>\n<li>Wide cross strap<\/li>\n<\/ul>\n<p><span data-contrast=\"auto\">The bag 4cm<\/span> <span data-contrast=\"auto\">can be attached to a wide belt<\/span><span data-contrast=\"auto\">.<\/span><span data-ccp-props=\"{\"> Compatible with all VENGRU straps.<\/span><\/p>\n<h2><b><span data-contrast=\"auto\">Product care, cleaning<\/span><\/b><\/h2>\n<p><span data-contrast=\"auto\">The original leather is a natural material, which is characterised by the fact that its character can change over time. With use, our genuine leather products can be given a patina finish to emphasise their uniqueness. In general, products made from genuine leather require moderate cleaning. Most dirt can be easily removed with a soft, damp cloth. Some soft leather products can also be treated with a specially formulated skin care cream. Always buy the right colour of moisturiser and use only as directed. Conditioning creams and sprays can darken the treated skin. First, it&#8217;s a good idea to clean in a less conspicuous place, where you can make sure that the cleaning doesn&#8217;t leave any unwanted marks. After-care products are not suitable for cleaning leather products.<\/span><\/p>\n<p>Please <a href=\"https:\/\/vengru.com\/kapcsolat-showroom-2\/\">contact<\/a> us if you have any questions. You can also find more information on our <a href=\"http:\/\/facebook.com\/vengrubag\">Facebook<\/a> and <a href=\"http:\/\/instagram.com\/vengrubag\">Instagram<\/a> pages.<\/p>\n","protected":false},"excerpt":{"rendered":"<p>Dear Customer,<\/p>\n<p>We believe in sustainable, eternal pieces. Most of our products are only a few pieces in stock, we make them to order. Of course, we will try to deliver orders as soon as possible, but due to the increased number of orders, it may take up to <strong>10-15 working days<\/strong> before delivery.<\/p>\n<p><i>BogiTomi<\/i><\/p>\n","protected":false},"featured_media":31790,"comment_status":"open","ping_status":"closed","template":"","meta":[],"product_brand":[],"product_cat":[1115,1119,1105],"product_tag":[238,260,807,808,271,809,434],"class_list":{"0":"post-31877","1":"product","2":"type-product","3":"status-publish","4":"has-post-thumbnail","6":"product_cat-bags-en","7":"product_cat-shopper-en","8":"product_cat-v3-variable-canvas-bags-en","9":"product_tag-clutch-bags","10":"product_tag-designer-clutch-bags","11":"product_tag-pocket-bag","12":"product_tag-pocket-bag-en","13":"product_tag-small-bags","14":"product_tag-u-pocket-bag","15":"product_tag-variable","16":"pa_kellek-gold","17":"pa_kellek-silver","18":"pa_szin-electric-tide","20":"first","21":"instock","22":"featured","23":"shipping-taxable","24":"purchasable","25":"product-type-variable","26":"has-default-attributes"},"yoast_head":"<!-- This site is optimized with the Yoast SEO plugin v27.5 - https:\/\/yoast.com\/product\/yoast-seo-wordpress\/ -->\n<title>Canvas bag mini beige turquoise - GEM mini electric tide<\/title>\n<meta name=\"description\" content=\"Canvas bag mini beige turquoise - GEM mini electric tide. The GEM mini can be attached to canvas bags, but can also be used as a separate small bag.\" \/>\n<meta name=\"robots\" content=\"index, follow, max-snippet:-1, max-image-preview:large, max-video-preview:-1\" \/>\n<link rel=\"canonical\" href=\"https:\/\/vengru.com\/en\/termek\/canvas-bag-mini-beige-gem-mini-sand-masolat-2\/\" \/>\n<meta property=\"og:locale\" content=\"en_US\" \/>\n<meta property=\"og:type\" content=\"article\" \/>\n<meta property=\"og:title\" content=\"Canvas bag mini beige turquoise - GEM mini electric tide\" \/>\n<meta property=\"og:description\" content=\"Canvas bag mini beige turquoise - GEM mini electric tide. The GEM mini can be attached to canvas bags, but can also be used as a separate small bag.\" \/>\n<meta property=\"og:url\" content=\"https:\/\/vengru.com\/en\/termek\/canvas-bag-mini-beige-gem-mini-sand-masolat-2\/\" \/>\n<meta property=\"og:site_name\" content=\"vengru.com\" \/>\n<meta property=\"article:publisher\" content=\"https:\/\/www.facebook.com\/vengrubag\/\" \/>\n<meta property=\"article:modified_time\" content=\"2026-04-29T12:43:49+00:00\" \/>\n<meta property=\"og:image\" content=\"https:\/\/vengru.com\/wp-content\/uploads\/2026\/04\/kis-vaszon-taska-szett-mini-gem-beige-electric-tide.jpg\" \/>\n\t<meta property=\"og:image:width\" content=\"1200\" \/>\n\t<meta property=\"og:image:height\" content=\"1500\" \/>\n\t<meta property=\"og:image:type\" content=\"image\/jpeg\" \/>\n<meta name=\"twitter:card\" content=\"summary_large_image\" \/>\n<meta name=\"twitter:label1\" content=\"Est. reading time\" \/>\n\t<meta name=\"twitter:data1\" content=\"3 minutes\" \/>\n<script type=\"application\/ld+json\" class=\"yoast-schema-graph\">{\"@context\":\"https:\\\/\\\/schema.org\",\"@graph\":[{\"@type\":\"WebPage\",\"@id\":\"https:\\\/\\\/vengru.com\\\/en\\\/termek\\\/canvas-bag-mini-beige-gem-mini-sand-masolat-2\\\/\",\"url\":\"https:\\\/\\\/vengru.com\\\/en\\\/termek\\\/canvas-bag-mini-beige-gem-mini-sand-masolat-2\\\/\",\"name\":\"Canvas bag mini beige turquoise - GEM mini electric tide\",\"isPartOf\":{\"@id\":\"https:\\\/\\\/vengru.com\\\/en\\\/#website\"},\"primaryImageOfPage\":{\"@id\":\"https:\\\/\\\/vengru.com\\\/en\\\/termek\\\/canvas-bag-mini-beige-gem-mini-sand-masolat-2\\\/#primaryimage\"},\"image\":{\"@id\":\"https:\\\/\\\/vengru.com\\\/en\\\/termek\\\/canvas-bag-mini-beige-gem-mini-sand-masolat-2\\\/#primaryimage\"},\"thumbnailUrl\":\"https:\\\/\\\/vengru.com\\\/wp-content\\\/uploads\\\/2026\\\/04\\\/kis-vaszon-taska-szett-mini-gem-beige-electric-tide.jpg\",\"datePublished\":\"2026-04-29T12:36:58+00:00\",\"dateModified\":\"2026-04-29T12:43:49+00:00\",\"description\":\"Canvas bag mini beige turquoise - GEM mini electric tide. The GEM mini can be attached to canvas bags, but can also be used as a separate small bag.\",\"breadcrumb\":{\"@id\":\"https:\\\/\\\/vengru.com\\\/en\\\/termek\\\/canvas-bag-mini-beige-gem-mini-sand-masolat-2\\\/#breadcrumb\"},\"inLanguage\":\"en-US\",\"potentialAction\":[{\"@type\":\"ReadAction\",\"target\":[\"https:\\\/\\\/vengru.com\\\/en\\\/termek\\\/canvas-bag-mini-beige-gem-mini-sand-masolat-2\\\/\"]}]},{\"@type\":\"ImageObject\",\"inLanguage\":\"en-US\",\"@id\":\"https:\\\/\\\/vengru.com\\\/en\\\/termek\\\/canvas-bag-mini-beige-gem-mini-sand-masolat-2\\\/#primaryimage\",\"url\":\"https:\\\/\\\/vengru.com\\\/wp-content\\\/uploads\\\/2026\\\/04\\\/kis-vaszon-taska-szett-mini-gem-beige-electric-tide.jpg\",\"contentUrl\":\"https:\\\/\\\/vengru.com\\\/wp-content\\\/uploads\\\/2026\\\/04\\\/kis-vaszon-taska-szett-mini-gem-beige-electric-tide.jpg\",\"width\":1200,\"height\":1500},{\"@type\":\"BreadcrumbList\",\"@id\":\"https:\\\/\\\/vengru.com\\\/en\\\/termek\\\/canvas-bag-mini-beige-gem-mini-sand-masolat-2\\\/#breadcrumb\",\"itemListElement\":[{\"@type\":\"ListItem\",\"position\":1,\"name\":\"Home\",\"item\":\"https:\\\/\\\/vengru.com\\\/en\\\/\"},{\"@type\":\"ListItem\",\"position\":2,\"name\":\"SHOP\",\"item\":\"https:\\\/\\\/vengru.com\\\/en\\\/shop-2\\\/\"},{\"@type\":\"ListItem\",\"position\":3,\"name\":\"Canvas bag mini beige turquoise &#8211; GEM mini electric tide\"}]},{\"@type\":\"WebSite\",\"@id\":\"https:\\\/\\\/vengru.com\\\/en\\\/#website\",\"url\":\"https:\\\/\\\/vengru.com\\\/en\\\/\",\"name\":\"vengru.com\",\"description\":\"Vari\u00e1lhat\u00f3, min\u0151s\u00e9gi magyar designer m\u00e1rka\",\"publisher\":{\"@id\":\"https:\\\/\\\/vengru.com\\\/en\\\/#organization\"},\"potentialAction\":[{\"@type\":\"SearchAction\",\"target\":{\"@type\":\"EntryPoint\",\"urlTemplate\":\"https:\\\/\\\/vengru.com\\\/en\\\/?s={search_term_string}\"},\"query-input\":{\"@type\":\"PropertyValueSpecification\",\"valueRequired\":true,\"valueName\":\"search_term_string\"}}],\"inLanguage\":\"en-US\"},{\"@type\":\"Organization\",\"@id\":\"https:\\\/\\\/vengru.com\\\/en\\\/#organization\",\"name\":\"VENGRU Ltd.\",\"url\":\"https:\\\/\\\/vengru.com\\\/en\\\/\",\"logo\":{\"@type\":\"ImageObject\",\"inLanguage\":\"en-US\",\"@id\":\"https:\\\/\\\/vengru.com\\\/en\\\/#\\\/schema\\\/logo\\\/image\\\/\",\"url\":\"https:\\\/\\\/vengru.com\\\/wp-content\\\/uploads\\\/2025\\\/05\\\/cropped-VENGRU-logoPNG3-1.png\",\"contentUrl\":\"https:\\\/\\\/vengru.com\\\/wp-content\\\/uploads\\\/2025\\\/05\\\/cropped-VENGRU-logoPNG3-1.png\",\"width\":581,\"height\":98,\"caption\":\"VENGRU Ltd.\"},\"image\":{\"@id\":\"https:\\\/\\\/vengru.com\\\/en\\\/#\\\/schema\\\/logo\\\/image\\\/\"},\"sameAs\":[\"https:\\\/\\\/www.facebook.com\\\/vengrubag\\\/\",\"https:\\\/\\\/www.instagram.com\\\/vengrubag\\\/\"]}]}<\/script>\n<!-- \/ Yoast SEO plugin. -->","yoast_head_json":{"title":"Canvas bag mini beige turquoise - GEM mini electric tide","description":"Canvas bag mini beige turquoise - GEM mini electric tide. The GEM mini can be attached to canvas bags, but can also be used as a separate small bag.","robots":{"index":"index","follow":"follow","max-snippet":"max-snippet:-1","max-image-preview":"max-image-preview:large","max-video-preview":"max-video-preview:-1"},"canonical":"https:\/\/vengru.com\/en\/termek\/canvas-bag-mini-beige-gem-mini-sand-masolat-2\/","og_locale":"en_US","og_type":"article","og_title":"Canvas bag mini beige turquoise - GEM mini electric tide","og_description":"Canvas bag mini beige turquoise - GEM mini electric tide. The GEM mini can be attached to canvas bags, but can also be used as a separate small bag.","og_url":"https:\/\/vengru.com\/en\/termek\/canvas-bag-mini-beige-gem-mini-sand-masolat-2\/","og_site_name":"vengru.com","article_publisher":"https:\/\/www.facebook.com\/vengrubag\/","article_modified_time":"2026-04-29T12:43:49+00:00","og_image":[{"width":1200,"height":1500,"url":"https:\/\/vengru.com\/wp-content\/uploads\/2026\/04\/kis-vaszon-taska-szett-mini-gem-beige-electric-tide.jpg","type":"image\/jpeg"}],"twitter_card":"summary_large_image","twitter_misc":{"Est. reading time":"3 minutes"},"schema":{"@context":"https:\/\/schema.org","@graph":[{"@type":"WebPage","@id":"https:\/\/vengru.com\/en\/termek\/canvas-bag-mini-beige-gem-mini-sand-masolat-2\/","url":"https:\/\/vengru.com\/en\/termek\/canvas-bag-mini-beige-gem-mini-sand-masolat-2\/","name":"Canvas bag mini beige turquoise - GEM mini electric tide","isPartOf":{"@id":"https:\/\/vengru.com\/en\/#website"},"primaryImageOfPage":{"@id":"https:\/\/vengru.com\/en\/termek\/canvas-bag-mini-beige-gem-mini-sand-masolat-2\/#primaryimage"},"image":{"@id":"https:\/\/vengru.com\/en\/termek\/canvas-bag-mini-beige-gem-mini-sand-masolat-2\/#primaryimage"},"thumbnailUrl":"https:\/\/vengru.com\/wp-content\/uploads\/2026\/04\/kis-vaszon-taska-szett-mini-gem-beige-electric-tide.jpg","datePublished":"2026-04-29T12:36:58+00:00","dateModified":"2026-04-29T12:43:49+00:00","description":"Canvas bag mini beige turquoise - GEM mini electric tide. The GEM mini can be attached to canvas bags, but can also be used as a separate small bag.","breadcrumb":{"@id":"https:\/\/vengru.com\/en\/termek\/canvas-bag-mini-beige-gem-mini-sand-masolat-2\/#breadcrumb"},"inLanguage":"en-US","potentialAction":[{"@type":"ReadAction","target":["https:\/\/vengru.com\/en\/termek\/canvas-bag-mini-beige-gem-mini-sand-masolat-2\/"]}]},{"@type":"ImageObject","inLanguage":"en-US","@id":"https:\/\/vengru.com\/en\/termek\/canvas-bag-mini-beige-gem-mini-sand-masolat-2\/#primaryimage","url":"https:\/\/vengru.com\/wp-content\/uploads\/2026\/04\/kis-vaszon-taska-szett-mini-gem-beige-electric-tide.jpg","contentUrl":"https:\/\/vengru.com\/wp-content\/uploads\/2026\/04\/kis-vaszon-taska-szett-mini-gem-beige-electric-tide.jpg","width":1200,"height":1500},{"@type":"BreadcrumbList","@id":"https:\/\/vengru.com\/en\/termek\/canvas-bag-mini-beige-gem-mini-sand-masolat-2\/#breadcrumb","itemListElement":[{"@type":"ListItem","position":1,"name":"Home","item":"https:\/\/vengru.com\/en\/"},{"@type":"ListItem","position":2,"name":"SHOP","item":"https:\/\/vengru.com\/en\/shop-2\/"},{"@type":"ListItem","position":3,"name":"Canvas bag mini beige turquoise &#8211; GEM mini electric tide"}]},{"@type":"WebSite","@id":"https:\/\/vengru.com\/en\/#website","url":"https:\/\/vengru.com\/en\/","name":"vengru.com","description":"Vari\u00e1lhat\u00f3, min\u0151s\u00e9gi magyar designer m\u00e1rka","publisher":{"@id":"https:\/\/vengru.com\/en\/#organization"},"potentialAction":[{"@type":"SearchAction","target":{"@type":"EntryPoint","urlTemplate":"https:\/\/vengru.com\/en\/?s={search_term_string}"},"query-input":{"@type":"PropertyValueSpecification","valueRequired":true,"valueName":"search_term_string"}}],"inLanguage":"en-US"},{"@type":"Organization","@id":"https:\/\/vengru.com\/en\/#organization","name":"VENGRU Ltd.","url":"https:\/\/vengru.com\/en\/","logo":{"@type":"ImageObject","inLanguage":"en-US","@id":"https:\/\/vengru.com\/en\/#\/schema\/logo\/image\/","url":"https:\/\/vengru.com\/wp-content\/uploads\/2025\/05\/cropped-VENGRU-logoPNG3-1.png","contentUrl":"https:\/\/vengru.com\/wp-content\/uploads\/2025\/05\/cropped-VENGRU-logoPNG3-1.png","width":581,"height":98,"caption":"VENGRU Ltd."},"image":{"@id":"https:\/\/vengru.com\/en\/#\/schema\/logo\/image\/"},"sameAs":["https:\/\/www.facebook.com\/vengrubag\/","https:\/\/www.instagram.com\/vengrubag\/"]}]}},"_links":{"self":[{"href":"https:\/\/vengru.com\/en\/wp-json\/wp\/v2\/product\/31877","targetHints":{"allow":["GET"]}}],"collection":[{"href":"https:\/\/vengru.com\/en\/wp-json\/wp\/v2\/product"}],"about":[{"href":"https:\/\/vengru.com\/en\/wp-json\/wp\/v2\/types\/product"}],"replies":[{"embeddable":true,"href":"https:\/\/vengru.com\/en\/wp-json\/wp\/v2\/comments?post=31877"}],"wp:featuredmedia":[{"embeddable":true,"href":"https:\/\/vengru.com\/en\/wp-json\/wp\/v2\/media\/31790"}],"wp:attachment":[{"href":"https:\/\/vengru.com\/en\/wp-json\/wp\/v2\/media?parent=31877"}],"wp:term":[{"taxonomy":"product_brand","embeddable":true,"href":"https:\/\/vengru.com\/en\/wp-json\/wp\/v2\/product_brand?post=31877"},{"taxonomy":"product_cat","embeddable":true,"href":"https:\/\/vengru.com\/en\/wp-json\/wp\/v2\/product_cat?post=31877"},{"taxonomy":"product_tag","embeddable":true,"href":"https:\/\/vengru.com\/en\/wp-json\/wp\/v2\/product_tag?post=31877"}],"curies":[{"name":"wp","href":"https:\/\/api.w.org\/{rel}","templated":true}]}}