{"id":31403,"date":"2026-03-26T15:15:32","date_gmt":"2026-03-26T15:15:32","guid":{"rendered":"https:\/\/vengru.com\/?post_type=product&#038;p=31403"},"modified":"2026-03-26T15:15:32","modified_gmt":"2026-03-26T15:15:32","slug":"metallic-variable-leather-belt-set-2in1-masolat-masolat","status":"publish","type":"product","link":"https:\/\/vengru.com\/en\/termek\/metallic-variable-leather-belt-set-2in1-masolat-masolat\/","title":{"rendered":"Green Leather Belt Set 2-in-1 \u2013 Limited Edition Adjustable Designer Belt"},"content":{"rendered":"<h2>Green Leather Belt Set 2-in-1 \u2013 Limited Edition Adjustable Designer Belt<\/h2>\n<p>The Green 2-in-1 Leather Belt Set \u2013 Limited Edition is an essential accessory, featuring beautifully crafted details and designed for lovers of minimalist style.<\/p>\n<p>Made from soft yet durable premium Italian leather, this adjustable belt ensures a perfect fit. It is handcrafted in small batches by skilled Hungarian leather artisans, featuring carefully cut edges with hand-painted finishing and high-quality Italian metal hardware.  <\/p>\n<p>Dimensions:<br \/>\u2022 Slim belt: 103 \u00d7 2 cm (adjustable waist size: 60\u2013100 cm)<\/p>\n<p>\u2022 Wide waist belt: 6 cm width, 65 cm length<\/p>\n<p>This versatile leather belt is ideal for both elegant outfits and casual everyday wear. A true timeless classic, combining style, comfort, and practicality.<\/p>\n<p>The set includes both the interchangeable wide waist belt strap and the slim belt, making it a true 2-in-1 accessory.<\/p>\n<p>The slim belt can be paired with any Vengru wide waist strap, transforming it into a statement waist belt. <a href=\"\/?product_cat=varialhato-ovek\">Mix and match<\/a> different colors to suit your style and outfit.<br \/>The set is expandable, with additional wide waist straps or slim buckle belts available separately. Create your own color combinations and customize your look effortlessly.<br \/>Easy to pair with a basic wardrobe, this designer belt set elevates even the simplest outfit, adding a unique and stylish touch.    <\/p>\n<p>PRODUCT CARE, CLEANING<\/p>\n<p>The original leather is a natural material, which is characterised by the fact that its character can change over time. With use, our genuine leather products can be given a patina finish to emphasise their uniqueness. In general, products made from genuine leather require moderate cleaning. Most dirt can be easily removed with a soft, damp cloth. Some soft leather products can also be treated with a specially formulated skin care cream. Always buy the right colour of moisturiser and use only as directed. Conditioning creams and sprays can darken the treated skin. First, it&#8217;s a good idea to clean in a less conspicuous place, where you can make sure that the cleaning doesn&#8217;t leave any unwanted marks. After-care products are not suitable for cleaning leather products.<\/p>\n<p>If you haven&#8217;t already, follow us on <a href=\"https:\/\/instagram.com\/vengrubag\">Instagram<\/a> and <a href=\"https:\/\/facebook.com\/vengrubag\">Facebook<\/a> to keep up to date with our latest news.<\/p>\n","protected":false},"excerpt":{"rendered":"<p>Dear Customer!<\/p>\n<p>The product is available in stock and will be shipped <strong>within 3-5 working days<\/strong> from the order.<\/p>\n<p><em>Bogi&amp;Tomi<\/em><\/p>\n","protected":false},"featured_media":31268,"comment_status":"open","ping_status":"closed","template":"","meta":[],"product_brand":[],"product_cat":[1108,1224,1495],"product_tag":[],"class_list":{"0":"post-31403","1":"product","2":"type-product","3":"status-publish","4":"has-post-thumbnail","6":"product_cat-belts-for-woman","7":"product_cat-stock","8":"product_cat-limited-edition","9":"pa_szin-green","11":"first","12":"instock","13":"shipping-taxable","14":"purchasable","15":"product-type-simple"},"yoast_head":"<!-- This site is optimized with the Yoast SEO plugin v27.6 - https:\/\/yoast.com\/product\/yoast-seo-wordpress\/ -->\n<title>Green Leather Belt Set 2-in-1 \u2013 Limited Edition Adjustable Designer Belt<\/title>\n<meta name=\"description\" content=\"Green 2-in-1 Leather Belt Set \u2013 Limited Edition. Beautifully crafted with refined details, designed for lovers of minimalist style. Includes an interchangeable wide waist belt strap and a slim belt.\" \/>\n<meta name=\"robots\" content=\"index, follow, max-snippet:-1, max-image-preview:large, max-video-preview:-1\" \/>\n<link rel=\"canonical\" href=\"https:\/\/vengru.com\/en\/termek\/metallic-variable-leather-belt-set-2in1-masolat-masolat\/\" \/>\n<meta property=\"og:locale\" content=\"en_US\" \/>\n<meta property=\"og:type\" content=\"article\" \/>\n<meta property=\"og:title\" content=\"Green Leather Belt Set 2-in-1 \u2013 Limited Edition Adjustable Designer Belt\" \/>\n<meta property=\"og:description\" content=\"Green 2-in-1 Leather Belt Set \u2013 Limited Edition. Beautifully crafted with refined details, designed for lovers of minimalist style. Includes an interchangeable wide waist belt strap and a slim belt.\" \/>\n<meta property=\"og:url\" content=\"https:\/\/vengru.com\/en\/termek\/metallic-variable-leather-belt-set-2in1-masolat-masolat\/\" \/>\n<meta property=\"og:site_name\" content=\"vengru.com\" \/>\n<meta property=\"article:publisher\" content=\"https:\/\/www.facebook.com\/vengrubag\/\" \/>\n<meta property=\"og:image\" content=\"https:\/\/vengru.com\/wp-content\/uploads\/2026\/03\/belt-set-Emerald-krok.jpg\" \/>\n\t<meta property=\"og:image:width\" content=\"1200\" \/>\n\t<meta property=\"og:image:height\" content=\"1500\" \/>\n\t<meta property=\"og:image:type\" content=\"image\/jpeg\" \/>\n<meta name=\"twitter:card\" content=\"summary_large_image\" \/>\n<meta name=\"twitter:label1\" content=\"Est. reading time\" \/>\n\t<meta name=\"twitter:data1\" content=\"2 minutes\" \/>\n<script type=\"application\/ld+json\" class=\"yoast-schema-graph\">{\"@context\":\"https:\\\/\\\/schema.org\",\"@graph\":[{\"@type\":\"WebPage\",\"@id\":\"https:\\\/\\\/vengru.com\\\/en\\\/termek\\\/metallic-variable-leather-belt-set-2in1-masolat-masolat\\\/\",\"url\":\"https:\\\/\\\/vengru.com\\\/en\\\/termek\\\/metallic-variable-leather-belt-set-2in1-masolat-masolat\\\/\",\"name\":\"Green Leather Belt Set 2-in-1 \u2013 Limited Edition Adjustable Designer Belt\",\"isPartOf\":{\"@id\":\"https:\\\/\\\/vengru.com\\\/en\\\/#website\"},\"primaryImageOfPage\":{\"@id\":\"https:\\\/\\\/vengru.com\\\/en\\\/termek\\\/metallic-variable-leather-belt-set-2in1-masolat-masolat\\\/#primaryimage\"},\"image\":{\"@id\":\"https:\\\/\\\/vengru.com\\\/en\\\/termek\\\/metallic-variable-leather-belt-set-2in1-masolat-masolat\\\/#primaryimage\"},\"thumbnailUrl\":\"https:\\\/\\\/vengru.com\\\/wp-content\\\/uploads\\\/2026\\\/03\\\/belt-set-Emerald-krok.jpg\",\"datePublished\":\"2026-03-26T15:15:32+00:00\",\"description\":\"Green 2-in-1 Leather Belt Set \u2013 Limited Edition. Beautifully crafted with refined details, designed for lovers of minimalist style. Includes an interchangeable wide waist belt strap and a slim belt.\",\"breadcrumb\":{\"@id\":\"https:\\\/\\\/vengru.com\\\/en\\\/termek\\\/metallic-variable-leather-belt-set-2in1-masolat-masolat\\\/#breadcrumb\"},\"inLanguage\":\"en-US\",\"potentialAction\":[{\"@type\":\"ReadAction\",\"target\":[\"https:\\\/\\\/vengru.com\\\/en\\\/termek\\\/metallic-variable-leather-belt-set-2in1-masolat-masolat\\\/\"]}]},{\"@type\":\"ImageObject\",\"inLanguage\":\"en-US\",\"@id\":\"https:\\\/\\\/vengru.com\\\/en\\\/termek\\\/metallic-variable-leather-belt-set-2in1-masolat-masolat\\\/#primaryimage\",\"url\":\"https:\\\/\\\/vengru.com\\\/wp-content\\\/uploads\\\/2026\\\/03\\\/belt-set-Emerald-krok.jpg\",\"contentUrl\":\"https:\\\/\\\/vengru.com\\\/wp-content\\\/uploads\\\/2026\\\/03\\\/belt-set-Emerald-krok.jpg\",\"width\":1200,\"height\":1500},{\"@type\":\"BreadcrumbList\",\"@id\":\"https:\\\/\\\/vengru.com\\\/en\\\/termek\\\/metallic-variable-leather-belt-set-2in1-masolat-masolat\\\/#breadcrumb\",\"itemListElement\":[{\"@type\":\"ListItem\",\"position\":1,\"name\":\"Home\",\"item\":\"https:\\\/\\\/vengru.com\\\/en\\\/\"},{\"@type\":\"ListItem\",\"position\":2,\"name\":\"SHOP\",\"item\":\"https:\\\/\\\/vengru.com\\\/en\\\/shop-2\\\/\"},{\"@type\":\"ListItem\",\"position\":3,\"name\":\"Green Leather Belt Set 2-in-1 \u2013 Limited Edition Adjustable Designer Belt\"}]},{\"@type\":\"WebSite\",\"@id\":\"https:\\\/\\\/vengru.com\\\/en\\\/#website\",\"url\":\"https:\\\/\\\/vengru.com\\\/en\\\/\",\"name\":\"vengru.com\",\"description\":\"Vari\u00e1lhat\u00f3, min\u0151s\u00e9gi magyar designer m\u00e1rka\",\"publisher\":{\"@id\":\"https:\\\/\\\/vengru.com\\\/en\\\/#organization\"},\"potentialAction\":[{\"@type\":\"SearchAction\",\"target\":{\"@type\":\"EntryPoint\",\"urlTemplate\":\"https:\\\/\\\/vengru.com\\\/en\\\/?s={search_term_string}\"},\"query-input\":{\"@type\":\"PropertyValueSpecification\",\"valueRequired\":true,\"valueName\":\"search_term_string\"}}],\"inLanguage\":\"en-US\"},{\"@type\":\"Organization\",\"@id\":\"https:\\\/\\\/vengru.com\\\/en\\\/#organization\",\"name\":\"VENGRU Ltd.\",\"url\":\"https:\\\/\\\/vengru.com\\\/en\\\/\",\"logo\":{\"@type\":\"ImageObject\",\"inLanguage\":\"en-US\",\"@id\":\"https:\\\/\\\/vengru.com\\\/en\\\/#\\\/schema\\\/logo\\\/image\\\/\",\"url\":\"https:\\\/\\\/vengru.com\\\/wp-content\\\/uploads\\\/2025\\\/05\\\/cropped-VENGRU-logoPNG3-1.png\",\"contentUrl\":\"https:\\\/\\\/vengru.com\\\/wp-content\\\/uploads\\\/2025\\\/05\\\/cropped-VENGRU-logoPNG3-1.png\",\"width\":581,\"height\":98,\"caption\":\"VENGRU Ltd.\"},\"image\":{\"@id\":\"https:\\\/\\\/vengru.com\\\/en\\\/#\\\/schema\\\/logo\\\/image\\\/\"},\"sameAs\":[\"https:\\\/\\\/www.facebook.com\\\/vengrubag\\\/\",\"https:\\\/\\\/www.instagram.com\\\/vengrubag\\\/\"]}]}<\/script>\n<!-- \/ Yoast SEO plugin. -->","yoast_head_json":{"title":"Green Leather Belt Set 2-in-1 \u2013 Limited Edition Adjustable Designer Belt","description":"Green 2-in-1 Leather Belt Set \u2013 Limited Edition. Beautifully crafted with refined details, designed for lovers of minimalist style. Includes an interchangeable wide waist belt strap and a slim belt.","robots":{"index":"index","follow":"follow","max-snippet":"max-snippet:-1","max-image-preview":"max-image-preview:large","max-video-preview":"max-video-preview:-1"},"canonical":"https:\/\/vengru.com\/en\/termek\/metallic-variable-leather-belt-set-2in1-masolat-masolat\/","og_locale":"en_US","og_type":"article","og_title":"Green Leather Belt Set 2-in-1 \u2013 Limited Edition Adjustable Designer Belt","og_description":"Green 2-in-1 Leather Belt Set \u2013 Limited Edition. Beautifully crafted with refined details, designed for lovers of minimalist style. Includes an interchangeable wide waist belt strap and a slim belt.","og_url":"https:\/\/vengru.com\/en\/termek\/metallic-variable-leather-belt-set-2in1-masolat-masolat\/","og_site_name":"vengru.com","article_publisher":"https:\/\/www.facebook.com\/vengrubag\/","og_image":[{"width":1200,"height":1500,"url":"https:\/\/vengru.com\/wp-content\/uploads\/2026\/03\/belt-set-Emerald-krok.jpg","type":"image\/jpeg"}],"twitter_card":"summary_large_image","twitter_misc":{"Est. reading time":"2 minutes"},"schema":{"@context":"https:\/\/schema.org","@graph":[{"@type":"WebPage","@id":"https:\/\/vengru.com\/en\/termek\/metallic-variable-leather-belt-set-2in1-masolat-masolat\/","url":"https:\/\/vengru.com\/en\/termek\/metallic-variable-leather-belt-set-2in1-masolat-masolat\/","name":"Green Leather Belt Set 2-in-1 \u2013 Limited Edition Adjustable Designer Belt","isPartOf":{"@id":"https:\/\/vengru.com\/en\/#website"},"primaryImageOfPage":{"@id":"https:\/\/vengru.com\/en\/termek\/metallic-variable-leather-belt-set-2in1-masolat-masolat\/#primaryimage"},"image":{"@id":"https:\/\/vengru.com\/en\/termek\/metallic-variable-leather-belt-set-2in1-masolat-masolat\/#primaryimage"},"thumbnailUrl":"https:\/\/vengru.com\/wp-content\/uploads\/2026\/03\/belt-set-Emerald-krok.jpg","datePublished":"2026-03-26T15:15:32+00:00","description":"Green 2-in-1 Leather Belt Set \u2013 Limited Edition. Beautifully crafted with refined details, designed for lovers of minimalist style. Includes an interchangeable wide waist belt strap and a slim belt.","breadcrumb":{"@id":"https:\/\/vengru.com\/en\/termek\/metallic-variable-leather-belt-set-2in1-masolat-masolat\/#breadcrumb"},"inLanguage":"en-US","potentialAction":[{"@type":"ReadAction","target":["https:\/\/vengru.com\/en\/termek\/metallic-variable-leather-belt-set-2in1-masolat-masolat\/"]}]},{"@type":"ImageObject","inLanguage":"en-US","@id":"https:\/\/vengru.com\/en\/termek\/metallic-variable-leather-belt-set-2in1-masolat-masolat\/#primaryimage","url":"https:\/\/vengru.com\/wp-content\/uploads\/2026\/03\/belt-set-Emerald-krok.jpg","contentUrl":"https:\/\/vengru.com\/wp-content\/uploads\/2026\/03\/belt-set-Emerald-krok.jpg","width":1200,"height":1500},{"@type":"BreadcrumbList","@id":"https:\/\/vengru.com\/en\/termek\/metallic-variable-leather-belt-set-2in1-masolat-masolat\/#breadcrumb","itemListElement":[{"@type":"ListItem","position":1,"name":"Home","item":"https:\/\/vengru.com\/en\/"},{"@type":"ListItem","position":2,"name":"SHOP","item":"https:\/\/vengru.com\/en\/shop-2\/"},{"@type":"ListItem","position":3,"name":"Green Leather Belt Set 2-in-1 \u2013 Limited Edition Adjustable Designer Belt"}]},{"@type":"WebSite","@id":"https:\/\/vengru.com\/en\/#website","url":"https:\/\/vengru.com\/en\/","name":"vengru.com","description":"Vari\u00e1lhat\u00f3, min\u0151s\u00e9gi magyar designer m\u00e1rka","publisher":{"@id":"https:\/\/vengru.com\/en\/#organization"},"potentialAction":[{"@type":"SearchAction","target":{"@type":"EntryPoint","urlTemplate":"https:\/\/vengru.com\/en\/?s={search_term_string}"},"query-input":{"@type":"PropertyValueSpecification","valueRequired":true,"valueName":"search_term_string"}}],"inLanguage":"en-US"},{"@type":"Organization","@id":"https:\/\/vengru.com\/en\/#organization","name":"VENGRU Ltd.","url":"https:\/\/vengru.com\/en\/","logo":{"@type":"ImageObject","inLanguage":"en-US","@id":"https:\/\/vengru.com\/en\/#\/schema\/logo\/image\/","url":"https:\/\/vengru.com\/wp-content\/uploads\/2025\/05\/cropped-VENGRU-logoPNG3-1.png","contentUrl":"https:\/\/vengru.com\/wp-content\/uploads\/2025\/05\/cropped-VENGRU-logoPNG3-1.png","width":581,"height":98,"caption":"VENGRU Ltd."},"image":{"@id":"https:\/\/vengru.com\/en\/#\/schema\/logo\/image\/"},"sameAs":["https:\/\/www.facebook.com\/vengrubag\/","https:\/\/www.instagram.com\/vengrubag\/"]}]}},"_links":{"self":[{"href":"https:\/\/vengru.com\/en\/wp-json\/wp\/v2\/product\/31403","targetHints":{"allow":["GET"]}}],"collection":[{"href":"https:\/\/vengru.com\/en\/wp-json\/wp\/v2\/product"}],"about":[{"href":"https:\/\/vengru.com\/en\/wp-json\/wp\/v2\/types\/product"}],"replies":[{"embeddable":true,"href":"https:\/\/vengru.com\/en\/wp-json\/wp\/v2\/comments?post=31403"}],"wp:featuredmedia":[{"embeddable":true,"href":"https:\/\/vengru.com\/en\/wp-json\/wp\/v2\/media\/31268"}],"wp:attachment":[{"href":"https:\/\/vengru.com\/en\/wp-json\/wp\/v2\/media?parent=31403"}],"wp:term":[{"taxonomy":"product_brand","embeddable":true,"href":"https:\/\/vengru.com\/en\/wp-json\/wp\/v2\/product_brand?post=31403"},{"taxonomy":"product_cat","embeddable":true,"href":"https:\/\/vengru.com\/en\/wp-json\/wp\/v2\/product_cat?post=31403"},{"taxonomy":"product_tag","embeddable":true,"href":"https:\/\/vengru.com\/en\/wp-json\/wp\/v2\/product_tag?post=31403"}],"curies":[{"name":"wp","href":"https:\/\/api.w.org\/{rel}","templated":true}]}}