{"id":31391,"date":"2026-03-26T15:15:33","date_gmt":"2026-03-26T15:15:33","guid":{"rendered":"https:\/\/vengru.com\/?post_type=product&#038;p=31391"},"modified":"2026-03-26T15:15:33","modified_gmt":"2026-03-26T15:15:33","slug":"canvas-bag-with-pocket-bag-multicolor-masolat-masolat-masolat-masolat-masolat-masolat-masolat-masolat-masolat-masolat-2","status":"publish","type":"product","link":"https:\/\/vengru.com\/en\/termek\/canvas-bag-with-pocket-bag-multicolor-masolat-masolat-masolat-masolat-masolat-masolat-masolat-masolat-masolat-masolat-2\/","title":{"rendered":"Pink Mini Crossbody Bag \u2013 U Limited Edition with Slim Strap"},"content":{"rendered":"<h2>Pink Mini Crossbody Bag \u2013 U Limited Edition with Slim Strap<\/h2>\n<p>Pink U Mini Crossbody Bag \u2013 Limited Edition minimalist leather unisex mini bag with slim strap. Its special feature is that it is patterned leather. The lid, the front and the back of the bag are different colours, which makes the bag look even more unique. Carefully designed, practical and elegant. Perfect for a walk in the city, an evening out, a party. It is comfortable to wear with a<a href=\"https:\/\/vengru.com\/en\/termek\/unique-bor-cross-bar\/\"> cross strap<\/a> or a <a href=\"https:\/\/vengru.com\/termek\/lanc\/\">chain<\/a>, even with a <a href=\"https:\/\/vengru.com\/en\/termek\/narrow-leather-belt-spring\/\">belt<\/a>.<\/p>\n<p>It provides a separate space for cards and documents. The inner pocket can even hold a phone. A card holder with a central compartment can hold up to 3-4 cards, and well-separated pockets ensure you can find everything easily.<\/p>\n<p>Timeless, minimalist and truly eternal, the bag&#8217;s look is faithful to the brand&#8217;s geometric design. Its lid is reminiscent of the Vengru letter &#8220;U&#8221;.<\/p>\n<p>The Vengru U mini bag is ideal for trips around town, walking the dog, or even to the airport where you only need your essentials and documents.<\/p>\n<p>The bag is made of premium quality Italian leather, the work of Hungarian leather decorators, a small series leather product. The accessories are high quality Italian metal accessories, with cut edges, hand painted edge finishes.<\/p>\n<p>External dimensions of the bag: 11,5cm x 18cm<\/p>\n<p>&nbsp;<\/p>\n<p><strong>Product care, cleaning<\/strong><\/p>\n<p>The original leather is a natural material, which is characterised by the fact that its character can change over time. With use, our genuine leather products can be given a patina finish to emphasise their uniqueness. In general, products made from genuine leather require moderate cleaning. Most dirt can be easily removed with a soft, damp cloth. Some soft leather products can also be treated with a specially formulated skin care cream. Always buy the right colour of moisturiser and use only as directed. Conditioning creams and sprays can darken the treated skin. First, it&#8217;s a good idea to clean in a less conspicuous place, where you can make sure that the cleaning doesn&#8217;t leave any unwanted marks. After-care products are not suitable for cleaning leather products.<\/p>\n","protected":false},"excerpt":{"rendered":"<p>Dear Customer!<\/p>\n<p>The product is available in stock and will be shipped <strong>within 3-5 working days<\/strong> from the order.<\/p>\n<p><em>Bogi&amp;Tomi<\/em><\/p>\n","protected":false},"featured_media":31286,"comment_status":"open","ping_status":"closed","template":"","meta":[],"product_brand":[],"product_cat":[1224,1495,1232],"product_tag":[238,260,807,271,809,434],"class_list":{"0":"post-31391","1":"product","2":"type-product","3":"status-publish","4":"has-post-thumbnail","6":"product_cat-stock","7":"product_cat-limited-edition","8":"product_cat-u-bag-collection","9":"product_tag-clutch-bags","10":"product_tag-designer-clutch-bags","11":"product_tag-pocket-bag","12":"product_tag-small-bags","13":"product_tag-u-pocket-bag","14":"product_tag-variable","15":"pa_szin-pink","17":"first","18":"instock","19":"featured","20":"shipping-taxable","21":"purchasable","22":"product-type-simple"},"yoast_head":"<!-- This site is optimized with the Yoast SEO plugin v27.6 - https:\/\/yoast.com\/product\/yoast-seo-wordpress\/ -->\n<title>Pink Mini Crossbody Bag \u2013 U Limited Edition with Slim Strap<\/title>\n<meta name=\"description\" content=\"Pink U Mini Crossbody Bag \u2013 Limited Edition minimalist leather unisex mini bag with slim strap. Carefully designed, practical and elegant.\" \/>\n<meta name=\"robots\" content=\"index, follow, max-snippet:-1, max-image-preview:large, max-video-preview:-1\" \/>\n<link rel=\"canonical\" href=\"https:\/\/vengru.com\/en\/termek\/canvas-bag-with-pocket-bag-multicolor-masolat-masolat-masolat-masolat-masolat-masolat-masolat-masolat-masolat-masolat-2\/\" \/>\n<meta property=\"og:locale\" content=\"en_US\" \/>\n<meta property=\"og:type\" content=\"article\" \/>\n<meta property=\"og:title\" content=\"Pink Mini Crossbody Bag \u2013 U Limited Edition with Slim Strap\" \/>\n<meta property=\"og:description\" content=\"Pink U Mini Crossbody Bag \u2013 Limited Edition minimalist leather unisex mini bag with slim strap. Carefully designed, practical and elegant.\" \/>\n<meta property=\"og:url\" content=\"https:\/\/vengru.com\/en\/termek\/canvas-bag-with-pocket-bag-multicolor-masolat-masolat-masolat-masolat-masolat-masolat-masolat-masolat-masolat-masolat-2\/\" \/>\n<meta property=\"og:site_name\" content=\"vengru.com\" \/>\n<meta property=\"article:publisher\" content=\"https:\/\/www.facebook.com\/vengrubag\/\" \/>\n<meta property=\"og:image\" content=\"https:\/\/vengru.com\/wp-content\/uploads\/2026\/03\/U-mini-Powder-Dust-krok.jpg\" \/>\n\t<meta property=\"og:image:width\" content=\"1200\" \/>\n\t<meta property=\"og:image:height\" content=\"1500\" \/>\n\t<meta property=\"og:image:type\" content=\"image\/jpeg\" \/>\n<meta name=\"twitter:card\" content=\"summary_large_image\" \/>\n<meta name=\"twitter:label1\" content=\"Est. reading time\" \/>\n\t<meta name=\"twitter:data1\" content=\"2 minutes\" \/>\n<script type=\"application\/ld+json\" class=\"yoast-schema-graph\">{\"@context\":\"https:\\\/\\\/schema.org\",\"@graph\":[{\"@type\":\"WebPage\",\"@id\":\"https:\\\/\\\/vengru.com\\\/en\\\/termek\\\/canvas-bag-with-pocket-bag-multicolor-masolat-masolat-masolat-masolat-masolat-masolat-masolat-masolat-masolat-masolat-2\\\/\",\"url\":\"https:\\\/\\\/vengru.com\\\/en\\\/termek\\\/canvas-bag-with-pocket-bag-multicolor-masolat-masolat-masolat-masolat-masolat-masolat-masolat-masolat-masolat-masolat-2\\\/\",\"name\":\"Pink Mini Crossbody Bag \u2013 U Limited Edition with Slim Strap\",\"isPartOf\":{\"@id\":\"https:\\\/\\\/vengru.com\\\/en\\\/#website\"},\"primaryImageOfPage\":{\"@id\":\"https:\\\/\\\/vengru.com\\\/en\\\/termek\\\/canvas-bag-with-pocket-bag-multicolor-masolat-masolat-masolat-masolat-masolat-masolat-masolat-masolat-masolat-masolat-2\\\/#primaryimage\"},\"image\":{\"@id\":\"https:\\\/\\\/vengru.com\\\/en\\\/termek\\\/canvas-bag-with-pocket-bag-multicolor-masolat-masolat-masolat-masolat-masolat-masolat-masolat-masolat-masolat-masolat-2\\\/#primaryimage\"},\"thumbnailUrl\":\"https:\\\/\\\/vengru.com\\\/wp-content\\\/uploads\\\/2026\\\/03\\\/U-mini-Powder-Dust-krok.jpg\",\"datePublished\":\"2026-03-26T15:15:33+00:00\",\"description\":\"Pink U Mini Crossbody Bag \u2013 Limited Edition minimalist leather unisex mini bag with slim strap. Carefully designed, practical and elegant.\",\"breadcrumb\":{\"@id\":\"https:\\\/\\\/vengru.com\\\/en\\\/termek\\\/canvas-bag-with-pocket-bag-multicolor-masolat-masolat-masolat-masolat-masolat-masolat-masolat-masolat-masolat-masolat-2\\\/#breadcrumb\"},\"inLanguage\":\"en-US\",\"potentialAction\":[{\"@type\":\"ReadAction\",\"target\":[\"https:\\\/\\\/vengru.com\\\/en\\\/termek\\\/canvas-bag-with-pocket-bag-multicolor-masolat-masolat-masolat-masolat-masolat-masolat-masolat-masolat-masolat-masolat-2\\\/\"]}]},{\"@type\":\"ImageObject\",\"inLanguage\":\"en-US\",\"@id\":\"https:\\\/\\\/vengru.com\\\/en\\\/termek\\\/canvas-bag-with-pocket-bag-multicolor-masolat-masolat-masolat-masolat-masolat-masolat-masolat-masolat-masolat-masolat-2\\\/#primaryimage\",\"url\":\"https:\\\/\\\/vengru.com\\\/wp-content\\\/uploads\\\/2026\\\/03\\\/U-mini-Powder-Dust-krok.jpg\",\"contentUrl\":\"https:\\\/\\\/vengru.com\\\/wp-content\\\/uploads\\\/2026\\\/03\\\/U-mini-Powder-Dust-krok.jpg\",\"width\":1200,\"height\":1500},{\"@type\":\"BreadcrumbList\",\"@id\":\"https:\\\/\\\/vengru.com\\\/en\\\/termek\\\/canvas-bag-with-pocket-bag-multicolor-masolat-masolat-masolat-masolat-masolat-masolat-masolat-masolat-masolat-masolat-2\\\/#breadcrumb\",\"itemListElement\":[{\"@type\":\"ListItem\",\"position\":1,\"name\":\"Home\",\"item\":\"https:\\\/\\\/vengru.com\\\/en\\\/\"},{\"@type\":\"ListItem\",\"position\":2,\"name\":\"SHOP\",\"item\":\"https:\\\/\\\/vengru.com\\\/en\\\/shop-2\\\/\"},{\"@type\":\"ListItem\",\"position\":3,\"name\":\"Pink Mini Crossbody Bag \u2013 U Limited Edition with Slim Strap\"}]},{\"@type\":\"WebSite\",\"@id\":\"https:\\\/\\\/vengru.com\\\/en\\\/#website\",\"url\":\"https:\\\/\\\/vengru.com\\\/en\\\/\",\"name\":\"vengru.com\",\"description\":\"Vari\u00e1lhat\u00f3, min\u0151s\u00e9gi magyar designer m\u00e1rka\",\"publisher\":{\"@id\":\"https:\\\/\\\/vengru.com\\\/en\\\/#organization\"},\"potentialAction\":[{\"@type\":\"SearchAction\",\"target\":{\"@type\":\"EntryPoint\",\"urlTemplate\":\"https:\\\/\\\/vengru.com\\\/en\\\/?s={search_term_string}\"},\"query-input\":{\"@type\":\"PropertyValueSpecification\",\"valueRequired\":true,\"valueName\":\"search_term_string\"}}],\"inLanguage\":\"en-US\"},{\"@type\":\"Organization\",\"@id\":\"https:\\\/\\\/vengru.com\\\/en\\\/#organization\",\"name\":\"VENGRU Ltd.\",\"url\":\"https:\\\/\\\/vengru.com\\\/en\\\/\",\"logo\":{\"@type\":\"ImageObject\",\"inLanguage\":\"en-US\",\"@id\":\"https:\\\/\\\/vengru.com\\\/en\\\/#\\\/schema\\\/logo\\\/image\\\/\",\"url\":\"https:\\\/\\\/vengru.com\\\/wp-content\\\/uploads\\\/2025\\\/05\\\/cropped-VENGRU-logoPNG3-1.png\",\"contentUrl\":\"https:\\\/\\\/vengru.com\\\/wp-content\\\/uploads\\\/2025\\\/05\\\/cropped-VENGRU-logoPNG3-1.png\",\"width\":581,\"height\":98,\"caption\":\"VENGRU Ltd.\"},\"image\":{\"@id\":\"https:\\\/\\\/vengru.com\\\/en\\\/#\\\/schema\\\/logo\\\/image\\\/\"},\"sameAs\":[\"https:\\\/\\\/www.facebook.com\\\/vengrubag\\\/\",\"https:\\\/\\\/www.instagram.com\\\/vengrubag\\\/\"]}]}<\/script>\n<!-- \/ Yoast SEO plugin. -->","yoast_head_json":{"title":"Pink Mini Crossbody Bag \u2013 U Limited Edition with Slim Strap","description":"Pink U Mini Crossbody Bag \u2013 Limited Edition minimalist leather unisex mini bag with slim strap. Carefully designed, practical and elegant.","robots":{"index":"index","follow":"follow","max-snippet":"max-snippet:-1","max-image-preview":"max-image-preview:large","max-video-preview":"max-video-preview:-1"},"canonical":"https:\/\/vengru.com\/en\/termek\/canvas-bag-with-pocket-bag-multicolor-masolat-masolat-masolat-masolat-masolat-masolat-masolat-masolat-masolat-masolat-2\/","og_locale":"en_US","og_type":"article","og_title":"Pink Mini Crossbody Bag \u2013 U Limited Edition with Slim Strap","og_description":"Pink U Mini Crossbody Bag \u2013 Limited Edition minimalist leather unisex mini bag with slim strap. Carefully designed, practical and elegant.","og_url":"https:\/\/vengru.com\/en\/termek\/canvas-bag-with-pocket-bag-multicolor-masolat-masolat-masolat-masolat-masolat-masolat-masolat-masolat-masolat-masolat-2\/","og_site_name":"vengru.com","article_publisher":"https:\/\/www.facebook.com\/vengrubag\/","og_image":[{"width":1200,"height":1500,"url":"https:\/\/vengru.com\/wp-content\/uploads\/2026\/03\/U-mini-Powder-Dust-krok.jpg","type":"image\/jpeg"}],"twitter_card":"summary_large_image","twitter_misc":{"Est. reading time":"2 minutes"},"schema":{"@context":"https:\/\/schema.org","@graph":[{"@type":"WebPage","@id":"https:\/\/vengru.com\/en\/termek\/canvas-bag-with-pocket-bag-multicolor-masolat-masolat-masolat-masolat-masolat-masolat-masolat-masolat-masolat-masolat-2\/","url":"https:\/\/vengru.com\/en\/termek\/canvas-bag-with-pocket-bag-multicolor-masolat-masolat-masolat-masolat-masolat-masolat-masolat-masolat-masolat-masolat-2\/","name":"Pink Mini Crossbody Bag \u2013 U Limited Edition with Slim Strap","isPartOf":{"@id":"https:\/\/vengru.com\/en\/#website"},"primaryImageOfPage":{"@id":"https:\/\/vengru.com\/en\/termek\/canvas-bag-with-pocket-bag-multicolor-masolat-masolat-masolat-masolat-masolat-masolat-masolat-masolat-masolat-masolat-2\/#primaryimage"},"image":{"@id":"https:\/\/vengru.com\/en\/termek\/canvas-bag-with-pocket-bag-multicolor-masolat-masolat-masolat-masolat-masolat-masolat-masolat-masolat-masolat-masolat-2\/#primaryimage"},"thumbnailUrl":"https:\/\/vengru.com\/wp-content\/uploads\/2026\/03\/U-mini-Powder-Dust-krok.jpg","datePublished":"2026-03-26T15:15:33+00:00","description":"Pink U Mini Crossbody Bag \u2013 Limited Edition minimalist leather unisex mini bag with slim strap. Carefully designed, practical and elegant.","breadcrumb":{"@id":"https:\/\/vengru.com\/en\/termek\/canvas-bag-with-pocket-bag-multicolor-masolat-masolat-masolat-masolat-masolat-masolat-masolat-masolat-masolat-masolat-2\/#breadcrumb"},"inLanguage":"en-US","potentialAction":[{"@type":"ReadAction","target":["https:\/\/vengru.com\/en\/termek\/canvas-bag-with-pocket-bag-multicolor-masolat-masolat-masolat-masolat-masolat-masolat-masolat-masolat-masolat-masolat-2\/"]}]},{"@type":"ImageObject","inLanguage":"en-US","@id":"https:\/\/vengru.com\/en\/termek\/canvas-bag-with-pocket-bag-multicolor-masolat-masolat-masolat-masolat-masolat-masolat-masolat-masolat-masolat-masolat-2\/#primaryimage","url":"https:\/\/vengru.com\/wp-content\/uploads\/2026\/03\/U-mini-Powder-Dust-krok.jpg","contentUrl":"https:\/\/vengru.com\/wp-content\/uploads\/2026\/03\/U-mini-Powder-Dust-krok.jpg","width":1200,"height":1500},{"@type":"BreadcrumbList","@id":"https:\/\/vengru.com\/en\/termek\/canvas-bag-with-pocket-bag-multicolor-masolat-masolat-masolat-masolat-masolat-masolat-masolat-masolat-masolat-masolat-2\/#breadcrumb","itemListElement":[{"@type":"ListItem","position":1,"name":"Home","item":"https:\/\/vengru.com\/en\/"},{"@type":"ListItem","position":2,"name":"SHOP","item":"https:\/\/vengru.com\/en\/shop-2\/"},{"@type":"ListItem","position":3,"name":"Pink Mini Crossbody Bag \u2013 U Limited Edition with Slim Strap"}]},{"@type":"WebSite","@id":"https:\/\/vengru.com\/en\/#website","url":"https:\/\/vengru.com\/en\/","name":"vengru.com","description":"Vari\u00e1lhat\u00f3, min\u0151s\u00e9gi magyar designer m\u00e1rka","publisher":{"@id":"https:\/\/vengru.com\/en\/#organization"},"potentialAction":[{"@type":"SearchAction","target":{"@type":"EntryPoint","urlTemplate":"https:\/\/vengru.com\/en\/?s={search_term_string}"},"query-input":{"@type":"PropertyValueSpecification","valueRequired":true,"valueName":"search_term_string"}}],"inLanguage":"en-US"},{"@type":"Organization","@id":"https:\/\/vengru.com\/en\/#organization","name":"VENGRU Ltd.","url":"https:\/\/vengru.com\/en\/","logo":{"@type":"ImageObject","inLanguage":"en-US","@id":"https:\/\/vengru.com\/en\/#\/schema\/logo\/image\/","url":"https:\/\/vengru.com\/wp-content\/uploads\/2025\/05\/cropped-VENGRU-logoPNG3-1.png","contentUrl":"https:\/\/vengru.com\/wp-content\/uploads\/2025\/05\/cropped-VENGRU-logoPNG3-1.png","width":581,"height":98,"caption":"VENGRU Ltd."},"image":{"@id":"https:\/\/vengru.com\/en\/#\/schema\/logo\/image\/"},"sameAs":["https:\/\/www.facebook.com\/vengrubag\/","https:\/\/www.instagram.com\/vengrubag\/"]}]}},"_links":{"self":[{"href":"https:\/\/vengru.com\/en\/wp-json\/wp\/v2\/product\/31391","targetHints":{"allow":["GET"]}}],"collection":[{"href":"https:\/\/vengru.com\/en\/wp-json\/wp\/v2\/product"}],"about":[{"href":"https:\/\/vengru.com\/en\/wp-json\/wp\/v2\/types\/product"}],"replies":[{"embeddable":true,"href":"https:\/\/vengru.com\/en\/wp-json\/wp\/v2\/comments?post=31391"}],"wp:featuredmedia":[{"embeddable":true,"href":"https:\/\/vengru.com\/en\/wp-json\/wp\/v2\/media\/31286"}],"wp:attachment":[{"href":"https:\/\/vengru.com\/en\/wp-json\/wp\/v2\/media?parent=31391"}],"wp:term":[{"taxonomy":"product_brand","embeddable":true,"href":"https:\/\/vengru.com\/en\/wp-json\/wp\/v2\/product_brand?post=31391"},{"taxonomy":"product_cat","embeddable":true,"href":"https:\/\/vengru.com\/en\/wp-json\/wp\/v2\/product_cat?post=31391"},{"taxonomy":"product_tag","embeddable":true,"href":"https:\/\/vengru.com\/en\/wp-json\/wp\/v2\/product_tag?post=31391"}],"curies":[{"name":"wp","href":"https:\/\/api.w.org\/{rel}","templated":true}]}}