{"id":30058,"date":"2025-11-10T11:42:07","date_gmt":"2025-11-10T11:42:07","guid":{"rendered":"https:\/\/vengru.com\/?post_type=product&#038;p=30058"},"modified":"2025-11-11T12:59:10","modified_gmt":"2025-11-11T12:59:10","slug":"vngr-womens-business-leather-bag-onyx-masolat-masolat","status":"publish","type":"product","link":"https:\/\/vengru.com\/en\/termek\/vngr-womens-business-leather-bag-onyx-masolat-masolat\/","title":{"rendered":"VNGR women\u2019s business leather bag &#8211; Granite"},"content":{"rendered":"<p>We believe in sustainable, timeless pieces. Most of our products are only a few pieces in stock, we make them to order. Of course, we will try to deliver orders as soon as possible, but due to the increased number of orders, it may take up to 10-15 working days before delivery.<\/p>\n<p>If your order is urgent, please make sure you contact us.<\/p>\n<h3 data-start=\"304\" data-end=\"349\">VNGR women\u2019s business leather bag &#8211; Granite<\/h3>\n<p data-start=\"351\" data-end=\"770\">The VNGR women\u2019s business leather bag is designed for modern, elegant women who value style, quality, and functionality equally. Its clean design and classic color palette exude timeless elegance, making it suitable for any outfit \u2014 whether for business meetings, everyday city life, or travel. This premium accessory conveys confidence and femininity.  <\/p>\n<p data-start=\"351\" data-end=\"770\">The VNGR set includes 1 women&#8217;s leather basic bag, 1 leather envelope bag and 1 leather narrow crossbody strap.<\/p>\n<p data-start=\"772\" data-end=\"1165\">A special feature of the VNGR business bag is the front pocket, which can be fitted with a stylish <a href=\"https:\/\/vengru.com\/en\/product-categories\/u-bag-collection\/\">U envelope<\/a>. This accessory is not only a decorative element, but can also be used on its own &#8211; as an elegant small leather bag with a leather cross strap or chain. The U envelope bag is made of premium Italian leather, lined with leather lining and is compatible with all VNGR base bags and the V3 canvas shipper collection.<\/p>\n<p data-start=\"1167\" data-end=\"1688\">The bag\u2019s interior is thoughtfully designed and highly functional: a zip pocket helps with organization while providing ample space for a laptop, documents, and personal items. The premium Italian leather ensures exceptional durability and a silky touch, while the high-quality Italian metal zippers and fittings enhance the feeling of luxury. Each piece is handcrafted in small batches by Hungarian leather artisans. The cut edges are hand-painted, giving every bag a unique character.   <\/p>\n<p data-start=\"1690\" data-end=\"1977\">Every piece in the VNGR collection embodies the philosophy of conscious, slow fashion: timeless designs, carefully selected materials, and local artisanal craftsmanship. The VNGR women\u2019s business leather bag is not just a fashionable accessory, but a long-term investment in style and quality. <\/p>\n<p data-start=\"1979\" data-end=\"2009\">VNGR CORE size: 34 \u00d7 26 \u00d7 14 cm<\/p>\n<p data-start=\"1979\" data-end=\"2009\">VNGR BASE size: 38 \u00d7 30 \u00d7 18 cm<\/p>\n<h3 data-start=\"2011\" data-end=\"2031\">Product Care<\/h3>\n<p data-start=\"2032\" data-end=\"2261\">Genuine leather is a natural material that develops a beautiful patina over time, becoming even more refined with age. To clean it, use a soft, slightly damp cloth, and if necessary, apply a leather care cream that matches the color. Avoid using stain removers.  <\/p>\n<p data-start=\"2263\" data-end=\"2402\">The VNGR women\u2019s business leather bag is more than just an accessory \u2013 it\u2019s a luxurious piece that brings confidence and sophistication to every look.<\/p>\n<p data-start=\"2263\" data-end=\"2402\">If you\u2019re looking for a custom color combination, visit our <a href=\"https:\/\/vengru.com\/en\/kapcsolat-showroom-2\/\">open studio<\/a> or get in touch with us through one of the <a href=\"https:\/\/vengru.com\/en\/kapcsolat-showroom-2\/\">contact<\/a> options below.<\/p>\n<p data-start=\"2263\" data-end=\"2402\">You can also find us on<a href=\"http:\/\/www.facebook.com\/vengrubag\"> Facebook <\/a>and <a href=\"http:\/\/www.instagram.com\/vengrubag\">Instagram <\/a>\u2013 follow us for inspiration and to stay updated on our latest creations.<\/p>\n","protected":false},"excerpt":{"rendered":"<h3>\ud83d\udc49 Additional U envelope bags for this product<\/h3>\n<h3><a href=\"https:\/\/vengru.com\/en\/product-categories\/u-bag-collection\/\">can be ordered here<\/a><\/h3>\n","protected":false},"featured_media":24873,"comment_status":"closed","ping_status":"closed","template":"","meta":[],"product_brand":[],"product_cat":[1115,1498,1120,1465],"product_tag":[],"class_list":{"0":"post-30058","1":"product","2":"type-product","3":"status-publish","4":"has-post-thumbnail","6":"product_cat-bags-en","7":"product_cat-classics","8":"product_cat-shoulder-and-handbags","9":"product_cat-vngr-modular-leather-bags","10":"pa_kellek-gold","11":"pa_kellek-silver","12":"pa_meret-vngr-base-38-x-30-x-18-cm-en","13":"pa_meret-vngr-core-34-x-26-x-14-cm-en","14":"pa_szin-granite-en","16":"first","17":"instock","18":"shipping-taxable","19":"purchasable","20":"product-type-variable","21":"has-default-attributes"},"yoast_head":"<!-- This site is optimized with the Yoast SEO plugin v27.4 - https:\/\/yoast.com\/product\/yoast-seo-wordpress\/ -->\n<title>VNGR women\u2019s business leather bag - Granite<\/title>\n<meta name=\"description\" content=\"Elegant, handmade women&#039;s business leather bag made of premium Italian leather. Granite color, laptop-compatible design, Hungarian leather craftsmanship quality.\" \/>\n<meta name=\"robots\" content=\"index, follow, max-snippet:-1, max-image-preview:large, max-video-preview:-1\" \/>\n<link rel=\"canonical\" href=\"https:\/\/vengru.com\/en\/termek\/vngr-womens-business-leather-bag-onyx-masolat-masolat\/\" \/>\n<meta property=\"og:locale\" content=\"en_US\" \/>\n<meta property=\"og:type\" content=\"article\" \/>\n<meta property=\"og:title\" content=\"VNGR women\u2019s business leather bag - Granite\" \/>\n<meta property=\"og:description\" content=\"Elegant, handmade women&#039;s business leather bag made of premium Italian leather. Granite color, laptop-compatible design, Hungarian leather craftsmanship quality.\" \/>\n<meta property=\"og:url\" content=\"https:\/\/vengru.com\/en\/termek\/vngr-womens-business-leather-bag-onyx-masolat-masolat\/\" \/>\n<meta property=\"og:site_name\" content=\"vengru.com\" \/>\n<meta property=\"article:publisher\" content=\"https:\/\/www.facebook.com\/vengrubag\/\" \/>\n<meta property=\"article:modified_time\" content=\"2025-11-11T12:59:10+00:00\" \/>\n<meta property=\"og:image\" content=\"https:\/\/vengru.com\/wp-content\/uploads\/2025\/10\/VNGR-Core-bag-UBORITEK-ONYX-GRANITE.jpg\" \/>\n\t<meta property=\"og:image:width\" content=\"1200\" \/>\n\t<meta property=\"og:image:height\" content=\"1500\" \/>\n\t<meta property=\"og:image:type\" content=\"image\/jpeg\" \/>\n<meta name=\"twitter:card\" content=\"summary_large_image\" \/>\n<meta name=\"twitter:label1\" content=\"Est. reading time\" \/>\n\t<meta name=\"twitter:data1\" content=\"2 minutes\" \/>\n<script type=\"application\/ld+json\" class=\"yoast-schema-graph\">{\"@context\":\"https:\\\/\\\/schema.org\",\"@graph\":[{\"@type\":\"WebPage\",\"@id\":\"https:\\\/\\\/vengru.com\\\/en\\\/termek\\\/vngr-womens-business-leather-bag-onyx-masolat-masolat\\\/\",\"url\":\"https:\\\/\\\/vengru.com\\\/en\\\/termek\\\/vngr-womens-business-leather-bag-onyx-masolat-masolat\\\/\",\"name\":\"VNGR women\u2019s business leather bag - Granite\",\"isPartOf\":{\"@id\":\"https:\\\/\\\/vengru.com\\\/en\\\/#website\"},\"primaryImageOfPage\":{\"@id\":\"https:\\\/\\\/vengru.com\\\/en\\\/termek\\\/vngr-womens-business-leather-bag-onyx-masolat-masolat\\\/#primaryimage\"},\"image\":{\"@id\":\"https:\\\/\\\/vengru.com\\\/en\\\/termek\\\/vngr-womens-business-leather-bag-onyx-masolat-masolat\\\/#primaryimage\"},\"thumbnailUrl\":\"https:\\\/\\\/vengru.com\\\/wp-content\\\/uploads\\\/2025\\\/10\\\/VNGR-Core-bag-UBORITEK-ONYX-GRANITE.jpg\",\"datePublished\":\"2025-11-10T11:42:07+00:00\",\"dateModified\":\"2025-11-11T12:59:10+00:00\",\"description\":\"Elegant, handmade women's business leather bag made of premium Italian leather. Granite color, laptop-compatible design, Hungarian leather craftsmanship quality.\",\"breadcrumb\":{\"@id\":\"https:\\\/\\\/vengru.com\\\/en\\\/termek\\\/vngr-womens-business-leather-bag-onyx-masolat-masolat\\\/#breadcrumb\"},\"inLanguage\":\"en-US\",\"potentialAction\":[{\"@type\":\"ReadAction\",\"target\":[\"https:\\\/\\\/vengru.com\\\/en\\\/termek\\\/vngr-womens-business-leather-bag-onyx-masolat-masolat\\\/\"]}]},{\"@type\":\"ImageObject\",\"inLanguage\":\"en-US\",\"@id\":\"https:\\\/\\\/vengru.com\\\/en\\\/termek\\\/vngr-womens-business-leather-bag-onyx-masolat-masolat\\\/#primaryimage\",\"url\":\"https:\\\/\\\/vengru.com\\\/wp-content\\\/uploads\\\/2025\\\/10\\\/VNGR-Core-bag-UBORITEK-ONYX-GRANITE.jpg\",\"contentUrl\":\"https:\\\/\\\/vengru.com\\\/wp-content\\\/uploads\\\/2025\\\/10\\\/VNGR-Core-bag-UBORITEK-ONYX-GRANITE.jpg\",\"width\":1200,\"height\":1500},{\"@type\":\"BreadcrumbList\",\"@id\":\"https:\\\/\\\/vengru.com\\\/en\\\/termek\\\/vngr-womens-business-leather-bag-onyx-masolat-masolat\\\/#breadcrumb\",\"itemListElement\":[{\"@type\":\"ListItem\",\"position\":1,\"name\":\"Home\",\"item\":\"https:\\\/\\\/vengru.com\\\/en\\\/\"},{\"@type\":\"ListItem\",\"position\":2,\"name\":\"SHOP\",\"item\":\"https:\\\/\\\/vengru.com\\\/en\\\/shop-2\\\/\"},{\"@type\":\"ListItem\",\"position\":3,\"name\":\"VNGR women\u2019s business leather bag &#8211; Granite\"}]},{\"@type\":\"WebSite\",\"@id\":\"https:\\\/\\\/vengru.com\\\/en\\\/#website\",\"url\":\"https:\\\/\\\/vengru.com\\\/en\\\/\",\"name\":\"vengru.com\",\"description\":\"Vari\u00e1lhat\u00f3, min\u0151s\u00e9gi magyar designer m\u00e1rka\",\"publisher\":{\"@id\":\"https:\\\/\\\/vengru.com\\\/en\\\/#organization\"},\"potentialAction\":[{\"@type\":\"SearchAction\",\"target\":{\"@type\":\"EntryPoint\",\"urlTemplate\":\"https:\\\/\\\/vengru.com\\\/en\\\/?s={search_term_string}\"},\"query-input\":{\"@type\":\"PropertyValueSpecification\",\"valueRequired\":true,\"valueName\":\"search_term_string\"}}],\"inLanguage\":\"en-US\"},{\"@type\":\"Organization\",\"@id\":\"https:\\\/\\\/vengru.com\\\/en\\\/#organization\",\"name\":\"VENGRU Ltd.\",\"url\":\"https:\\\/\\\/vengru.com\\\/en\\\/\",\"logo\":{\"@type\":\"ImageObject\",\"inLanguage\":\"en-US\",\"@id\":\"https:\\\/\\\/vengru.com\\\/en\\\/#\\\/schema\\\/logo\\\/image\\\/\",\"url\":\"https:\\\/\\\/vengru.com\\\/wp-content\\\/uploads\\\/2025\\\/05\\\/cropped-VENGRU-logoPNG3-1.png\",\"contentUrl\":\"https:\\\/\\\/vengru.com\\\/wp-content\\\/uploads\\\/2025\\\/05\\\/cropped-VENGRU-logoPNG3-1.png\",\"width\":581,\"height\":98,\"caption\":\"VENGRU Ltd.\"},\"image\":{\"@id\":\"https:\\\/\\\/vengru.com\\\/en\\\/#\\\/schema\\\/logo\\\/image\\\/\"},\"sameAs\":[\"https:\\\/\\\/www.facebook.com\\\/vengrubag\\\/\",\"https:\\\/\\\/www.instagram.com\\\/vengrubag\\\/\"]}]}<\/script>\n<!-- \/ Yoast SEO plugin. -->","yoast_head_json":{"title":"VNGR women\u2019s business leather bag - Granite","description":"Elegant, handmade women's business leather bag made of premium Italian leather. Granite color, laptop-compatible design, Hungarian leather craftsmanship quality.","robots":{"index":"index","follow":"follow","max-snippet":"max-snippet:-1","max-image-preview":"max-image-preview:large","max-video-preview":"max-video-preview:-1"},"canonical":"https:\/\/vengru.com\/en\/termek\/vngr-womens-business-leather-bag-onyx-masolat-masolat\/","og_locale":"en_US","og_type":"article","og_title":"VNGR women\u2019s business leather bag - Granite","og_description":"Elegant, handmade women's business leather bag made of premium Italian leather. Granite color, laptop-compatible design, Hungarian leather craftsmanship quality.","og_url":"https:\/\/vengru.com\/en\/termek\/vngr-womens-business-leather-bag-onyx-masolat-masolat\/","og_site_name":"vengru.com","article_publisher":"https:\/\/www.facebook.com\/vengrubag\/","article_modified_time":"2025-11-11T12:59:10+00:00","og_image":[{"width":1200,"height":1500,"url":"https:\/\/vengru.com\/wp-content\/uploads\/2025\/10\/VNGR-Core-bag-UBORITEK-ONYX-GRANITE.jpg","type":"image\/jpeg"}],"twitter_card":"summary_large_image","twitter_misc":{"Est. reading time":"2 minutes"},"schema":{"@context":"https:\/\/schema.org","@graph":[{"@type":"WebPage","@id":"https:\/\/vengru.com\/en\/termek\/vngr-womens-business-leather-bag-onyx-masolat-masolat\/","url":"https:\/\/vengru.com\/en\/termek\/vngr-womens-business-leather-bag-onyx-masolat-masolat\/","name":"VNGR women\u2019s business leather bag - Granite","isPartOf":{"@id":"https:\/\/vengru.com\/en\/#website"},"primaryImageOfPage":{"@id":"https:\/\/vengru.com\/en\/termek\/vngr-womens-business-leather-bag-onyx-masolat-masolat\/#primaryimage"},"image":{"@id":"https:\/\/vengru.com\/en\/termek\/vngr-womens-business-leather-bag-onyx-masolat-masolat\/#primaryimage"},"thumbnailUrl":"https:\/\/vengru.com\/wp-content\/uploads\/2025\/10\/VNGR-Core-bag-UBORITEK-ONYX-GRANITE.jpg","datePublished":"2025-11-10T11:42:07+00:00","dateModified":"2025-11-11T12:59:10+00:00","description":"Elegant, handmade women's business leather bag made of premium Italian leather. Granite color, laptop-compatible design, Hungarian leather craftsmanship quality.","breadcrumb":{"@id":"https:\/\/vengru.com\/en\/termek\/vngr-womens-business-leather-bag-onyx-masolat-masolat\/#breadcrumb"},"inLanguage":"en-US","potentialAction":[{"@type":"ReadAction","target":["https:\/\/vengru.com\/en\/termek\/vngr-womens-business-leather-bag-onyx-masolat-masolat\/"]}]},{"@type":"ImageObject","inLanguage":"en-US","@id":"https:\/\/vengru.com\/en\/termek\/vngr-womens-business-leather-bag-onyx-masolat-masolat\/#primaryimage","url":"https:\/\/vengru.com\/wp-content\/uploads\/2025\/10\/VNGR-Core-bag-UBORITEK-ONYX-GRANITE.jpg","contentUrl":"https:\/\/vengru.com\/wp-content\/uploads\/2025\/10\/VNGR-Core-bag-UBORITEK-ONYX-GRANITE.jpg","width":1200,"height":1500},{"@type":"BreadcrumbList","@id":"https:\/\/vengru.com\/en\/termek\/vngr-womens-business-leather-bag-onyx-masolat-masolat\/#breadcrumb","itemListElement":[{"@type":"ListItem","position":1,"name":"Home","item":"https:\/\/vengru.com\/en\/"},{"@type":"ListItem","position":2,"name":"SHOP","item":"https:\/\/vengru.com\/en\/shop-2\/"},{"@type":"ListItem","position":3,"name":"VNGR women\u2019s business leather bag &#8211; Granite"}]},{"@type":"WebSite","@id":"https:\/\/vengru.com\/en\/#website","url":"https:\/\/vengru.com\/en\/","name":"vengru.com","description":"Vari\u00e1lhat\u00f3, min\u0151s\u00e9gi magyar designer m\u00e1rka","publisher":{"@id":"https:\/\/vengru.com\/en\/#organization"},"potentialAction":[{"@type":"SearchAction","target":{"@type":"EntryPoint","urlTemplate":"https:\/\/vengru.com\/en\/?s={search_term_string}"},"query-input":{"@type":"PropertyValueSpecification","valueRequired":true,"valueName":"search_term_string"}}],"inLanguage":"en-US"},{"@type":"Organization","@id":"https:\/\/vengru.com\/en\/#organization","name":"VENGRU Ltd.","url":"https:\/\/vengru.com\/en\/","logo":{"@type":"ImageObject","inLanguage":"en-US","@id":"https:\/\/vengru.com\/en\/#\/schema\/logo\/image\/","url":"https:\/\/vengru.com\/wp-content\/uploads\/2025\/05\/cropped-VENGRU-logoPNG3-1.png","contentUrl":"https:\/\/vengru.com\/wp-content\/uploads\/2025\/05\/cropped-VENGRU-logoPNG3-1.png","width":581,"height":98,"caption":"VENGRU Ltd."},"image":{"@id":"https:\/\/vengru.com\/en\/#\/schema\/logo\/image\/"},"sameAs":["https:\/\/www.facebook.com\/vengrubag\/","https:\/\/www.instagram.com\/vengrubag\/"]}]}},"_links":{"self":[{"href":"https:\/\/vengru.com\/en\/wp-json\/wp\/v2\/product\/30058","targetHints":{"allow":["GET"]}}],"collection":[{"href":"https:\/\/vengru.com\/en\/wp-json\/wp\/v2\/product"}],"about":[{"href":"https:\/\/vengru.com\/en\/wp-json\/wp\/v2\/types\/product"}],"replies":[{"embeddable":true,"href":"https:\/\/vengru.com\/en\/wp-json\/wp\/v2\/comments?post=30058"}],"wp:featuredmedia":[{"embeddable":true,"href":"https:\/\/vengru.com\/en\/wp-json\/wp\/v2\/media\/24873"}],"wp:attachment":[{"href":"https:\/\/vengru.com\/en\/wp-json\/wp\/v2\/media?parent=30058"}],"wp:term":[{"taxonomy":"product_brand","embeddable":true,"href":"https:\/\/vengru.com\/en\/wp-json\/wp\/v2\/product_brand?post=30058"},{"taxonomy":"product_cat","embeddable":true,"href":"https:\/\/vengru.com\/en\/wp-json\/wp\/v2\/product_cat?post=30058"},{"taxonomy":"product_tag","embeddable":true,"href":"https:\/\/vengru.com\/en\/wp-json\/wp\/v2\/product_tag?post=30058"}],"curies":[{"name":"wp","href":"https:\/\/api.w.org\/{rel}","templated":true}]}}