{"id":19002,"date":"2024-09-15T15:11:01","date_gmt":"2024-09-15T15:11:04","guid":{"rendered":"https:\/\/vengru.com\/?post_type=product&#038;p=19002"},"modified":"2024-10-06T14:04:13","modified_gmt":"2024-10-06T14:04:13","slug":"gem-bag-spring-masolat-masolat-2","status":"publish","type":"product","link":"https:\/\/vengru.com\/en\/termek\/gem-bag-spring-masolat-masolat-2\/","title":{"rendered":"AppleSkin VEGAN GEM handbag"},"content":{"rendered":"<h2>AppleSkin VEGAN GEM handbag<\/h2>\n<p> AppleSkin VEGAN GEM handbag. Unique bag, classic handbag for women.  Eye-catching and timeless, it is a truly eternal piece inspired by the geometric shapes of polished gemstones, the brand&#8217;s initial &#8220;V&#8221; and Vengru&#8217;s most distinctive bag, the panel bag. The GEM shoulder bag is a formal break from the classic silhouette. This bag style reflects true femininity. A casual bag that&#8217;s perfect even for a formal event. Your essentials like your phone, wallet, gum and favourite lipstick will fit in a handbag. This pretty <a href=\"https:\/\/vengru.com\/en\/product-categories\/collections-en\/gem-leather-bags-en\/gem-handbag-en\/\">little<\/a> bag is great for casual outfits, but if comfort is important, we recommend this envelope bag with chain. These small bag styles are also perfect as theatre bags. Outer material: 100% Apple leather, APPLESKIN<br \/>Lining: 100% Microfiber<br \/>The bag is made from premium quality Italian appleskin, handcrafted by Hungarian leather artisans. It is a small-series, locally designed product. The accessories are high quality Italian metal accessories, with cut edges, hand painted edge finishes. The external dimensions of the bag body: 29 cm x 16 cm x 11 cm. A versatile accessory that can be worn as a crossbody shoulder bag with the attachable shoulder strap. Optional straps for bag: <\/p>\n<ul>\n<li>Chain length not adjustable, 130 cm<\/li>\n<li>Narrow cross strap length adjustable between 113 and 132 cm, width 1.5 cm<\/li>\n<li>Cross strap length adjustable between 113 and 132 cm, width 3 cm<\/li>\n<li>Wide cross strap (short) length not adjustable, 89 cm, width 6 cm<\/li>\n<li>Wide cross strap (long) length not adjustable, 119 cm, width 6 cm<\/li>\n<\/ul>\n<h3>PRODUCT CARE, CLEANING<\/h3>\n<p> Appleskin is a recycled material whose quality is comparable to that of real leather. Products made from apple leather require minimal cleaning.  Most dirt can be easily removed with a soft, damp cloth. Avoid using hard brushes or rough sponges. The most effective method for cleaning apple leather surfaces is wiping them with warm water mixed with laundry or dish soap, followed by wiping again with clean water, and finally drying with a soft cloth. Baby wipes, hand wipes, soft cotton, or wool cloths are good choices for this, and it&#8217;s important to clean using gentle motions.   If you haven&#8217;t already, follow us on <a href=\"https:\/\/instagram.com\/vengrubag\">Instagram<\/a> and <a href=\"https:\/\/facebook.com\/vengrubag\">Facebook<\/a> to keep up to date with our latest news.<\/p>\n","protected":false},"excerpt":{"rendered":"<div class=\"woocommerce-product-details__short-description\"> Dear Customer,<br \/>We believe in sustainable, timeless pieces. Most of our products are only a few pieces in stock, we make them to order. Of course, we try to deliver the items as soon as possible, but due to the increased number of orders, <strong>the production time may take 15-20 working days<\/strong> before delivery. If your order is urgent, please make sure you <a href=\"https:\/\/vengru.com\/kapcsolat-showroom-2\/\">contact<\/a> us. Thank you! <em>BogiTomi<\/em><\/p>\n<\/div>\n<form class=\"variations_form cart wvs-loaded wvs-pro-loaded\" style=\"box-sizing: inherit; border: 0px; font-family: 'Open Sans', 'Helvetica Neue', sans-serif; font-size: 14px; font-style: normal; margin: 30px 0px 2em; padding: 0px; vertical-align: baseline; color: #4f4f4f; font-variant-ligatures: normal; font-variant-caps: normal; font-weight: 300; letter-spacing: normal; orphans: 2; text-align: start; text-indent: 0px; text-transform: none; white-space: normal; widows: 2; word-spacing: 0px; -webkit-text-stroke-width: 0px; background-color: #ffffff; text-decoration-thickness: initial; text-decoration-style: initial; text-decoration-color: initial;\" action=\"https:\/\/vengru.com\/termek\/gem-in-u-tavasz\/\" enctype=\"multipart\/form-data\" method=\"post\" data-product_id=\"12061\" data-product_variations=\"[{\"attributes\":{\"attribute_pa_szin\":\"\",\"attribute_pa_valassz-hozza-pantot\":\"minden-panttal\",\"attribute_pa_kellek\":\"\"},\"availability_html\":\"\",\"backorders_allowed\":false,\"dimensions\":{\"length\":\"\",\"width\":\"\",\"height\":\"\"},\"dimensions_html\":\"N\/A\",\"display_price\":142900,\"display_regular_price\":142900,\"image\":{\"title\":\"Gem in U tavasz\",\"caption\":\"\",\"url\":\"https:\/\/vengru.com\/wp-content\/uploads\/2022\/02\/Gem-in-U-kezdokep2.jpg\",\"alt\":\"Gem in U tavasz\",\"src\":\"https:\/\/vengru.com\/wp-content\/uploads\/2022\/02\/Gem-in-U-kezdokep2-300x375.jpg\",\"srcset\":\"https:\/\/vengru.com\/wp-content\/uploads\/2022\/02\/Gem-in-U-kezdokep2-300x375.jpg 300w, https:\/\/vengru.com\/wp-content\/uploads\/2022\/02\/Gem-in-U-kezdokep2-768x960.jpg 768w, https:\/\/vengru.com\/wp-content\/uploads\/2022\/02\/Gem-in-U-kezdokep2.jpg 800w\",\"sizes\":\"(max-width: 300px) 100vw, 300px\",\"full_src\":\"https:\/\/vengru.com\/wp-content\/uploads\/2022\/02\/Gem-in-U-kezdokep2.jpg\",\"full_src_w\":800,\"full_src_h\":1000,\"gallery_thumbnail_src\":\"https:\/\/vengru.com\/wp-content\/uploads\/2022\/02\/Gem-in-U-kezdokep2-300x300.jpg\",\"gallery_thumbnail_src_w\":300,\"gallery_thumbnail_src_h\":300,\"thumb_src\":\"https:\/\/vengru.com\/wp-content\/uploads\/2022\/02\/Gem-in-U-kezdokep2-300x300.jpg\",\"thumb_src_w\":300,\"thumb_src_h\":300,\"src_w\":300,\"src_h\":375,\"thumb_srcset\":\"https:\/\/vengru.com\/wp-content\/uploads\/2022\/02\/Gem-in-U-kezdokep2-300x300.jpg 300w, https:\/\/vengru.com\/wp-content\/uploads\/2022\/02\/Gem-in-U-kezdokep2-150x150.jpg 150w\",\"thumb_sizes\":\"(max-width: 300px) 100vw, 300px\"},\"image_id\":12065,\"is_downloadable\":false,\"is_in_stock\":true,\"is_purchasable\":true,\"is_sold_individually\":\"no\",\"is_virtual\":false,\"max_qty\":\"\",\"min_qty\":1,\"price_html\":\"&lt;encoded_tag_open \/&gt;span class=\"price\"&lt;encoded_tag_closed \/&gt;&lt;encoded_tag_open \/&gt;span class=\"woocommerce-Price-amount amount\"&lt;encoded_tag_closed \/&gt;142 900&nbsp;&lt;encoded_tag_open \/&gt;span class=\"woocommerce-Price-currencySymbol\"&lt;encoded_tag_closed \/&gt;Ft&lt;encoded_tag_open \/&gt;\/span&lt;encoded_tag_closed \/&gt;&lt;encoded_tag_open \/&gt;\/span&lt;encoded_tag_closed \/&gt;&lt;encoded_tag_open \/&gt;\/span&lt;encoded_tag_closed \/&gt;\",\"sku\":\"\",\"variation_description\":\"\",\"variation_id\":12075,\"variation_is_active\":true,\"variation_is_visible\":true,\"weight\":\"\",\"weight_html\":\"N\/A\",\"wvs_stock_left\":\"\"},{\"attributes\":{\"attribute_pa_szin\":\"\",\"attribute_pa_valassz-hozza-pantot\":\"szeles-keresztpanttal\",\"attribute_pa_kellek\":\"\"},\"availability_html\":\"\",\"backorders_allowed\":false,\"dimensions\":{\"length\":\"\",\"width\":\"\",\"height\":\"\"},\"dimensions_html\":\"N\/A\",\"display_price\":127900,\"display_regular_price\":127900,\"image\":{\"title\":\"Gem in U tavasz\",\"caption\":\"\",\"url\":\"https:\/\/vengru.com\/wp-content\/uploads\/2022\/02\/Gem-in-U-kezdokep2.jpg\",\"alt\":\"Gem in U tavasz\",\"src\":\"https:\/\/vengru.com\/wp-content\/uploads\/2022\/02\/Gem-in-U-kezdokep2-300x375.jpg\",\"srcset\":\"https:\/\/vengru.com\/wp-content\/uploads\/2022\/02\/Gem-in-U-kezdokep2-300x375.jpg 300w, https:\/\/vengru.com\/wp-content\/uploads\/2022\/02\/Gem-in-U-kezdokep2-768x960.jpg 768w, https:\/\/vengru.com\/wp-content\/uploads\/2022\/02\/Gem-in-U-kezdokep2.jpg 800w\",\"sizes\":\"(max-width: 300px) 100vw, 300px\",\"full_src\":\"https:\/\/vengru.com\/wp-content\/uploads\/2022\/02\/Gem-in-U-kezdokep2.jpg\",\"full_src_w\":800,\"full_src_h\":1000,\"gallery_thumbnail_src\":\"https:\/\/vengru.com\/wp-content\/uploads\/2022\/02\/Gem-in-U-kezdokep2-300x300.jpg\",\"gallery_thumbnail_src_w\":300,\"gallery_thumbnail_src_h\":300,\"thumb_src\":\"https:\/\/vengru.com\/wp-content\/uploads\/2022\/02\/Gem-in-U-kezdokep2-300x300.jpg\",\"thumb_src_w\":300,\"thumb_src_h\":300,\"src_w\":300,\"src_h\":375,\"thumb_srcset\":\"https:\/\/vengru.com\/wp-content\/uploads\/2022\/02\/Gem-in-U-kezdokep2-300x300.jpg 300w, https:\/\/vengru.com\/wp-content\/uploads\/2022\/02\/Gem-in-U-kezdokep2-150x150.jpg 150w\",\"thumb_sizes\":\"(max-width: 300px) 100vw, 300px\"},\"image_id\":12065,\"is_downloadable\":false,\"is_in_stock\":true,\"is_purchasable\":true,\"is_sold_individually\":\"no\",\"is_virtual\":false,\"max_qty\":\"\",\"min_qty\":1,\"price_html\":\"&lt;encoded_tag_open \/&gt;span class=\"price\"&lt;encoded_tag_closed \/&gt;&lt;encoded_tag_open \/&gt;span class=\"woocommerce-Price-amount amount\"&lt;encoded_tag_closed \/&gt;127 900&nbsp;&lt;encoded_tag_open \/&gt;span class=\"woocommerce-Price-currencySymbol\"&lt;encoded_tag_closed \/&gt;Ft&lt;encoded_tag_open \/&gt;\/span&lt;encoded_tag_closed \/&gt;&lt;encoded_tag_open \/&gt;\/span&lt;encoded_tag_closed \/&gt;&lt;encoded_tag_open \/&gt;\/span&lt;encoded_tag_closed \/&gt;\",\"sku\":\"\",\"variation_description\":\"\",\"variation_id\":12062,\"variation_is_active\":true,\"variation_is_visible\":true,\"weight\":\"\",\"weight_html\":\"N\/A\",\"wvs_stock_left\":\"\"},{\"attributes\":{\"attribute_pa_szin\":\"\",\"attribute_pa_valassz-hozza-pantot\":\"keresztpanttal\",\"attribute_pa_kellek\":\"\"},\"availability_html\":\"\",\"backorders_allowed\":false,\"dimensions\":{\"length\":\"\",\"width\":\"\",\"height\":\"\"},\"dimensions_html\":\"N\/A\",\"display_price\":127900,\"display_regular_price\":127900,\"image\":{\"title\":\"Gem in U tavasz\",\"caption\":\"\",\"url\":\"https:\/\/vengru.com\/wp-content\/uploads\/2022\/02\/Gem-in-U-kezdokep2.jpg\",\"alt\":\"Gem in U tavasz\",\"src\":\"https:\/\/vengru.com\/wp-content\/uploads\/2022\/02\/Gem-in-U-kezdokep2-300x375.jpg\",\"srcset\":\"https:\/\/vengru.com\/wp-content\/uploads\/2022\/02\/Gem-in-U-kezdokep2-300x375.jpg 300w, https:\/\/vengru.com\/wp-content\/uploads\/2022\/02\/Gem-in-U-kezdokep2-768x960.jpg 768w, https:\/\/vengru.com\/wp-content\/uploads\/2022\/02\/Gem-in-U-kezdokep2.jpg 800w\",\"sizes\":\"(max-width: 300px) 100vw, 300px\",\"full_src\":\"https:\/\/vengru.com\/wp-content\/uploads\/2022\/02\/Gem-in-U-kezdokep2.jpg\",\"full_src_w\":800,\"full_src_h\":1000,\"gallery_thumbnail_src\":\"https:\/\/vengru.com\/wp-content\/uploads\/2022\/02\/Gem-in-U-kezdokep2-300x300.jpg\",\"gallery_thumbnail_src_w\":300,\"gallery_thumbnail_src_h\":300,\"thumb_src\":\"https:\/\/vengru.com\/wp-content\/uploads\/2022\/02\/Gem-in-U-kezdokep2-300x300.jpg\",\"thumb_src_w\":300,\"thumb_src_h\":300,\"src_w\":300,\"src_h\":375,\"thumb_srcset\":\"https:\/\/vengru.com\/wp-content\/uploads\/2022\/02\/Gem-in-U-kezdokep2-300x300.jpg 300w, https:\/\/vengru.com\/wp-content\/uploads\/2022\/02\/Gem-in-U-kezdokep2-150x150.jpg 150w\",\"thumb_sizes\":\"(max-width: 300px) 100vw, 300px\"},\"image_id\":12065,\"is_downloadable\":false,\"is_in_stock\":true,\"is_purchasable\":true,\"is_sold_individually\":\"no\",\"is_virtual\":false,\"max_qty\":\"\",\"min_qty\":1,\"price_html\":\"&lt;encoded_tag_open \/&gt;span class=\"price\"&lt;encoded_tag_closed \/&gt;&lt;encoded_tag_open \/&gt;span class=\"woocommerce-Price-amount amount\"&lt;encoded_tag_closed \/&gt;127 900&nbsp;&lt;encoded_tag_open \/&gt;span class=\"woocommerce-Price-currencySymbol\"&lt;encoded_tag_closed \/&gt;Ft&lt;encoded_tag_open \/&gt;\/span&lt;encoded_tag_closed \/&gt;&lt;encoded_tag_open \/&gt;\/span&lt;encoded_tag_closed \/&gt;&lt;encoded_tag_open \/&gt;\/span&lt;encoded_tag_closed \/&gt;\",\"sku\":\"\",\"variation_description\":\"\",\"variation_id\":12063,\"variation_is_active\":true,\"variation_is_visible\":true,\"weight\":\"\",\"weight_html\":\"N\/A\",\"wvs_stock_left\":\"\"},{\"attributes\":{\"attribute_pa_szin\":\"\",\"attribute_pa_valassz-hozza-pantot\":\"pant-nelkul\",\"attribute_pa_kellek\":\"\"},\"availability_html\":\"\",\"backorders_allowed\":false,\"dimensions\":{\"length\":\"\",\"width\":\"\",\"height\":\"\"},\"dimensions_html\":\"N\/A\",\"display_price\":109900,\"display_regular_price\":109900,\"image\":{\"title\":\"Gem in U tavasz\",\"caption\":\"\",\"url\":\"https:\/\/vengru.com\/wp-content\/uploads\/2022\/02\/Gem-in-U-kezdokep2.jpg\",\"alt\":\"Gem in U tavasz\",\"src\":\"https:\/\/vengru.com\/wp-content\/uploads\/2022\/02\/Gem-in-U-kezdokep2-300x375.jpg\",\"srcset\":\"https:\/\/vengru.com\/wp-content\/uploads\/2022\/02\/Gem-in-U-kezdokep2-300x375.jpg 300w, https:\/\/vengru.com\/wp-content\/uploads\/2022\/02\/Gem-in-U-kezdokep2-768x960.jpg 768w, https:\/\/vengru.com\/wp-content\/uploads\/2022\/02\/Gem-in-U-kezdokep2.jpg 800w\",\"sizes\":\"(max-width: 300px) 100vw, 300px\",\"full_src\":\"https:\/\/vengru.com\/wp-content\/uploads\/2022\/02\/Gem-in-U-kezdokep2.jpg\",\"full_src_w\":800,\"full_src_h\":1000,\"gallery_thumbnail_src\":\"https:\/\/vengru.com\/wp-content\/uploads\/2022\/02\/Gem-in-U-kezdokep2-300x300.jpg\",\"gallery_thumbnail_src_w\":300,\"gallery_thumbnail_src_h\":300,\"thumb_src\":\"https:\/\/vengru.com\/wp-content\/uploads\/2022\/02\/Gem-in-U-kezdokep2-300x300.jpg\",\"thumb_src_w\":300,\"thumb_src_h\":300,\"src_w\":300,\"src_h\":375,\"thumb_srcset\":\"https:\/\/vengru.com\/wp-content\/uploads\/2022\/02\/Gem-in-U-kezdokep2-300x300.jpg 300w, https:\/\/vengru.com\/wp-content\/uploads\/2022\/02\/Gem-in-U-kezdokep2-150x150.jpg 150w\",\"thumb_sizes\":\"(max-width: 300px) 100vw, 300px\"},\"image_id\":12065,\"is_downloadable\":false,\"is_in_stock\":true,\"is_purchasable\":true,\"is_sold_individually\":\"no\",\"is_virtual\":false,\"max_qty\":\"\",\"min_qty\":1,\"price_html\":\"&lt;encoded_tag_open \/&gt;span class=\"price\"&lt;encoded_tag_closed \/&gt;&lt;encoded_tag_open \/&gt;span class=\"woocommerce-Price-amount amount\"&lt;encoded_tag_closed \/&gt;109 900&nbsp;&lt;encoded_tag_open \/&gt;span class=\"woocommerce-Price-currencySymbol\"&lt;encoded_tag_closed \/&gt;Ft&lt;encoded_tag_open \/&gt;\/span&lt;encoded_tag_closed \/&gt;&lt;encoded_tag_open \/&gt;\/span&lt;encoded_tag_closed \/&gt;&lt;encoded_tag_open \/&gt;\/span&lt;encoded_tag_closed \/&gt;\",\"sku\":\"\",\"variation_description\":\"\",\"variation_id\":12064,\"variation_is_active\":true,\"variation_is_visible\":true,\"weight\":\"\",\"weight_html\":\"N\/A\",\"wvs_stock_left\":\"\"}]\"><\/form>\n","protected":false},"featured_media":19010,"comment_status":"open","ping_status":"closed","template":"","meta":[],"product_brand":[],"product_cat":[1329,1115,1120],"product_tag":[722,269,271,243],"class_list":{"0":"post-19002","1":"product","2":"type-product","3":"status-publish","4":"has-post-thumbnail","6":"product_cat-appleskin-100-vegan","7":"product_cat-bags-en","8":"product_cat-shoulder-and-handbags","9":"product_tag-designer-bag-en","10":"product_tag-leather-bags","11":"product_tag-small-bags","12":"product_tag-unique-bag","13":"pa_kellek-gold","14":"pa_kellek-silver","15":"pa_szin-bonbon-en","16":"pa_szin-forest-en","17":"pa_szin-purple-rain-en","18":"pa_szin-rose-garden-en","20":"first","21":"instock","22":"featured","23":"shipping-taxable","24":"purchasable","25":"product-type-variable","26":"has-default-attributes"},"yoast_head":"<!-- This site is optimized with the Yoast SEO plugin v27.4 - https:\/\/yoast.com\/product\/yoast-seo-wordpress\/ -->\n<title>AppleSkin VEGAN GEM handbag<\/title>\n<meta name=\"description\" content=\"AppleSkin VEGAN GEM handbag. Unique leather bag, classic shoulder bag for women. Attention-grabbing and timeless, a truly timeless piece.\" \/>\n<meta name=\"robots\" content=\"index, follow, max-snippet:-1, max-image-preview:large, max-video-preview:-1\" \/>\n<link rel=\"canonical\" href=\"https:\/\/vengru.com\/en\/termek\/gem-bag-spring-masolat-masolat-2\/\" \/>\n<meta property=\"og:locale\" content=\"en_US\" \/>\n<meta property=\"og:type\" content=\"article\" \/>\n<meta property=\"og:title\" content=\"AppleSkin VEGAN GEM handbag\" \/>\n<meta property=\"og:description\" content=\"AppleSkin VEGAN GEM handbag. Unique leather bag, classic shoulder bag for women. Attention-grabbing and timeless, a truly timeless piece.\" \/>\n<meta property=\"og:url\" content=\"https:\/\/vengru.com\/en\/termek\/gem-bag-spring-masolat-masolat-2\/\" \/>\n<meta property=\"og:site_name\" content=\"vengru.com\" \/>\n<meta property=\"article:publisher\" content=\"https:\/\/www.facebook.com\/vengrubag\/\" \/>\n<meta property=\"article:modified_time\" content=\"2024-10-06T14:04:13+00:00\" \/>\n<meta property=\"og:image\" content=\"https:\/\/vengru.com\/wp-content\/uploads\/2024\/09\/AppleSkin-vegan-bag-VENGRU-bag-multicolor-gem-hangdbag-vegan-leather.jpg\" \/>\n\t<meta property=\"og:image:width\" content=\"1000\" \/>\n\t<meta property=\"og:image:height\" content=\"1000\" \/>\n\t<meta property=\"og:image:type\" content=\"image\/jpeg\" \/>\n<meta name=\"twitter:card\" content=\"summary_large_image\" \/>\n<meta name=\"twitter:label1\" content=\"Est. reading time\" \/>\n\t<meta name=\"twitter:data1\" content=\"2 minutes\" \/>\n<script type=\"application\/ld+json\" class=\"yoast-schema-graph\">{\"@context\":\"https:\\\/\\\/schema.org\",\"@graph\":[{\"@type\":\"WebPage\",\"@id\":\"https:\\\/\\\/vengru.com\\\/en\\\/termek\\\/gem-bag-spring-masolat-masolat-2\\\/\",\"url\":\"https:\\\/\\\/vengru.com\\\/en\\\/termek\\\/gem-bag-spring-masolat-masolat-2\\\/\",\"name\":\"AppleSkin VEGAN GEM handbag\",\"isPartOf\":{\"@id\":\"https:\\\/\\\/vengru.com\\\/en\\\/#website\"},\"primaryImageOfPage\":{\"@id\":\"https:\\\/\\\/vengru.com\\\/en\\\/termek\\\/gem-bag-spring-masolat-masolat-2\\\/#primaryimage\"},\"image\":{\"@id\":\"https:\\\/\\\/vengru.com\\\/en\\\/termek\\\/gem-bag-spring-masolat-masolat-2\\\/#primaryimage\"},\"thumbnailUrl\":\"https:\\\/\\\/vengru.com\\\/wp-content\\\/uploads\\\/2024\\\/09\\\/AppleSkin-vegan-bag-VENGRU-bag-multicolor-gem-hangdbag-vegan-leather.jpg\",\"datePublished\":\"2024-09-15T15:11:04+00:00\",\"dateModified\":\"2024-10-06T14:04:13+00:00\",\"description\":\"AppleSkin VEGAN GEM handbag. Unique leather bag, classic shoulder bag for women. Attention-grabbing and timeless, a truly timeless piece.\",\"breadcrumb\":{\"@id\":\"https:\\\/\\\/vengru.com\\\/en\\\/termek\\\/gem-bag-spring-masolat-masolat-2\\\/#breadcrumb\"},\"inLanguage\":\"en-US\",\"potentialAction\":[{\"@type\":\"ReadAction\",\"target\":[\"https:\\\/\\\/vengru.com\\\/en\\\/termek\\\/gem-bag-spring-masolat-masolat-2\\\/\"]}]},{\"@type\":\"ImageObject\",\"inLanguage\":\"en-US\",\"@id\":\"https:\\\/\\\/vengru.com\\\/en\\\/termek\\\/gem-bag-spring-masolat-masolat-2\\\/#primaryimage\",\"url\":\"https:\\\/\\\/vengru.com\\\/wp-content\\\/uploads\\\/2024\\\/09\\\/AppleSkin-vegan-bag-VENGRU-bag-multicolor-gem-hangdbag-vegan-leather.jpg\",\"contentUrl\":\"https:\\\/\\\/vengru.com\\\/wp-content\\\/uploads\\\/2024\\\/09\\\/AppleSkin-vegan-bag-VENGRU-bag-multicolor-gem-hangdbag-vegan-leather.jpg\",\"width\":1000,\"height\":1000},{\"@type\":\"BreadcrumbList\",\"@id\":\"https:\\\/\\\/vengru.com\\\/en\\\/termek\\\/gem-bag-spring-masolat-masolat-2\\\/#breadcrumb\",\"itemListElement\":[{\"@type\":\"ListItem\",\"position\":1,\"name\":\"Home\",\"item\":\"https:\\\/\\\/vengru.com\\\/en\\\/\"},{\"@type\":\"ListItem\",\"position\":2,\"name\":\"SHOP\",\"item\":\"https:\\\/\\\/vengru.com\\\/en\\\/shop-2\\\/\"},{\"@type\":\"ListItem\",\"position\":3,\"name\":\"AppleSkin VEGAN GEM handbag\"}]},{\"@type\":\"WebSite\",\"@id\":\"https:\\\/\\\/vengru.com\\\/en\\\/#website\",\"url\":\"https:\\\/\\\/vengru.com\\\/en\\\/\",\"name\":\"vengru.com\",\"description\":\"Vari\u00e1lhat\u00f3, min\u0151s\u00e9gi magyar designer m\u00e1rka\",\"publisher\":{\"@id\":\"https:\\\/\\\/vengru.com\\\/en\\\/#organization\"},\"potentialAction\":[{\"@type\":\"SearchAction\",\"target\":{\"@type\":\"EntryPoint\",\"urlTemplate\":\"https:\\\/\\\/vengru.com\\\/en\\\/?s={search_term_string}\"},\"query-input\":{\"@type\":\"PropertyValueSpecification\",\"valueRequired\":true,\"valueName\":\"search_term_string\"}}],\"inLanguage\":\"en-US\"},{\"@type\":\"Organization\",\"@id\":\"https:\\\/\\\/vengru.com\\\/en\\\/#organization\",\"name\":\"VENGRU Ltd.\",\"url\":\"https:\\\/\\\/vengru.com\\\/en\\\/\",\"logo\":{\"@type\":\"ImageObject\",\"inLanguage\":\"en-US\",\"@id\":\"https:\\\/\\\/vengru.com\\\/en\\\/#\\\/schema\\\/logo\\\/image\\\/\",\"url\":\"https:\\\/\\\/vengru.com\\\/wp-content\\\/uploads\\\/2025\\\/05\\\/cropped-VENGRU-logoPNG3-1.png\",\"contentUrl\":\"https:\\\/\\\/vengru.com\\\/wp-content\\\/uploads\\\/2025\\\/05\\\/cropped-VENGRU-logoPNG3-1.png\",\"width\":581,\"height\":98,\"caption\":\"VENGRU Ltd.\"},\"image\":{\"@id\":\"https:\\\/\\\/vengru.com\\\/en\\\/#\\\/schema\\\/logo\\\/image\\\/\"},\"sameAs\":[\"https:\\\/\\\/www.facebook.com\\\/vengrubag\\\/\",\"https:\\\/\\\/www.instagram.com\\\/vengrubag\\\/\"]}]}<\/script>\n<!-- \/ Yoast SEO plugin. -->","yoast_head_json":{"title":"AppleSkin VEGAN GEM handbag","description":"AppleSkin VEGAN GEM handbag. Unique leather bag, classic shoulder bag for women. Attention-grabbing and timeless, a truly timeless piece.","robots":{"index":"index","follow":"follow","max-snippet":"max-snippet:-1","max-image-preview":"max-image-preview:large","max-video-preview":"max-video-preview:-1"},"canonical":"https:\/\/vengru.com\/en\/termek\/gem-bag-spring-masolat-masolat-2\/","og_locale":"en_US","og_type":"article","og_title":"AppleSkin VEGAN GEM handbag","og_description":"AppleSkin VEGAN GEM handbag. Unique leather bag, classic shoulder bag for women. Attention-grabbing and timeless, a truly timeless piece.","og_url":"https:\/\/vengru.com\/en\/termek\/gem-bag-spring-masolat-masolat-2\/","og_site_name":"vengru.com","article_publisher":"https:\/\/www.facebook.com\/vengrubag\/","article_modified_time":"2024-10-06T14:04:13+00:00","og_image":[{"width":1000,"height":1000,"url":"https:\/\/vengru.com\/wp-content\/uploads\/2024\/09\/AppleSkin-vegan-bag-VENGRU-bag-multicolor-gem-hangdbag-vegan-leather.jpg","type":"image\/jpeg"}],"twitter_card":"summary_large_image","twitter_misc":{"Est. reading time":"2 minutes"},"schema":{"@context":"https:\/\/schema.org","@graph":[{"@type":"WebPage","@id":"https:\/\/vengru.com\/en\/termek\/gem-bag-spring-masolat-masolat-2\/","url":"https:\/\/vengru.com\/en\/termek\/gem-bag-spring-masolat-masolat-2\/","name":"AppleSkin VEGAN GEM handbag","isPartOf":{"@id":"https:\/\/vengru.com\/en\/#website"},"primaryImageOfPage":{"@id":"https:\/\/vengru.com\/en\/termek\/gem-bag-spring-masolat-masolat-2\/#primaryimage"},"image":{"@id":"https:\/\/vengru.com\/en\/termek\/gem-bag-spring-masolat-masolat-2\/#primaryimage"},"thumbnailUrl":"https:\/\/vengru.com\/wp-content\/uploads\/2024\/09\/AppleSkin-vegan-bag-VENGRU-bag-multicolor-gem-hangdbag-vegan-leather.jpg","datePublished":"2024-09-15T15:11:04+00:00","dateModified":"2024-10-06T14:04:13+00:00","description":"AppleSkin VEGAN GEM handbag. Unique leather bag, classic shoulder bag for women. Attention-grabbing and timeless, a truly timeless piece.","breadcrumb":{"@id":"https:\/\/vengru.com\/en\/termek\/gem-bag-spring-masolat-masolat-2\/#breadcrumb"},"inLanguage":"en-US","potentialAction":[{"@type":"ReadAction","target":["https:\/\/vengru.com\/en\/termek\/gem-bag-spring-masolat-masolat-2\/"]}]},{"@type":"ImageObject","inLanguage":"en-US","@id":"https:\/\/vengru.com\/en\/termek\/gem-bag-spring-masolat-masolat-2\/#primaryimage","url":"https:\/\/vengru.com\/wp-content\/uploads\/2024\/09\/AppleSkin-vegan-bag-VENGRU-bag-multicolor-gem-hangdbag-vegan-leather.jpg","contentUrl":"https:\/\/vengru.com\/wp-content\/uploads\/2024\/09\/AppleSkin-vegan-bag-VENGRU-bag-multicolor-gem-hangdbag-vegan-leather.jpg","width":1000,"height":1000},{"@type":"BreadcrumbList","@id":"https:\/\/vengru.com\/en\/termek\/gem-bag-spring-masolat-masolat-2\/#breadcrumb","itemListElement":[{"@type":"ListItem","position":1,"name":"Home","item":"https:\/\/vengru.com\/en\/"},{"@type":"ListItem","position":2,"name":"SHOP","item":"https:\/\/vengru.com\/en\/shop-2\/"},{"@type":"ListItem","position":3,"name":"AppleSkin VEGAN GEM handbag"}]},{"@type":"WebSite","@id":"https:\/\/vengru.com\/en\/#website","url":"https:\/\/vengru.com\/en\/","name":"vengru.com","description":"Vari\u00e1lhat\u00f3, min\u0151s\u00e9gi magyar designer m\u00e1rka","publisher":{"@id":"https:\/\/vengru.com\/en\/#organization"},"potentialAction":[{"@type":"SearchAction","target":{"@type":"EntryPoint","urlTemplate":"https:\/\/vengru.com\/en\/?s={search_term_string}"},"query-input":{"@type":"PropertyValueSpecification","valueRequired":true,"valueName":"search_term_string"}}],"inLanguage":"en-US"},{"@type":"Organization","@id":"https:\/\/vengru.com\/en\/#organization","name":"VENGRU Ltd.","url":"https:\/\/vengru.com\/en\/","logo":{"@type":"ImageObject","inLanguage":"en-US","@id":"https:\/\/vengru.com\/en\/#\/schema\/logo\/image\/","url":"https:\/\/vengru.com\/wp-content\/uploads\/2025\/05\/cropped-VENGRU-logoPNG3-1.png","contentUrl":"https:\/\/vengru.com\/wp-content\/uploads\/2025\/05\/cropped-VENGRU-logoPNG3-1.png","width":581,"height":98,"caption":"VENGRU Ltd."},"image":{"@id":"https:\/\/vengru.com\/en\/#\/schema\/logo\/image\/"},"sameAs":["https:\/\/www.facebook.com\/vengrubag\/","https:\/\/www.instagram.com\/vengrubag\/"]}]}},"_links":{"self":[{"href":"https:\/\/vengru.com\/en\/wp-json\/wp\/v2\/product\/19002","targetHints":{"allow":["GET"]}}],"collection":[{"href":"https:\/\/vengru.com\/en\/wp-json\/wp\/v2\/product"}],"about":[{"href":"https:\/\/vengru.com\/en\/wp-json\/wp\/v2\/types\/product"}],"replies":[{"embeddable":true,"href":"https:\/\/vengru.com\/en\/wp-json\/wp\/v2\/comments?post=19002"}],"wp:featuredmedia":[{"embeddable":true,"href":"https:\/\/vengru.com\/en\/wp-json\/wp\/v2\/media\/19010"}],"wp:attachment":[{"href":"https:\/\/vengru.com\/en\/wp-json\/wp\/v2\/media?parent=19002"}],"wp:term":[{"taxonomy":"product_brand","embeddable":true,"href":"https:\/\/vengru.com\/en\/wp-json\/wp\/v2\/product_brand?post=19002"},{"taxonomy":"product_cat","embeddable":true,"href":"https:\/\/vengru.com\/en\/wp-json\/wp\/v2\/product_cat?post=19002"},{"taxonomy":"product_tag","embeddable":true,"href":"https:\/\/vengru.com\/en\/wp-json\/wp\/v2\/product_tag?post=19002"}],"curies":[{"name":"wp","href":"https:\/\/api.w.org\/{rel}","templated":true}]}}