{"id":17488,"date":"2023-12-11T09:25:21","date_gmt":"2023-12-11T09:25:21","guid":{"rendered":"https:\/\/vengru.com\/?post_type=product&#038;p=17488"},"modified":"2025-03-20T18:42:59","modified_gmt":"2025-03-20T18:42:59","slug":"pocket-bag-patterned-masolat-masolat-masolat","status":"publish","type":"product","link":"https:\/\/vengru.com\/en\/termek\/pocket-bag-patterned-masolat-masolat-masolat\/","title":{"rendered":"U pocket bag with pattern &#8211; and short cross strap"},"content":{"rendered":"<h2>U pocket bag with pattern &#8211; and short cross strap<\/h2>\n<p><span data-contrast=\"auto\">U pocket bag with pattern &#8211; and short cross strap <\/span><span data-contrast=\"auto\">They can be attached to canvas bags, but they can also be used as separate small bags. Whether it&#8217;s a casual event or just an afternoon coffee or an evening out. Because of their size, canvas bags can hold all the essentials you need for your daily work. And when you only need the essentials &#8211; phone, wallet, keys &#8211; you only need to take your bag. <\/span><\/p>\n<p><span data-contrast=\"auto\"> This clutch is very practical,<\/span><span data-contrast=\"auto\">neat accessory<\/span><span data-contrast=\"auto\">for a wardrobe. Its simple form ensures, <\/span><span data-contrast=\"auto\">that<\/span><span data-contrast=\"auto\">your most essential items easily<\/span><span data-contrast=\"auto\"> so you never have to search for them in the bottom of your canvas bag. They will always be at hand. <\/span><\/p>\n<p><span data-contrast=\"auto\">The small bag also stands on its own and makes a special outfit. It<\/span><span data-contrast=\"auto\">can be used in the hand as a clutch bag, with a chain, strap or even with a belt as a belt bag. The new type of canvas can be attached to the shopper using the D rings on the back. If you have an old-style canvas shopper, please let us know in the comments when ordering, thank you!<\/span><\/p>\n<p><span data-contrast=\"auto\">The U pocket bag&#8217;s size is 24 cm x 21 <\/span><span data-contrast=\"auto\">cm<\/span><\/p>\n<p>The strap that comes with the bag:<\/p>\n<ul>\n<li>Wide cross strap (short) length not adjustable, 89 cm, width 6 cm<\/li>\n<\/ul>\n<p>Accessories compatible with the bag:<\/p>\n<ul>\n<li>The chain is 110 cm<\/li>\n<li>Narrow cross strap length adjustable between 113 and 132 cm, width 1.5 cm<\/li>\n<li>Cross strap length adjustable between 113 and 132 cm, width 3 cm<\/li>\n<li>Wide cross strap (short) length not adjustable, 89 cm, width 6 cm<\/li>\n<li>Wide cross strap (long) length not adjustable, 119 cm, width 6 cm<\/li>\n<\/ul>\n<p><span data-contrast=\"auto\">The bag 4cm<\/span><span data-contrast=\"auto\"> <\/span><span data-contrast=\"auto\">can be attached to a wide belt<\/span><span data-contrast=\"auto\">.<\/span><span data-ccp-props=\"{\"201341983\":0,\"335559739\":0,\"335559740\":240}\"> Compatible with all VENGRU straps.<\/span><\/p>\n<h2><b><span data-contrast=\"auto\">Product care, cleaning<\/span><\/b><span data-ccp-props=\"{\"201341983\":0,\"335559739\":160,\"335559740\":259}\"> <\/span><\/h2>\n<p><span data-contrast=\"auto\">The original leather is a natural material, which is characterised by the fact that its character can change over time. With use, our genuine leather products can be given a patina finish to emphasise their uniqueness. In general, products made from genuine leather require moderate cleaning. Most dirt can be easily removed with a soft, damp cloth. Some soft leather products can also be treated with a specially formulated skin care cream. Always buy the right colour of moisturiser and use only as directed. Conditioning creams and sprays can darken the treated skin. First, it&#8217;s a good idea to clean in a less conspicuous place, where you can make sure that the cleaning doesn&#8217;t leave any unwanted marks. After-care products are not suitable for cleaning leather products.<\/span><span data-ccp-props=\"{\"201341983\":0,\"335559739\":160,\"335559740\":259}\"> <\/span><\/p>\n<p>Please <a href=\"https:\/\/vengru.com\/kapcsolat-showroom-2\/\">contact<\/a> us if you have any questions. You can also find more information on our <a href=\"http:\/\/facebook.com\/vengrubag\">Facebook<\/a> and <a href=\"http:\/\/instagram.com\/vengrubag\">Instagram<\/a> pages.<\/p>\n","protected":false},"excerpt":{"rendered":"<p>Dear Customer!<\/p>\n<p>The product is available in stock and will be shipped <strong>within 3-5 working days<\/strong> from the order.<\/p>\n<p><em>Bogi&amp;Tomi<\/em><\/p>\n","protected":false},"featured_media":12696,"comment_status":"open","ping_status":"closed","template":"","meta":[],"product_brand":[],"product_cat":[1224],"product_tag":[238,260,808,807,271,809,434],"class_list":{"0":"post-17488","1":"product","2":"type-product","3":"status-publish","4":"has-post-thumbnail","6":"product_cat-stock","7":"product_tag-clutch-bags","8":"product_tag-designer-clutch-bags","9":"product_tag-pocket-bag-en","10":"product_tag-pocket-bag","11":"product_tag-small-bags","12":"product_tag-u-pocket-bag","13":"product_tag-variable","14":"pa_szin-gold","15":"pa_szin-rose-gold","16":"pa_szin-silver","17":"pa_szin-silver-black","18":"pa_valassz-pantot-with-chain","19":"pa_valassz-pantot-with-narrow-crossbody-strap","20":"pa_valassz-pantot-without-strap","22":"first","23":"outofstock","24":"sale","25":"featured","26":"shipping-taxable","27":"purchasable","28":"product-type-simple"},"yoast_head":"<!-- This site is optimized with the Yoast SEO plugin v27.4 - https:\/\/yoast.com\/product\/yoast-seo-wordpress\/ -->\n<title>U pocket bag with pattern<\/title>\n<meta name=\"description\" content=\"U pocket bag with pattern - and short cross strap Variable. The bag can be worn with a canvas shopper or separately. Choose a strap.\" \/>\n<meta name=\"robots\" content=\"index, follow, max-snippet:-1, max-image-preview:large, max-video-preview:-1\" \/>\n<link rel=\"canonical\" href=\"https:\/\/vengru.com\/en\/termek\/pocket-bag-patterned-masolat-masolat-masolat\/\" \/>\n<meta property=\"og:locale\" content=\"en_US\" \/>\n<meta property=\"og:type\" content=\"article\" \/>\n<meta property=\"og:title\" content=\"U pocket bag with pattern\" \/>\n<meta property=\"og:description\" content=\"U pocket bag with pattern - and short cross strap Variable. The bag can be worn with a canvas shopper or separately. Choose a strap.\" \/>\n<meta property=\"og:url\" content=\"https:\/\/vengru.com\/en\/termek\/pocket-bag-patterned-masolat-masolat-masolat\/\" \/>\n<meta property=\"og:site_name\" content=\"vengru.com\" \/>\n<meta property=\"article:publisher\" content=\"https:\/\/www.facebook.com\/vengrubag\/\" \/>\n<meta property=\"article:modified_time\" content=\"2025-03-20T18:42:59+00:00\" \/>\n<meta property=\"og:image\" content=\"https:\/\/vengru.com\/wp-content\/uploads\/2022\/03\/U-zsebtaska-krokodil-piros.jpg\" \/>\n\t<meta property=\"og:image:width\" content=\"800\" \/>\n\t<meta property=\"og:image:height\" content=\"1000\" \/>\n\t<meta property=\"og:image:type\" content=\"image\/jpeg\" \/>\n<meta name=\"twitter:card\" content=\"summary_large_image\" \/>\n<meta name=\"twitter:label1\" content=\"Est. reading time\" \/>\n\t<meta name=\"twitter:data1\" content=\"2 minutes\" \/>\n<script type=\"application\/ld+json\" class=\"yoast-schema-graph\">{\"@context\":\"https:\\\/\\\/schema.org\",\"@graph\":[{\"@type\":\"WebPage\",\"@id\":\"https:\\\/\\\/vengru.com\\\/en\\\/termek\\\/pocket-bag-patterned-masolat-masolat-masolat\\\/\",\"url\":\"https:\\\/\\\/vengru.com\\\/en\\\/termek\\\/pocket-bag-patterned-masolat-masolat-masolat\\\/\",\"name\":\"U pocket bag with pattern\",\"isPartOf\":{\"@id\":\"https:\\\/\\\/vengru.com\\\/en\\\/#website\"},\"primaryImageOfPage\":{\"@id\":\"https:\\\/\\\/vengru.com\\\/en\\\/termek\\\/pocket-bag-patterned-masolat-masolat-masolat\\\/#primaryimage\"},\"image\":{\"@id\":\"https:\\\/\\\/vengru.com\\\/en\\\/termek\\\/pocket-bag-patterned-masolat-masolat-masolat\\\/#primaryimage\"},\"thumbnailUrl\":\"https:\\\/\\\/vengru.com\\\/wp-content\\\/uploads\\\/2022\\\/03\\\/U-zsebtaska-krokodil-piros.jpg\",\"datePublished\":\"2023-12-11T09:25:21+00:00\",\"dateModified\":\"2025-03-20T18:42:59+00:00\",\"description\":\"U pocket bag with pattern - and short cross strap Variable. The bag can be worn with a canvas shopper or separately. Choose a strap.\",\"breadcrumb\":{\"@id\":\"https:\\\/\\\/vengru.com\\\/en\\\/termek\\\/pocket-bag-patterned-masolat-masolat-masolat\\\/#breadcrumb\"},\"inLanguage\":\"en-US\",\"potentialAction\":[{\"@type\":\"ReadAction\",\"target\":[\"https:\\\/\\\/vengru.com\\\/en\\\/termek\\\/pocket-bag-patterned-masolat-masolat-masolat\\\/\"]}]},{\"@type\":\"ImageObject\",\"inLanguage\":\"en-US\",\"@id\":\"https:\\\/\\\/vengru.com\\\/en\\\/termek\\\/pocket-bag-patterned-masolat-masolat-masolat\\\/#primaryimage\",\"url\":\"https:\\\/\\\/vengru.com\\\/wp-content\\\/uploads\\\/2022\\\/03\\\/U-zsebtaska-krokodil-piros.jpg\",\"contentUrl\":\"https:\\\/\\\/vengru.com\\\/wp-content\\\/uploads\\\/2022\\\/03\\\/U-zsebtaska-krokodil-piros.jpg\",\"width\":800,\"height\":1000},{\"@type\":\"BreadcrumbList\",\"@id\":\"https:\\\/\\\/vengru.com\\\/en\\\/termek\\\/pocket-bag-patterned-masolat-masolat-masolat\\\/#breadcrumb\",\"itemListElement\":[{\"@type\":\"ListItem\",\"position\":1,\"name\":\"Home\",\"item\":\"https:\\\/\\\/vengru.com\\\/en\\\/\"},{\"@type\":\"ListItem\",\"position\":2,\"name\":\"SHOP\",\"item\":\"https:\\\/\\\/vengru.com\\\/en\\\/shop-2\\\/\"},{\"@type\":\"ListItem\",\"position\":3,\"name\":\"U pocket bag with pattern &#8211; and short cross strap\"}]},{\"@type\":\"WebSite\",\"@id\":\"https:\\\/\\\/vengru.com\\\/en\\\/#website\",\"url\":\"https:\\\/\\\/vengru.com\\\/en\\\/\",\"name\":\"vengru.com\",\"description\":\"Vari\u00e1lhat\u00f3, min\u0151s\u00e9gi magyar designer m\u00e1rka\",\"publisher\":{\"@id\":\"https:\\\/\\\/vengru.com\\\/en\\\/#organization\"},\"potentialAction\":[{\"@type\":\"SearchAction\",\"target\":{\"@type\":\"EntryPoint\",\"urlTemplate\":\"https:\\\/\\\/vengru.com\\\/en\\\/?s={search_term_string}\"},\"query-input\":{\"@type\":\"PropertyValueSpecification\",\"valueRequired\":true,\"valueName\":\"search_term_string\"}}],\"inLanguage\":\"en-US\"},{\"@type\":\"Organization\",\"@id\":\"https:\\\/\\\/vengru.com\\\/en\\\/#organization\",\"name\":\"VENGRU Ltd.\",\"url\":\"https:\\\/\\\/vengru.com\\\/en\\\/\",\"logo\":{\"@type\":\"ImageObject\",\"inLanguage\":\"en-US\",\"@id\":\"https:\\\/\\\/vengru.com\\\/en\\\/#\\\/schema\\\/logo\\\/image\\\/\",\"url\":\"https:\\\/\\\/vengru.com\\\/wp-content\\\/uploads\\\/2025\\\/05\\\/cropped-VENGRU-logoPNG3-1.png\",\"contentUrl\":\"https:\\\/\\\/vengru.com\\\/wp-content\\\/uploads\\\/2025\\\/05\\\/cropped-VENGRU-logoPNG3-1.png\",\"width\":581,\"height\":98,\"caption\":\"VENGRU Ltd.\"},\"image\":{\"@id\":\"https:\\\/\\\/vengru.com\\\/en\\\/#\\\/schema\\\/logo\\\/image\\\/\"},\"sameAs\":[\"https:\\\/\\\/www.facebook.com\\\/vengrubag\\\/\",\"https:\\\/\\\/www.instagram.com\\\/vengrubag\\\/\"]}]}<\/script>\n<!-- \/ Yoast SEO plugin. -->","yoast_head_json":{"title":"U pocket bag with pattern","description":"U pocket bag with pattern - and short cross strap Variable. The bag can be worn with a canvas shopper or separately. Choose a strap.","robots":{"index":"index","follow":"follow","max-snippet":"max-snippet:-1","max-image-preview":"max-image-preview:large","max-video-preview":"max-video-preview:-1"},"canonical":"https:\/\/vengru.com\/en\/termek\/pocket-bag-patterned-masolat-masolat-masolat\/","og_locale":"en_US","og_type":"article","og_title":"U pocket bag with pattern","og_description":"U pocket bag with pattern - and short cross strap Variable. The bag can be worn with a canvas shopper or separately. Choose a strap.","og_url":"https:\/\/vengru.com\/en\/termek\/pocket-bag-patterned-masolat-masolat-masolat\/","og_site_name":"vengru.com","article_publisher":"https:\/\/www.facebook.com\/vengrubag\/","article_modified_time":"2025-03-20T18:42:59+00:00","og_image":[{"width":800,"height":1000,"url":"https:\/\/vengru.com\/wp-content\/uploads\/2022\/03\/U-zsebtaska-krokodil-piros.jpg","type":"image\/jpeg"}],"twitter_card":"summary_large_image","twitter_misc":{"Est. reading time":"2 minutes"},"schema":{"@context":"https:\/\/schema.org","@graph":[{"@type":"WebPage","@id":"https:\/\/vengru.com\/en\/termek\/pocket-bag-patterned-masolat-masolat-masolat\/","url":"https:\/\/vengru.com\/en\/termek\/pocket-bag-patterned-masolat-masolat-masolat\/","name":"U pocket bag with pattern","isPartOf":{"@id":"https:\/\/vengru.com\/en\/#website"},"primaryImageOfPage":{"@id":"https:\/\/vengru.com\/en\/termek\/pocket-bag-patterned-masolat-masolat-masolat\/#primaryimage"},"image":{"@id":"https:\/\/vengru.com\/en\/termek\/pocket-bag-patterned-masolat-masolat-masolat\/#primaryimage"},"thumbnailUrl":"https:\/\/vengru.com\/wp-content\/uploads\/2022\/03\/U-zsebtaska-krokodil-piros.jpg","datePublished":"2023-12-11T09:25:21+00:00","dateModified":"2025-03-20T18:42:59+00:00","description":"U pocket bag with pattern - and short cross strap Variable. The bag can be worn with a canvas shopper or separately. Choose a strap.","breadcrumb":{"@id":"https:\/\/vengru.com\/en\/termek\/pocket-bag-patterned-masolat-masolat-masolat\/#breadcrumb"},"inLanguage":"en-US","potentialAction":[{"@type":"ReadAction","target":["https:\/\/vengru.com\/en\/termek\/pocket-bag-patterned-masolat-masolat-masolat\/"]}]},{"@type":"ImageObject","inLanguage":"en-US","@id":"https:\/\/vengru.com\/en\/termek\/pocket-bag-patterned-masolat-masolat-masolat\/#primaryimage","url":"https:\/\/vengru.com\/wp-content\/uploads\/2022\/03\/U-zsebtaska-krokodil-piros.jpg","contentUrl":"https:\/\/vengru.com\/wp-content\/uploads\/2022\/03\/U-zsebtaska-krokodil-piros.jpg","width":800,"height":1000},{"@type":"BreadcrumbList","@id":"https:\/\/vengru.com\/en\/termek\/pocket-bag-patterned-masolat-masolat-masolat\/#breadcrumb","itemListElement":[{"@type":"ListItem","position":1,"name":"Home","item":"https:\/\/vengru.com\/en\/"},{"@type":"ListItem","position":2,"name":"SHOP","item":"https:\/\/vengru.com\/en\/shop-2\/"},{"@type":"ListItem","position":3,"name":"U pocket bag with pattern &#8211; and short cross strap"}]},{"@type":"WebSite","@id":"https:\/\/vengru.com\/en\/#website","url":"https:\/\/vengru.com\/en\/","name":"vengru.com","description":"Vari\u00e1lhat\u00f3, min\u0151s\u00e9gi magyar designer m\u00e1rka","publisher":{"@id":"https:\/\/vengru.com\/en\/#organization"},"potentialAction":[{"@type":"SearchAction","target":{"@type":"EntryPoint","urlTemplate":"https:\/\/vengru.com\/en\/?s={search_term_string}"},"query-input":{"@type":"PropertyValueSpecification","valueRequired":true,"valueName":"search_term_string"}}],"inLanguage":"en-US"},{"@type":"Organization","@id":"https:\/\/vengru.com\/en\/#organization","name":"VENGRU Ltd.","url":"https:\/\/vengru.com\/en\/","logo":{"@type":"ImageObject","inLanguage":"en-US","@id":"https:\/\/vengru.com\/en\/#\/schema\/logo\/image\/","url":"https:\/\/vengru.com\/wp-content\/uploads\/2025\/05\/cropped-VENGRU-logoPNG3-1.png","contentUrl":"https:\/\/vengru.com\/wp-content\/uploads\/2025\/05\/cropped-VENGRU-logoPNG3-1.png","width":581,"height":98,"caption":"VENGRU Ltd."},"image":{"@id":"https:\/\/vengru.com\/en\/#\/schema\/logo\/image\/"},"sameAs":["https:\/\/www.facebook.com\/vengrubag\/","https:\/\/www.instagram.com\/vengrubag\/"]}]}},"_links":{"self":[{"href":"https:\/\/vengru.com\/en\/wp-json\/wp\/v2\/product\/17488","targetHints":{"allow":["GET"]}}],"collection":[{"href":"https:\/\/vengru.com\/en\/wp-json\/wp\/v2\/product"}],"about":[{"href":"https:\/\/vengru.com\/en\/wp-json\/wp\/v2\/types\/product"}],"replies":[{"embeddable":true,"href":"https:\/\/vengru.com\/en\/wp-json\/wp\/v2\/comments?post=17488"}],"wp:featuredmedia":[{"embeddable":true,"href":"https:\/\/vengru.com\/en\/wp-json\/wp\/v2\/media\/12696"}],"wp:attachment":[{"href":"https:\/\/vengru.com\/en\/wp-json\/wp\/v2\/media?parent=17488"}],"wp:term":[{"taxonomy":"product_brand","embeddable":true,"href":"https:\/\/vengru.com\/en\/wp-json\/wp\/v2\/product_brand?post=17488"},{"taxonomy":"product_cat","embeddable":true,"href":"https:\/\/vengru.com\/en\/wp-json\/wp\/v2\/product_cat?post=17488"},{"taxonomy":"product_tag","embeddable":true,"href":"https:\/\/vengru.com\/en\/wp-json\/wp\/v2\/product_tag?post=17488"}],"curies":[{"name":"wp","href":"https:\/\/api.w.org\/{rel}","templated":true}]}}