{"id":16809,"date":"2020-04-01T12:13:19","date_gmt":"2020-04-01T12:13:19","guid":{"rendered":"https:\/\/vengru.com\/termek\/custom-leather-cross-strap\/"},"modified":"2023-09-29T12:57:27","modified_gmt":"2023-09-29T12:57:27","slug":"unique-bor-cross-bar","status":"publish","type":"product","link":"https:\/\/vengru.com\/en\/termek\/unique-bor-cross-bar\/","title":{"rendered":"Custom Leather Cross Strap"},"content":{"rendered":"<h2><strong>Custom Leather Cross Strap<\/strong><\/h2>\n<p>The VENGRU is a unique leather cross strap, a handcrafted product made to order. The bag&#8217;s additional strap is made of premium quality Italian leather, the work of Hungarian leather decorators, a small series leather product. Handcrafted product, made by hand painting and sanding. For the crossbar we use premium quality Italian metal accessories in bright silver. Made of leather, it is adjustable from 83 to 102 cm with the silver-coloured metal buckle. The width of the strap is 2,5 cm. The product can also be easily attached to Panel Bags, Shopper, Pyramid and Cube Bags, as well as envelope bags, using the carabiner. Available and available in several colours. The strap makes it easy to convert the Panel Bag and Envelope Bag into a cross body small bag. The Shoppers can be worn crosswise for a comfortable fit. And the Pyramid bags and the Cube bags can be used as shoulder bags with the cross straps. The product is very robust and durable thanks to its internal stiffening. There is no need to fear that it will be easily stretched. Recommended for anyone who likes to cross-body their larger and smaller bags.<\/p>\n<p>If you get stuck and need help, contact us, we&#8217;re here to help. <a href=\"https:\/\/vengru.com\/kapcsolat-showroom-2\/\">Contact <\/a>us by message, e-mail or phone.<\/p>\n<h2><strong>Product care, cleaning<\/strong><\/h2>\n<p>The original leather is a natural material, which is characterised by the fact that its character can change over time. With use, our genuine leather products can be given a patina finish to emphasise their uniqueness. In general, products made from genuine leather require moderate cleaning. Most dirt can be easily removed with a soft, damp cloth. Some soft leather products can also be treated with a specially formulated skin care cream. Always buy the right colour of moisturiser and use only as directed. Conditioning creams and sprays can darken the treated skin. First, it&#8217;s a good idea to clean in a less conspicuous place, where you can make sure that the cleaning doesn&#8217;t leave any unwanted marks. After-care products are not suitable for cleaning leather products.<\/p>\n<p>If you haven&#8217;t already, follow us on our <a href=\"http:\/\/facebook.com\/vengrubag\/\">Facebook<\/a>and <a href=\"http:\/\/instagram.com\/vengrubag\/\">Instagram<\/a> pages, where we&#8217;re always sharing the latest news and updates. So you can always get first-hand information about our products.<\/p>\n","protected":false},"excerpt":{"rendered":"<p>Dear Customer,<\/p>\n<p>We believe in sustainable, eternal pieces. Most of our products are only a few pieces in stock, we make them to order. Of course, we will try to deliver orders as soon as possible, but due to the increased number of orders, it may take up to <strong>10-15 working days<\/strong> before delivery.<\/p>\n<p>If your order is urgent, please make sure you <a href=\"https:\/\/vengru.com\/kapcsolat-showroom-2\/\">contact<\/a> us.<\/p>\n<p>Thank you!<\/p>\n<p><em>Bogi&amp;Tomi<\/em><\/p>\n","protected":false},"featured_media":20591,"comment_status":"open","ping_status":"closed","template":"","meta":[],"product_brand":[],"product_cat":[1103],"product_tag":[],"class_list":{"0":"post-16809","1":"product","2":"type-product","3":"status-publish","4":"has-post-thumbnail","6":"product_cat-straps-en","7":"pa_kellek-gold","8":"pa_kellek-silver","9":"pa_meret-2-cm-narrow-belt","10":"pa_meret-3-cm-narrow-belt","11":"pa_szin-black-en-2","12":"pa_szin-cappuccino-en-2","13":"pa_szin-denim-en","14":"pa_szin-light-blue-en","15":"pa_szin-lime-en","16":"pa_szin-orange-en","17":"pa_szin-petrol-en","18":"pa_szin-pink-en-2","19":"pa_szin-purple-en","20":"pa_szin-sand-en","21":"pa_szin-turquoise-en","23":"first","24":"instock","25":"shipping-taxable","26":"purchasable","27":"product-type-variable","28":"has-default-attributes"},"yoast_head":"<!-- This site is optimized with the Yoast SEO plugin v27.4 - https:\/\/yoast.com\/product\/yoast-seo-wordpress\/ -->\n<title>Unique Leather Cross Strap - Premium quality, multiple colours<\/title>\n<meta name=\"description\" content=\"The VENGRU is a unique leather cross strap, a handcrafted product made to order. The strap is made of premium quality Italian leather, produced in small series.\" \/>\n<meta name=\"robots\" content=\"index, follow, max-snippet:-1, max-image-preview:large, max-video-preview:-1\" \/>\n<link rel=\"canonical\" href=\"https:\/\/vengru.com\/en\/termek\/unique-bor-cross-bar\/\" \/>\n<meta property=\"og:locale\" content=\"en_US\" \/>\n<meta property=\"og:type\" content=\"article\" \/>\n<meta property=\"og:title\" content=\"Unique Leather Cross Strap - Premium quality, multiple colours\" \/>\n<meta property=\"og:description\" content=\"The VENGRU is a unique leather cross strap, a handcrafted product made to order. The strap is made of premium quality Italian leather, produced in small series.\" \/>\n<meta property=\"og:url\" content=\"https:\/\/vengru.com\/en\/termek\/unique-bor-cross-bar\/\" \/>\n<meta property=\"og:site_name\" content=\"vengru.com\" \/>\n<meta property=\"article:publisher\" content=\"https:\/\/www.facebook.com\/vengrubag\/\" \/>\n<meta property=\"article:modified_time\" content=\"2023-09-29T12:57:27+00:00\" \/>\n<meta property=\"og:image\" content=\"https:\/\/vengru.com\/wp-content\/uploads\/2020\/04\/Bor-keresztpant.jpg\" \/>\n\t<meta property=\"og:image:width\" content=\"1500\" \/>\n\t<meta property=\"og:image:height\" content=\"1500\" \/>\n\t<meta property=\"og:image:type\" content=\"image\/jpeg\" \/>\n<meta name=\"twitter:card\" content=\"summary_large_image\" \/>\n<meta name=\"twitter:label1\" content=\"Est. reading time\" \/>\n\t<meta name=\"twitter:data1\" content=\"2 minutes\" \/>\n<script type=\"application\/ld+json\" class=\"yoast-schema-graph\">{\"@context\":\"https:\\\/\\\/schema.org\",\"@graph\":[{\"@type\":\"WebPage\",\"@id\":\"https:\\\/\\\/vengru.com\\\/en\\\/termek\\\/unique-bor-cross-bar\\\/\",\"url\":\"https:\\\/\\\/vengru.com\\\/en\\\/termek\\\/unique-bor-cross-bar\\\/\",\"name\":\"Unique Leather Cross Strap - Premium quality, multiple colours\",\"isPartOf\":{\"@id\":\"https:\\\/\\\/vengru.com\\\/en\\\/#website\"},\"primaryImageOfPage\":{\"@id\":\"https:\\\/\\\/vengru.com\\\/en\\\/termek\\\/unique-bor-cross-bar\\\/#primaryimage\"},\"image\":{\"@id\":\"https:\\\/\\\/vengru.com\\\/en\\\/termek\\\/unique-bor-cross-bar\\\/#primaryimage\"},\"thumbnailUrl\":\"https:\\\/\\\/vengru.com\\\/wp-content\\\/uploads\\\/2020\\\/04\\\/Bor-keresztpant.jpg\",\"datePublished\":\"2020-04-01T12:13:19+00:00\",\"dateModified\":\"2023-09-29T12:57:27+00:00\",\"description\":\"The VENGRU is a unique leather cross strap, a handcrafted product made to order. The strap is made of premium quality Italian leather, produced in small series.\",\"breadcrumb\":{\"@id\":\"https:\\\/\\\/vengru.com\\\/en\\\/termek\\\/unique-bor-cross-bar\\\/#breadcrumb\"},\"inLanguage\":\"en-US\",\"potentialAction\":[{\"@type\":\"ReadAction\",\"target\":[\"https:\\\/\\\/vengru.com\\\/en\\\/termek\\\/unique-bor-cross-bar\\\/\"]}]},{\"@type\":\"ImageObject\",\"inLanguage\":\"en-US\",\"@id\":\"https:\\\/\\\/vengru.com\\\/en\\\/termek\\\/unique-bor-cross-bar\\\/#primaryimage\",\"url\":\"https:\\\/\\\/vengru.com\\\/wp-content\\\/uploads\\\/2020\\\/04\\\/Bor-keresztpant.jpg\",\"contentUrl\":\"https:\\\/\\\/vengru.com\\\/wp-content\\\/uploads\\\/2020\\\/04\\\/Bor-keresztpant.jpg\",\"width\":1500,\"height\":1500},{\"@type\":\"BreadcrumbList\",\"@id\":\"https:\\\/\\\/vengru.com\\\/en\\\/termek\\\/unique-bor-cross-bar\\\/#breadcrumb\",\"itemListElement\":[{\"@type\":\"ListItem\",\"position\":1,\"name\":\"Home\",\"item\":\"https:\\\/\\\/vengru.com\\\/en\\\/\"},{\"@type\":\"ListItem\",\"position\":2,\"name\":\"SHOP\",\"item\":\"https:\\\/\\\/vengru.com\\\/en\\\/shop-2\\\/\"},{\"@type\":\"ListItem\",\"position\":3,\"name\":\"Custom Leather Cross Strap\"}]},{\"@type\":\"WebSite\",\"@id\":\"https:\\\/\\\/vengru.com\\\/en\\\/#website\",\"url\":\"https:\\\/\\\/vengru.com\\\/en\\\/\",\"name\":\"vengru.com\",\"description\":\"Vari\u00e1lhat\u00f3, min\u0151s\u00e9gi magyar designer m\u00e1rka\",\"publisher\":{\"@id\":\"https:\\\/\\\/vengru.com\\\/en\\\/#organization\"},\"potentialAction\":[{\"@type\":\"SearchAction\",\"target\":{\"@type\":\"EntryPoint\",\"urlTemplate\":\"https:\\\/\\\/vengru.com\\\/en\\\/?s={search_term_string}\"},\"query-input\":{\"@type\":\"PropertyValueSpecification\",\"valueRequired\":true,\"valueName\":\"search_term_string\"}}],\"inLanguage\":\"en-US\"},{\"@type\":\"Organization\",\"@id\":\"https:\\\/\\\/vengru.com\\\/en\\\/#organization\",\"name\":\"VENGRU Ltd.\",\"url\":\"https:\\\/\\\/vengru.com\\\/en\\\/\",\"logo\":{\"@type\":\"ImageObject\",\"inLanguage\":\"en-US\",\"@id\":\"https:\\\/\\\/vengru.com\\\/en\\\/#\\\/schema\\\/logo\\\/image\\\/\",\"url\":\"https:\\\/\\\/vengru.com\\\/wp-content\\\/uploads\\\/2025\\\/05\\\/cropped-VENGRU-logoPNG3-1.png\",\"contentUrl\":\"https:\\\/\\\/vengru.com\\\/wp-content\\\/uploads\\\/2025\\\/05\\\/cropped-VENGRU-logoPNG3-1.png\",\"width\":581,\"height\":98,\"caption\":\"VENGRU Ltd.\"},\"image\":{\"@id\":\"https:\\\/\\\/vengru.com\\\/en\\\/#\\\/schema\\\/logo\\\/image\\\/\"},\"sameAs\":[\"https:\\\/\\\/www.facebook.com\\\/vengrubag\\\/\",\"https:\\\/\\\/www.instagram.com\\\/vengrubag\\\/\"]}]}<\/script>\n<!-- \/ Yoast SEO plugin. -->","yoast_head_json":{"title":"Unique Leather Cross Strap - Premium quality, multiple colours","description":"The VENGRU is a unique leather cross strap, a handcrafted product made to order. The strap is made of premium quality Italian leather, produced in small series.","robots":{"index":"index","follow":"follow","max-snippet":"max-snippet:-1","max-image-preview":"max-image-preview:large","max-video-preview":"max-video-preview:-1"},"canonical":"https:\/\/vengru.com\/en\/termek\/unique-bor-cross-bar\/","og_locale":"en_US","og_type":"article","og_title":"Unique Leather Cross Strap - Premium quality, multiple colours","og_description":"The VENGRU is a unique leather cross strap, a handcrafted product made to order. The strap is made of premium quality Italian leather, produced in small series.","og_url":"https:\/\/vengru.com\/en\/termek\/unique-bor-cross-bar\/","og_site_name":"vengru.com","article_publisher":"https:\/\/www.facebook.com\/vengrubag\/","article_modified_time":"2023-09-29T12:57:27+00:00","og_image":[{"width":1500,"height":1500,"url":"https:\/\/vengru.com\/wp-content\/uploads\/2020\/04\/Bor-keresztpant.jpg","type":"image\/jpeg"}],"twitter_card":"summary_large_image","twitter_misc":{"Est. reading time":"2 minutes"},"schema":{"@context":"https:\/\/schema.org","@graph":[{"@type":"WebPage","@id":"https:\/\/vengru.com\/en\/termek\/unique-bor-cross-bar\/","url":"https:\/\/vengru.com\/en\/termek\/unique-bor-cross-bar\/","name":"Unique Leather Cross Strap - Premium quality, multiple colours","isPartOf":{"@id":"https:\/\/vengru.com\/en\/#website"},"primaryImageOfPage":{"@id":"https:\/\/vengru.com\/en\/termek\/unique-bor-cross-bar\/#primaryimage"},"image":{"@id":"https:\/\/vengru.com\/en\/termek\/unique-bor-cross-bar\/#primaryimage"},"thumbnailUrl":"https:\/\/vengru.com\/wp-content\/uploads\/2020\/04\/Bor-keresztpant.jpg","datePublished":"2020-04-01T12:13:19+00:00","dateModified":"2023-09-29T12:57:27+00:00","description":"The VENGRU is a unique leather cross strap, a handcrafted product made to order. The strap is made of premium quality Italian leather, produced in small series.","breadcrumb":{"@id":"https:\/\/vengru.com\/en\/termek\/unique-bor-cross-bar\/#breadcrumb"},"inLanguage":"en-US","potentialAction":[{"@type":"ReadAction","target":["https:\/\/vengru.com\/en\/termek\/unique-bor-cross-bar\/"]}]},{"@type":"ImageObject","inLanguage":"en-US","@id":"https:\/\/vengru.com\/en\/termek\/unique-bor-cross-bar\/#primaryimage","url":"https:\/\/vengru.com\/wp-content\/uploads\/2020\/04\/Bor-keresztpant.jpg","contentUrl":"https:\/\/vengru.com\/wp-content\/uploads\/2020\/04\/Bor-keresztpant.jpg","width":1500,"height":1500},{"@type":"BreadcrumbList","@id":"https:\/\/vengru.com\/en\/termek\/unique-bor-cross-bar\/#breadcrumb","itemListElement":[{"@type":"ListItem","position":1,"name":"Home","item":"https:\/\/vengru.com\/en\/"},{"@type":"ListItem","position":2,"name":"SHOP","item":"https:\/\/vengru.com\/en\/shop-2\/"},{"@type":"ListItem","position":3,"name":"Custom Leather Cross Strap"}]},{"@type":"WebSite","@id":"https:\/\/vengru.com\/en\/#website","url":"https:\/\/vengru.com\/en\/","name":"vengru.com","description":"Vari\u00e1lhat\u00f3, min\u0151s\u00e9gi magyar designer m\u00e1rka","publisher":{"@id":"https:\/\/vengru.com\/en\/#organization"},"potentialAction":[{"@type":"SearchAction","target":{"@type":"EntryPoint","urlTemplate":"https:\/\/vengru.com\/en\/?s={search_term_string}"},"query-input":{"@type":"PropertyValueSpecification","valueRequired":true,"valueName":"search_term_string"}}],"inLanguage":"en-US"},{"@type":"Organization","@id":"https:\/\/vengru.com\/en\/#organization","name":"VENGRU Ltd.","url":"https:\/\/vengru.com\/en\/","logo":{"@type":"ImageObject","inLanguage":"en-US","@id":"https:\/\/vengru.com\/en\/#\/schema\/logo\/image\/","url":"https:\/\/vengru.com\/wp-content\/uploads\/2025\/05\/cropped-VENGRU-logoPNG3-1.png","contentUrl":"https:\/\/vengru.com\/wp-content\/uploads\/2025\/05\/cropped-VENGRU-logoPNG3-1.png","width":581,"height":98,"caption":"VENGRU Ltd."},"image":{"@id":"https:\/\/vengru.com\/en\/#\/schema\/logo\/image\/"},"sameAs":["https:\/\/www.facebook.com\/vengrubag\/","https:\/\/www.instagram.com\/vengrubag\/"]}]}},"_links":{"self":[{"href":"https:\/\/vengru.com\/en\/wp-json\/wp\/v2\/product\/16809","targetHints":{"allow":["GET"]}}],"collection":[{"href":"https:\/\/vengru.com\/en\/wp-json\/wp\/v2\/product"}],"about":[{"href":"https:\/\/vengru.com\/en\/wp-json\/wp\/v2\/types\/product"}],"replies":[{"embeddable":true,"href":"https:\/\/vengru.com\/en\/wp-json\/wp\/v2\/comments?post=16809"}],"wp:featuredmedia":[{"embeddable":true,"href":"https:\/\/vengru.com\/en\/wp-json\/wp\/v2\/media\/20591"}],"wp:attachment":[{"href":"https:\/\/vengru.com\/en\/wp-json\/wp\/v2\/media?parent=16809"}],"wp:term":[{"taxonomy":"product_brand","embeddable":true,"href":"https:\/\/vengru.com\/en\/wp-json\/wp\/v2\/product_brand?post=16809"},{"taxonomy":"product_cat","embeddable":true,"href":"https:\/\/vengru.com\/en\/wp-json\/wp\/v2\/product_cat?post=16809"},{"taxonomy":"product_tag","embeddable":true,"href":"https:\/\/vengru.com\/en\/wp-json\/wp\/v2\/product_tag?post=16809"}],"curies":[{"name":"wp","href":"https:\/\/api.w.org\/{rel}","templated":true}]}}