{"id":15230,"date":"2022-11-15T16:30:06","date_gmt":"2022-11-15T16:30:06","guid":{"rendered":"https:\/\/vengru.com\/termek\/variable-leather-belt-set-2in1-festive\/"},"modified":"2022-11-15T16:30:06","modified_gmt":"2022-11-15T16:30:06","slug":"variable-leather-belt-set-2in1-festive","status":"publish","type":"product","link":"https:\/\/vengru.com\/en\/termek\/variable-leather-belt-set-2in1-festive\/","title":{"rendered":"Variable leather belt set 2in1 FESTIVE"},"content":{"rendered":"<div class=\"group w-full text-gray-800 dark:text-gray-100 border-b border-black\/10 dark:border-gray-900\/50 bg-gray-50 dark:bg-[#444654]\">\n<div class=\"flex p-4 gap-4 text-base md:gap-6 md:max-w-2xl lg:max-w-xl xl:max-w-3xl md:py-6 lg:px-0 m-auto\">\n<div class=\"relative flex flex-col w-[calc(100%-50px)] gap-1 md:gap-3 lg:w-[calc(100%-115px)]\">\n<div class=\"flex flex-grow flex-col gap-3\">\n<div class=\"min-h-[20px] flex flex-col items-start gap-4 whitespace-pre-wrap break-words\">\n<div class=\"markdown prose w-full break-words dark:prose-invert light\">\n<h2>VARIABLE LEATHER BELT SET 2IN1 FESTIVE<\/h2>\n<p>The Variable Leather Belt Set 2in1 Festive is an important accessory for our outfit, with beautifully crafted details, perfect for those who love minimalism.<\/p>\n<p>Made of soft and durable premium Italian leather, this belt has an adjustable length to ensure the perfect fit. It is a handcrafted, limited edition product, created by Hungarian leather craftsmen, with hand-painted edges. The accessories are high-quality Italian metal fittings.<\/p>\n<p>It measures 103 \u00d7 2 cm and can be adjusted to fit waist sizes from 60-100 cm.<\/p>\n<p>This leather belt is ideal for both elegant and casual outfits. It is a classic and timeless piece, simultaneously elegant and practical.<\/p>\n<p>The set includes both a wide and a narrow interchangeable belt strap. The narrow belt can be combined with any of the Vengru wide waistbands to create a wide waist belt, making it a true 2-in-1 piece. You can even combine multiple colors! The set is expandable, and you can order a wide waistband or a narrow buckle belt separately. You can mix and match different color combinations to suit your style and outfit. It is easy to pair with your basic wardrobe and can elevate even the simplest outfit.<\/p>\n<p>The wide waistband is available in two lengths, 65 cm and 75 cm.<\/p>\n<p>CARE AND MAINTENANCE<\/p>\n<p>Genuine leather is a natural material that can develop character over time. Due to use, our original leather products may develop a patina that emphasizes their uniqueness. Generally, products made of genuine leather require moderate cleaning. Most stains can be easily removed with a soft, damp cloth. Some soft leather products can be treated with special care cream designed for this purpose. Always purchase care cream in the appropriate color and use it as directed. Care creams and sprays can darken the treated leather surface. It is recommended to first clean a less noticeable area to ensure that the cleaning does not leave unwanted marks. Stain removers are not suitable for cleaning leather products.<\/p>\n<p>If you haven&#8217;t already, follow us on Instagram and Facebook to be the first to know about our new products.<\/p>\n<\/div>\n<\/div>\n<\/div>\n<\/div>\n<\/div>\n<\/div>\n","protected":false},"excerpt":{"rendered":"<p>Dear customer,<\/p>\n<p>Let me you know all of our products are custom-made, we believe in sustainable fashion, we don\u2019t keep high stock. Most of our products are made for orders. We are a small company, so the\u00a0<strong>production needs 10-15 workdays<\/strong>\u00a0before shipping.<\/p>\n<p>Thank you for your understanding.<\/p>\n<p><em>Bogi&amp;Tomi<\/em><\/p>\n<p><em>VENGRU team<\/em><\/p>\n","protected":false},"featured_media":14580,"comment_status":"open","ping_status":"closed","template":"","meta":[],"product_brand":[],"product_cat":[1108],"product_tag":[],"class_list":{"0":"post-15230","1":"product","2":"type-product","3":"status-publish","4":"has-post-thumbnail","6":"product_cat-belts-for-woman","7":"pa_meret-65-cm-wide-strap","8":"pa_meret-75-cm-wide-strap","9":"pa_meret-85-cm-wide-strap","10":"pa_szin-gold","11":"pa_szin-petrol-en","13":"first","14":"instock","15":"shipping-taxable","16":"purchasable","17":"product-type-variable"},"yoast_head":"<!-- This site is optimized with the Yoast SEO plugin v27.4 - https:\/\/yoast.com\/product\/yoast-seo-wordpress\/ -->\n<title>Variable leather belt set 2in1 FESTIVE<\/title>\n<meta name=\"description\" content=\"Variable leather belt set 2in1 FESTIVE The Variable Leather Belt Set 2in1 Festive is an important accessory for our outfit, with beautifully crafted details, perfect for those who love minimalism.\" \/>\n<meta name=\"robots\" content=\"index, follow, max-snippet:-1, max-image-preview:large, max-video-preview:-1\" \/>\n<link rel=\"canonical\" href=\"https:\/\/vengru.com\/en\/termek\/variable-leather-belt-set-2in1-festive\/\" \/>\n<meta property=\"og:locale\" content=\"en_US\" \/>\n<meta property=\"og:type\" content=\"article\" \/>\n<meta property=\"og:title\" content=\"Variable leather belt set 2in1 FESTIVE\" \/>\n<meta property=\"og:description\" content=\"Variable leather belt set 2in1 FESTIVE The Variable Leather Belt Set 2in1 Festive is an important accessory for our outfit, with beautifully crafted details, perfect for those who love minimalism.\" \/>\n<meta property=\"og:url\" content=\"https:\/\/vengru.com\/en\/termek\/variable-leather-belt-set-2in1-festive\/\" \/>\n<meta property=\"og:site_name\" content=\"vengru.com\" \/>\n<meta property=\"article:publisher\" content=\"https:\/\/www.facebook.com\/vengrubag\/\" \/>\n<meta property=\"og:image\" content=\"https:\/\/vengru.com\/wp-content\/uploads\/2022\/11\/Festive-ov-szettek.jpg\" \/>\n\t<meta property=\"og:image:width\" content=\"800\" \/>\n\t<meta property=\"og:image:height\" content=\"1000\" \/>\n\t<meta property=\"og:image:type\" content=\"image\/jpeg\" \/>\n<meta name=\"twitter:card\" content=\"summary_large_image\" \/>\n<meta name=\"twitter:label1\" content=\"Est. reading time\" \/>\n\t<meta name=\"twitter:data1\" content=\"2 minutes\" \/>\n<script type=\"application\/ld+json\" class=\"yoast-schema-graph\">{\"@context\":\"https:\\\/\\\/schema.org\",\"@graph\":[{\"@type\":\"WebPage\",\"@id\":\"https:\\\/\\\/vengru.com\\\/en\\\/termek\\\/variable-leather-belt-set-2in1-festive\\\/\",\"url\":\"https:\\\/\\\/vengru.com\\\/en\\\/termek\\\/variable-leather-belt-set-2in1-festive\\\/\",\"name\":\"Variable leather belt set 2in1 FESTIVE\",\"isPartOf\":{\"@id\":\"https:\\\/\\\/vengru.com\\\/en\\\/#website\"},\"primaryImageOfPage\":{\"@id\":\"https:\\\/\\\/vengru.com\\\/en\\\/termek\\\/variable-leather-belt-set-2in1-festive\\\/#primaryimage\"},\"image\":{\"@id\":\"https:\\\/\\\/vengru.com\\\/en\\\/termek\\\/variable-leather-belt-set-2in1-festive\\\/#primaryimage\"},\"thumbnailUrl\":\"https:\\\/\\\/vengru.com\\\/wp-content\\\/uploads\\\/2022\\\/11\\\/Festive-ov-szettek.jpg\",\"datePublished\":\"2022-11-15T16:30:06+00:00\",\"description\":\"Variable leather belt set 2in1 FESTIVE The Variable Leather Belt Set 2in1 Festive is an important accessory for our outfit, with beautifully crafted details, perfect for those who love minimalism.\",\"breadcrumb\":{\"@id\":\"https:\\\/\\\/vengru.com\\\/en\\\/termek\\\/variable-leather-belt-set-2in1-festive\\\/#breadcrumb\"},\"inLanguage\":\"en-US\",\"potentialAction\":[{\"@type\":\"ReadAction\",\"target\":[\"https:\\\/\\\/vengru.com\\\/en\\\/termek\\\/variable-leather-belt-set-2in1-festive\\\/\"]}]},{\"@type\":\"ImageObject\",\"inLanguage\":\"en-US\",\"@id\":\"https:\\\/\\\/vengru.com\\\/en\\\/termek\\\/variable-leather-belt-set-2in1-festive\\\/#primaryimage\",\"url\":\"https:\\\/\\\/vengru.com\\\/wp-content\\\/uploads\\\/2022\\\/11\\\/Festive-ov-szettek.jpg\",\"contentUrl\":\"https:\\\/\\\/vengru.com\\\/wp-content\\\/uploads\\\/2022\\\/11\\\/Festive-ov-szettek.jpg\",\"width\":800,\"height\":1000},{\"@type\":\"BreadcrumbList\",\"@id\":\"https:\\\/\\\/vengru.com\\\/en\\\/termek\\\/variable-leather-belt-set-2in1-festive\\\/#breadcrumb\",\"itemListElement\":[{\"@type\":\"ListItem\",\"position\":1,\"name\":\"Home\",\"item\":\"https:\\\/\\\/vengru.com\\\/en\\\/\"},{\"@type\":\"ListItem\",\"position\":2,\"name\":\"SHOP\",\"item\":\"https:\\\/\\\/vengru.com\\\/en\\\/shop-2\\\/\"},{\"@type\":\"ListItem\",\"position\":3,\"name\":\"Variable leather belt set 2in1 FESTIVE\"}]},{\"@type\":\"WebSite\",\"@id\":\"https:\\\/\\\/vengru.com\\\/en\\\/#website\",\"url\":\"https:\\\/\\\/vengru.com\\\/en\\\/\",\"name\":\"vengru.com\",\"description\":\"Vari\u00e1lhat\u00f3, min\u0151s\u00e9gi magyar designer m\u00e1rka\",\"publisher\":{\"@id\":\"https:\\\/\\\/vengru.com\\\/en\\\/#organization\"},\"potentialAction\":[{\"@type\":\"SearchAction\",\"target\":{\"@type\":\"EntryPoint\",\"urlTemplate\":\"https:\\\/\\\/vengru.com\\\/en\\\/?s={search_term_string}\"},\"query-input\":{\"@type\":\"PropertyValueSpecification\",\"valueRequired\":true,\"valueName\":\"search_term_string\"}}],\"inLanguage\":\"en-US\"},{\"@type\":\"Organization\",\"@id\":\"https:\\\/\\\/vengru.com\\\/en\\\/#organization\",\"name\":\"VENGRU Ltd.\",\"url\":\"https:\\\/\\\/vengru.com\\\/en\\\/\",\"logo\":{\"@type\":\"ImageObject\",\"inLanguage\":\"en-US\",\"@id\":\"https:\\\/\\\/vengru.com\\\/en\\\/#\\\/schema\\\/logo\\\/image\\\/\",\"url\":\"https:\\\/\\\/vengru.com\\\/wp-content\\\/uploads\\\/2025\\\/05\\\/cropped-VENGRU-logoPNG3-1.png\",\"contentUrl\":\"https:\\\/\\\/vengru.com\\\/wp-content\\\/uploads\\\/2025\\\/05\\\/cropped-VENGRU-logoPNG3-1.png\",\"width\":581,\"height\":98,\"caption\":\"VENGRU Ltd.\"},\"image\":{\"@id\":\"https:\\\/\\\/vengru.com\\\/en\\\/#\\\/schema\\\/logo\\\/image\\\/\"},\"sameAs\":[\"https:\\\/\\\/www.facebook.com\\\/vengrubag\\\/\",\"https:\\\/\\\/www.instagram.com\\\/vengrubag\\\/\"]}]}<\/script>\n<!-- \/ Yoast SEO plugin. -->","yoast_head_json":{"title":"Variable leather belt set 2in1 FESTIVE","description":"Variable leather belt set 2in1 FESTIVE The Variable Leather Belt Set 2in1 Festive is an important accessory for our outfit, with beautifully crafted details, perfect for those who love minimalism.","robots":{"index":"index","follow":"follow","max-snippet":"max-snippet:-1","max-image-preview":"max-image-preview:large","max-video-preview":"max-video-preview:-1"},"canonical":"https:\/\/vengru.com\/en\/termek\/variable-leather-belt-set-2in1-festive\/","og_locale":"en_US","og_type":"article","og_title":"Variable leather belt set 2in1 FESTIVE","og_description":"Variable leather belt set 2in1 FESTIVE The Variable Leather Belt Set 2in1 Festive is an important accessory for our outfit, with beautifully crafted details, perfect for those who love minimalism.","og_url":"https:\/\/vengru.com\/en\/termek\/variable-leather-belt-set-2in1-festive\/","og_site_name":"vengru.com","article_publisher":"https:\/\/www.facebook.com\/vengrubag\/","og_image":[{"width":800,"height":1000,"url":"https:\/\/vengru.com\/wp-content\/uploads\/2022\/11\/Festive-ov-szettek.jpg","type":"image\/jpeg"}],"twitter_card":"summary_large_image","twitter_misc":{"Est. reading time":"2 minutes"},"schema":{"@context":"https:\/\/schema.org","@graph":[{"@type":"WebPage","@id":"https:\/\/vengru.com\/en\/termek\/variable-leather-belt-set-2in1-festive\/","url":"https:\/\/vengru.com\/en\/termek\/variable-leather-belt-set-2in1-festive\/","name":"Variable leather belt set 2in1 FESTIVE","isPartOf":{"@id":"https:\/\/vengru.com\/en\/#website"},"primaryImageOfPage":{"@id":"https:\/\/vengru.com\/en\/termek\/variable-leather-belt-set-2in1-festive\/#primaryimage"},"image":{"@id":"https:\/\/vengru.com\/en\/termek\/variable-leather-belt-set-2in1-festive\/#primaryimage"},"thumbnailUrl":"https:\/\/vengru.com\/wp-content\/uploads\/2022\/11\/Festive-ov-szettek.jpg","datePublished":"2022-11-15T16:30:06+00:00","description":"Variable leather belt set 2in1 FESTIVE The Variable Leather Belt Set 2in1 Festive is an important accessory for our outfit, with beautifully crafted details, perfect for those who love minimalism.","breadcrumb":{"@id":"https:\/\/vengru.com\/en\/termek\/variable-leather-belt-set-2in1-festive\/#breadcrumb"},"inLanguage":"en-US","potentialAction":[{"@type":"ReadAction","target":["https:\/\/vengru.com\/en\/termek\/variable-leather-belt-set-2in1-festive\/"]}]},{"@type":"ImageObject","inLanguage":"en-US","@id":"https:\/\/vengru.com\/en\/termek\/variable-leather-belt-set-2in1-festive\/#primaryimage","url":"https:\/\/vengru.com\/wp-content\/uploads\/2022\/11\/Festive-ov-szettek.jpg","contentUrl":"https:\/\/vengru.com\/wp-content\/uploads\/2022\/11\/Festive-ov-szettek.jpg","width":800,"height":1000},{"@type":"BreadcrumbList","@id":"https:\/\/vengru.com\/en\/termek\/variable-leather-belt-set-2in1-festive\/#breadcrumb","itemListElement":[{"@type":"ListItem","position":1,"name":"Home","item":"https:\/\/vengru.com\/en\/"},{"@type":"ListItem","position":2,"name":"SHOP","item":"https:\/\/vengru.com\/en\/shop-2\/"},{"@type":"ListItem","position":3,"name":"Variable leather belt set 2in1 FESTIVE"}]},{"@type":"WebSite","@id":"https:\/\/vengru.com\/en\/#website","url":"https:\/\/vengru.com\/en\/","name":"vengru.com","description":"Vari\u00e1lhat\u00f3, min\u0151s\u00e9gi magyar designer m\u00e1rka","publisher":{"@id":"https:\/\/vengru.com\/en\/#organization"},"potentialAction":[{"@type":"SearchAction","target":{"@type":"EntryPoint","urlTemplate":"https:\/\/vengru.com\/en\/?s={search_term_string}"},"query-input":{"@type":"PropertyValueSpecification","valueRequired":true,"valueName":"search_term_string"}}],"inLanguage":"en-US"},{"@type":"Organization","@id":"https:\/\/vengru.com\/en\/#organization","name":"VENGRU Ltd.","url":"https:\/\/vengru.com\/en\/","logo":{"@type":"ImageObject","inLanguage":"en-US","@id":"https:\/\/vengru.com\/en\/#\/schema\/logo\/image\/","url":"https:\/\/vengru.com\/wp-content\/uploads\/2025\/05\/cropped-VENGRU-logoPNG3-1.png","contentUrl":"https:\/\/vengru.com\/wp-content\/uploads\/2025\/05\/cropped-VENGRU-logoPNG3-1.png","width":581,"height":98,"caption":"VENGRU Ltd."},"image":{"@id":"https:\/\/vengru.com\/en\/#\/schema\/logo\/image\/"},"sameAs":["https:\/\/www.facebook.com\/vengrubag\/","https:\/\/www.instagram.com\/vengrubag\/"]}]}},"_links":{"self":[{"href":"https:\/\/vengru.com\/en\/wp-json\/wp\/v2\/product\/15230","targetHints":{"allow":["GET"]}}],"collection":[{"href":"https:\/\/vengru.com\/en\/wp-json\/wp\/v2\/product"}],"about":[{"href":"https:\/\/vengru.com\/en\/wp-json\/wp\/v2\/types\/product"}],"replies":[{"embeddable":true,"href":"https:\/\/vengru.com\/en\/wp-json\/wp\/v2\/comments?post=15230"}],"wp:featuredmedia":[{"embeddable":true,"href":"https:\/\/vengru.com\/en\/wp-json\/wp\/v2\/media\/14580"}],"wp:attachment":[{"href":"https:\/\/vengru.com\/en\/wp-json\/wp\/v2\/media?parent=15230"}],"wp:term":[{"taxonomy":"product_brand","embeddable":true,"href":"https:\/\/vengru.com\/en\/wp-json\/wp\/v2\/product_brand?post=15230"},{"taxonomy":"product_cat","embeddable":true,"href":"https:\/\/vengru.com\/en\/wp-json\/wp\/v2\/product_cat?post=15230"},{"taxonomy":"product_tag","embeddable":true,"href":"https:\/\/vengru.com\/en\/wp-json\/wp\/v2\/product_tag?post=15230"}],"curies":[{"name":"wp","href":"https:\/\/api.w.org\/{rel}","templated":true}]}}