{"id":15225,"date":"2022-12-15T18:39:06","date_gmt":"2022-12-15T18:39:06","guid":{"rendered":"https:\/\/vengru.com\/termek\/womens-leather-watch-strap-20mm-brown-sand\/"},"modified":"2022-12-15T18:39:06","modified_gmt":"2022-12-15T18:39:06","slug":"womens-leather-watch-strap-20mm-brown-sand","status":"publish","type":"product","link":"https:\/\/vengru.com\/en\/termek\/womens-leather-watch-strap-20mm-brown-sand\/","title":{"rendered":"Women&#8217;s leather watch strap 20mm &#8211; brown sand"},"content":{"rendered":"<p>Leather Watch Strap<\/p>\n<p>Our leather watch straps are made from the finest, high-quality Italian leather. These elegant leather watch straps are handcrafted by experienced leather craftsmen in small family-run factories in Hungary. They add a fantastic look to any watch and provide a comfortable, soft feeling on the wearer&#8217;s wrist.<\/p>\n<p>Our leather watch straps are 20 mm wide, which makes them compatible with any standard 20 mm spring bar watch. Additionally, we provide an extra tool to make strap changes even easier.<\/p>\n<p>The quality of the leather material allows this thin watch strap to maintain its shape and strength. The quality of the calf leather used is unparalleled, and it shows in the final product. Soft, flexible, thin, and versatile, the bottom of the strap is lined with soft calf leather.<\/p>\n<p>Size: 20 mm wide, with the buckle strap measuring 75 mm and the long strap measuring 115 mm.<\/p>\n","protected":false},"excerpt":{"rendered":"<p>Leather Watch Strap Our leather watch straps are made from the finest, high-quality Italian leather. These elegant leather watch straps are handcrafted by experienced leather craftsmen in small family-run factories in Hungary. They add a fantastic look to any watch and provide a comfortable, soft feeling on the wearer&#8217;s wrist. Our leather watch straps are <a class=\"read-more\" href=\"https:\/\/vengru.com\/en\/termek\/womens-leather-watch-strap-20mm-brown-sand\/\">Read More<\/a><\/p>\n","protected":false},"featured_media":15229,"comment_status":"open","ping_status":"closed","template":"","meta":[],"product_brand":[],"product_cat":[1079],"product_tag":[],"class_list":{"0":"post-15225","1":"product","2":"type-product","3":"status-publish","4":"has-post-thumbnail","6":"product_cat-watch-strap","8":"first","9":"outofstock","10":"sale","11":"shipping-taxable","12":"purchasable","13":"product-type-simple"},"yoast_head":"<!-- This site is optimized with the Yoast SEO plugin v27.4 - https:\/\/yoast.com\/product\/yoast-seo-wordpress\/ -->\n<title>Women&#039;s leather watch strap 20mm - brown sand - vengru.com<\/title>\n<meta name=\"robots\" content=\"index, follow, max-snippet:-1, max-image-preview:large, max-video-preview:-1\" \/>\n<link rel=\"canonical\" href=\"https:\/\/vengru.com\/en\/termek\/womens-leather-watch-strap-20mm-brown-sand\/\" \/>\n<meta property=\"og:locale\" content=\"en_US\" \/>\n<meta property=\"og:type\" content=\"article\" \/>\n<meta property=\"og:title\" content=\"Women&#039;s leather watch strap 20mm - brown sand - vengru.com\" \/>\n<meta property=\"og:description\" content=\"Leather Watch Strap Our leather watch straps are made from the finest, high-quality Italian leather. These elegant leather watch straps are handcrafted by experienced leather craftsmen in small family-run factories in Hungary. They add a fantastic look to any watch and provide a comfortable, soft feeling on the wearer&#8217;s wrist. Our leather watch straps are Read More\" \/>\n<meta property=\"og:url\" content=\"https:\/\/vengru.com\/en\/termek\/womens-leather-watch-strap-20mm-brown-sand\/\" \/>\n<meta property=\"og:site_name\" content=\"vengru.com\" \/>\n<meta property=\"article:publisher\" content=\"https:\/\/www.facebook.com\/vengrubag\/\" \/>\n<meta property=\"og:image\" content=\"https:\/\/vengru.com\/wp-content\/uploads\/2022\/12\/20-mm-bor-oraszij-barna-beige-3.jpg\" \/>\n\t<meta property=\"og:image:width\" content=\"800\" \/>\n\t<meta property=\"og:image:height\" content=\"1000\" \/>\n\t<meta property=\"og:image:type\" content=\"image\/jpeg\" \/>\n<meta name=\"twitter:card\" content=\"summary_large_image\" \/>\n<meta name=\"twitter:label1\" content=\"Est. reading time\" \/>\n\t<meta name=\"twitter:data1\" content=\"1 minute\" \/>\n<script type=\"application\/ld+json\" class=\"yoast-schema-graph\">{\"@context\":\"https:\\\/\\\/schema.org\",\"@graph\":[{\"@type\":\"WebPage\",\"@id\":\"https:\\\/\\\/vengru.com\\\/en\\\/termek\\\/womens-leather-watch-strap-20mm-brown-sand\\\/\",\"url\":\"https:\\\/\\\/vengru.com\\\/en\\\/termek\\\/womens-leather-watch-strap-20mm-brown-sand\\\/\",\"name\":\"Women's leather watch strap 20mm - brown sand - vengru.com\",\"isPartOf\":{\"@id\":\"https:\\\/\\\/vengru.com\\\/en\\\/#website\"},\"primaryImageOfPage\":{\"@id\":\"https:\\\/\\\/vengru.com\\\/en\\\/termek\\\/womens-leather-watch-strap-20mm-brown-sand\\\/#primaryimage\"},\"image\":{\"@id\":\"https:\\\/\\\/vengru.com\\\/en\\\/termek\\\/womens-leather-watch-strap-20mm-brown-sand\\\/#primaryimage\"},\"thumbnailUrl\":\"https:\\\/\\\/vengru.com\\\/wp-content\\\/uploads\\\/2022\\\/12\\\/20-mm-bor-oraszij-barna-beige-3.jpg\",\"datePublished\":\"2022-12-15T18:39:06+00:00\",\"breadcrumb\":{\"@id\":\"https:\\\/\\\/vengru.com\\\/en\\\/termek\\\/womens-leather-watch-strap-20mm-brown-sand\\\/#breadcrumb\"},\"inLanguage\":\"en-US\",\"potentialAction\":[{\"@type\":\"ReadAction\",\"target\":[\"https:\\\/\\\/vengru.com\\\/en\\\/termek\\\/womens-leather-watch-strap-20mm-brown-sand\\\/\"]}]},{\"@type\":\"ImageObject\",\"inLanguage\":\"en-US\",\"@id\":\"https:\\\/\\\/vengru.com\\\/en\\\/termek\\\/womens-leather-watch-strap-20mm-brown-sand\\\/#primaryimage\",\"url\":\"https:\\\/\\\/vengru.com\\\/wp-content\\\/uploads\\\/2022\\\/12\\\/20-mm-bor-oraszij-barna-beige-3.jpg\",\"contentUrl\":\"https:\\\/\\\/vengru.com\\\/wp-content\\\/uploads\\\/2022\\\/12\\\/20-mm-bor-oraszij-barna-beige-3.jpg\",\"width\":800,\"height\":1000},{\"@type\":\"BreadcrumbList\",\"@id\":\"https:\\\/\\\/vengru.com\\\/en\\\/termek\\\/womens-leather-watch-strap-20mm-brown-sand\\\/#breadcrumb\",\"itemListElement\":[{\"@type\":\"ListItem\",\"position\":1,\"name\":\"Home\",\"item\":\"https:\\\/\\\/vengru.com\\\/en\\\/\"},{\"@type\":\"ListItem\",\"position\":2,\"name\":\"SHOP\",\"item\":\"https:\\\/\\\/vengru.com\\\/en\\\/shop-2\\\/\"},{\"@type\":\"ListItem\",\"position\":3,\"name\":\"Women&#8217;s leather watch strap 20mm &#8211; brown sand\"}]},{\"@type\":\"WebSite\",\"@id\":\"https:\\\/\\\/vengru.com\\\/en\\\/#website\",\"url\":\"https:\\\/\\\/vengru.com\\\/en\\\/\",\"name\":\"vengru.com\",\"description\":\"Vari\u00e1lhat\u00f3, min\u0151s\u00e9gi magyar designer m\u00e1rka\",\"publisher\":{\"@id\":\"https:\\\/\\\/vengru.com\\\/en\\\/#organization\"},\"potentialAction\":[{\"@type\":\"SearchAction\",\"target\":{\"@type\":\"EntryPoint\",\"urlTemplate\":\"https:\\\/\\\/vengru.com\\\/en\\\/?s={search_term_string}\"},\"query-input\":{\"@type\":\"PropertyValueSpecification\",\"valueRequired\":true,\"valueName\":\"search_term_string\"}}],\"inLanguage\":\"en-US\"},{\"@type\":\"Organization\",\"@id\":\"https:\\\/\\\/vengru.com\\\/en\\\/#organization\",\"name\":\"VENGRU Ltd.\",\"url\":\"https:\\\/\\\/vengru.com\\\/en\\\/\",\"logo\":{\"@type\":\"ImageObject\",\"inLanguage\":\"en-US\",\"@id\":\"https:\\\/\\\/vengru.com\\\/en\\\/#\\\/schema\\\/logo\\\/image\\\/\",\"url\":\"https:\\\/\\\/vengru.com\\\/wp-content\\\/uploads\\\/2025\\\/05\\\/cropped-VENGRU-logoPNG3-1.png\",\"contentUrl\":\"https:\\\/\\\/vengru.com\\\/wp-content\\\/uploads\\\/2025\\\/05\\\/cropped-VENGRU-logoPNG3-1.png\",\"width\":581,\"height\":98,\"caption\":\"VENGRU Ltd.\"},\"image\":{\"@id\":\"https:\\\/\\\/vengru.com\\\/en\\\/#\\\/schema\\\/logo\\\/image\\\/\"},\"sameAs\":[\"https:\\\/\\\/www.facebook.com\\\/vengrubag\\\/\",\"https:\\\/\\\/www.instagram.com\\\/vengrubag\\\/\"]}]}<\/script>\n<!-- \/ Yoast SEO plugin. -->","yoast_head_json":{"title":"Women's leather watch strap 20mm - brown sand - vengru.com","robots":{"index":"index","follow":"follow","max-snippet":"max-snippet:-1","max-image-preview":"max-image-preview:large","max-video-preview":"max-video-preview:-1"},"canonical":"https:\/\/vengru.com\/en\/termek\/womens-leather-watch-strap-20mm-brown-sand\/","og_locale":"en_US","og_type":"article","og_title":"Women's leather watch strap 20mm - brown sand - vengru.com","og_description":"Leather Watch Strap Our leather watch straps are made from the finest, high-quality Italian leather. These elegant leather watch straps are handcrafted by experienced leather craftsmen in small family-run factories in Hungary. They add a fantastic look to any watch and provide a comfortable, soft feeling on the wearer&#8217;s wrist. Our leather watch straps are Read More","og_url":"https:\/\/vengru.com\/en\/termek\/womens-leather-watch-strap-20mm-brown-sand\/","og_site_name":"vengru.com","article_publisher":"https:\/\/www.facebook.com\/vengrubag\/","og_image":[{"width":800,"height":1000,"url":"https:\/\/vengru.com\/wp-content\/uploads\/2022\/12\/20-mm-bor-oraszij-barna-beige-3.jpg","type":"image\/jpeg"}],"twitter_card":"summary_large_image","twitter_misc":{"Est. reading time":"1 minute"},"schema":{"@context":"https:\/\/schema.org","@graph":[{"@type":"WebPage","@id":"https:\/\/vengru.com\/en\/termek\/womens-leather-watch-strap-20mm-brown-sand\/","url":"https:\/\/vengru.com\/en\/termek\/womens-leather-watch-strap-20mm-brown-sand\/","name":"Women's leather watch strap 20mm - brown sand - vengru.com","isPartOf":{"@id":"https:\/\/vengru.com\/en\/#website"},"primaryImageOfPage":{"@id":"https:\/\/vengru.com\/en\/termek\/womens-leather-watch-strap-20mm-brown-sand\/#primaryimage"},"image":{"@id":"https:\/\/vengru.com\/en\/termek\/womens-leather-watch-strap-20mm-brown-sand\/#primaryimage"},"thumbnailUrl":"https:\/\/vengru.com\/wp-content\/uploads\/2022\/12\/20-mm-bor-oraszij-barna-beige-3.jpg","datePublished":"2022-12-15T18:39:06+00:00","breadcrumb":{"@id":"https:\/\/vengru.com\/en\/termek\/womens-leather-watch-strap-20mm-brown-sand\/#breadcrumb"},"inLanguage":"en-US","potentialAction":[{"@type":"ReadAction","target":["https:\/\/vengru.com\/en\/termek\/womens-leather-watch-strap-20mm-brown-sand\/"]}]},{"@type":"ImageObject","inLanguage":"en-US","@id":"https:\/\/vengru.com\/en\/termek\/womens-leather-watch-strap-20mm-brown-sand\/#primaryimage","url":"https:\/\/vengru.com\/wp-content\/uploads\/2022\/12\/20-mm-bor-oraszij-barna-beige-3.jpg","contentUrl":"https:\/\/vengru.com\/wp-content\/uploads\/2022\/12\/20-mm-bor-oraszij-barna-beige-3.jpg","width":800,"height":1000},{"@type":"BreadcrumbList","@id":"https:\/\/vengru.com\/en\/termek\/womens-leather-watch-strap-20mm-brown-sand\/#breadcrumb","itemListElement":[{"@type":"ListItem","position":1,"name":"Home","item":"https:\/\/vengru.com\/en\/"},{"@type":"ListItem","position":2,"name":"SHOP","item":"https:\/\/vengru.com\/en\/shop-2\/"},{"@type":"ListItem","position":3,"name":"Women&#8217;s leather watch strap 20mm &#8211; brown sand"}]},{"@type":"WebSite","@id":"https:\/\/vengru.com\/en\/#website","url":"https:\/\/vengru.com\/en\/","name":"vengru.com","description":"Vari\u00e1lhat\u00f3, min\u0151s\u00e9gi magyar designer m\u00e1rka","publisher":{"@id":"https:\/\/vengru.com\/en\/#organization"},"potentialAction":[{"@type":"SearchAction","target":{"@type":"EntryPoint","urlTemplate":"https:\/\/vengru.com\/en\/?s={search_term_string}"},"query-input":{"@type":"PropertyValueSpecification","valueRequired":true,"valueName":"search_term_string"}}],"inLanguage":"en-US"},{"@type":"Organization","@id":"https:\/\/vengru.com\/en\/#organization","name":"VENGRU Ltd.","url":"https:\/\/vengru.com\/en\/","logo":{"@type":"ImageObject","inLanguage":"en-US","@id":"https:\/\/vengru.com\/en\/#\/schema\/logo\/image\/","url":"https:\/\/vengru.com\/wp-content\/uploads\/2025\/05\/cropped-VENGRU-logoPNG3-1.png","contentUrl":"https:\/\/vengru.com\/wp-content\/uploads\/2025\/05\/cropped-VENGRU-logoPNG3-1.png","width":581,"height":98,"caption":"VENGRU Ltd."},"image":{"@id":"https:\/\/vengru.com\/en\/#\/schema\/logo\/image\/"},"sameAs":["https:\/\/www.facebook.com\/vengrubag\/","https:\/\/www.instagram.com\/vengrubag\/"]}]}},"_links":{"self":[{"href":"https:\/\/vengru.com\/en\/wp-json\/wp\/v2\/product\/15225","targetHints":{"allow":["GET"]}}],"collection":[{"href":"https:\/\/vengru.com\/en\/wp-json\/wp\/v2\/product"}],"about":[{"href":"https:\/\/vengru.com\/en\/wp-json\/wp\/v2\/types\/product"}],"replies":[{"embeddable":true,"href":"https:\/\/vengru.com\/en\/wp-json\/wp\/v2\/comments?post=15225"}],"wp:featuredmedia":[{"embeddable":true,"href":"https:\/\/vengru.com\/en\/wp-json\/wp\/v2\/media\/15229"}],"wp:attachment":[{"href":"https:\/\/vengru.com\/en\/wp-json\/wp\/v2\/media?parent=15225"}],"wp:term":[{"taxonomy":"product_brand","embeddable":true,"href":"https:\/\/vengru.com\/en\/wp-json\/wp\/v2\/product_brand?post=15225"},{"taxonomy":"product_cat","embeddable":true,"href":"https:\/\/vengru.com\/en\/wp-json\/wp\/v2\/product_cat?post=15225"},{"taxonomy":"product_tag","embeddable":true,"href":"https:\/\/vengru.com\/en\/wp-json\/wp\/v2\/product_tag?post=15225"}],"curies":[{"name":"wp","href":"https:\/\/api.w.org\/{rel}","templated":true}]}}