{"id":15163,"date":"2020-07-04T23:44:20","date_gmt":"2020-07-04T23:44:20","guid":{"rendered":"https:\/\/vengru.com\/termek\/v3-sand-canvas-shopper-in-two-size\/"},"modified":"2020-07-04T23:44:20","modified_gmt":"2020-07-04T23:44:20","slug":"v3-sand-canvas-shopper-in-two-size","status":"publish","type":"product","link":"https:\/\/vengru.com\/en\/termek\/v3-sand-canvas-shopper-in-two-size\/","title":{"rendered":"V3 sand canvas shopper in two size"},"content":{"rendered":"<p>&nbsp;<\/p>\n<h2>V3 sand canvas shopper in two size<\/h2>\n<p>V3 sand canvas shopper in two size. Due to their size, canvas bags can hold everything important for daily work.\u00a0 You can attach a small pocket bag at the front of the bag. You can buy it seperately at the pocket bag menu. The pocket bag is the most popular products of the summer. It can be attached to canvas bags, but they also can be worn as separate small bags. This is good to wear for an occasional event or just an afternoon coffee.And when you only need the most important things, phone, wallet, key, you just have to take your pocket with you.<\/p>\n<p>The canvas bag can be ordered in 2 sizes.<\/p>\n<p>Small canvas bag&#8217;s size is <span data-contrast=\"auto\">29 cm x 33 cm x 18 cm<\/span><span data-contrast=\"auto\">, the zipper is 45cm<\/span><span data-ccp-props=\"{&quot;201341983&quot;:0,&quot;335559739&quot;:160,&quot;335559740&quot;:259}\"> long<\/span><\/p>\n<p>Big canvas bag&#8217;s size is <span data-contrast=\"auto\">40 cm x 42 cm x 16 cm, the zipper is 55cm long<\/span><\/p>\n<p><span data-contrast=\"auto\">Shoulder strap is 60cm long<\/span><\/p>\n<p>The small bag can be carried in hand as an envelope bag, with a chain, strap or even a belt as a belt bag. The new type of canvas can be attached to a shopper using the D-rings on the back. Wear together with the canvas bag. Dress up yout canvas bag, variate it in every season. Use more pocket bag and change the canvas bag\u2019s style. It can fit to your actual outfit every day. The pocket bag\u2019s size is 24 cm x 21 cm<\/p>\n<p>The bag can be attached to a 4cm wide belt. Compatible with all VENGRU straps.<\/p>\n<p>PRODUCT CARE, CLEANING<\/p>\n<p>The original leather is a natural material, the characteristic of which is that its character may change over time. As a result of use, the appearance of our original leather products can become patinated, which emphasizes their uniqueness. In general, genuine leather products require moderate cleaning. Most of the dirt can be easily removed with a soft, damp cloth. Some soft leather products can also be treated with a special care cream. Always buy a care cream of the right color and use it only in accordance with the instructions for use. Nourishing creams and sprays can darken the treated skin surface. It is a good idea to clean it first in a less conspicuous place, where you can make sure that the cleaning does not leave any unwanted marks. Stain removers are not suitable for cleaning leather products.<\/p>\n<p>Contact us if you have any questions. You can also find more information on our Facebook and Instagram pages.<\/p>\n<p>The pocket bag is the most popular products of the summer. It can be attached to canvas bags, but they also can be worn as separate small bags.<\/p>\n","protected":false},"excerpt":{"rendered":"<p>Dear customer,<\/p>\n<p>Let me you know all of our products are custom-made, we believe in sustainable fashion, we don\u2019t keep high stock. Most of our products are made for orders. We are a small company, so the\u00a0<strong>production needs 10-15 workdays<\/strong>\u00a0before shipping.<\/p>\n<p>Thank you for your understanding.<\/p>\n<p><em>Bogi&amp;Tomi<\/em><\/p>\n<p><em>VENGRU team<\/em><\/p>\n","protected":false},"featured_media":15336,"comment_status":"open","ping_status":"closed","template":"","meta":[],"product_brand":[],"product_cat":[1119,1105],"product_tag":[],"class_list":{"0":"post-15163","1":"product","2":"type-product","3":"status-publish","4":"has-post-thumbnail","6":"product_cat-shopper-en","7":"product_cat-v3-variable-canvas-bags-en","8":"pa_szin-beige","9":"pa_szin-black-en","11":"first","12":"instock","13":"featured","14":"shipping-taxable","15":"purchasable","16":"product-type-variable"},"yoast_head":"<!-- This site is optimized with the Yoast SEO plugin v27.4 - https:\/\/yoast.com\/product\/yoast-seo-wordpress\/ -->\n<title>V3 sand canvas shopper in two size - vengru.com<\/title>\n<meta name=\"description\" content=\"V3 sand canvas shopper in two size. Due to their size, canvas bags can hold everything important for daily work.\u00a0 You can attach a small pocket bag at the front of the bag.\" \/>\n<meta name=\"robots\" content=\"index, follow, max-snippet:-1, max-image-preview:large, max-video-preview:-1\" \/>\n<link rel=\"canonical\" href=\"https:\/\/vengru.com\/en\/termek\/v3-sand-canvas-shopper-in-two-size\/\" \/>\n<meta property=\"og:locale\" content=\"en_US\" \/>\n<meta property=\"og:type\" content=\"article\" \/>\n<meta property=\"og:title\" content=\"V3 sand canvas shopper in two size - vengru.com\" \/>\n<meta property=\"og:description\" content=\"V3 sand canvas shopper in two size. Due to their size, canvas bags can hold everything important for daily work.\u00a0 You can attach a small pocket bag at the front of the bag.\" \/>\n<meta property=\"og:url\" content=\"https:\/\/vengru.com\/en\/termek\/v3-sand-canvas-shopper-in-two-size\/\" \/>\n<meta property=\"og:site_name\" content=\"vengru.com\" \/>\n<meta property=\"article:publisher\" content=\"https:\/\/www.facebook.com\/vengrubag\/\" \/>\n<meta property=\"og:image\" content=\"https:\/\/vengru.com\/wp-content\/uploads\/2022\/03\/vaszon-taska-fekete-nagy-meret-copy.jpg\" \/>\n\t<meta property=\"og:image:width\" content=\"800\" \/>\n\t<meta property=\"og:image:height\" content=\"1067\" \/>\n\t<meta property=\"og:image:type\" content=\"image\/jpeg\" \/>\n<meta name=\"twitter:card\" content=\"summary_large_image\" \/>\n<meta name=\"twitter:label1\" content=\"Est. reading time\" \/>\n\t<meta name=\"twitter:data1\" content=\"2 minutes\" \/>\n<script type=\"application\/ld+json\" class=\"yoast-schema-graph\">{\"@context\":\"https:\\\/\\\/schema.org\",\"@graph\":[{\"@type\":\"WebPage\",\"@id\":\"https:\\\/\\\/vengru.com\\\/en\\\/termek\\\/v3-sand-canvas-shopper-in-two-size\\\/\",\"url\":\"https:\\\/\\\/vengru.com\\\/en\\\/termek\\\/v3-sand-canvas-shopper-in-two-size\\\/\",\"name\":\"V3 sand canvas shopper in two size - vengru.com\",\"isPartOf\":{\"@id\":\"https:\\\/\\\/vengru.com\\\/en\\\/#website\"},\"primaryImageOfPage\":{\"@id\":\"https:\\\/\\\/vengru.com\\\/en\\\/termek\\\/v3-sand-canvas-shopper-in-two-size\\\/#primaryimage\"},\"image\":{\"@id\":\"https:\\\/\\\/vengru.com\\\/en\\\/termek\\\/v3-sand-canvas-shopper-in-two-size\\\/#primaryimage\"},\"thumbnailUrl\":\"https:\\\/\\\/vengru.com\\\/wp-content\\\/uploads\\\/2022\\\/03\\\/vaszon-taska-fekete-nagy-meret-copy.jpg\",\"datePublished\":\"2020-07-04T23:44:20+00:00\",\"description\":\"V3 sand canvas shopper in two size. Due to their size, canvas bags can hold everything important for daily work.\u00a0 You can attach a small pocket bag at the front of the bag.\",\"breadcrumb\":{\"@id\":\"https:\\\/\\\/vengru.com\\\/en\\\/termek\\\/v3-sand-canvas-shopper-in-two-size\\\/#breadcrumb\"},\"inLanguage\":\"en-US\",\"potentialAction\":[{\"@type\":\"ReadAction\",\"target\":[\"https:\\\/\\\/vengru.com\\\/en\\\/termek\\\/v3-sand-canvas-shopper-in-two-size\\\/\"]}]},{\"@type\":\"ImageObject\",\"inLanguage\":\"en-US\",\"@id\":\"https:\\\/\\\/vengru.com\\\/en\\\/termek\\\/v3-sand-canvas-shopper-in-two-size\\\/#primaryimage\",\"url\":\"https:\\\/\\\/vengru.com\\\/wp-content\\\/uploads\\\/2022\\\/03\\\/vaszon-taska-fekete-nagy-meret-copy.jpg\",\"contentUrl\":\"https:\\\/\\\/vengru.com\\\/wp-content\\\/uploads\\\/2022\\\/03\\\/vaszon-taska-fekete-nagy-meret-copy.jpg\",\"width\":800,\"height\":1067},{\"@type\":\"BreadcrumbList\",\"@id\":\"https:\\\/\\\/vengru.com\\\/en\\\/termek\\\/v3-sand-canvas-shopper-in-two-size\\\/#breadcrumb\",\"itemListElement\":[{\"@type\":\"ListItem\",\"position\":1,\"name\":\"Home\",\"item\":\"https:\\\/\\\/vengru.com\\\/en\\\/\"},{\"@type\":\"ListItem\",\"position\":2,\"name\":\"SHOP\",\"item\":\"https:\\\/\\\/vengru.com\\\/en\\\/shop-2\\\/\"},{\"@type\":\"ListItem\",\"position\":3,\"name\":\"V3 sand canvas shopper in two size\"}]},{\"@type\":\"WebSite\",\"@id\":\"https:\\\/\\\/vengru.com\\\/en\\\/#website\",\"url\":\"https:\\\/\\\/vengru.com\\\/en\\\/\",\"name\":\"vengru.com\",\"description\":\"Vari\u00e1lhat\u00f3, min\u0151s\u00e9gi magyar designer m\u00e1rka\",\"publisher\":{\"@id\":\"https:\\\/\\\/vengru.com\\\/en\\\/#organization\"},\"potentialAction\":[{\"@type\":\"SearchAction\",\"target\":{\"@type\":\"EntryPoint\",\"urlTemplate\":\"https:\\\/\\\/vengru.com\\\/en\\\/?s={search_term_string}\"},\"query-input\":{\"@type\":\"PropertyValueSpecification\",\"valueRequired\":true,\"valueName\":\"search_term_string\"}}],\"inLanguage\":\"en-US\"},{\"@type\":\"Organization\",\"@id\":\"https:\\\/\\\/vengru.com\\\/en\\\/#organization\",\"name\":\"VENGRU Ltd.\",\"url\":\"https:\\\/\\\/vengru.com\\\/en\\\/\",\"logo\":{\"@type\":\"ImageObject\",\"inLanguage\":\"en-US\",\"@id\":\"https:\\\/\\\/vengru.com\\\/en\\\/#\\\/schema\\\/logo\\\/image\\\/\",\"url\":\"https:\\\/\\\/vengru.com\\\/wp-content\\\/uploads\\\/2025\\\/05\\\/cropped-VENGRU-logoPNG3-1.png\",\"contentUrl\":\"https:\\\/\\\/vengru.com\\\/wp-content\\\/uploads\\\/2025\\\/05\\\/cropped-VENGRU-logoPNG3-1.png\",\"width\":581,\"height\":98,\"caption\":\"VENGRU Ltd.\"},\"image\":{\"@id\":\"https:\\\/\\\/vengru.com\\\/en\\\/#\\\/schema\\\/logo\\\/image\\\/\"},\"sameAs\":[\"https:\\\/\\\/www.facebook.com\\\/vengrubag\\\/\",\"https:\\\/\\\/www.instagram.com\\\/vengrubag\\\/\"]}]}<\/script>\n<!-- \/ Yoast SEO plugin. -->","yoast_head_json":{"title":"V3 sand canvas shopper in two size - vengru.com","description":"V3 sand canvas shopper in two size. Due to their size, canvas bags can hold everything important for daily work.\u00a0 You can attach a small pocket bag at the front of the bag.","robots":{"index":"index","follow":"follow","max-snippet":"max-snippet:-1","max-image-preview":"max-image-preview:large","max-video-preview":"max-video-preview:-1"},"canonical":"https:\/\/vengru.com\/en\/termek\/v3-sand-canvas-shopper-in-two-size\/","og_locale":"en_US","og_type":"article","og_title":"V3 sand canvas shopper in two size - vengru.com","og_description":"V3 sand canvas shopper in two size. Due to their size, canvas bags can hold everything important for daily work.\u00a0 You can attach a small pocket bag at the front of the bag.","og_url":"https:\/\/vengru.com\/en\/termek\/v3-sand-canvas-shopper-in-two-size\/","og_site_name":"vengru.com","article_publisher":"https:\/\/www.facebook.com\/vengrubag\/","og_image":[{"width":800,"height":1067,"url":"https:\/\/vengru.com\/wp-content\/uploads\/2022\/03\/vaszon-taska-fekete-nagy-meret-copy.jpg","type":"image\/jpeg"}],"twitter_card":"summary_large_image","twitter_misc":{"Est. reading time":"2 minutes"},"schema":{"@context":"https:\/\/schema.org","@graph":[{"@type":"WebPage","@id":"https:\/\/vengru.com\/en\/termek\/v3-sand-canvas-shopper-in-two-size\/","url":"https:\/\/vengru.com\/en\/termek\/v3-sand-canvas-shopper-in-two-size\/","name":"V3 sand canvas shopper in two size - vengru.com","isPartOf":{"@id":"https:\/\/vengru.com\/en\/#website"},"primaryImageOfPage":{"@id":"https:\/\/vengru.com\/en\/termek\/v3-sand-canvas-shopper-in-two-size\/#primaryimage"},"image":{"@id":"https:\/\/vengru.com\/en\/termek\/v3-sand-canvas-shopper-in-two-size\/#primaryimage"},"thumbnailUrl":"https:\/\/vengru.com\/wp-content\/uploads\/2022\/03\/vaszon-taska-fekete-nagy-meret-copy.jpg","datePublished":"2020-07-04T23:44:20+00:00","description":"V3 sand canvas shopper in two size. Due to their size, canvas bags can hold everything important for daily work.\u00a0 You can attach a small pocket bag at the front of the bag.","breadcrumb":{"@id":"https:\/\/vengru.com\/en\/termek\/v3-sand-canvas-shopper-in-two-size\/#breadcrumb"},"inLanguage":"en-US","potentialAction":[{"@type":"ReadAction","target":["https:\/\/vengru.com\/en\/termek\/v3-sand-canvas-shopper-in-two-size\/"]}]},{"@type":"ImageObject","inLanguage":"en-US","@id":"https:\/\/vengru.com\/en\/termek\/v3-sand-canvas-shopper-in-two-size\/#primaryimage","url":"https:\/\/vengru.com\/wp-content\/uploads\/2022\/03\/vaszon-taska-fekete-nagy-meret-copy.jpg","contentUrl":"https:\/\/vengru.com\/wp-content\/uploads\/2022\/03\/vaszon-taska-fekete-nagy-meret-copy.jpg","width":800,"height":1067},{"@type":"BreadcrumbList","@id":"https:\/\/vengru.com\/en\/termek\/v3-sand-canvas-shopper-in-two-size\/#breadcrumb","itemListElement":[{"@type":"ListItem","position":1,"name":"Home","item":"https:\/\/vengru.com\/en\/"},{"@type":"ListItem","position":2,"name":"SHOP","item":"https:\/\/vengru.com\/en\/shop-2\/"},{"@type":"ListItem","position":3,"name":"V3 sand canvas shopper in two size"}]},{"@type":"WebSite","@id":"https:\/\/vengru.com\/en\/#website","url":"https:\/\/vengru.com\/en\/","name":"vengru.com","description":"Vari\u00e1lhat\u00f3, min\u0151s\u00e9gi magyar designer m\u00e1rka","publisher":{"@id":"https:\/\/vengru.com\/en\/#organization"},"potentialAction":[{"@type":"SearchAction","target":{"@type":"EntryPoint","urlTemplate":"https:\/\/vengru.com\/en\/?s={search_term_string}"},"query-input":{"@type":"PropertyValueSpecification","valueRequired":true,"valueName":"search_term_string"}}],"inLanguage":"en-US"},{"@type":"Organization","@id":"https:\/\/vengru.com\/en\/#organization","name":"VENGRU Ltd.","url":"https:\/\/vengru.com\/en\/","logo":{"@type":"ImageObject","inLanguage":"en-US","@id":"https:\/\/vengru.com\/en\/#\/schema\/logo\/image\/","url":"https:\/\/vengru.com\/wp-content\/uploads\/2025\/05\/cropped-VENGRU-logoPNG3-1.png","contentUrl":"https:\/\/vengru.com\/wp-content\/uploads\/2025\/05\/cropped-VENGRU-logoPNG3-1.png","width":581,"height":98,"caption":"VENGRU Ltd."},"image":{"@id":"https:\/\/vengru.com\/en\/#\/schema\/logo\/image\/"},"sameAs":["https:\/\/www.facebook.com\/vengrubag\/","https:\/\/www.instagram.com\/vengrubag\/"]}]}},"_links":{"self":[{"href":"https:\/\/vengru.com\/en\/wp-json\/wp\/v2\/product\/15163","targetHints":{"allow":["GET"]}}],"collection":[{"href":"https:\/\/vengru.com\/en\/wp-json\/wp\/v2\/product"}],"about":[{"href":"https:\/\/vengru.com\/en\/wp-json\/wp\/v2\/types\/product"}],"replies":[{"embeddable":true,"href":"https:\/\/vengru.com\/en\/wp-json\/wp\/v2\/comments?post=15163"}],"wp:featuredmedia":[{"embeddable":true,"href":"https:\/\/vengru.com\/en\/wp-json\/wp\/v2\/media\/15336"}],"wp:attachment":[{"href":"https:\/\/vengru.com\/en\/wp-json\/wp\/v2\/media?parent=15163"}],"wp:term":[{"taxonomy":"product_brand","embeddable":true,"href":"https:\/\/vengru.com\/en\/wp-json\/wp\/v2\/product_brand?post=15163"},{"taxonomy":"product_cat","embeddable":true,"href":"https:\/\/vengru.com\/en\/wp-json\/wp\/v2\/product_cat?post=15163"},{"taxonomy":"product_tag","embeddable":true,"href":"https:\/\/vengru.com\/en\/wp-json\/wp\/v2\/product_tag?post=15163"}],"curies":[{"name":"wp","href":"https:\/\/api.w.org\/{rel}","templated":true}]}}