{"id":15122,"date":"2023-04-14T12:28:15","date_gmt":"2023-04-14T12:28:15","guid":{"rendered":"https:\/\/vengru.com\/termek\/15122\/"},"modified":"2025-03-20T19:31:01","modified_gmt":"2025-03-20T19:31:01","slug":"15122","status":"publish","type":"product","link":"https:\/\/vengru.com\/en\/termek\/15122\/","title":{"rendered":"GEM handbag nude laquer"},"content":{"rendered":"<h2>GEM handbag nude laquer<\/h2>\n<p>GEM handbag nude laquer. Leather bag.  Eye-catching and timeless, it is a truly eternal piece inspired by the geometric shapes of polished gemstones, the brand&#8217;s initial &#8220;V&#8221; and Vengru&#8217;s most distinctive bag, the panel bag. The GEM shoulder bag is a formal break from the classic silhouette.<\/p>\n<p>This bag style reflects true femininity. A casual bag that&#8217;s perfect even for a formal event. Your essentials like your phone, wallet, gum and favourite lipstick will fit in a handbag. For <a href=\"https:\/\/www.shopalike.hu\/inspiraciok\/stilusvilag\/alkalmi-ruhak\/\">casual outfits,<\/a> this pretty <a href=\"https:\/\/vengru.com\/en\/product-categories\/collections-en\/gem-leather-bags-en\/gem-handbag-en\/\">little<\/a> bag is great, but if convenience is important, we definitely recommend this chain envelope bag. These small bag styles are also perfect as theatre bags.<\/p>\n<p>The bag is made of premium quality Italian leather, the work of Hungarian leather decorators, a small series leather product. The accessories are high quality Italian metal accessories, with cut edges, hand painted edge finishes.<\/p>\n<p>External dimensions of the bag body: 29 cm x 16 cm x 11 cm<\/p>\n<p>A versatile accessory, it can be worn as a sling shoulder bag with an attachable shoulder strap.<\/p>\n<p>Compatible accessories can be attached to the hand grip of the bag:<\/p>\n<ul>\n<li>Chain,<\/li>\n<li>Cross strap,<\/li>\n<li>Wide cross strap.<\/li>\n<\/ul>\n<h2>PRODUCT CARE, CLEANING<\/h2>\n<p>The original leather is a natural material, which is characterised by the fact that its character can change over time. With use, our genuine leather products can be given a patina finish to emphasise their uniqueness. In general, products made from genuine leather require moderate cleaning. Most dirt can be easily removed with a soft, damp cloth. Some soft leather products can also be treated with a specially formulated skin care cream. Always buy the right colour of moisturiser and use only as directed. Conditioning creams and sprays can darken the treated skin. First, it&#8217;s a good idea to clean in a less conspicuous place, where you can make sure that the cleaning doesn&#8217;t leave any unwanted marks. After-care products are not suitable for cleaning leather products.<\/p>\n<p>If you haven&#8217;t already, follow us on <a href=\"https:\/\/instagram.com\/vengrubag\">Instagram<\/a> and <a href=\"https:\/\/facebook.com\/vengrubag\">Facebook<\/a> to keep up to date with our latest news.<\/p>\n","protected":false},"excerpt":{"rendered":"<div class=\"woocommerce-product-details__short-description\">\n<p>Dear Customer,<\/p>\n<p>We believe in sustainable, eternal pieces. Most of our products are only a few pieces in stock, we make them to order. Of course, we will try to deliver orders as soon as possible, but due to the increased number of orders, it may take up to <strong>10-15 working days<\/strong> before delivery.<\/p>\n<p>If your order is urgent, please make sure you <a href=\"https:\/\/vengru.com\/kapcsolat-showroom-2\/\">contact<\/a> us.<\/p>\n<p>Thank you!<\/p>\n<p><em>BogiTomi<\/em><\/p>\n<\/div>\n<form class=\"variations_form cart wvs-loaded wvs-pro-loaded\" style=\"box-sizing: inherit; border: 0px; font-family: 'Open Sans', 'Helvetica Neue', sans-serif; font-size: 14px; font-style: normal; margin: 30px 0px 2em; padding: 0px; vertical-align: baseline; color: #4f4f4f; font-variant-ligatures: normal; font-variant-caps: normal; font-weight: 300; letter-spacing: normal; orphans: 2; text-align: start; text-indent: 0px; text-transform: none; white-space: normal; widows: 2; word-spacing: 0px; -webkit-text-stroke-width: 0px; background-color: #ffffff; text-decoration-thickness: initial; text-decoration-style: initial; text-decoration-color: initial;\" action=\"https:\/\/vengru.com\/termek\/gem-in-u-tavasz\/\" enctype=\"multipart\/form-data\" method=\"post\" data-product_id=\"12061\" data-product_variations=\"[{\"attributes\":{\"attribute_pa_szin\":\"\",\"attribute_pa_valassz-hozza-pantot\":\"minden-panttal\",\"attribute_pa_kellek\":\"\"},\"availability_html\":\"\",\"backorders_allowed\":false,\"dimensions\":{\"length\":\"\",\"width\":\"\",\"height\":\"\"},\"dimensions_html\":\"N\/A\",\"display_price\":142900,\"display_regular_price\":142900,\"image\":{\"title\":\"Gem in U tavasz\",\"caption\":\"\",\"url\":\"https:\/\/vengru.com\/wp-content\/uploads\/2022\/02\/Gem-in-U-kezdokep2.jpg\",\"alt\":\"Gem in U tavasz\",\"src\":\"https:\/\/vengru.com\/wp-content\/uploads\/2022\/02\/Gem-in-U-kezdokep2-300x375.jpg\",\"srcset\":\"https:\/\/vengru.com\/wp-content\/uploads\/2022\/02\/Gem-in-U-kezdokep2-300x375.jpg 300w, https:\/\/vengru.com\/wp-content\/uploads\/2022\/02\/Gem-in-U-kezdokep2-768x960.jpg 768w, https:\/\/vengru.com\/wp-content\/uploads\/2022\/02\/Gem-in-U-kezdokep2.jpg 800w\",\"sizes\":\"(max-width: 300px) 100vw, 300px\",\"full_src\":\"https:\/\/vengru.com\/wp-content\/uploads\/2022\/02\/Gem-in-U-kezdokep2.jpg\",\"full_src_w\":800,\"full_src_h\":1000,\"gallery_thumbnail_src\":\"https:\/\/vengru.com\/wp-content\/uploads\/2022\/02\/Gem-in-U-kezdokep2-300x300.jpg\",\"gallery_thumbnail_src_w\":300,\"gallery_thumbnail_src_h\":300,\"thumb_src\":\"https:\/\/vengru.com\/wp-content\/uploads\/2022\/02\/Gem-in-U-kezdokep2-300x300.jpg\",\"thumb_src_w\":300,\"thumb_src_h\":300,\"src_w\":300,\"src_h\":375,\"thumb_srcset\":\"https:\/\/vengru.com\/wp-content\/uploads\/2022\/02\/Gem-in-U-kezdokep2-300x300.jpg 300w, https:\/\/vengru.com\/wp-content\/uploads\/2022\/02\/Gem-in-U-kezdokep2-150x150.jpg 150w\",\"thumb_sizes\":\"(max-width: 300px) 100vw, 300px\"},\"image_id\":12065,\"is_downloadable\":false,\"is_in_stock\":true,\"is_purchasable\":true,\"is_sold_individually\":\"no\",\"is_virtual\":false,\"max_qty\":\"\",\"min_qty\":1,\"price_html\":\"&lt;encoded_tag_open \/&gt;span class=\"price\"&lt;encoded_tag_closed \/&gt;&lt;encoded_tag_open \/&gt;span class=\"woocommerce-Price-amount amount\"&lt;encoded_tag_closed \/&gt;142 900&nbsp;&lt;encoded_tag_open \/&gt;span class=\"woocommerce-Price-currencySymbol\"&lt;encoded_tag_closed \/&gt;Ft&lt;encoded_tag_open \/&gt;\/span&lt;encoded_tag_closed \/&gt;&lt;encoded_tag_open \/&gt;\/span&lt;encoded_tag_closed \/&gt;&lt;encoded_tag_open \/&gt;\/span&lt;encoded_tag_closed \/&gt;\",\"sku\":\"\",\"variation_description\":\"\",\"variation_id\":12075,\"variation_is_active\":true,\"variation_is_visible\":true,\"weight\":\"\",\"weight_html\":\"N\/A\",\"wvs_stock_left\":\"\"},{\"attributes\":{\"attribute_pa_szin\":\"\",\"attribute_pa_valassz-hozza-pantot\":\"szeles-keresztpanttal\",\"attribute_pa_kellek\":\"\"},\"availability_html\":\"\",\"backorders_allowed\":false,\"dimensions\":{\"length\":\"\",\"width\":\"\",\"height\":\"\"},\"dimensions_html\":\"N\/A\",\"display_price\":127900,\"display_regular_price\":127900,\"image\":{\"title\":\"Gem in U tavasz\",\"caption\":\"\",\"url\":\"https:\/\/vengru.com\/wp-content\/uploads\/2022\/02\/Gem-in-U-kezdokep2.jpg\",\"alt\":\"Gem in U tavasz\",\"src\":\"https:\/\/vengru.com\/wp-content\/uploads\/2022\/02\/Gem-in-U-kezdokep2-300x375.jpg\",\"srcset\":\"https:\/\/vengru.com\/wp-content\/uploads\/2022\/02\/Gem-in-U-kezdokep2-300x375.jpg 300w, https:\/\/vengru.com\/wp-content\/uploads\/2022\/02\/Gem-in-U-kezdokep2-768x960.jpg 768w, https:\/\/vengru.com\/wp-content\/uploads\/2022\/02\/Gem-in-U-kezdokep2.jpg 800w\",\"sizes\":\"(max-width: 300px) 100vw, 300px\",\"full_src\":\"https:\/\/vengru.com\/wp-content\/uploads\/2022\/02\/Gem-in-U-kezdokep2.jpg\",\"full_src_w\":800,\"full_src_h\":1000,\"gallery_thumbnail_src\":\"https:\/\/vengru.com\/wp-content\/uploads\/2022\/02\/Gem-in-U-kezdokep2-300x300.jpg\",\"gallery_thumbnail_src_w\":300,\"gallery_thumbnail_src_h\":300,\"thumb_src\":\"https:\/\/vengru.com\/wp-content\/uploads\/2022\/02\/Gem-in-U-kezdokep2-300x300.jpg\",\"thumb_src_w\":300,\"thumb_src_h\":300,\"src_w\":300,\"src_h\":375,\"thumb_srcset\":\"https:\/\/vengru.com\/wp-content\/uploads\/2022\/02\/Gem-in-U-kezdokep2-300x300.jpg 300w, https:\/\/vengru.com\/wp-content\/uploads\/2022\/02\/Gem-in-U-kezdokep2-150x150.jpg 150w\",\"thumb_sizes\":\"(max-width: 300px) 100vw, 300px\"},\"image_id\":12065,\"is_downloadable\":false,\"is_in_stock\":true,\"is_purchasable\":true,\"is_sold_individually\":\"no\",\"is_virtual\":false,\"max_qty\":\"\",\"min_qty\":1,\"price_html\":\"&lt;encoded_tag_open \/&gt;span class=\"price\"&lt;encoded_tag_closed \/&gt;&lt;encoded_tag_open \/&gt;span class=\"woocommerce-Price-amount amount\"&lt;encoded_tag_closed \/&gt;127 900&nbsp;&lt;encoded_tag_open \/&gt;span class=\"woocommerce-Price-currencySymbol\"&lt;encoded_tag_closed \/&gt;Ft&lt;encoded_tag_open \/&gt;\/span&lt;encoded_tag_closed \/&gt;&lt;encoded_tag_open \/&gt;\/span&lt;encoded_tag_closed \/&gt;&lt;encoded_tag_open \/&gt;\/span&lt;encoded_tag_closed \/&gt;\",\"sku\":\"\",\"variation_description\":\"\",\"variation_id\":12062,\"variation_is_active\":true,\"variation_is_visible\":true,\"weight\":\"\",\"weight_html\":\"N\/A\",\"wvs_stock_left\":\"\"},{\"attributes\":{\"attribute_pa_szin\":\"\",\"attribute_pa_valassz-hozza-pantot\":\"keresztpanttal\",\"attribute_pa_kellek\":\"\"},\"availability_html\":\"\",\"backorders_allowed\":false,\"dimensions\":{\"length\":\"\",\"width\":\"\",\"height\":\"\"},\"dimensions_html\":\"N\/A\",\"display_price\":127900,\"display_regular_price\":127900,\"image\":{\"title\":\"Gem in U tavasz\",\"caption\":\"\",\"url\":\"https:\/\/vengru.com\/wp-content\/uploads\/2022\/02\/Gem-in-U-kezdokep2.jpg\",\"alt\":\"Gem in U tavasz\",\"src\":\"https:\/\/vengru.com\/wp-content\/uploads\/2022\/02\/Gem-in-U-kezdokep2-300x375.jpg\",\"srcset\":\"https:\/\/vengru.com\/wp-content\/uploads\/2022\/02\/Gem-in-U-kezdokep2-300x375.jpg 300w, https:\/\/vengru.com\/wp-content\/uploads\/2022\/02\/Gem-in-U-kezdokep2-768x960.jpg 768w, https:\/\/vengru.com\/wp-content\/uploads\/2022\/02\/Gem-in-U-kezdokep2.jpg 800w\",\"sizes\":\"(max-width: 300px) 100vw, 300px\",\"full_src\":\"https:\/\/vengru.com\/wp-content\/uploads\/2022\/02\/Gem-in-U-kezdokep2.jpg\",\"full_src_w\":800,\"full_src_h\":1000,\"gallery_thumbnail_src\":\"https:\/\/vengru.com\/wp-content\/uploads\/2022\/02\/Gem-in-U-kezdokep2-300x300.jpg\",\"gallery_thumbnail_src_w\":300,\"gallery_thumbnail_src_h\":300,\"thumb_src\":\"https:\/\/vengru.com\/wp-content\/uploads\/2022\/02\/Gem-in-U-kezdokep2-300x300.jpg\",\"thumb_src_w\":300,\"thumb_src_h\":300,\"src_w\":300,\"src_h\":375,\"thumb_srcset\":\"https:\/\/vengru.com\/wp-content\/uploads\/2022\/02\/Gem-in-U-kezdokep2-300x300.jpg 300w, https:\/\/vengru.com\/wp-content\/uploads\/2022\/02\/Gem-in-U-kezdokep2-150x150.jpg 150w\",\"thumb_sizes\":\"(max-width: 300px) 100vw, 300px\"},\"image_id\":12065,\"is_downloadable\":false,\"is_in_stock\":true,\"is_purchasable\":true,\"is_sold_individually\":\"no\",\"is_virtual\":false,\"max_qty\":\"\",\"min_qty\":1,\"price_html\":\"&lt;encoded_tag_open \/&gt;span class=\"price\"&lt;encoded_tag_closed \/&gt;&lt;encoded_tag_open \/&gt;span class=\"woocommerce-Price-amount amount\"&lt;encoded_tag_closed \/&gt;127 900&nbsp;&lt;encoded_tag_open \/&gt;span class=\"woocommerce-Price-currencySymbol\"&lt;encoded_tag_closed \/&gt;Ft&lt;encoded_tag_open \/&gt;\/span&lt;encoded_tag_closed \/&gt;&lt;encoded_tag_open \/&gt;\/span&lt;encoded_tag_closed \/&gt;&lt;encoded_tag_open \/&gt;\/span&lt;encoded_tag_closed \/&gt;\",\"sku\":\"\",\"variation_description\":\"\",\"variation_id\":12063,\"variation_is_active\":true,\"variation_is_visible\":true,\"weight\":\"\",\"weight_html\":\"N\/A\",\"wvs_stock_left\":\"\"},{\"attributes\":{\"attribute_pa_szin\":\"\",\"attribute_pa_valassz-hozza-pantot\":\"pant-nelkul\",\"attribute_pa_kellek\":\"\"},\"availability_html\":\"\",\"backorders_allowed\":false,\"dimensions\":{\"length\":\"\",\"width\":\"\",\"height\":\"\"},\"dimensions_html\":\"N\/A\",\"display_price\":109900,\"display_regular_price\":109900,\"image\":{\"title\":\"Gem in U tavasz\",\"caption\":\"\",\"url\":\"https:\/\/vengru.com\/wp-content\/uploads\/2022\/02\/Gem-in-U-kezdokep2.jpg\",\"alt\":\"Gem in U tavasz\",\"src\":\"https:\/\/vengru.com\/wp-content\/uploads\/2022\/02\/Gem-in-U-kezdokep2-300x375.jpg\",\"srcset\":\"https:\/\/vengru.com\/wp-content\/uploads\/2022\/02\/Gem-in-U-kezdokep2-300x375.jpg 300w, https:\/\/vengru.com\/wp-content\/uploads\/2022\/02\/Gem-in-U-kezdokep2-768x960.jpg 768w, https:\/\/vengru.com\/wp-content\/uploads\/2022\/02\/Gem-in-U-kezdokep2.jpg 800w\",\"sizes\":\"(max-width: 300px) 100vw, 300px\",\"full_src\":\"https:\/\/vengru.com\/wp-content\/uploads\/2022\/02\/Gem-in-U-kezdokep2.jpg\",\"full_src_w\":800,\"full_src_h\":1000,\"gallery_thumbnail_src\":\"https:\/\/vengru.com\/wp-content\/uploads\/2022\/02\/Gem-in-U-kezdokep2-300x300.jpg\",\"gallery_thumbnail_src_w\":300,\"gallery_thumbnail_src_h\":300,\"thumb_src\":\"https:\/\/vengru.com\/wp-content\/uploads\/2022\/02\/Gem-in-U-kezdokep2-300x300.jpg\",\"thumb_src_w\":300,\"thumb_src_h\":300,\"src_w\":300,\"src_h\":375,\"thumb_srcset\":\"https:\/\/vengru.com\/wp-content\/uploads\/2022\/02\/Gem-in-U-kezdokep2-300x300.jpg 300w, https:\/\/vengru.com\/wp-content\/uploads\/2022\/02\/Gem-in-U-kezdokep2-150x150.jpg 150w\",\"thumb_sizes\":\"(max-width: 300px) 100vw, 300px\"},\"image_id\":12065,\"is_downloadable\":false,\"is_in_stock\":true,\"is_purchasable\":true,\"is_sold_individually\":\"no\",\"is_virtual\":false,\"max_qty\":\"\",\"min_qty\":1,\"price_html\":\"&lt;encoded_tag_open \/&gt;span class=\"price\"&lt;encoded_tag_closed \/&gt;&lt;encoded_tag_open \/&gt;span class=\"woocommerce-Price-amount amount\"&lt;encoded_tag_closed \/&gt;109 900&nbsp;&lt;encoded_tag_open \/&gt;span class=\"woocommerce-Price-currencySymbol\"&lt;encoded_tag_closed \/&gt;Ft&lt;encoded_tag_open \/&gt;\/span&lt;encoded_tag_closed \/&gt;&lt;encoded_tag_open \/&gt;\/span&lt;encoded_tag_closed \/&gt;&lt;encoded_tag_open \/&gt;\/span&lt;encoded_tag_closed \/&gt;\",\"sku\":\"\",\"variation_description\":\"\",\"variation_id\":12064,\"variation_is_active\":true,\"variation_is_visible\":true,\"weight\":\"\",\"weight_html\":\"N\/A\",\"wvs_stock_left\":\"\"}]\"><\/form>\n","protected":false},"featured_media":15123,"comment_status":"open","ping_status":"closed","template":"","meta":[],"product_brand":[],"product_cat":[1224,1497],"product_tag":[722,269,271,243],"class_list":{"0":"post-15122","1":"product","2":"type-product","3":"status-publish","4":"has-post-thumbnail","6":"product_cat-stock","7":"product_cat-seasonal-pieces","8":"product_tag-designer-bag-en","9":"product_tag-leather-bags","10":"product_tag-small-bags","11":"product_tag-unique-bag","12":"pa_kellek-gold","13":"pa_kellek-silver","14":"pa_szin-black","15":"pa_szin-grey","16":"pa_szin-red","17":"pa_szin-sand","18":"pa_valassz-pantot-wide-crossbar-long","19":"pa_valassz-pantot-wide-crossbar-short","20":"pa_valassz-pantot-with-chain","21":"pa_valassz-pantot-with-cross-strap","22":"pa_valassz-pantot-with-narrow-crossbody-strap","23":"pa_valassz-pantot-without-strap","25":"first","26":"instock","27":"featured","28":"shipping-taxable","29":"purchasable","30":"product-type-simple"},"yoast_head":"<!-- This site is optimized with the Yoast SEO plugin v27.4 - https:\/\/yoast.com\/product\/yoast-seo-wordpress\/ -->\n<title>GEM handbag nude laquer<\/title>\n<meta name=\"description\" content=\"GEM handbag. Unique leather bag, classic shoulder bag for women. Attention-grabbing and timeless, a truly timeless piece.\" \/>\n<meta name=\"robots\" content=\"index, follow, max-snippet:-1, max-image-preview:large, max-video-preview:-1\" \/>\n<link rel=\"canonical\" href=\"https:\/\/vengru.com\/en\/termek\/15122\/\" \/>\n<meta property=\"og:locale\" content=\"en_US\" \/>\n<meta property=\"og:type\" content=\"article\" \/>\n<meta property=\"og:title\" content=\"GEM handbag nude laquer\" \/>\n<meta property=\"og:description\" content=\"GEM handbag. Unique leather bag, classic shoulder bag for women. Attention-grabbing and timeless, a truly timeless piece.\" \/>\n<meta property=\"og:url\" content=\"https:\/\/vengru.com\/en\/termek\/15122\/\" \/>\n<meta property=\"og:site_name\" content=\"vengru.com\" \/>\n<meta property=\"article:publisher\" content=\"https:\/\/www.facebook.com\/vengrubag\/\" \/>\n<meta property=\"article:modified_time\" content=\"2025-03-20T19:31:01+00:00\" \/>\n<meta property=\"og:image\" content=\"https:\/\/vengru.com\/wp-content\/uploads\/2023\/04\/Gem-kezitaska-nude-lakk.jpg\" \/>\n\t<meta property=\"og:image:width\" content=\"800\" \/>\n\t<meta property=\"og:image:height\" content=\"1000\" \/>\n\t<meta property=\"og:image:type\" content=\"image\/jpeg\" \/>\n<meta name=\"twitter:card\" content=\"summary_large_image\" \/>\n<meta name=\"twitter:label1\" content=\"Est. reading time\" \/>\n\t<meta name=\"twitter:data1\" content=\"2 minutes\" \/>\n<script type=\"application\/ld+json\" class=\"yoast-schema-graph\">{\"@context\":\"https:\\\/\\\/schema.org\",\"@graph\":[{\"@type\":\"WebPage\",\"@id\":\"https:\\\/\\\/vengru.com\\\/en\\\/termek\\\/15122\\\/\",\"url\":\"https:\\\/\\\/vengru.com\\\/en\\\/termek\\\/15122\\\/\",\"name\":\"GEM handbag nude laquer\",\"isPartOf\":{\"@id\":\"https:\\\/\\\/vengru.com\\\/en\\\/#website\"},\"primaryImageOfPage\":{\"@id\":\"https:\\\/\\\/vengru.com\\\/en\\\/termek\\\/15122\\\/#primaryimage\"},\"image\":{\"@id\":\"https:\\\/\\\/vengru.com\\\/en\\\/termek\\\/15122\\\/#primaryimage\"},\"thumbnailUrl\":\"https:\\\/\\\/vengru.com\\\/wp-content\\\/uploads\\\/2023\\\/04\\\/Gem-kezitaska-nude-lakk.jpg\",\"datePublished\":\"2023-04-14T12:28:15+00:00\",\"dateModified\":\"2025-03-20T19:31:01+00:00\",\"description\":\"GEM handbag. Unique leather bag, classic shoulder bag for women. Attention-grabbing and timeless, a truly timeless piece.\",\"breadcrumb\":{\"@id\":\"https:\\\/\\\/vengru.com\\\/en\\\/termek\\\/15122\\\/#breadcrumb\"},\"inLanguage\":\"en-US\",\"potentialAction\":[{\"@type\":\"ReadAction\",\"target\":[\"https:\\\/\\\/vengru.com\\\/en\\\/termek\\\/15122\\\/\"]}]},{\"@type\":\"ImageObject\",\"inLanguage\":\"en-US\",\"@id\":\"https:\\\/\\\/vengru.com\\\/en\\\/termek\\\/15122\\\/#primaryimage\",\"url\":\"https:\\\/\\\/vengru.com\\\/wp-content\\\/uploads\\\/2023\\\/04\\\/Gem-kezitaska-nude-lakk.jpg\",\"contentUrl\":\"https:\\\/\\\/vengru.com\\\/wp-content\\\/uploads\\\/2023\\\/04\\\/Gem-kezitaska-nude-lakk.jpg\",\"width\":800,\"height\":1000,\"caption\":\"GEM handbag nude laquer\"},{\"@type\":\"BreadcrumbList\",\"@id\":\"https:\\\/\\\/vengru.com\\\/en\\\/termek\\\/15122\\\/#breadcrumb\",\"itemListElement\":[{\"@type\":\"ListItem\",\"position\":1,\"name\":\"Home\",\"item\":\"https:\\\/\\\/vengru.com\\\/en\\\/\"},{\"@type\":\"ListItem\",\"position\":2,\"name\":\"SHOP\",\"item\":\"https:\\\/\\\/vengru.com\\\/en\\\/shop-2\\\/\"},{\"@type\":\"ListItem\",\"position\":3,\"name\":\"GEM handbag nude laquer\"}]},{\"@type\":\"WebSite\",\"@id\":\"https:\\\/\\\/vengru.com\\\/en\\\/#website\",\"url\":\"https:\\\/\\\/vengru.com\\\/en\\\/\",\"name\":\"vengru.com\",\"description\":\"Vari\u00e1lhat\u00f3, min\u0151s\u00e9gi magyar designer m\u00e1rka\",\"publisher\":{\"@id\":\"https:\\\/\\\/vengru.com\\\/en\\\/#organization\"},\"potentialAction\":[{\"@type\":\"SearchAction\",\"target\":{\"@type\":\"EntryPoint\",\"urlTemplate\":\"https:\\\/\\\/vengru.com\\\/en\\\/?s={search_term_string}\"},\"query-input\":{\"@type\":\"PropertyValueSpecification\",\"valueRequired\":true,\"valueName\":\"search_term_string\"}}],\"inLanguage\":\"en-US\"},{\"@type\":\"Organization\",\"@id\":\"https:\\\/\\\/vengru.com\\\/en\\\/#organization\",\"name\":\"VENGRU Ltd.\",\"url\":\"https:\\\/\\\/vengru.com\\\/en\\\/\",\"logo\":{\"@type\":\"ImageObject\",\"inLanguage\":\"en-US\",\"@id\":\"https:\\\/\\\/vengru.com\\\/en\\\/#\\\/schema\\\/logo\\\/image\\\/\",\"url\":\"https:\\\/\\\/vengru.com\\\/wp-content\\\/uploads\\\/2025\\\/05\\\/cropped-VENGRU-logoPNG3-1.png\",\"contentUrl\":\"https:\\\/\\\/vengru.com\\\/wp-content\\\/uploads\\\/2025\\\/05\\\/cropped-VENGRU-logoPNG3-1.png\",\"width\":581,\"height\":98,\"caption\":\"VENGRU Ltd.\"},\"image\":{\"@id\":\"https:\\\/\\\/vengru.com\\\/en\\\/#\\\/schema\\\/logo\\\/image\\\/\"},\"sameAs\":[\"https:\\\/\\\/www.facebook.com\\\/vengrubag\\\/\",\"https:\\\/\\\/www.instagram.com\\\/vengrubag\\\/\"]}]}<\/script>\n<!-- \/ Yoast SEO plugin. -->","yoast_head_json":{"title":"GEM handbag nude laquer","description":"GEM handbag. Unique leather bag, classic shoulder bag for women. Attention-grabbing and timeless, a truly timeless piece.","robots":{"index":"index","follow":"follow","max-snippet":"max-snippet:-1","max-image-preview":"max-image-preview:large","max-video-preview":"max-video-preview:-1"},"canonical":"https:\/\/vengru.com\/en\/termek\/15122\/","og_locale":"en_US","og_type":"article","og_title":"GEM handbag nude laquer","og_description":"GEM handbag. Unique leather bag, classic shoulder bag for women. Attention-grabbing and timeless, a truly timeless piece.","og_url":"https:\/\/vengru.com\/en\/termek\/15122\/","og_site_name":"vengru.com","article_publisher":"https:\/\/www.facebook.com\/vengrubag\/","article_modified_time":"2025-03-20T19:31:01+00:00","og_image":[{"width":800,"height":1000,"url":"https:\/\/vengru.com\/wp-content\/uploads\/2023\/04\/Gem-kezitaska-nude-lakk.jpg","type":"image\/jpeg"}],"twitter_card":"summary_large_image","twitter_misc":{"Est. reading time":"2 minutes"},"schema":{"@context":"https:\/\/schema.org","@graph":[{"@type":"WebPage","@id":"https:\/\/vengru.com\/en\/termek\/15122\/","url":"https:\/\/vengru.com\/en\/termek\/15122\/","name":"GEM handbag nude laquer","isPartOf":{"@id":"https:\/\/vengru.com\/en\/#website"},"primaryImageOfPage":{"@id":"https:\/\/vengru.com\/en\/termek\/15122\/#primaryimage"},"image":{"@id":"https:\/\/vengru.com\/en\/termek\/15122\/#primaryimage"},"thumbnailUrl":"https:\/\/vengru.com\/wp-content\/uploads\/2023\/04\/Gem-kezitaska-nude-lakk.jpg","datePublished":"2023-04-14T12:28:15+00:00","dateModified":"2025-03-20T19:31:01+00:00","description":"GEM handbag. Unique leather bag, classic shoulder bag for women. Attention-grabbing and timeless, a truly timeless piece.","breadcrumb":{"@id":"https:\/\/vengru.com\/en\/termek\/15122\/#breadcrumb"},"inLanguage":"en-US","potentialAction":[{"@type":"ReadAction","target":["https:\/\/vengru.com\/en\/termek\/15122\/"]}]},{"@type":"ImageObject","inLanguage":"en-US","@id":"https:\/\/vengru.com\/en\/termek\/15122\/#primaryimage","url":"https:\/\/vengru.com\/wp-content\/uploads\/2023\/04\/Gem-kezitaska-nude-lakk.jpg","contentUrl":"https:\/\/vengru.com\/wp-content\/uploads\/2023\/04\/Gem-kezitaska-nude-lakk.jpg","width":800,"height":1000,"caption":"GEM handbag nude laquer"},{"@type":"BreadcrumbList","@id":"https:\/\/vengru.com\/en\/termek\/15122\/#breadcrumb","itemListElement":[{"@type":"ListItem","position":1,"name":"Home","item":"https:\/\/vengru.com\/en\/"},{"@type":"ListItem","position":2,"name":"SHOP","item":"https:\/\/vengru.com\/en\/shop-2\/"},{"@type":"ListItem","position":3,"name":"GEM handbag nude laquer"}]},{"@type":"WebSite","@id":"https:\/\/vengru.com\/en\/#website","url":"https:\/\/vengru.com\/en\/","name":"vengru.com","description":"Vari\u00e1lhat\u00f3, min\u0151s\u00e9gi magyar designer m\u00e1rka","publisher":{"@id":"https:\/\/vengru.com\/en\/#organization"},"potentialAction":[{"@type":"SearchAction","target":{"@type":"EntryPoint","urlTemplate":"https:\/\/vengru.com\/en\/?s={search_term_string}"},"query-input":{"@type":"PropertyValueSpecification","valueRequired":true,"valueName":"search_term_string"}}],"inLanguage":"en-US"},{"@type":"Organization","@id":"https:\/\/vengru.com\/en\/#organization","name":"VENGRU Ltd.","url":"https:\/\/vengru.com\/en\/","logo":{"@type":"ImageObject","inLanguage":"en-US","@id":"https:\/\/vengru.com\/en\/#\/schema\/logo\/image\/","url":"https:\/\/vengru.com\/wp-content\/uploads\/2025\/05\/cropped-VENGRU-logoPNG3-1.png","contentUrl":"https:\/\/vengru.com\/wp-content\/uploads\/2025\/05\/cropped-VENGRU-logoPNG3-1.png","width":581,"height":98,"caption":"VENGRU Ltd."},"image":{"@id":"https:\/\/vengru.com\/en\/#\/schema\/logo\/image\/"},"sameAs":["https:\/\/www.facebook.com\/vengrubag\/","https:\/\/www.instagram.com\/vengrubag\/"]}]}},"_links":{"self":[{"href":"https:\/\/vengru.com\/en\/wp-json\/wp\/v2\/product\/15122","targetHints":{"allow":["GET"]}}],"collection":[{"href":"https:\/\/vengru.com\/en\/wp-json\/wp\/v2\/product"}],"about":[{"href":"https:\/\/vengru.com\/en\/wp-json\/wp\/v2\/types\/product"}],"replies":[{"embeddable":true,"href":"https:\/\/vengru.com\/en\/wp-json\/wp\/v2\/comments?post=15122"}],"wp:featuredmedia":[{"embeddable":true,"href":"https:\/\/vengru.com\/en\/wp-json\/wp\/v2\/media\/15123"}],"wp:attachment":[{"href":"https:\/\/vengru.com\/en\/wp-json\/wp\/v2\/media?parent=15122"}],"wp:term":[{"taxonomy":"product_brand","embeddable":true,"href":"https:\/\/vengru.com\/en\/wp-json\/wp\/v2\/product_brand?post=15122"},{"taxonomy":"product_cat","embeddable":true,"href":"https:\/\/vengru.com\/en\/wp-json\/wp\/v2\/product_cat?post=15122"},{"taxonomy":"product_tag","embeddable":true,"href":"https:\/\/vengru.com\/en\/wp-json\/wp\/v2\/product_tag?post=15122"}],"curies":[{"name":"wp","href":"https:\/\/api.w.org\/{rel}","templated":true}]}}