{"id":13244,"date":"2022-03-23T03:58:00","date_gmt":"2022-03-23T03:58:02","guid":{"rendered":"https:\/\/vengru.com\/?post_type=product&#038;p=13244"},"modified":"2022-03-23T04:08:15","modified_gmt":"2022-03-23T04:08:15","slug":"narrow-leather-belt-metal-color","status":"publish","type":"product","link":"https:\/\/vengru.com\/en\/termek\/narrow-leather-belt-metal-color\/","title":{"rendered":"Narrow leather belt metal color"},"content":{"rendered":"<h2>Narrow LEATHER BELT metal color<\/h2>\n<p>The narrow leather belt in metal colors is an important addition to our outfit. It has beautiful crafted details for everyone who loves minimalism.<\/p>\n<p>Soft and durable premium Italian leather belt with adjustable length to make sure you find the right size. Handmade, small series product, handmade by Hungarian leatherworkers, cut edges with hand-painted windwork. The accessories are high quality Italian metal accessories.<\/p>\n<p>Its size is 103 \u00d7 2 cm, the belt can be adjusted between 60-100 cm.<\/p>\n<p>This leather belt is ideal for elegant wear or for loose casual wear, a classic, timeless piece that is both elegant in appearance and practical.<\/p>\n<p>This narrow belt style can be varied with any of Vengru\u2019s wide waist straps that can be worn as a wide waist belt, making it a true 2 in 1 piece. Combine the colors! The set is expandable and can be ordered separately with a wide waistband or a narrow buckle belt. You can put together different color combinations to always match your style and to your current outfited. Can be easily combined with the basic wardrobe. It makes the simplest outfit so special.<\/p>\n<p>The 6 cm wide waistband is available in two lengths, 65 cm and 75 cm.<\/p>\n<h2>PRODUCT CARE, CLEANING<\/h2>\n<p>The original leather is a natural material, the characteristic of which is that its character may change over time. As a result of use, the appearance of our original leather products can become patinated, which emphasizes their uniqueness. In general, genuine leather products require moderate cleaning. Most of the dirt can be easily removed with a soft, damp cloth. Some soft leather products can also be treated with a special care cream. Always buy a care cream of the right color and use it only in accordance with the instructions for use. Nourishing creams and sprays can darken the treated skin surface. It is a good idea to clean it first in a less conspicuous place where you can make sure that the cleaning does not leave any unwanted marks. Stain removers are not suitable for cleaning leather products.<\/p>\n<p>Follow us on Instagram and Facebook, where you can always stay up-to-date on what\u2019s new.<\/p>\n","protected":false},"excerpt":{"rendered":"<p>Dear customer,<\/p>\n<p>Let me you know all of our products are custom-made, we believe in sustainable fashion, we don\u2019t keep high stock. Most of our products are made for orders. We are a small company, so the\u00a0<strong>production needs 10-15 workdays<\/strong>\u00a0before shipping.<\/p>\n<p>Thank you for your understanding.<\/p>\n<p><em>Bogi&amp;Tomi<\/em><\/p>\n<p><em>VENGRU team<\/em><\/p>\n","protected":false},"featured_media":8148,"comment_status":"open","ping_status":"closed","template":"","meta":[],"product_brand":[],"product_cat":[1108],"product_tag":[],"class_list":{"0":"post-13244","1":"product","2":"type-product","3":"status-publish","4":"has-post-thumbnail","6":"product_cat-belts-for-woman","7":"pa_szin-gold","8":"pa_szin-rose-gold","9":"pa_szin-silver","11":"first","12":"instock","13":"shipping-taxable","14":"purchasable","15":"product-type-variable"},"yoast_head":"<!-- This site is optimized with the Yoast SEO plugin v27.4 - https:\/\/yoast.com\/product\/yoast-seo-wordpress\/ -->\n<title>Narrow leather belt metal color - vengru.com variable designer leather belt<\/title>\n<meta name=\"description\" content=\"The narrow leather belt in metal color is an important addition to our outfit. It has beautiful crafted details for everyone who loves minimalism.\" \/>\n<meta name=\"robots\" content=\"index, follow, max-snippet:-1, max-image-preview:large, max-video-preview:-1\" \/>\n<link rel=\"canonical\" href=\"https:\/\/vengru.com\/en\/termek\/narrow-leather-belt-metal-color\/\" \/>\n<meta property=\"og:locale\" content=\"en_US\" \/>\n<meta property=\"og:type\" content=\"article\" \/>\n<meta property=\"og:title\" content=\"Narrow leather belt metal color - vengru.com variable designer leather belt\" \/>\n<meta property=\"og:description\" content=\"The narrow leather belt in metal color is an important addition to our outfit. It has beautiful crafted details for everyone who loves minimalism.\" \/>\n<meta property=\"og:url\" content=\"https:\/\/vengru.com\/en\/termek\/narrow-leather-belt-metal-color\/\" \/>\n<meta property=\"og:site_name\" content=\"vengru.com\" \/>\n<meta property=\"article:publisher\" content=\"https:\/\/www.facebook.com\/vengrubag\/\" \/>\n<meta property=\"article:modified_time\" content=\"2022-03-23T04:08:15+00:00\" \/>\n<meta property=\"og:image\" content=\"https:\/\/vengru.com\/wp-content\/uploads\/2020\/12\/VARIALHATO_OV_ROSE_ARANY_002.jpg\" \/>\n\t<meta property=\"og:image:width\" content=\"1067\" \/>\n\t<meta property=\"og:image:height\" content=\"1600\" \/>\n\t<meta property=\"og:image:type\" content=\"image\/jpeg\" \/>\n<meta name=\"twitter:card\" content=\"summary_large_image\" \/>\n<meta name=\"twitter:label1\" content=\"Est. reading time\" \/>\n\t<meta name=\"twitter:data1\" content=\"2 minutes\" \/>\n<script type=\"application\/ld+json\" class=\"yoast-schema-graph\">{\"@context\":\"https:\\\/\\\/schema.org\",\"@graph\":[{\"@type\":\"WebPage\",\"@id\":\"https:\\\/\\\/vengru.com\\\/en\\\/termek\\\/narrow-leather-belt-metal-color\\\/\",\"url\":\"https:\\\/\\\/vengru.com\\\/en\\\/termek\\\/narrow-leather-belt-metal-color\\\/\",\"name\":\"Narrow leather belt metal color - vengru.com variable designer leather belt\",\"isPartOf\":{\"@id\":\"https:\\\/\\\/vengru.com\\\/en\\\/#website\"},\"primaryImageOfPage\":{\"@id\":\"https:\\\/\\\/vengru.com\\\/en\\\/termek\\\/narrow-leather-belt-metal-color\\\/#primaryimage\"},\"image\":{\"@id\":\"https:\\\/\\\/vengru.com\\\/en\\\/termek\\\/narrow-leather-belt-metal-color\\\/#primaryimage\"},\"thumbnailUrl\":\"https:\\\/\\\/vengru.com\\\/wp-content\\\/uploads\\\/2020\\\/12\\\/VARIALHATO_OV_ROSE_ARANY_002.jpg\",\"datePublished\":\"2022-03-23T03:58:02+00:00\",\"dateModified\":\"2022-03-23T04:08:15+00:00\",\"description\":\"The narrow leather belt in metal color is an important addition to our outfit. It has beautiful crafted details for everyone who loves minimalism.\",\"breadcrumb\":{\"@id\":\"https:\\\/\\\/vengru.com\\\/en\\\/termek\\\/narrow-leather-belt-metal-color\\\/#breadcrumb\"},\"inLanguage\":\"en-US\",\"potentialAction\":[{\"@type\":\"ReadAction\",\"target\":[\"https:\\\/\\\/vengru.com\\\/en\\\/termek\\\/narrow-leather-belt-metal-color\\\/\"]}]},{\"@type\":\"ImageObject\",\"inLanguage\":\"en-US\",\"@id\":\"https:\\\/\\\/vengru.com\\\/en\\\/termek\\\/narrow-leather-belt-metal-color\\\/#primaryimage\",\"url\":\"https:\\\/\\\/vengru.com\\\/wp-content\\\/uploads\\\/2020\\\/12\\\/VARIALHATO_OV_ROSE_ARANY_002.jpg\",\"contentUrl\":\"https:\\\/\\\/vengru.com\\\/wp-content\\\/uploads\\\/2020\\\/12\\\/VARIALHATO_OV_ROSE_ARANY_002.jpg\",\"width\":1067,\"height\":1600,\"caption\":\"Vari\u00e1lhat\u00f3 b\u0151r \u00f6v r\u00f3zsaarany szett\"},{\"@type\":\"BreadcrumbList\",\"@id\":\"https:\\\/\\\/vengru.com\\\/en\\\/termek\\\/narrow-leather-belt-metal-color\\\/#breadcrumb\",\"itemListElement\":[{\"@type\":\"ListItem\",\"position\":1,\"name\":\"Home\",\"item\":\"https:\\\/\\\/vengru.com\\\/en\\\/\"},{\"@type\":\"ListItem\",\"position\":2,\"name\":\"SHOP\",\"item\":\"https:\\\/\\\/vengru.com\\\/en\\\/shop-2\\\/\"},{\"@type\":\"ListItem\",\"position\":3,\"name\":\"Narrow leather belt metal color\"}]},{\"@type\":\"WebSite\",\"@id\":\"https:\\\/\\\/vengru.com\\\/en\\\/#website\",\"url\":\"https:\\\/\\\/vengru.com\\\/en\\\/\",\"name\":\"vengru.com\",\"description\":\"Vari\u00e1lhat\u00f3, min\u0151s\u00e9gi magyar designer m\u00e1rka\",\"publisher\":{\"@id\":\"https:\\\/\\\/vengru.com\\\/en\\\/#organization\"},\"potentialAction\":[{\"@type\":\"SearchAction\",\"target\":{\"@type\":\"EntryPoint\",\"urlTemplate\":\"https:\\\/\\\/vengru.com\\\/en\\\/?s={search_term_string}\"},\"query-input\":{\"@type\":\"PropertyValueSpecification\",\"valueRequired\":true,\"valueName\":\"search_term_string\"}}],\"inLanguage\":\"en-US\"},{\"@type\":\"Organization\",\"@id\":\"https:\\\/\\\/vengru.com\\\/en\\\/#organization\",\"name\":\"VENGRU Ltd.\",\"url\":\"https:\\\/\\\/vengru.com\\\/en\\\/\",\"logo\":{\"@type\":\"ImageObject\",\"inLanguage\":\"en-US\",\"@id\":\"https:\\\/\\\/vengru.com\\\/en\\\/#\\\/schema\\\/logo\\\/image\\\/\",\"url\":\"https:\\\/\\\/vengru.com\\\/wp-content\\\/uploads\\\/2025\\\/05\\\/cropped-VENGRU-logoPNG3-1.png\",\"contentUrl\":\"https:\\\/\\\/vengru.com\\\/wp-content\\\/uploads\\\/2025\\\/05\\\/cropped-VENGRU-logoPNG3-1.png\",\"width\":581,\"height\":98,\"caption\":\"VENGRU Ltd.\"},\"image\":{\"@id\":\"https:\\\/\\\/vengru.com\\\/en\\\/#\\\/schema\\\/logo\\\/image\\\/\"},\"sameAs\":[\"https:\\\/\\\/www.facebook.com\\\/vengrubag\\\/\",\"https:\\\/\\\/www.instagram.com\\\/vengrubag\\\/\"]}]}<\/script>\n<!-- \/ Yoast SEO plugin. -->","yoast_head_json":{"title":"Narrow leather belt metal color - vengru.com variable designer leather belt","description":"The narrow leather belt in metal color is an important addition to our outfit. It has beautiful crafted details for everyone who loves minimalism.","robots":{"index":"index","follow":"follow","max-snippet":"max-snippet:-1","max-image-preview":"max-image-preview:large","max-video-preview":"max-video-preview:-1"},"canonical":"https:\/\/vengru.com\/en\/termek\/narrow-leather-belt-metal-color\/","og_locale":"en_US","og_type":"article","og_title":"Narrow leather belt metal color - vengru.com variable designer leather belt","og_description":"The narrow leather belt in metal color is an important addition to our outfit. It has beautiful crafted details for everyone who loves minimalism.","og_url":"https:\/\/vengru.com\/en\/termek\/narrow-leather-belt-metal-color\/","og_site_name":"vengru.com","article_publisher":"https:\/\/www.facebook.com\/vengrubag\/","article_modified_time":"2022-03-23T04:08:15+00:00","og_image":[{"width":1067,"height":1600,"url":"https:\/\/vengru.com\/wp-content\/uploads\/2020\/12\/VARIALHATO_OV_ROSE_ARANY_002.jpg","type":"image\/jpeg"}],"twitter_card":"summary_large_image","twitter_misc":{"Est. reading time":"2 minutes"},"schema":{"@context":"https:\/\/schema.org","@graph":[{"@type":"WebPage","@id":"https:\/\/vengru.com\/en\/termek\/narrow-leather-belt-metal-color\/","url":"https:\/\/vengru.com\/en\/termek\/narrow-leather-belt-metal-color\/","name":"Narrow leather belt metal color - vengru.com variable designer leather belt","isPartOf":{"@id":"https:\/\/vengru.com\/en\/#website"},"primaryImageOfPage":{"@id":"https:\/\/vengru.com\/en\/termek\/narrow-leather-belt-metal-color\/#primaryimage"},"image":{"@id":"https:\/\/vengru.com\/en\/termek\/narrow-leather-belt-metal-color\/#primaryimage"},"thumbnailUrl":"https:\/\/vengru.com\/wp-content\/uploads\/2020\/12\/VARIALHATO_OV_ROSE_ARANY_002.jpg","datePublished":"2022-03-23T03:58:02+00:00","dateModified":"2022-03-23T04:08:15+00:00","description":"The narrow leather belt in metal color is an important addition to our outfit. It has beautiful crafted details for everyone who loves minimalism.","breadcrumb":{"@id":"https:\/\/vengru.com\/en\/termek\/narrow-leather-belt-metal-color\/#breadcrumb"},"inLanguage":"en-US","potentialAction":[{"@type":"ReadAction","target":["https:\/\/vengru.com\/en\/termek\/narrow-leather-belt-metal-color\/"]}]},{"@type":"ImageObject","inLanguage":"en-US","@id":"https:\/\/vengru.com\/en\/termek\/narrow-leather-belt-metal-color\/#primaryimage","url":"https:\/\/vengru.com\/wp-content\/uploads\/2020\/12\/VARIALHATO_OV_ROSE_ARANY_002.jpg","contentUrl":"https:\/\/vengru.com\/wp-content\/uploads\/2020\/12\/VARIALHATO_OV_ROSE_ARANY_002.jpg","width":1067,"height":1600,"caption":"Vari\u00e1lhat\u00f3 b\u0151r \u00f6v r\u00f3zsaarany szett"},{"@type":"BreadcrumbList","@id":"https:\/\/vengru.com\/en\/termek\/narrow-leather-belt-metal-color\/#breadcrumb","itemListElement":[{"@type":"ListItem","position":1,"name":"Home","item":"https:\/\/vengru.com\/en\/"},{"@type":"ListItem","position":2,"name":"SHOP","item":"https:\/\/vengru.com\/en\/shop-2\/"},{"@type":"ListItem","position":3,"name":"Narrow leather belt metal color"}]},{"@type":"WebSite","@id":"https:\/\/vengru.com\/en\/#website","url":"https:\/\/vengru.com\/en\/","name":"vengru.com","description":"Vari\u00e1lhat\u00f3, min\u0151s\u00e9gi magyar designer m\u00e1rka","publisher":{"@id":"https:\/\/vengru.com\/en\/#organization"},"potentialAction":[{"@type":"SearchAction","target":{"@type":"EntryPoint","urlTemplate":"https:\/\/vengru.com\/en\/?s={search_term_string}"},"query-input":{"@type":"PropertyValueSpecification","valueRequired":true,"valueName":"search_term_string"}}],"inLanguage":"en-US"},{"@type":"Organization","@id":"https:\/\/vengru.com\/en\/#organization","name":"VENGRU Ltd.","url":"https:\/\/vengru.com\/en\/","logo":{"@type":"ImageObject","inLanguage":"en-US","@id":"https:\/\/vengru.com\/en\/#\/schema\/logo\/image\/","url":"https:\/\/vengru.com\/wp-content\/uploads\/2025\/05\/cropped-VENGRU-logoPNG3-1.png","contentUrl":"https:\/\/vengru.com\/wp-content\/uploads\/2025\/05\/cropped-VENGRU-logoPNG3-1.png","width":581,"height":98,"caption":"VENGRU Ltd."},"image":{"@id":"https:\/\/vengru.com\/en\/#\/schema\/logo\/image\/"},"sameAs":["https:\/\/www.facebook.com\/vengrubag\/","https:\/\/www.instagram.com\/vengrubag\/"]}]}},"_links":{"self":[{"href":"https:\/\/vengru.com\/en\/wp-json\/wp\/v2\/product\/13244","targetHints":{"allow":["GET"]}}],"collection":[{"href":"https:\/\/vengru.com\/en\/wp-json\/wp\/v2\/product"}],"about":[{"href":"https:\/\/vengru.com\/en\/wp-json\/wp\/v2\/types\/product"}],"replies":[{"embeddable":true,"href":"https:\/\/vengru.com\/en\/wp-json\/wp\/v2\/comments?post=13244"}],"wp:featuredmedia":[{"embeddable":true,"href":"https:\/\/vengru.com\/en\/wp-json\/wp\/v2\/media\/8148"}],"wp:attachment":[{"href":"https:\/\/vengru.com\/en\/wp-json\/wp\/v2\/media?parent=13244"}],"wp:term":[{"taxonomy":"product_brand","embeddable":true,"href":"https:\/\/vengru.com\/en\/wp-json\/wp\/v2\/product_brand?post=13244"},{"taxonomy":"product_cat","embeddable":true,"href":"https:\/\/vengru.com\/en\/wp-json\/wp\/v2\/product_cat?post=13244"},{"taxonomy":"product_tag","embeddable":true,"href":"https:\/\/vengru.com\/en\/wp-json\/wp\/v2\/product_tag?post=13244"}],"curies":[{"name":"wp","href":"https:\/\/api.w.org\/{rel}","templated":true}]}}