{"id":12825,"date":"2022-03-13T21:36:23","date_gmt":"2022-03-13T21:36:23","guid":{"rendered":"https:\/\/vengru.com\/?post_type=product&#038;p=12825"},"modified":"2024-07-25T17:11:52","modified_gmt":"2024-07-25T17:11:52","slug":"panel-bag-multi-color","status":"publish","type":"product","link":"https:\/\/vengru.com\/en\/termek\/panel-bag-multi-color\/","title":{"rendered":"Panel bag multicolor"},"content":{"rendered":"<h3 aria-level=\"2\"><b>Panel bag multicolor<\/b><\/h3>\n<p style=\"text-align: left;\"><span data-contrast=\"auto\">The panel bag in multicolor colors is a unique small bag that can be attached to all VENGRU basic bags. It functions as an extra pocket or decorative element on the base bags, but it can also be used as an independent small bag. In this way, it can be varied and renewed, and can always be matched to your current set. <\/span><\/p>\n<p>Size: 24 x 23 x 2 cm<\/p>\n<p>Material: premium quality water-repellent Italian real cow leather Handmade; hand painting and sanding<\/p>\n<p>Leather product made in small series. Variable leather bag. The panel bags are compatible with all VENGRU base bags.<\/p>\n<p>By zipping several panels together, this small bag can be expanded.<\/p>\n<p>VENGRU focuses on the needs and creativity of customers who like uniqueness. For us, the most important thing is that they create quality pieces of eternal value, but it is even more important that their customers can create something unique.<\/p>\n<p>Vengru variable leather bags are special in that a separate additional element, a panel bag, can be attached to the zippers on the front, which completely changes the appearance of the basic bags. In addition to serving as a decorative element, it also functions as an extra pocket or a separate small bag. The panel bags can be worn as a mini backpack, a belt bag, a small shoulder bag or even without a strap. The handles of most bags are replaceable and adjustable.<\/p>\n<p><strong>The bag does not come with a strap, it can be ordered separately!<\/strong><\/p>\n<p><span data-contrast=\"auto\">The panel bag can be worn as a mini backpack, belt bag, small shoulder bag or even without a strap. <\/span><\/p>\n<p><span data-contrast=\"auto\">The panel bags are <\/span> <span data-contrast=\"auto\">compatible with all VENGRU base bags. <\/span><\/p>\n<p><span data-contrast=\"auto\">This small bag is lined with lining leather. <\/span><\/p>\n<p><span data-contrast=\"auto\">The<\/span> <span data-contrast=\"auto\">panel bag can also be combined with separately ordered accessories:<\/span><\/p>\n<ul>\n<li data-leveltext=\"\uf0b7\" data-font=\"Symbol\" data-listid=\"1\" aria-setsize=\"-1\" data-aria-posinset=\"1\" data-aria-level=\"1\"><span data-contrast=\"auto\">Cross strap<\/span><\/li>\n<li data-leveltext=\"\uf0b7\" data-font=\"Symbol\" data-listid=\"1\" aria-setsize=\"-1\" data-aria-posinset=\"2\" data-aria-level=\"1\"><span data-contrast=\"auto\">Chain <\/span><\/li>\n<li data-leveltext=\"\uf0b7\" data-font=\"Symbol\" data-listid=\"1\" aria-setsize=\"-1\" data-aria-posinset=\"3\" data-aria-level=\"1\"><span data-contrast=\"auto\">Backpack strap <\/span><\/li>\n<li data-leveltext=\"\uf0b7\" data-font=\"Symbol\" data-listid=\"1\" aria-setsize=\"-1\" data-aria-posinset=\"4\" data-aria-level=\"1\"><span data-contrast=\"auto\">Belt strap<\/span><\/li>\n<\/ul>\n<p><span data-contrast=\"auto\">If you have question and need help, feel free to<\/span> <a href=\"https:\/\/vengru.com\/kapcsolat-showroom-2\/\"><span data-contrast=\"none\">contact us<\/span><\/a><span data-contrast=\"auto\">!<\/span><\/p>\n<p><b><span data-contrast=\"auto\">Product care, cleaning<\/span><\/b><\/p>\n<p><span data-contrast=\"auto\">The original leather is a natural material, which is characterised by the fact that its character can change over time. With use, our genuine leather products can be given a patina finish to emphasise their uniqueness. In general, products made from genuine leather require moderate cleaning. Most dirt can be easily removed with a soft, damp cloth. <\/span> <span data-contrast=\"auto\">Some soft leather products can also be treated with a specially formulated skin care cream. Always buy the right colour of moisturiser and use only as directed. Conditioning creams and sprays can darken the treated skin. First, it\u2019s a good idea to clean in a less conspicuous place, <\/span><span data-contrast=\"auto\">where you can make sure that the cleaning doesn\u2019t leave any unwanted marks. After-care products are not<\/span><span data-contrast=\"auto\">suitable for cleaning leather products.<\/span><\/p>\n<p>If you haven&#8217;t already, follow us on <a href=\"https:\/\/instagram.com\/vengrubag\">Instagram<\/a> and <a href=\"https:\/\/facebook.com\/vengrubag\">Facebook<\/a> to keep up to date with our latest news.<\/p>\n","protected":false},"excerpt":{"rendered":"<p>Dear Customer,<\/p>\n<p>We believe in sustainable, eternal pieces. Most of our products are only a few pieces in stock, we make them to order. Of course, we will try to deliver orders as soon as possible, but due to the increased number of orders, it may take up to <strong>15-25 working days<\/strong> before delivery.<\/p>\n<p>If your order is urgent, please make sure you <a href=\"https:\/\/vengru.com\/kapcsolat-showroom-2\/\">contact<\/a> us.<\/p>\n<p>Thank you!<\/p>\n<p><em>Bogi&amp;Tomi<\/em><\/p>\n<p>VENGRU<\/p>\n<p>&nbsp;<\/p>\n","protected":false},"featured_media":20442,"comment_status":"open","ping_status":"closed","template":"","meta":[],"product_brand":[],"product_cat":[1115,1118,1100],"product_tag":[],"class_list":{"0":"post-12825","1":"product","2":"type-product","3":"status-publish","4":"has-post-thumbnail","6":"product_cat-bags-en","7":"product_cat-panel-bags","8":"product_cat-play-modular-bags-en","9":"pa_szin-azure-en","10":"pa_szin-granite-en","11":"pa_szin-papagena-en","12":"pa_szin-papageno-en","13":"pa_szin-sand-en","14":"pa_valassz-pantot-with-backpack-strap","15":"pa_valassz-pantot-with-chain","16":"pa_valassz-pantot-with-cross-strap","17":"pa_valassz-pantot-without-strap","19":"first","20":"onbackorder","21":"shipping-taxable","22":"purchasable","23":"product-type-variable"},"yoast_head":"<!-- This site is optimized with the Yoast SEO plugin v27.4 - https:\/\/yoast.com\/product\/yoast-seo-wordpress\/ -->\n<title>Panel bag multicolor - unique cross body bag, vengru variable bag<\/title>\n<meta name=\"description\" content=\"The panel bag in colorful colors is a unique small bag that can be attached to all VENGRU base bags. It can also be worn as a separate small bag.\" \/>\n<meta name=\"robots\" content=\"index, follow, max-snippet:-1, max-image-preview:large, max-video-preview:-1\" \/>\n<link rel=\"canonical\" href=\"https:\/\/vengru.com\/en\/termek\/panel-bag-multi-color\/\" \/>\n<meta property=\"og:locale\" content=\"en_US\" \/>\n<meta property=\"og:type\" content=\"article\" \/>\n<meta property=\"og:title\" content=\"Panel bag multicolor - unique cross body bag, vengru variable bag\" \/>\n<meta property=\"og:description\" content=\"The panel bag in colorful colors is a unique small bag that can be attached to all VENGRU base bags. It can also be worn as a separate small bag.\" \/>\n<meta property=\"og:url\" content=\"https:\/\/vengru.com\/en\/termek\/panel-bag-multi-color\/\" \/>\n<meta property=\"og:site_name\" content=\"vengru.com\" \/>\n<meta property=\"article:publisher\" content=\"https:\/\/www.facebook.com\/vengrubag\/\" \/>\n<meta property=\"article:modified_time\" content=\"2024-07-25T17:11:52+00:00\" \/>\n<meta property=\"og:image\" content=\"https:\/\/vengru.com\/wp-content\/uploads\/2022\/03\/Vengru-PLAY-Panelbag_.jpg\" \/>\n\t<meta property=\"og:image:width\" content=\"1500\" \/>\n\t<meta property=\"og:image:height\" content=\"1500\" \/>\n\t<meta property=\"og:image:type\" content=\"image\/jpeg\" \/>\n<meta name=\"twitter:card\" content=\"summary_large_image\" \/>\n<meta name=\"twitter:label1\" content=\"Est. reading time\" \/>\n\t<meta name=\"twitter:data1\" content=\"3 minutes\" \/>\n<script type=\"application\/ld+json\" class=\"yoast-schema-graph\">{\"@context\":\"https:\\\/\\\/schema.org\",\"@graph\":[{\"@type\":\"WebPage\",\"@id\":\"https:\\\/\\\/vengru.com\\\/en\\\/termek\\\/panel-bag-multi-color\\\/\",\"url\":\"https:\\\/\\\/vengru.com\\\/en\\\/termek\\\/panel-bag-multi-color\\\/\",\"name\":\"Panel bag multicolor - unique cross body bag, vengru variable bag\",\"isPartOf\":{\"@id\":\"https:\\\/\\\/vengru.com\\\/en\\\/#website\"},\"primaryImageOfPage\":{\"@id\":\"https:\\\/\\\/vengru.com\\\/en\\\/termek\\\/panel-bag-multi-color\\\/#primaryimage\"},\"image\":{\"@id\":\"https:\\\/\\\/vengru.com\\\/en\\\/termek\\\/panel-bag-multi-color\\\/#primaryimage\"},\"thumbnailUrl\":\"https:\\\/\\\/vengru.com\\\/wp-content\\\/uploads\\\/2022\\\/03\\\/Vengru-PLAY-Panelbag_.jpg\",\"datePublished\":\"2022-03-13T21:36:23+00:00\",\"dateModified\":\"2024-07-25T17:11:52+00:00\",\"description\":\"The panel bag in colorful colors is a unique small bag that can be attached to all VENGRU base bags. It can also be worn as a separate small bag.\",\"breadcrumb\":{\"@id\":\"https:\\\/\\\/vengru.com\\\/en\\\/termek\\\/panel-bag-multi-color\\\/#breadcrumb\"},\"inLanguage\":\"en-US\",\"potentialAction\":[{\"@type\":\"ReadAction\",\"target\":[\"https:\\\/\\\/vengru.com\\\/en\\\/termek\\\/panel-bag-multi-color\\\/\"]}]},{\"@type\":\"ImageObject\",\"inLanguage\":\"en-US\",\"@id\":\"https:\\\/\\\/vengru.com\\\/en\\\/termek\\\/panel-bag-multi-color\\\/#primaryimage\",\"url\":\"https:\\\/\\\/vengru.com\\\/wp-content\\\/uploads\\\/2022\\\/03\\\/Vengru-PLAY-Panelbag_.jpg\",\"contentUrl\":\"https:\\\/\\\/vengru.com\\\/wp-content\\\/uploads\\\/2022\\\/03\\\/Vengru-PLAY-Panelbag_.jpg\",\"width\":1500,\"height\":1500},{\"@type\":\"BreadcrumbList\",\"@id\":\"https:\\\/\\\/vengru.com\\\/en\\\/termek\\\/panel-bag-multi-color\\\/#breadcrumb\",\"itemListElement\":[{\"@type\":\"ListItem\",\"position\":1,\"name\":\"Home\",\"item\":\"https:\\\/\\\/vengru.com\\\/en\\\/\"},{\"@type\":\"ListItem\",\"position\":2,\"name\":\"SHOP\",\"item\":\"https:\\\/\\\/vengru.com\\\/en\\\/shop-2\\\/\"},{\"@type\":\"ListItem\",\"position\":3,\"name\":\"Panel bag multicolor\"}]},{\"@type\":\"WebSite\",\"@id\":\"https:\\\/\\\/vengru.com\\\/en\\\/#website\",\"url\":\"https:\\\/\\\/vengru.com\\\/en\\\/\",\"name\":\"vengru.com\",\"description\":\"Vari\u00e1lhat\u00f3, min\u0151s\u00e9gi magyar designer m\u00e1rka\",\"publisher\":{\"@id\":\"https:\\\/\\\/vengru.com\\\/en\\\/#organization\"},\"potentialAction\":[{\"@type\":\"SearchAction\",\"target\":{\"@type\":\"EntryPoint\",\"urlTemplate\":\"https:\\\/\\\/vengru.com\\\/en\\\/?s={search_term_string}\"},\"query-input\":{\"@type\":\"PropertyValueSpecification\",\"valueRequired\":true,\"valueName\":\"search_term_string\"}}],\"inLanguage\":\"en-US\"},{\"@type\":\"Organization\",\"@id\":\"https:\\\/\\\/vengru.com\\\/en\\\/#organization\",\"name\":\"VENGRU Ltd.\",\"url\":\"https:\\\/\\\/vengru.com\\\/en\\\/\",\"logo\":{\"@type\":\"ImageObject\",\"inLanguage\":\"en-US\",\"@id\":\"https:\\\/\\\/vengru.com\\\/en\\\/#\\\/schema\\\/logo\\\/image\\\/\",\"url\":\"https:\\\/\\\/vengru.com\\\/wp-content\\\/uploads\\\/2025\\\/05\\\/cropped-VENGRU-logoPNG3-1.png\",\"contentUrl\":\"https:\\\/\\\/vengru.com\\\/wp-content\\\/uploads\\\/2025\\\/05\\\/cropped-VENGRU-logoPNG3-1.png\",\"width\":581,\"height\":98,\"caption\":\"VENGRU Ltd.\"},\"image\":{\"@id\":\"https:\\\/\\\/vengru.com\\\/en\\\/#\\\/schema\\\/logo\\\/image\\\/\"},\"sameAs\":[\"https:\\\/\\\/www.facebook.com\\\/vengrubag\\\/\",\"https:\\\/\\\/www.instagram.com\\\/vengrubag\\\/\"]}]}<\/script>\n<!-- \/ Yoast SEO plugin. -->","yoast_head_json":{"title":"Panel bag multicolor - unique cross body bag, vengru variable bag","description":"The panel bag in colorful colors is a unique small bag that can be attached to all VENGRU base bags. It can also be worn as a separate small bag.","robots":{"index":"index","follow":"follow","max-snippet":"max-snippet:-1","max-image-preview":"max-image-preview:large","max-video-preview":"max-video-preview:-1"},"canonical":"https:\/\/vengru.com\/en\/termek\/panel-bag-multi-color\/","og_locale":"en_US","og_type":"article","og_title":"Panel bag multicolor - unique cross body bag, vengru variable bag","og_description":"The panel bag in colorful colors is a unique small bag that can be attached to all VENGRU base bags. It can also be worn as a separate small bag.","og_url":"https:\/\/vengru.com\/en\/termek\/panel-bag-multi-color\/","og_site_name":"vengru.com","article_publisher":"https:\/\/www.facebook.com\/vengrubag\/","article_modified_time":"2024-07-25T17:11:52+00:00","og_image":[{"width":1500,"height":1500,"url":"https:\/\/vengru.com\/wp-content\/uploads\/2022\/03\/Vengru-PLAY-Panelbag_.jpg","type":"image\/jpeg"}],"twitter_card":"summary_large_image","twitter_misc":{"Est. reading time":"3 minutes"},"schema":{"@context":"https:\/\/schema.org","@graph":[{"@type":"WebPage","@id":"https:\/\/vengru.com\/en\/termek\/panel-bag-multi-color\/","url":"https:\/\/vengru.com\/en\/termek\/panel-bag-multi-color\/","name":"Panel bag multicolor - unique cross body bag, vengru variable bag","isPartOf":{"@id":"https:\/\/vengru.com\/en\/#website"},"primaryImageOfPage":{"@id":"https:\/\/vengru.com\/en\/termek\/panel-bag-multi-color\/#primaryimage"},"image":{"@id":"https:\/\/vengru.com\/en\/termek\/panel-bag-multi-color\/#primaryimage"},"thumbnailUrl":"https:\/\/vengru.com\/wp-content\/uploads\/2022\/03\/Vengru-PLAY-Panelbag_.jpg","datePublished":"2022-03-13T21:36:23+00:00","dateModified":"2024-07-25T17:11:52+00:00","description":"The panel bag in colorful colors is a unique small bag that can be attached to all VENGRU base bags. It can also be worn as a separate small bag.","breadcrumb":{"@id":"https:\/\/vengru.com\/en\/termek\/panel-bag-multi-color\/#breadcrumb"},"inLanguage":"en-US","potentialAction":[{"@type":"ReadAction","target":["https:\/\/vengru.com\/en\/termek\/panel-bag-multi-color\/"]}]},{"@type":"ImageObject","inLanguage":"en-US","@id":"https:\/\/vengru.com\/en\/termek\/panel-bag-multi-color\/#primaryimage","url":"https:\/\/vengru.com\/wp-content\/uploads\/2022\/03\/Vengru-PLAY-Panelbag_.jpg","contentUrl":"https:\/\/vengru.com\/wp-content\/uploads\/2022\/03\/Vengru-PLAY-Panelbag_.jpg","width":1500,"height":1500},{"@type":"BreadcrumbList","@id":"https:\/\/vengru.com\/en\/termek\/panel-bag-multi-color\/#breadcrumb","itemListElement":[{"@type":"ListItem","position":1,"name":"Home","item":"https:\/\/vengru.com\/en\/"},{"@type":"ListItem","position":2,"name":"SHOP","item":"https:\/\/vengru.com\/en\/shop-2\/"},{"@type":"ListItem","position":3,"name":"Panel bag multicolor"}]},{"@type":"WebSite","@id":"https:\/\/vengru.com\/en\/#website","url":"https:\/\/vengru.com\/en\/","name":"vengru.com","description":"Vari\u00e1lhat\u00f3, min\u0151s\u00e9gi magyar designer m\u00e1rka","publisher":{"@id":"https:\/\/vengru.com\/en\/#organization"},"potentialAction":[{"@type":"SearchAction","target":{"@type":"EntryPoint","urlTemplate":"https:\/\/vengru.com\/en\/?s={search_term_string}"},"query-input":{"@type":"PropertyValueSpecification","valueRequired":true,"valueName":"search_term_string"}}],"inLanguage":"en-US"},{"@type":"Organization","@id":"https:\/\/vengru.com\/en\/#organization","name":"VENGRU Ltd.","url":"https:\/\/vengru.com\/en\/","logo":{"@type":"ImageObject","inLanguage":"en-US","@id":"https:\/\/vengru.com\/en\/#\/schema\/logo\/image\/","url":"https:\/\/vengru.com\/wp-content\/uploads\/2025\/05\/cropped-VENGRU-logoPNG3-1.png","contentUrl":"https:\/\/vengru.com\/wp-content\/uploads\/2025\/05\/cropped-VENGRU-logoPNG3-1.png","width":581,"height":98,"caption":"VENGRU Ltd."},"image":{"@id":"https:\/\/vengru.com\/en\/#\/schema\/logo\/image\/"},"sameAs":["https:\/\/www.facebook.com\/vengrubag\/","https:\/\/www.instagram.com\/vengrubag\/"]}]}},"_links":{"self":[{"href":"https:\/\/vengru.com\/en\/wp-json\/wp\/v2\/product\/12825","targetHints":{"allow":["GET"]}}],"collection":[{"href":"https:\/\/vengru.com\/en\/wp-json\/wp\/v2\/product"}],"about":[{"href":"https:\/\/vengru.com\/en\/wp-json\/wp\/v2\/types\/product"}],"replies":[{"embeddable":true,"href":"https:\/\/vengru.com\/en\/wp-json\/wp\/v2\/comments?post=12825"}],"wp:featuredmedia":[{"embeddable":true,"href":"https:\/\/vengru.com\/en\/wp-json\/wp\/v2\/media\/20442"}],"wp:attachment":[{"href":"https:\/\/vengru.com\/en\/wp-json\/wp\/v2\/media?parent=12825"}],"wp:term":[{"taxonomy":"product_brand","embeddable":true,"href":"https:\/\/vengru.com\/en\/wp-json\/wp\/v2\/product_brand?post=12825"},{"taxonomy":"product_cat","embeddable":true,"href":"https:\/\/vengru.com\/en\/wp-json\/wp\/v2\/product_cat?post=12825"},{"taxonomy":"product_tag","embeddable":true,"href":"https:\/\/vengru.com\/en\/wp-json\/wp\/v2\/product_tag?post=12825"}],"curies":[{"name":"wp","href":"https:\/\/api.w.org\/{rel}","templated":true}]}}