{"id":12758,"date":"2022-03-08T14:49:19","date_gmt":"2022-03-08T14:49:19","guid":{"rendered":"https:\/\/vengru.com\/termek\/canvas-bag-with-pocket-bag-multicolor\/"},"modified":"2022-03-08T14:49:19","modified_gmt":"2022-03-08T14:49:19","slug":"canvas-bag-with-pocket-bag-multicolor","status":"publish","type":"product","link":"https:\/\/vengru.com\/en\/termek\/canvas-bag-with-pocket-bag-multicolor\/","title":{"rendered":"Canvas bag with pocket bag multicolor"},"content":{"rendered":"<h2>Canvas bag with pocket bag multicolor<\/h2>\n<p>Canvas bag with pocket bag multicolor. The pocket bag is the most popular products of the summer. It can be attached to canvas bags, but they also can be worn as separate small bags. This is good to wear for an occasional event or just an afternoon coffee. Due to their size, canvas bags can hold everything important for daily work. And when you only need the most important things, phone, wallet, key, you just have to take your pocket with you.<\/p>\n<p>The small bag can be carried in hand as an envelope bag, with a chain, strap or even a belt as a belt bag. The new type of canvas can be attached to a shopper using the D-rings on the back. Wear together with the canvas bag. Dress up yout canvas bag, variate it in every season. Use more pocket bag and change the canvas bag\u2019s style. It can fit to your actual outfit every day.<\/p>\n<p>The pocket bag\u2019s size is 24 cm x 21 cm<\/p>\n<p>The canvas bag can be ordered in 2 sizes and 2 colors, black and beige.<\/p>\n<p>Small canvas bag&#8217;s size is <span data-contrast=\"auto\">29 cm x 33 cm x 18 cm<\/span><span data-contrast=\"auto\">, the zipper is 45cm<\/span><span data-ccp-props=\"{&quot;201341983&quot;:0,&quot;335559739&quot;:160,&quot;335559740&quot;:259}\"> long<\/span><\/p>\n<p>Big canvas bag&#8217;s size is <span data-contrast=\"auto\">40 cm x 42 cm x 16 cm, the zipper is 55cm long<\/span><\/p>\n<p><span data-contrast=\"auto\">Shoulder strap is 60cm long<\/span><\/p>\n<p>The bag can be attached to a 4cm wide belt. Compatible with all VENGRU straps.<\/p>\n<p>PRODUCT CARE, CLEANING<\/p>\n<p>The original leather is a natural material, the characteristic of which is that its character may change over time. As a result of use, the appearance of our original leather products can become patinated, which emphasizes their uniqueness. In general, genuine leather products require moderate cleaning. Most of the dirt can be easily removed with a soft, damp cloth. Some soft leather products can also be treated with a special care cream. Always buy a care cream of the right color and use it only in accordance with the instructions for use. Nourishing creams and sprays can darken the treated skin surface. It is a good idea to clean it first in a less conspicuous place, where you can make sure that the cleaning does not leave any unwanted marks. Stain removers are not suitable for cleaning leather products.<\/p>\n<p>Contact us if you have any questions. You can also find more information on our Facebook and Instagram pages.<\/p>\n<p>The pocket bag is the most popular products of the summer. It can be attached to canvas bags, but they also can be worn as separate small bags.<\/p>\n","protected":false},"excerpt":{"rendered":"<p>Dear customer,<\/p>\n<p>Let me you know all of our products are custom-made, we believe in sustainable fashion, we don\u2019t keep high stock. Most of our products are made for orders. We are a small company, so the\u00a0<strong>production needs 10-15 workdays<\/strong>\u00a0before shipping.<\/p>\n<p>Thank you for your understanding.<\/p>\n<p><em>Bogi&amp;Tomi<\/em><\/p>\n<p><em>VENGRU team<\/em><\/p>\n","protected":false},"featured_media":20522,"comment_status":"open","ping_status":"closed","template":"","meta":[],"product_brand":[],"product_cat":[1119,1105],"product_tag":[238,260,807,808,271,809,434],"class_list":{"0":"post-12758","1":"product","2":"type-product","3":"status-publish","4":"has-post-thumbnail","6":"product_cat-shopper-en","7":"product_cat-v3-variable-canvas-bags-en","8":"product_tag-clutch-bags","9":"product_tag-designer-clutch-bags","10":"product_tag-pocket-bag","11":"product_tag-pocket-bag-en","12":"product_tag-small-bags","13":"product_tag-u-pocket-bag","14":"product_tag-variable","15":"pa_kellek-gold","16":"pa_kellek-silver","17":"pa_szin-azure-en","18":"pa_szin-granite-en","19":"pa_szin-papagena-en","20":"pa_szin-papageno-en","21":"pa_szin-sand-en","23":"first","24":"instock","25":"featured","26":"shipping-taxable","27":"purchasable","28":"product-type-variable","29":"has-default-attributes"},"yoast_head":"<!-- This site is optimized with the Yoast SEO plugin v27.4 - https:\/\/yoast.com\/product\/yoast-seo-wordpress\/ -->\n<title>Canvas bag with pocket bag multicolor with straps<\/title>\n<meta name=\"description\" content=\"Canvas bag with pocket bag multicolor. The pocket bag is the most popular products of the summer. It can be attached to canvas bags, but they also can be worn as separate small bags.\" \/>\n<meta name=\"robots\" content=\"index, follow, max-snippet:-1, max-image-preview:large, max-video-preview:-1\" \/>\n<link rel=\"canonical\" href=\"https:\/\/vengru.com\/en\/termek\/canvas-bag-with-pocket-bag-multicolor\/\" \/>\n<meta property=\"og:locale\" content=\"en_US\" \/>\n<meta property=\"og:type\" content=\"article\" \/>\n<meta property=\"og:title\" content=\"Canvas bag with pocket bag multicolor with straps\" \/>\n<meta property=\"og:description\" content=\"Canvas bag with pocket bag multicolor. The pocket bag is the most popular products of the summer. It can be attached to canvas bags, but they also can be worn as separate small bags.\" \/>\n<meta property=\"og:url\" content=\"https:\/\/vengru.com\/en\/termek\/canvas-bag-with-pocket-bag-multicolor\/\" \/>\n<meta property=\"og:site_name\" content=\"vengru.com\" \/>\n<meta property=\"article:publisher\" content=\"https:\/\/www.facebook.com\/vengrubag\/\" \/>\n<meta property=\"og:image\" content=\"https:\/\/vengru.com\/wp-content\/uploads\/2022\/03\/U-zsebtaska-vaszon-kezdokep1-4.jpg\" \/>\n\t<meta property=\"og:image:width\" content=\"1000\" \/>\n\t<meta property=\"og:image:height\" content=\"1000\" \/>\n\t<meta property=\"og:image:type\" content=\"image\/jpeg\" \/>\n<meta name=\"twitter:card\" content=\"summary_large_image\" \/>\n<meta name=\"twitter:label1\" content=\"Est. reading time\" \/>\n\t<meta name=\"twitter:data1\" content=\"2 minutes\" \/>\n<script type=\"application\/ld+json\" class=\"yoast-schema-graph\">{\"@context\":\"https:\\\/\\\/schema.org\",\"@graph\":[{\"@type\":\"WebPage\",\"@id\":\"https:\\\/\\\/vengru.com\\\/en\\\/termek\\\/canvas-bag-with-pocket-bag-multicolor\\\/\",\"url\":\"https:\\\/\\\/vengru.com\\\/en\\\/termek\\\/canvas-bag-with-pocket-bag-multicolor\\\/\",\"name\":\"Canvas bag with pocket bag multicolor with straps\",\"isPartOf\":{\"@id\":\"https:\\\/\\\/vengru.com\\\/en\\\/#website\"},\"primaryImageOfPage\":{\"@id\":\"https:\\\/\\\/vengru.com\\\/en\\\/termek\\\/canvas-bag-with-pocket-bag-multicolor\\\/#primaryimage\"},\"image\":{\"@id\":\"https:\\\/\\\/vengru.com\\\/en\\\/termek\\\/canvas-bag-with-pocket-bag-multicolor\\\/#primaryimage\"},\"thumbnailUrl\":\"https:\\\/\\\/vengru.com\\\/wp-content\\\/uploads\\\/2022\\\/03\\\/U-zsebtaska-vaszon-kezdokep1-4.jpg\",\"datePublished\":\"2022-03-08T14:49:19+00:00\",\"description\":\"Canvas bag with pocket bag multicolor. The pocket bag is the most popular products of the summer. It can be attached to canvas bags, but they also can be worn as separate small bags.\",\"breadcrumb\":{\"@id\":\"https:\\\/\\\/vengru.com\\\/en\\\/termek\\\/canvas-bag-with-pocket-bag-multicolor\\\/#breadcrumb\"},\"inLanguage\":\"en-US\",\"potentialAction\":[{\"@type\":\"ReadAction\",\"target\":[\"https:\\\/\\\/vengru.com\\\/en\\\/termek\\\/canvas-bag-with-pocket-bag-multicolor\\\/\"]}]},{\"@type\":\"ImageObject\",\"inLanguage\":\"en-US\",\"@id\":\"https:\\\/\\\/vengru.com\\\/en\\\/termek\\\/canvas-bag-with-pocket-bag-multicolor\\\/#primaryimage\",\"url\":\"https:\\\/\\\/vengru.com\\\/wp-content\\\/uploads\\\/2022\\\/03\\\/U-zsebtaska-vaszon-kezdokep1-4.jpg\",\"contentUrl\":\"https:\\\/\\\/vengru.com\\\/wp-content\\\/uploads\\\/2022\\\/03\\\/U-zsebtaska-vaszon-kezdokep1-4.jpg\",\"width\":1000,\"height\":1000},{\"@type\":\"BreadcrumbList\",\"@id\":\"https:\\\/\\\/vengru.com\\\/en\\\/termek\\\/canvas-bag-with-pocket-bag-multicolor\\\/#breadcrumb\",\"itemListElement\":[{\"@type\":\"ListItem\",\"position\":1,\"name\":\"Home\",\"item\":\"https:\\\/\\\/vengru.com\\\/en\\\/\"},{\"@type\":\"ListItem\",\"position\":2,\"name\":\"SHOP\",\"item\":\"https:\\\/\\\/vengru.com\\\/en\\\/shop-2\\\/\"},{\"@type\":\"ListItem\",\"position\":3,\"name\":\"Canvas bag with pocket bag multicolor\"}]},{\"@type\":\"WebSite\",\"@id\":\"https:\\\/\\\/vengru.com\\\/en\\\/#website\",\"url\":\"https:\\\/\\\/vengru.com\\\/en\\\/\",\"name\":\"vengru.com\",\"description\":\"Vari\u00e1lhat\u00f3, min\u0151s\u00e9gi magyar designer m\u00e1rka\",\"publisher\":{\"@id\":\"https:\\\/\\\/vengru.com\\\/en\\\/#organization\"},\"potentialAction\":[{\"@type\":\"SearchAction\",\"target\":{\"@type\":\"EntryPoint\",\"urlTemplate\":\"https:\\\/\\\/vengru.com\\\/en\\\/?s={search_term_string}\"},\"query-input\":{\"@type\":\"PropertyValueSpecification\",\"valueRequired\":true,\"valueName\":\"search_term_string\"}}],\"inLanguage\":\"en-US\"},{\"@type\":\"Organization\",\"@id\":\"https:\\\/\\\/vengru.com\\\/en\\\/#organization\",\"name\":\"VENGRU Ltd.\",\"url\":\"https:\\\/\\\/vengru.com\\\/en\\\/\",\"logo\":{\"@type\":\"ImageObject\",\"inLanguage\":\"en-US\",\"@id\":\"https:\\\/\\\/vengru.com\\\/en\\\/#\\\/schema\\\/logo\\\/image\\\/\",\"url\":\"https:\\\/\\\/vengru.com\\\/wp-content\\\/uploads\\\/2025\\\/05\\\/cropped-VENGRU-logoPNG3-1.png\",\"contentUrl\":\"https:\\\/\\\/vengru.com\\\/wp-content\\\/uploads\\\/2025\\\/05\\\/cropped-VENGRU-logoPNG3-1.png\",\"width\":581,\"height\":98,\"caption\":\"VENGRU Ltd.\"},\"image\":{\"@id\":\"https:\\\/\\\/vengru.com\\\/en\\\/#\\\/schema\\\/logo\\\/image\\\/\"},\"sameAs\":[\"https:\\\/\\\/www.facebook.com\\\/vengrubag\\\/\",\"https:\\\/\\\/www.instagram.com\\\/vengrubag\\\/\"]}]}<\/script>\n<!-- \/ Yoast SEO plugin. -->","yoast_head_json":{"title":"Canvas bag with pocket bag multicolor with straps","description":"Canvas bag with pocket bag multicolor. The pocket bag is the most popular products of the summer. It can be attached to canvas bags, but they also can be worn as separate small bags.","robots":{"index":"index","follow":"follow","max-snippet":"max-snippet:-1","max-image-preview":"max-image-preview:large","max-video-preview":"max-video-preview:-1"},"canonical":"https:\/\/vengru.com\/en\/termek\/canvas-bag-with-pocket-bag-multicolor\/","og_locale":"en_US","og_type":"article","og_title":"Canvas bag with pocket bag multicolor with straps","og_description":"Canvas bag with pocket bag multicolor. The pocket bag is the most popular products of the summer. It can be attached to canvas bags, but they also can be worn as separate small bags.","og_url":"https:\/\/vengru.com\/en\/termek\/canvas-bag-with-pocket-bag-multicolor\/","og_site_name":"vengru.com","article_publisher":"https:\/\/www.facebook.com\/vengrubag\/","og_image":[{"width":1000,"height":1000,"url":"https:\/\/vengru.com\/wp-content\/uploads\/2022\/03\/U-zsebtaska-vaszon-kezdokep1-4.jpg","type":"image\/jpeg"}],"twitter_card":"summary_large_image","twitter_misc":{"Est. reading time":"2 minutes"},"schema":{"@context":"https:\/\/schema.org","@graph":[{"@type":"WebPage","@id":"https:\/\/vengru.com\/en\/termek\/canvas-bag-with-pocket-bag-multicolor\/","url":"https:\/\/vengru.com\/en\/termek\/canvas-bag-with-pocket-bag-multicolor\/","name":"Canvas bag with pocket bag multicolor with straps","isPartOf":{"@id":"https:\/\/vengru.com\/en\/#website"},"primaryImageOfPage":{"@id":"https:\/\/vengru.com\/en\/termek\/canvas-bag-with-pocket-bag-multicolor\/#primaryimage"},"image":{"@id":"https:\/\/vengru.com\/en\/termek\/canvas-bag-with-pocket-bag-multicolor\/#primaryimage"},"thumbnailUrl":"https:\/\/vengru.com\/wp-content\/uploads\/2022\/03\/U-zsebtaska-vaszon-kezdokep1-4.jpg","datePublished":"2022-03-08T14:49:19+00:00","description":"Canvas bag with pocket bag multicolor. The pocket bag is the most popular products of the summer. It can be attached to canvas bags, but they also can be worn as separate small bags.","breadcrumb":{"@id":"https:\/\/vengru.com\/en\/termek\/canvas-bag-with-pocket-bag-multicolor\/#breadcrumb"},"inLanguage":"en-US","potentialAction":[{"@type":"ReadAction","target":["https:\/\/vengru.com\/en\/termek\/canvas-bag-with-pocket-bag-multicolor\/"]}]},{"@type":"ImageObject","inLanguage":"en-US","@id":"https:\/\/vengru.com\/en\/termek\/canvas-bag-with-pocket-bag-multicolor\/#primaryimage","url":"https:\/\/vengru.com\/wp-content\/uploads\/2022\/03\/U-zsebtaska-vaszon-kezdokep1-4.jpg","contentUrl":"https:\/\/vengru.com\/wp-content\/uploads\/2022\/03\/U-zsebtaska-vaszon-kezdokep1-4.jpg","width":1000,"height":1000},{"@type":"BreadcrumbList","@id":"https:\/\/vengru.com\/en\/termek\/canvas-bag-with-pocket-bag-multicolor\/#breadcrumb","itemListElement":[{"@type":"ListItem","position":1,"name":"Home","item":"https:\/\/vengru.com\/en\/"},{"@type":"ListItem","position":2,"name":"SHOP","item":"https:\/\/vengru.com\/en\/shop-2\/"},{"@type":"ListItem","position":3,"name":"Canvas bag with pocket bag multicolor"}]},{"@type":"WebSite","@id":"https:\/\/vengru.com\/en\/#website","url":"https:\/\/vengru.com\/en\/","name":"vengru.com","description":"Vari\u00e1lhat\u00f3, min\u0151s\u00e9gi magyar designer m\u00e1rka","publisher":{"@id":"https:\/\/vengru.com\/en\/#organization"},"potentialAction":[{"@type":"SearchAction","target":{"@type":"EntryPoint","urlTemplate":"https:\/\/vengru.com\/en\/?s={search_term_string}"},"query-input":{"@type":"PropertyValueSpecification","valueRequired":true,"valueName":"search_term_string"}}],"inLanguage":"en-US"},{"@type":"Organization","@id":"https:\/\/vengru.com\/en\/#organization","name":"VENGRU Ltd.","url":"https:\/\/vengru.com\/en\/","logo":{"@type":"ImageObject","inLanguage":"en-US","@id":"https:\/\/vengru.com\/en\/#\/schema\/logo\/image\/","url":"https:\/\/vengru.com\/wp-content\/uploads\/2025\/05\/cropped-VENGRU-logoPNG3-1.png","contentUrl":"https:\/\/vengru.com\/wp-content\/uploads\/2025\/05\/cropped-VENGRU-logoPNG3-1.png","width":581,"height":98,"caption":"VENGRU Ltd."},"image":{"@id":"https:\/\/vengru.com\/en\/#\/schema\/logo\/image\/"},"sameAs":["https:\/\/www.facebook.com\/vengrubag\/","https:\/\/www.instagram.com\/vengrubag\/"]}]}},"_links":{"self":[{"href":"https:\/\/vengru.com\/en\/wp-json\/wp\/v2\/product\/12758","targetHints":{"allow":["GET"]}}],"collection":[{"href":"https:\/\/vengru.com\/en\/wp-json\/wp\/v2\/product"}],"about":[{"href":"https:\/\/vengru.com\/en\/wp-json\/wp\/v2\/types\/product"}],"replies":[{"embeddable":true,"href":"https:\/\/vengru.com\/en\/wp-json\/wp\/v2\/comments?post=12758"}],"wp:featuredmedia":[{"embeddable":true,"href":"https:\/\/vengru.com\/en\/wp-json\/wp\/v2\/media\/20522"}],"wp:attachment":[{"href":"https:\/\/vengru.com\/en\/wp-json\/wp\/v2\/media?parent=12758"}],"wp:term":[{"taxonomy":"product_brand","embeddable":true,"href":"https:\/\/vengru.com\/en\/wp-json\/wp\/v2\/product_brand?post=12758"},{"taxonomy":"product_cat","embeddable":true,"href":"https:\/\/vengru.com\/en\/wp-json\/wp\/v2\/product_cat?post=12758"},{"taxonomy":"product_tag","embeddable":true,"href":"https:\/\/vengru.com\/en\/wp-json\/wp\/v2\/product_tag?post=12758"}],"curies":[{"name":"wp","href":"https:\/\/api.w.org\/{rel}","templated":true}]}}