{"id":12276,"date":"2022-02-28T22:06:17","date_gmt":"2022-02-28T22:06:17","guid":{"rendered":"https:\/\/vengru.com\/?post_type=product&#038;p=12276"},"modified":"2025-09-18T18:13:29","modified_gmt":"2025-09-18T18:13:29","slug":"gem-mini-spring","status":"publish","type":"product","link":"https:\/\/vengru.com\/en\/termek\/gem-mini-spring\/","title":{"rendered":"GEM mini monochrome black"},"content":{"rendered":"<h2>GEM mini monochrome black<\/h2>\n<p>GEM mini monochrome black Custom leather bag, cool women&#8217;s belt bag or cross body mini bag. Eye-catching and timeless, it is a truly eternal piece inspired by the geometric shapes of polished gemstones, the brand&#8217;s initial &#8220;V&#8221; and Vengru&#8217;s most distinctive bag, the panel bag. The GEM bags play with a formal break from the classic silhouette.<\/p>\n<p><strong>External dimensions of the bag body: 21 cm x 12 cm x 5 cm<\/strong><\/p>\n<p><strong>The bag comes with one slim crossbody strap, adjustable between 113 cm and 132 cm in length, and 1.5 cm in width.<\/strong><\/p>\n<p>This bag style reflects true femininity. A casual bag that&#8217;s perfect even for a formal event. Your essentials like your phone, wallet, gum and favourite lipstick will fit in a handbag. This pretty <a href=\"\/?product_cat=gem-handbag-en\">little<\/a> bag is great for casual outfits, but if comfort is important, we recommend this envelope bag with chain. These small bag styles are also perfect as theatre bags.<\/p>\n<p>The bag is made of premium quality Italian leather, the work of Hungarian leather decorators, a small series leather product. The accessories are high quality Italian metal accessories, with cut edges, hand painted edge finishes.<\/p>\n<p>A versatile accessory, it can be worn as a sling shoulder bag with an attachable shoulder strap.<\/p>\n<p>Accessories compatible with the bag:<\/p>\n<ul>\n<li>Chain length not adjustable, 130 cm<\/li>\n<li>Narrow cross strap length adjustable between 113 and 132 cm, width 1.5 cm<\/li>\n<li>Cross strap length adjustable between 113 and 132 cm, width 3 cm<\/li>\n<li>Wide cross strap (short) length not adjustable, 89 cm, width 6 cm<\/li>\n<li>Wide cross strap (long) length not adjustable, 119 cm, width 6 cm<\/li>\n<\/ul>\n<h2>Product care, cleaning<\/h2>\n<p>The original leather is a natural material, which is characterised by the fact that its character can change over time. With use, our genuine leather products can be given a patina finish to emphasise their uniqueness. In general, products made from genuine leather require moderate cleaning. Most dirt can be easily removed with a soft, damp cloth. Some soft leather products can also be treated with a specially formulated skin care cream. Always buy the right colour of moisturiser and use only as directed. Conditioning creams and sprays can darken the treated skin. First, it&#8217;s a good idea to clean in a less conspicuous place, where you can make sure that the cleaning doesn&#8217;t leave any unwanted marks. After-care products are not suitable for cleaning leather products.<\/p>\n<p>If you haven&#8217;t already, follow us on <a href=\"http:\/\/instagram.com\/vengrubag\">Instagram<\/a> and <a href=\"http:\/\/facebook.com\/vengrubag\">Facebook<\/a> to keep up to date with our latest news.<\/p>\n","protected":false},"excerpt":{"rendered":"<p>Dear Customer,<\/p>\n<p>We believe in sustainable, eternal pieces. Most of our products are only a few pieces in stock, we make them to order. Of course, we try to deliver the items as soon as possible, but due to the increased number of orders, <strong>the production time may take 15-20 working days<\/strong> before delivery.<\/p>\n<p>If your order is urgent, please make sure you <a href=\"https:\/\/vengru.com\/kapcsolat-showroom-2\/\">contact<\/a> us.<\/p>\n<p>Thank you!<\/p>\n<p><em>BogiTomi<\/em><\/p>\n","protected":false},"featured_media":20178,"comment_status":"open","ping_status":"closed","template":"","meta":[],"product_brand":[],"product_cat":[1115,1498,1117,1096,1105],"product_tag":[722,269,271,243],"class_list":{"0":"post-12276","1":"product","2":"type-product","3":"status-publish","4":"has-post-thumbnail","6":"product_cat-bags-en","7":"product_cat-classics","8":"product_cat-crossbody-and-belt-bags","9":"product_cat-gem-leather-bags-en","10":"product_cat-v3-variable-canvas-bags-en","11":"product_tag-designer-bag-en","12":"product_tag-leather-bags","13":"product_tag-small-bags","14":"product_tag-unique-bag","15":"pa_kellek-gold","16":"pa_kellek-silver","17":"pa_szin-black-en","18":"pa_valassz-pantot-with-chain","19":"pa_valassz-pantot-with-narrow-crossbody-strap","21":"first","22":"instock","23":"featured","24":"shipping-taxable","25":"purchasable","26":"product-type-variable","27":"has-default-attributes"},"yoast_head":"<!-- This site is optimized with the Yoast SEO plugin v27.3 - https:\/\/yoast.com\/product\/yoast-seo-wordpress\/ -->\n<title>GEM mini monochrome black multicolor - hungarian designer bag<\/title>\n<meta name=\"description\" content=\"GEM mini monochrome black Custom leather bag, cool women&#039;s belt bag or cross body mini bag. An eye-catcher, a real everlasting piece.\" \/>\n<meta name=\"robots\" content=\"index, follow, max-snippet:-1, max-image-preview:large, max-video-preview:-1\" \/>\n<link rel=\"canonical\" href=\"https:\/\/vengru.com\/en\/termek\/gem-mini-spring\/\" \/>\n<meta property=\"og:locale\" content=\"en_US\" \/>\n<meta property=\"og:type\" content=\"article\" \/>\n<meta property=\"og:title\" content=\"GEM mini monochrome black multicolor - hungarian designer bag\" \/>\n<meta property=\"og:description\" content=\"GEM mini monochrome black Custom leather bag, cool women&#039;s belt bag or cross body mini bag. An eye-catcher, a real everlasting piece.\" \/>\n<meta property=\"og:url\" content=\"https:\/\/vengru.com\/en\/termek\/gem-mini-spring\/\" \/>\n<meta property=\"og:site_name\" content=\"vengru.com\" \/>\n<meta property=\"article:publisher\" content=\"https:\/\/www.facebook.com\/vengrubag\/\" \/>\n<meta property=\"article:modified_time\" content=\"2025-09-18T18:13:29+00:00\" \/>\n<meta property=\"og:image\" content=\"https:\/\/vengru.com\/wp-content\/uploads\/2022\/02\/Gem-mini-fekete.jpg\" \/>\n\t<meta property=\"og:image:width\" content=\"1200\" \/>\n\t<meta property=\"og:image:height\" content=\"1500\" \/>\n\t<meta property=\"og:image:type\" content=\"image\/jpeg\" \/>\n<meta name=\"twitter:card\" content=\"summary_large_image\" \/>\n<meta name=\"twitter:label1\" content=\"Est. reading time\" \/>\n\t<meta name=\"twitter:data1\" content=\"2 minutes\" \/>\n<script type=\"application\/ld+json\" class=\"yoast-schema-graph\">{\"@context\":\"https:\\\/\\\/schema.org\",\"@graph\":[{\"@type\":\"WebPage\",\"@id\":\"https:\\\/\\\/vengru.com\\\/en\\\/termek\\\/gem-mini-spring\\\/\",\"url\":\"https:\\\/\\\/vengru.com\\\/en\\\/termek\\\/gem-mini-spring\\\/\",\"name\":\"GEM mini monochrome black multicolor - hungarian designer bag\",\"isPartOf\":{\"@id\":\"https:\\\/\\\/vengru.com\\\/en\\\/#website\"},\"primaryImageOfPage\":{\"@id\":\"https:\\\/\\\/vengru.com\\\/en\\\/termek\\\/gem-mini-spring\\\/#primaryimage\"},\"image\":{\"@id\":\"https:\\\/\\\/vengru.com\\\/en\\\/termek\\\/gem-mini-spring\\\/#primaryimage\"},\"thumbnailUrl\":\"https:\\\/\\\/vengru.com\\\/wp-content\\\/uploads\\\/2022\\\/02\\\/Gem-mini-fekete.jpg\",\"datePublished\":\"2022-02-28T22:06:17+00:00\",\"dateModified\":\"2025-09-18T18:13:29+00:00\",\"description\":\"GEM mini monochrome black Custom leather bag, cool women's belt bag or cross body mini bag. An eye-catcher, a real everlasting piece.\",\"breadcrumb\":{\"@id\":\"https:\\\/\\\/vengru.com\\\/en\\\/termek\\\/gem-mini-spring\\\/#breadcrumb\"},\"inLanguage\":\"en-US\",\"potentialAction\":[{\"@type\":\"ReadAction\",\"target\":[\"https:\\\/\\\/vengru.com\\\/en\\\/termek\\\/gem-mini-spring\\\/\"]}]},{\"@type\":\"ImageObject\",\"inLanguage\":\"en-US\",\"@id\":\"https:\\\/\\\/vengru.com\\\/en\\\/termek\\\/gem-mini-spring\\\/#primaryimage\",\"url\":\"https:\\\/\\\/vengru.com\\\/wp-content\\\/uploads\\\/2022\\\/02\\\/Gem-mini-fekete.jpg\",\"contentUrl\":\"https:\\\/\\\/vengru.com\\\/wp-content\\\/uploads\\\/2022\\\/02\\\/Gem-mini-fekete.jpg\",\"width\":1200,\"height\":1500},{\"@type\":\"BreadcrumbList\",\"@id\":\"https:\\\/\\\/vengru.com\\\/en\\\/termek\\\/gem-mini-spring\\\/#breadcrumb\",\"itemListElement\":[{\"@type\":\"ListItem\",\"position\":1,\"name\":\"Home\",\"item\":\"https:\\\/\\\/vengru.com\\\/en\\\/\"},{\"@type\":\"ListItem\",\"position\":2,\"name\":\"SHOP\",\"item\":\"https:\\\/\\\/vengru.com\\\/en\\\/shop-2\\\/\"},{\"@type\":\"ListItem\",\"position\":3,\"name\":\"GEM mini monochrome black\"}]},{\"@type\":\"WebSite\",\"@id\":\"https:\\\/\\\/vengru.com\\\/en\\\/#website\",\"url\":\"https:\\\/\\\/vengru.com\\\/en\\\/\",\"name\":\"vengru.com\",\"description\":\"Vari\u00e1lhat\u00f3, min\u0151s\u00e9gi magyar designer m\u00e1rka\",\"publisher\":{\"@id\":\"https:\\\/\\\/vengru.com\\\/en\\\/#organization\"},\"potentialAction\":[{\"@type\":\"SearchAction\",\"target\":{\"@type\":\"EntryPoint\",\"urlTemplate\":\"https:\\\/\\\/vengru.com\\\/en\\\/?s={search_term_string}\"},\"query-input\":{\"@type\":\"PropertyValueSpecification\",\"valueRequired\":true,\"valueName\":\"search_term_string\"}}],\"inLanguage\":\"en-US\"},{\"@type\":\"Organization\",\"@id\":\"https:\\\/\\\/vengru.com\\\/en\\\/#organization\",\"name\":\"VENGRU Ltd.\",\"url\":\"https:\\\/\\\/vengru.com\\\/en\\\/\",\"logo\":{\"@type\":\"ImageObject\",\"inLanguage\":\"en-US\",\"@id\":\"https:\\\/\\\/vengru.com\\\/en\\\/#\\\/schema\\\/logo\\\/image\\\/\",\"url\":\"https:\\\/\\\/vengru.com\\\/wp-content\\\/uploads\\\/2025\\\/05\\\/cropped-VENGRU-logoPNG3-1.png\",\"contentUrl\":\"https:\\\/\\\/vengru.com\\\/wp-content\\\/uploads\\\/2025\\\/05\\\/cropped-VENGRU-logoPNG3-1.png\",\"width\":581,\"height\":98,\"caption\":\"VENGRU Ltd.\"},\"image\":{\"@id\":\"https:\\\/\\\/vengru.com\\\/en\\\/#\\\/schema\\\/logo\\\/image\\\/\"},\"sameAs\":[\"https:\\\/\\\/www.facebook.com\\\/vengrubag\\\/\",\"https:\\\/\\\/www.instagram.com\\\/vengrubag\\\/\"]}]}<\/script>\n<!-- \/ Yoast SEO plugin. -->","yoast_head_json":{"title":"GEM mini monochrome black multicolor - hungarian designer bag","description":"GEM mini monochrome black Custom leather bag, cool women's belt bag or cross body mini bag. An eye-catcher, a real everlasting piece.","robots":{"index":"index","follow":"follow","max-snippet":"max-snippet:-1","max-image-preview":"max-image-preview:large","max-video-preview":"max-video-preview:-1"},"canonical":"https:\/\/vengru.com\/en\/termek\/gem-mini-spring\/","og_locale":"en_US","og_type":"article","og_title":"GEM mini monochrome black multicolor - hungarian designer bag","og_description":"GEM mini monochrome black Custom leather bag, cool women's belt bag or cross body mini bag. An eye-catcher, a real everlasting piece.","og_url":"https:\/\/vengru.com\/en\/termek\/gem-mini-spring\/","og_site_name":"vengru.com","article_publisher":"https:\/\/www.facebook.com\/vengrubag\/","article_modified_time":"2025-09-18T18:13:29+00:00","og_image":[{"width":1200,"height":1500,"url":"https:\/\/vengru.com\/wp-content\/uploads\/2022\/02\/Gem-mini-fekete.jpg","type":"image\/jpeg"}],"twitter_card":"summary_large_image","twitter_misc":{"Est. reading time":"2 minutes"},"schema":{"@context":"https:\/\/schema.org","@graph":[{"@type":"WebPage","@id":"https:\/\/vengru.com\/en\/termek\/gem-mini-spring\/","url":"https:\/\/vengru.com\/en\/termek\/gem-mini-spring\/","name":"GEM mini monochrome black multicolor - hungarian designer bag","isPartOf":{"@id":"https:\/\/vengru.com\/en\/#website"},"primaryImageOfPage":{"@id":"https:\/\/vengru.com\/en\/termek\/gem-mini-spring\/#primaryimage"},"image":{"@id":"https:\/\/vengru.com\/en\/termek\/gem-mini-spring\/#primaryimage"},"thumbnailUrl":"https:\/\/vengru.com\/wp-content\/uploads\/2022\/02\/Gem-mini-fekete.jpg","datePublished":"2022-02-28T22:06:17+00:00","dateModified":"2025-09-18T18:13:29+00:00","description":"GEM mini monochrome black Custom leather bag, cool women's belt bag or cross body mini bag. An eye-catcher, a real everlasting piece.","breadcrumb":{"@id":"https:\/\/vengru.com\/en\/termek\/gem-mini-spring\/#breadcrumb"},"inLanguage":"en-US","potentialAction":[{"@type":"ReadAction","target":["https:\/\/vengru.com\/en\/termek\/gem-mini-spring\/"]}]},{"@type":"ImageObject","inLanguage":"en-US","@id":"https:\/\/vengru.com\/en\/termek\/gem-mini-spring\/#primaryimage","url":"https:\/\/vengru.com\/wp-content\/uploads\/2022\/02\/Gem-mini-fekete.jpg","contentUrl":"https:\/\/vengru.com\/wp-content\/uploads\/2022\/02\/Gem-mini-fekete.jpg","width":1200,"height":1500},{"@type":"BreadcrumbList","@id":"https:\/\/vengru.com\/en\/termek\/gem-mini-spring\/#breadcrumb","itemListElement":[{"@type":"ListItem","position":1,"name":"Home","item":"https:\/\/vengru.com\/en\/"},{"@type":"ListItem","position":2,"name":"SHOP","item":"https:\/\/vengru.com\/en\/shop-2\/"},{"@type":"ListItem","position":3,"name":"GEM mini monochrome black"}]},{"@type":"WebSite","@id":"https:\/\/vengru.com\/en\/#website","url":"https:\/\/vengru.com\/en\/","name":"vengru.com","description":"Vari\u00e1lhat\u00f3, min\u0151s\u00e9gi magyar designer m\u00e1rka","publisher":{"@id":"https:\/\/vengru.com\/en\/#organization"},"potentialAction":[{"@type":"SearchAction","target":{"@type":"EntryPoint","urlTemplate":"https:\/\/vengru.com\/en\/?s={search_term_string}"},"query-input":{"@type":"PropertyValueSpecification","valueRequired":true,"valueName":"search_term_string"}}],"inLanguage":"en-US"},{"@type":"Organization","@id":"https:\/\/vengru.com\/en\/#organization","name":"VENGRU Ltd.","url":"https:\/\/vengru.com\/en\/","logo":{"@type":"ImageObject","inLanguage":"en-US","@id":"https:\/\/vengru.com\/en\/#\/schema\/logo\/image\/","url":"https:\/\/vengru.com\/wp-content\/uploads\/2025\/05\/cropped-VENGRU-logoPNG3-1.png","contentUrl":"https:\/\/vengru.com\/wp-content\/uploads\/2025\/05\/cropped-VENGRU-logoPNG3-1.png","width":581,"height":98,"caption":"VENGRU Ltd."},"image":{"@id":"https:\/\/vengru.com\/en\/#\/schema\/logo\/image\/"},"sameAs":["https:\/\/www.facebook.com\/vengrubag\/","https:\/\/www.instagram.com\/vengrubag\/"]}]}},"_links":{"self":[{"href":"https:\/\/vengru.com\/en\/wp-json\/wp\/v2\/product\/12276","targetHints":{"allow":["GET"]}}],"collection":[{"href":"https:\/\/vengru.com\/en\/wp-json\/wp\/v2\/product"}],"about":[{"href":"https:\/\/vengru.com\/en\/wp-json\/wp\/v2\/types\/product"}],"replies":[{"embeddable":true,"href":"https:\/\/vengru.com\/en\/wp-json\/wp\/v2\/comments?post=12276"}],"wp:featuredmedia":[{"embeddable":true,"href":"https:\/\/vengru.com\/en\/wp-json\/wp\/v2\/media\/20178"}],"wp:attachment":[{"href":"https:\/\/vengru.com\/en\/wp-json\/wp\/v2\/media?parent=12276"}],"wp:term":[{"taxonomy":"product_brand","embeddable":true,"href":"https:\/\/vengru.com\/en\/wp-json\/wp\/v2\/product_brand?post=12276"},{"taxonomy":"product_cat","embeddable":true,"href":"https:\/\/vengru.com\/en\/wp-json\/wp\/v2\/product_cat?post=12276"},{"taxonomy":"product_tag","embeddable":true,"href":"https:\/\/vengru.com\/en\/wp-json\/wp\/v2\/product_tag?post=12276"}],"curies":[{"name":"wp","href":"https:\/\/api.w.org\/{rel}","templated":true}]}}