{"id":12076,"date":"2022-02-28T18:58:55","date_gmt":"2022-02-28T18:58:55","guid":{"rendered":"https:\/\/vengru.com\/termek\/gem-in-u-spring\/"},"modified":"2025-09-18T18:32:17","modified_gmt":"2025-09-18T18:32:17","slug":"gem-in-u-monochrome","status":"publish","type":"product","link":"https:\/\/vengru.com\/en\/termek\/gem-in-u-monochrome\/","title":{"rendered":"GEM in U monochrome beige"},"content":{"rendered":"<p>\ud83d\udc5c GEM IN U BAG \u2013 MONOCHROME beige, HANDMADE, PREMIUM WOMEN\u2019S LEATHER BAG FROM A HUNGARIAN DESIGNER WORKSHOP<\/p>\n<p>Discover: GEM in U bag &#8211; MONOCHROME beige, one of the most exclusive pieces of Hungarian-designed, handcrafted women\u2019s leather bags. is premium quality, small leather bag is the jewel of our GEM collection, which combines modern elegance with traditional leather craftsmanship.<\/p>\n<p>The outer dimensions of the bag body are 11 cm x 24 cm x 18 cm, which is compact, spacious enough to comfortably store everyday necessities \u2013 wallet, phone, keys and other small items. <br \/>The flap closure provides elegance and security.<\/p>\n<p>The great advantage of the bag is that it can be worn in several ways: as a crossbody bag or as a crossbody bag, thanks to the attachable shoulder strap. The length of the included crossbody strap is adjustable between 113 and 132 cm, and its width is 2.5 cm, thus providing personalized services.<\/p>\n<p>This small-series Hungarian designer bag made of premium Italian leather is an ideal choice for those who appreciate unique, handcrafted quality and a clean, yet characterful design. The Vengru GEM in U bag represents sustainable fashion and lasting style.<\/p>\n<p>Once again, the brand&#8217;s modern, geometric shapes are spiced up with bold colour combinations, which further accentuate the bags&#8217; unique shapes.<\/p>\n<p>Once again, the designers have developed new styles based on customer feedback. For inspiration for colour combinations and new shapes, you didn&#8217;t have to go far, as Budapest is full of inspiration from street to street.<\/p>\n<p>The product is available in patterned leather.<\/p>\n","protected":false},"excerpt":{"rendered":"<p>Dear Customer,<\/p>\n<p>We believe in sustainable, eternal pieces. Most of our products are only a few pieces in stock, we make them to order. Of course, we try to deliver the items as soon as possible, but due to the increased number of orders, <strong>the production time may take 15-20 working days<\/strong> before delivery.<\/p>\n<p>If your order is urgent, please make sure you <a href=\"https:\/\/vengru.com\/kapcsolat-showroom-2\/\">contact<\/a> us.<\/p>\n<p>Thank you!<\/p>\n<p><em>BogiTomi<\/em><\/p>\n","protected":false},"featured_media":20146,"comment_status":"open","ping_status":"closed","template":"","meta":[],"product_brand":[],"product_cat":[1096,1120],"product_tag":[],"class_list":{"0":"post-12076","1":"product","2":"type-product","3":"status-publish","4":"has-post-thumbnail","6":"product_cat-gem-leather-bags-en","7":"product_cat-shoulder-and-handbags","8":"pa_kellek-gold","9":"pa_kellek-silver","10":"pa_szin-sand","12":"first","13":"instock","14":"shipping-taxable","15":"purchasable","16":"product-type-variable","17":"has-default-attributes"},"yoast_head":"<!-- This site is optimized with the Yoast SEO plugin v27.4 - https:\/\/yoast.com\/product\/yoast-seo-wordpress\/ -->\n<title>GEM in U monochrome beige - vengru.com<\/title>\n<meta name=\"description\" content=\"GEM in U monochrome beige A versatile accessory, it can be worn as a sling shoulder bag with an attachable shoulder strap. In several colors.\" \/>\n<meta name=\"robots\" content=\"index, follow, max-snippet:-1, max-image-preview:large, max-video-preview:-1\" \/>\n<link rel=\"canonical\" href=\"https:\/\/vengru.com\/en\/termek\/gem-in-u-monochrome\/\" \/>\n<meta property=\"og:locale\" content=\"en_US\" \/>\n<meta property=\"og:type\" content=\"article\" \/>\n<meta property=\"og:title\" content=\"GEM in U monochrome beige - vengru.com\" \/>\n<meta property=\"og:description\" content=\"GEM in U monochrome beige A versatile accessory, it can be worn as a sling shoulder bag with an attachable shoulder strap. In several colors.\" \/>\n<meta property=\"og:url\" content=\"https:\/\/vengru.com\/en\/termek\/gem-in-u-monochrome\/\" \/>\n<meta property=\"og:site_name\" content=\"vengru.com\" \/>\n<meta property=\"article:publisher\" content=\"https:\/\/www.facebook.com\/vengrubag\/\" \/>\n<meta property=\"article:modified_time\" content=\"2025-09-18T18:32:17+00:00\" \/>\n<meta property=\"og:image\" content=\"https:\/\/vengru.com\/wp-content\/uploads\/2022\/02\/Gem-in-U-homok.jpg\" \/>\n\t<meta property=\"og:image:width\" content=\"1200\" \/>\n\t<meta property=\"og:image:height\" content=\"1500\" \/>\n\t<meta property=\"og:image:type\" content=\"image\/jpeg\" \/>\n<meta name=\"twitter:card\" content=\"summary_large_image\" \/>\n<meta name=\"twitter:label1\" content=\"Est. reading time\" \/>\n\t<meta name=\"twitter:data1\" content=\"2 minutes\" \/>\n<script type=\"application\/ld+json\" class=\"yoast-schema-graph\">{\"@context\":\"https:\\\/\\\/schema.org\",\"@graph\":[{\"@type\":\"WebPage\",\"@id\":\"https:\\\/\\\/vengru.com\\\/en\\\/termek\\\/gem-in-u-monochrome\\\/\",\"url\":\"https:\\\/\\\/vengru.com\\\/en\\\/termek\\\/gem-in-u-monochrome\\\/\",\"name\":\"GEM in U monochrome beige - vengru.com\",\"isPartOf\":{\"@id\":\"https:\\\/\\\/vengru.com\\\/en\\\/#website\"},\"primaryImageOfPage\":{\"@id\":\"https:\\\/\\\/vengru.com\\\/en\\\/termek\\\/gem-in-u-monochrome\\\/#primaryimage\"},\"image\":{\"@id\":\"https:\\\/\\\/vengru.com\\\/en\\\/termek\\\/gem-in-u-monochrome\\\/#primaryimage\"},\"thumbnailUrl\":\"https:\\\/\\\/vengru.com\\\/wp-content\\\/uploads\\\/2022\\\/02\\\/Gem-in-U-homok.jpg\",\"datePublished\":\"2022-02-28T18:58:55+00:00\",\"dateModified\":\"2025-09-18T18:32:17+00:00\",\"description\":\"GEM in U monochrome beige A versatile accessory, it can be worn as a sling shoulder bag with an attachable shoulder strap. In several colors.\",\"breadcrumb\":{\"@id\":\"https:\\\/\\\/vengru.com\\\/en\\\/termek\\\/gem-in-u-monochrome\\\/#breadcrumb\"},\"inLanguage\":\"en-US\",\"potentialAction\":[{\"@type\":\"ReadAction\",\"target\":[\"https:\\\/\\\/vengru.com\\\/en\\\/termek\\\/gem-in-u-monochrome\\\/\"]}]},{\"@type\":\"ImageObject\",\"inLanguage\":\"en-US\",\"@id\":\"https:\\\/\\\/vengru.com\\\/en\\\/termek\\\/gem-in-u-monochrome\\\/#primaryimage\",\"url\":\"https:\\\/\\\/vengru.com\\\/wp-content\\\/uploads\\\/2022\\\/02\\\/Gem-in-U-homok.jpg\",\"contentUrl\":\"https:\\\/\\\/vengru.com\\\/wp-content\\\/uploads\\\/2022\\\/02\\\/Gem-in-U-homok.jpg\",\"width\":1200,\"height\":1500},{\"@type\":\"BreadcrumbList\",\"@id\":\"https:\\\/\\\/vengru.com\\\/en\\\/termek\\\/gem-in-u-monochrome\\\/#breadcrumb\",\"itemListElement\":[{\"@type\":\"ListItem\",\"position\":1,\"name\":\"Home\",\"item\":\"https:\\\/\\\/vengru.com\\\/en\\\/\"},{\"@type\":\"ListItem\",\"position\":2,\"name\":\"SHOP\",\"item\":\"https:\\\/\\\/vengru.com\\\/en\\\/shop-2\\\/\"},{\"@type\":\"ListItem\",\"position\":3,\"name\":\"GEM in U monochrome beige\"}]},{\"@type\":\"WebSite\",\"@id\":\"https:\\\/\\\/vengru.com\\\/en\\\/#website\",\"url\":\"https:\\\/\\\/vengru.com\\\/en\\\/\",\"name\":\"vengru.com\",\"description\":\"Vari\u00e1lhat\u00f3, min\u0151s\u00e9gi magyar designer m\u00e1rka\",\"publisher\":{\"@id\":\"https:\\\/\\\/vengru.com\\\/en\\\/#organization\"},\"potentialAction\":[{\"@type\":\"SearchAction\",\"target\":{\"@type\":\"EntryPoint\",\"urlTemplate\":\"https:\\\/\\\/vengru.com\\\/en\\\/?s={search_term_string}\"},\"query-input\":{\"@type\":\"PropertyValueSpecification\",\"valueRequired\":true,\"valueName\":\"search_term_string\"}}],\"inLanguage\":\"en-US\"},{\"@type\":\"Organization\",\"@id\":\"https:\\\/\\\/vengru.com\\\/en\\\/#organization\",\"name\":\"VENGRU Ltd.\",\"url\":\"https:\\\/\\\/vengru.com\\\/en\\\/\",\"logo\":{\"@type\":\"ImageObject\",\"inLanguage\":\"en-US\",\"@id\":\"https:\\\/\\\/vengru.com\\\/en\\\/#\\\/schema\\\/logo\\\/image\\\/\",\"url\":\"https:\\\/\\\/vengru.com\\\/wp-content\\\/uploads\\\/2025\\\/05\\\/cropped-VENGRU-logoPNG3-1.png\",\"contentUrl\":\"https:\\\/\\\/vengru.com\\\/wp-content\\\/uploads\\\/2025\\\/05\\\/cropped-VENGRU-logoPNG3-1.png\",\"width\":581,\"height\":98,\"caption\":\"VENGRU Ltd.\"},\"image\":{\"@id\":\"https:\\\/\\\/vengru.com\\\/en\\\/#\\\/schema\\\/logo\\\/image\\\/\"},\"sameAs\":[\"https:\\\/\\\/www.facebook.com\\\/vengrubag\\\/\",\"https:\\\/\\\/www.instagram.com\\\/vengrubag\\\/\"]}]}<\/script>\n<!-- \/ Yoast SEO plugin. -->","yoast_head_json":{"title":"GEM in U monochrome beige - vengru.com","description":"GEM in U monochrome beige A versatile accessory, it can be worn as a sling shoulder bag with an attachable shoulder strap. In several colors.","robots":{"index":"index","follow":"follow","max-snippet":"max-snippet:-1","max-image-preview":"max-image-preview:large","max-video-preview":"max-video-preview:-1"},"canonical":"https:\/\/vengru.com\/en\/termek\/gem-in-u-monochrome\/","og_locale":"en_US","og_type":"article","og_title":"GEM in U monochrome beige - vengru.com","og_description":"GEM in U monochrome beige A versatile accessory, it can be worn as a sling shoulder bag with an attachable shoulder strap. In several colors.","og_url":"https:\/\/vengru.com\/en\/termek\/gem-in-u-monochrome\/","og_site_name":"vengru.com","article_publisher":"https:\/\/www.facebook.com\/vengrubag\/","article_modified_time":"2025-09-18T18:32:17+00:00","og_image":[{"width":1200,"height":1500,"url":"https:\/\/vengru.com\/wp-content\/uploads\/2022\/02\/Gem-in-U-homok.jpg","type":"image\/jpeg"}],"twitter_card":"summary_large_image","twitter_misc":{"Est. reading time":"2 minutes"},"schema":{"@context":"https:\/\/schema.org","@graph":[{"@type":"WebPage","@id":"https:\/\/vengru.com\/en\/termek\/gem-in-u-monochrome\/","url":"https:\/\/vengru.com\/en\/termek\/gem-in-u-monochrome\/","name":"GEM in U monochrome beige - vengru.com","isPartOf":{"@id":"https:\/\/vengru.com\/en\/#website"},"primaryImageOfPage":{"@id":"https:\/\/vengru.com\/en\/termek\/gem-in-u-monochrome\/#primaryimage"},"image":{"@id":"https:\/\/vengru.com\/en\/termek\/gem-in-u-monochrome\/#primaryimage"},"thumbnailUrl":"https:\/\/vengru.com\/wp-content\/uploads\/2022\/02\/Gem-in-U-homok.jpg","datePublished":"2022-02-28T18:58:55+00:00","dateModified":"2025-09-18T18:32:17+00:00","description":"GEM in U monochrome beige A versatile accessory, it can be worn as a sling shoulder bag with an attachable shoulder strap. In several colors.","breadcrumb":{"@id":"https:\/\/vengru.com\/en\/termek\/gem-in-u-monochrome\/#breadcrumb"},"inLanguage":"en-US","potentialAction":[{"@type":"ReadAction","target":["https:\/\/vengru.com\/en\/termek\/gem-in-u-monochrome\/"]}]},{"@type":"ImageObject","inLanguage":"en-US","@id":"https:\/\/vengru.com\/en\/termek\/gem-in-u-monochrome\/#primaryimage","url":"https:\/\/vengru.com\/wp-content\/uploads\/2022\/02\/Gem-in-U-homok.jpg","contentUrl":"https:\/\/vengru.com\/wp-content\/uploads\/2022\/02\/Gem-in-U-homok.jpg","width":1200,"height":1500},{"@type":"BreadcrumbList","@id":"https:\/\/vengru.com\/en\/termek\/gem-in-u-monochrome\/#breadcrumb","itemListElement":[{"@type":"ListItem","position":1,"name":"Home","item":"https:\/\/vengru.com\/en\/"},{"@type":"ListItem","position":2,"name":"SHOP","item":"https:\/\/vengru.com\/en\/shop-2\/"},{"@type":"ListItem","position":3,"name":"GEM in U monochrome beige"}]},{"@type":"WebSite","@id":"https:\/\/vengru.com\/en\/#website","url":"https:\/\/vengru.com\/en\/","name":"vengru.com","description":"Vari\u00e1lhat\u00f3, min\u0151s\u00e9gi magyar designer m\u00e1rka","publisher":{"@id":"https:\/\/vengru.com\/en\/#organization"},"potentialAction":[{"@type":"SearchAction","target":{"@type":"EntryPoint","urlTemplate":"https:\/\/vengru.com\/en\/?s={search_term_string}"},"query-input":{"@type":"PropertyValueSpecification","valueRequired":true,"valueName":"search_term_string"}}],"inLanguage":"en-US"},{"@type":"Organization","@id":"https:\/\/vengru.com\/en\/#organization","name":"VENGRU Ltd.","url":"https:\/\/vengru.com\/en\/","logo":{"@type":"ImageObject","inLanguage":"en-US","@id":"https:\/\/vengru.com\/en\/#\/schema\/logo\/image\/","url":"https:\/\/vengru.com\/wp-content\/uploads\/2025\/05\/cropped-VENGRU-logoPNG3-1.png","contentUrl":"https:\/\/vengru.com\/wp-content\/uploads\/2025\/05\/cropped-VENGRU-logoPNG3-1.png","width":581,"height":98,"caption":"VENGRU Ltd."},"image":{"@id":"https:\/\/vengru.com\/en\/#\/schema\/logo\/image\/"},"sameAs":["https:\/\/www.facebook.com\/vengrubag\/","https:\/\/www.instagram.com\/vengrubag\/"]}]}},"_links":{"self":[{"href":"https:\/\/vengru.com\/en\/wp-json\/wp\/v2\/product\/12076","targetHints":{"allow":["GET"]}}],"collection":[{"href":"https:\/\/vengru.com\/en\/wp-json\/wp\/v2\/product"}],"about":[{"href":"https:\/\/vengru.com\/en\/wp-json\/wp\/v2\/types\/product"}],"replies":[{"embeddable":true,"href":"https:\/\/vengru.com\/en\/wp-json\/wp\/v2\/comments?post=12076"}],"wp:featuredmedia":[{"embeddable":true,"href":"https:\/\/vengru.com\/en\/wp-json\/wp\/v2\/media\/20146"}],"wp:attachment":[{"href":"https:\/\/vengru.com\/en\/wp-json\/wp\/v2\/media?parent=12076"}],"wp:term":[{"taxonomy":"product_brand","embeddable":true,"href":"https:\/\/vengru.com\/en\/wp-json\/wp\/v2\/product_brand?post=12076"},{"taxonomy":"product_cat","embeddable":true,"href":"https:\/\/vengru.com\/en\/wp-json\/wp\/v2\/product_cat?post=12076"},{"taxonomy":"product_tag","embeddable":true,"href":"https:\/\/vengru.com\/en\/wp-json\/wp\/v2\/product_tag?post=12076"}],"curies":[{"name":"wp","href":"https:\/\/api.w.org\/{rel}","templated":true}]}}