{"id":5804,"date":"2020-02-11T02:06:45","date_gmt":"2020-02-11T02:06:45","guid":{"rendered":"https:\/\/vengru.com\/adatvedelmi-nyilatkozat\/"},"modified":"2021-04-24T18:44:34","modified_gmt":"2021-04-24T18:44:34","slug":"adatvedelmi-nyilatkozat","status":"publish","type":"page","link":"https:\/\/vengru.com\/en\/adatvedelmi-nyilatkozat\/","title":{"rendered":"Privacy Policy"},"content":{"rendered":"<p><strong>ADATV\u00c9DELMI T\u00c1J\u00c9KOZTAT\u00d3<\/strong><\/p>\n<p><strong>A VENGRU \u00c1LTAL V\u00c9GZETT ADATKEZEL\u00c9SEKR\u0150L<\/strong><\/p>\n<p><strong>1. Az adatkezel\u0151 \u00e9s az adatkezel\u0151 k\u00e9pvisel\u0151je<\/strong><\/p>\n<p><strong>Az adatkezel\u0151<\/strong><\/p>\n<p>Neve: Vengru Kft.<\/p>\n<p>C\u00edme: 3104 Salg\u00f3tarj\u00e1n, Makarenk\u00f3 \u00fat 6. 4.em\/7.<\/p>\n<p>Email-c\u00edme:\u00a0<a href=\"mailto:info@vengru.com\">info@vengru.com<\/a><\/p>\n<p><strong>Az adatkezel\u0151 k\u00e9pvisel\u0151je<\/strong><\/p>\n<p>Neve: Sz\u00f6gi-Csom\u00e1ny Bogl\u00e1rka<\/p>\n<p>C\u00edme: 2151 F\u00f3t, Alberti B\u00e9la utca 66.<\/p>\n<p>Email-c\u00edme:\u00a0<a href=\"mailto:info@vengru.com\">info@vengru.com<\/a><\/p>\n<p><strong>2. A szem\u00e9lyes adatok kezel\u00e9s\u00e9nek c\u00e9lja, jogalapja \u00e9s id\u0151tartama<\/strong><\/p>\n<p>Az adatkezel\u00e9s c\u00e9lja az adatkezel\u0151 weboldal\u00e1n el\u00e9rhet\u0151 szolg\u00e1ltat\u00e1sok ny\u00fajt\u00e1s\u00e1nak biztos\u00edt\u00e1sa, az adatkezel\u0151 \u00e9s az adatkezel\u0151 weboldal\u00e1n regisztr\u00e1lt felhaszn\u00e1l\u00f3 k\u00f6z\u00f6tt l\u00e9trej\u00f6v\u0151 szerz\u0151d\u00e9s teljes\u00edt\u00e9se.<\/p>\n<p>Az adatkezel\u00e9s jogalapja a term\u00e9szetes szem\u00e9lyeknek a szem\u00e9lyes adatok kezel\u00e9se tekintet\u00e9ben t\u00f6rt\u00e9n\u0151 v\u00e9delm\u00e9r\u0151l \u00e9s az ilyen adatok szabad \u00e1raml\u00e1s\u00e1r\u00f3l, valamint a 95\/46\/EK rendelet hat\u00e1lyon k\u00edv\u00fcl helyez\u00e9s\u00e9r\u0151l sz\u00f3l\u00f3, 2016. \u00e1prilis 27-i (EU) 2016\/679 eur\u00f3pai parlamenti \u00e9s tan\u00e1csi rendelet (a tov\u00e1bbiakban: GDPR) 6. cikk (1) bek. b) pontja.<\/p>\n<p>Az adatkezel\u0151 a felhaszn\u00e1l\u00f3 al\u00e1bbi szem\u00e9lyes adatait kezeli:<\/p>\n<ul>\n<li>az adatkezel\u0151 weboldal\u00e1n regisztr\u00e1l\u00f3 felhaszn\u00e1l\u00f3k\n<ul>\n<li>neve (vezet\u00e9kneve \u00e9s keresztneve)<\/li>\n<li>felhaszn\u00e1l\u00f3neve (email-c\u00edme)<\/li>\n<li>jelszava az adatkezel\u0151 weboldal\u00e1ra t\u00f6rt\u00e9n\u0151 bel\u00e9p\u00e9shez<\/li>\n<\/ul>\n<\/li>\n<li>az adatkezel\u0151 weboldal\u00e1n v\u00e1s\u00e1rl\u00f3 regisztr\u00e1lt felhaszn\u00e1l\u00f3k\n<ul>\n<li>neve (vezet\u00e9kneve \u00e9s keresztneve)<\/li>\n<li>felhaszn\u00e1l\u00f3neve (email-c\u00edme)<\/li>\n<li>jelszava az adatkezel\u0151 weboldal\u00e1ra t\u00f6rt\u00e9n\u0151 bel\u00e9p\u00e9shez<\/li>\n<li>telefonsz\u00e1ma<\/li>\n<li>sz\u00e1ml\u00e1z\u00e1si neve<\/li>\n<li>sz\u00e1ml\u00e1z\u00e1si c\u00edme<\/li>\n<li>sz\u00e1ll\u00edt\u00e1si neve<\/li>\n<li>sz\u00e1ll\u00edt\u00e1si c\u00edme<\/li>\n<\/ul>\n<\/li>\n<\/ul>\n<p>Az adatkezel\u0151 \u00e1ltal kezelt szem\u00e9lyes adatok megad\u00e1sa \u00f6nk\u00e9ntes. Ugyanakkor ha a felhaszn\u00e1l\u00f3 az adatkezel\u0151 \u00e1ltal meghat\u00e1rozott szem\u00e9lyes adatait az adatkezel\u0151 weboldal\u00e1n val\u00f3 regisztr\u00e1ci\u00f3, illetve v\u00e1s\u00e1rl\u00e1s sor\u00e1n nem adja meg, az adatkezel\u0151 weboldal\u00e1n nem tud regisztr\u00e1lni, illetve nem tud v\u00e1s\u00e1rolni.<\/p>\n<p>Az adatkezel\u0151<\/p>\n<ul>\n<li>az adatkezel\u0151 weboldal\u00e1n regisztr\u00e1l\u00f3 felhaszn\u00e1l\u00f3k kezelt szem\u00e9lyes adatait a felhaszn\u00e1l\u00f3i regisztr\u00e1ci\u00f3 felhaszn\u00e1l\u00f3, illetve adatkezel\u0151 \u00e1ltali t\u00f6rl\u00e9s\u00e9t<\/li>\n<li>az adatkezel\u0151 weboldal\u00e1n v\u00e1s\u00e1rl\u00f3 regisztr\u00e1lt felhaszn\u00e1l\u00f3k kezelt szem\u00e9lyes adatait az adatkezel\u0151 \u00e9s a regisztr\u00e1lt felhaszn\u00e1l\u00f3 k\u00f6z\u00f6tt l\u00e9trej\u00f6tt szerz\u0151d\u00e9ssel \u00f6sszef\u00fcgg\u00e9sben a garanci\u00e1lis \u00e9s egy\u00e9b ig\u00e9nyek \u00e9rv\u00e9nyes\u00edthet\u0151s\u00e9gi idej\u00e9nek letelt\u00e9t<\/li>\n<\/ul>\n<p>k\u00f6vet\u0151en halad\u00e9ktalanul t\u00f6rli.<\/p>\n<p><strong>3. A szem\u00e9lyes adatok tov\u00e1bb\u00edt\u00e1sa<\/strong><\/p>\n<p>A kezelt szem\u00e9lyes adatok k\u00f6z\u00fcl a sz\u00e1ll\u00edt\u00e1si nevet \u00e9s c\u00edmet az adatkezel\u0151 a regisztr\u00e1lt felhaszn\u00e1l\u00f3 \u00e1ltal a weboldalon megv\u00e1s\u00e1rolt term\u00e9knek a regisztr\u00e1lt felhaszn\u00e1l\u00f3nak t\u00f6rt\u00e9n\u0151 sz\u00e1ll\u00edt\u00e1sa c\u00e9lj\u00e1b\u00f3l, az adatkezel\u0151 \u00e9s a regisztr\u00e1lt felhaszn\u00e1l\u00f3 k\u00f6z\u00f6tt l\u00e9trej\u00f6tt szerz\u0151d\u00e9s teljes\u00edt\u00e9se miatt a postai szolg\u00e1ltat\u00f3val (ide \u00e9rtve a harmadik orsz\u00e1gbeli postai szolg\u00e1ltat\u00f3t is) k\u00f6zli.<\/p>\n<p><strong>4. Az adatkezel\u00e9ssel \u00e9rintettek jogai<\/strong><\/p>\n<p>Az \u00e9rintett jogosult szem\u00e9lyes adatai kezel\u00e9s\u00e9t illet\u0151en az adatkezel\u0151t\u0151l<\/p>\n<ul>\n<li>t\u00e1j\u00e9koztat\u00e1st kapni az adatkezel\u00e9ssel kapcsolatos k\u00f6r\u00fclm\u00e9nyekr\u0151l;<\/li>\n<li>a szem\u00e9lyes adatok helyesb\u00edt\u00e9s\u00e9t vagy \u2013 a GDPR szerint meghat\u00e1rozott esetekben \u2013 t\u00f6rl\u00e9s\u00e9t k\u00e9rni;<\/li>\n<li>az adatkezel\u00e9s korl\u00e1toz\u00e1s\u00e1t k\u00e9rni;<\/li>\n<li>hozz\u00e1f\u00e9rni szem\u00e9lyes adataihoz;<\/li>\n<li>tiltakozni az adatkezel\u00e9s ellen.<\/li>\n<\/ul>\n<p>Tekintettel arra, hogy az adatkezel\u0151n\u00e9l nem t\u00f6rt\u00e9nik automatiz\u00e1lt m\u00f3don adatkezel\u00e9s, \u00edgy az adathordozhat\u00f3s\u00e1ghoz, valamint az automatiz\u00e1lt d\u00f6nt\u00e9shozatal elleni tiltakoz\u00e1shoz val\u00f3 jog nem illeti meg az \u00e9rintettet. Mivel az adatkezel\u00e9s jogalapja a GDPR 6. cikk (1) bekezd\u00e9s b) pontja, az \u00e9rintett a tiltakoz\u00e1s jog\u00e1t nem gyakorolhatja.<\/p>\n<p>Az \u00e9rintett a fenti jogaival kapcsolatos k\u00e9relm\u00e9t \u00edr\u00e1sban vagy elektronikus \u00faton, az adatkezel\u0151 k\u00e9pvisel\u0151j\u00e9nek c\u00edmezve ny\u00fajthatja be az 1. pont szerinti el\u00e9rhet\u0151s\u00e9gek valamelyik\u00e9n.<\/p>\n<p>A k\u00e9relemr\u0151l az adatkezel\u0151 indokolatlan k\u00e9sedelem n\u00e9lk\u00fcl, legk\u00e9s\u0151bb a be\u00e9rkez\u00e9s\u00e9t\u0151l sz\u00e1m\u00edtott egy h\u00f3napon bel\u00fcl d\u00f6nt, \u00e9s t\u00e1j\u00e9koztatja az \u00e9rintetett a k\u00e9relem nyom\u00e1n hozott int\u00e9zked\u00e9sekr\u0151l, vagy amennyiben int\u00e9zked\u00e9s nem t\u00f6rt\u00e9nik, ennek ok\u00e1r\u00f3l, a fel\u00fcgyeleti hat\u00f3s\u00e1ghoz panasz, illetve a b\u00edr\u00f3s\u00e1ghoz jogorvoslat beny\u00fajt\u00e1s\u00e1nak lehet\u0151s\u00e9g\u00e9r\u0151l.<\/p>\n<p>Az int\u00e9zked\u00e9s hat\u00e1rideje sz\u00fcks\u00e9g eset\u00e9n, a k\u00e9relem \u00f6sszetetts\u00e9g\u00e9re \u00e9s a k\u00e9relmek sz\u00e1m\u00e1ra figyelemmel tov\u00e1bbi k\u00e9t h\u00f3nappal meghosszabb\u00edthat\u00f3. A hat\u00e1rid\u0151 meghosszabb\u00edt\u00e1s\u00e1r\u00f3l okainak megjel\u00f6l\u00e9s\u00e9vel a k\u00e9relem be\u00e9rkez\u00e9s\u00e9t\u0151l sz\u00e1m\u00edtott egy h\u00f3napon bel\u00fcl az adatkezel\u0151 t\u00e1j\u00e9koztatja a k\u00e9relmez\u0151t.<\/p>\n<p>Amennyiben az \u00e9rintett k\u00e9relme egy\u00e9rtelm\u0171en megalapozatlan vagy t\u00falz\u00f3, az adatkezel\u0151 d\u00edjat sz\u00e1m\u00edthat fel vagy megtagadhatja az int\u00e9zked\u00e9st.<\/p>\n<p><strong>a) Az \u00e9rintett t\u00e1j\u00e9koztat\u00e1shoz val\u00f3 joga<\/strong><\/p>\n<p>Az adatkezel\u0151 a jelen t\u00e1j\u00e9koztat\u00f3 k\u00f6zz\u00e9t\u00e9tel\u00e9vel biztos\u00edtja, hogy az \u00e9rintett r\u00e9sz\u00e9re a szem\u00e9lyes adatok kezel\u00e9s\u00e9re vonatkoz\u00f3, a GDPR 13. cikke \u00e1ltal meghat\u00e1rozott minden inform\u00e1ci\u00f3 rendelkez\u00e9sre \u00e1lljon.<\/p>\n<p><strong>b) Az \u00e9rintett hozz\u00e1f\u00e9r\u00e9si joga<\/strong><\/p>\n<p>Az \u00e9rintett szem\u00e9lyazonoss\u00e1g\u00e1nak igazol\u00e1s\u00e1t k\u00f6vet\u0151en jogosult arra, hogy az adatkezel\u0151t\u0151l visszajelz\u00e9st kapjon a szem\u00e9lyes adatainak kezel\u00e9s\u00e9r\u0151l. A hozz\u00e1f\u00e9r\u00e9si jog gyakorl\u00e1s\u00e1val \u00f6sszef\u00fcgg\u0151 t\u00e1j\u00e9koztat\u00e1st az adatkezel\u0151 \u00edr\u00e1sban, postai vagy elektronikus \u00faton adja meg.<\/p>\n<p><strong>c) A helyesb\u00edt\u00e9shez \u00e9s t\u00f6rl\u00e9shez val\u00f3 jog<\/strong><\/p>\n<p>Az \u00e9rintett k\u00e9rheti, hogy az adatkezel\u0151 helyesb\u00edtse a r\u00e1 vonatkoz\u00f3 pontatlan adatot.<\/p>\n<p>Az \u00e9rintett jogosult arra, hogy indokolt k\u00e9relm\u00e9re az adatkezel\u0151 k\u00e9sedelem n\u00e9lk\u00fcl t\u00f6r\u00f6lje a r\u00e1 vonatkoz\u00f3 szem\u00e9lyes adatot. Az adatkezel\u0151 k\u00f6teles t\u00f6r\u00f6lni a szem\u00e9lyes adatot, amennyiben:<\/p>\n<ul>\n<li>a szem\u00e9lyes adatokra m\u00e1r nincs sz\u00fcks\u00e9g abb\u00f3l a c\u00e9lb\u00f3l, amelyb\u0151l azokat kezelt\u00e9k;<\/li>\n<li>az \u00e9rintett tiltakozik az adatkezel\u00e9s ellen, \u00e9s nincs els\u0151bbs\u00e9get \u00e9lvez\u0151 jogszer\u0171 ok az adatkezel\u00e9sre;<\/li>\n<li>a szem\u00e9lyes adatokat az adatkezel\u0151re alkalmazand\u00f3 uni\u00f3s vagy tag\u00e1llami jogban el\u0151\u00edrt jogi k\u00f6telezetts\u00e9g teljes\u00edt\u00e9s\u00e9hez t\u00f6r\u00f6lni kell.<\/li>\n<\/ul>\n<p>Az \u00e9rintett nem gyakorolhatja a t\u00f6rl\u00e9shez val\u00f3 jog\u00e1t t\u00f6bbek k\u00f6z\u00f6tt abban az esetben, ha az adatkezel\u00e9s<\/p>\n<ul>\n<li>a szem\u00e9lyes adatok kezel\u00e9s\u00e9t el\u0151\u00edr\u00f3, az adatkezel\u0151re alkalmazand\u00f3 uni\u00f3s vagy tag\u00e1llami jog szerinti k\u00f6telezetts\u00e9g teljes\u00edt\u00e9se c\u00e9lj\u00e1b\u00f3l,<\/li>\n<li>jogi ig\u00e9nyek el\u0151terjeszt\u00e9s\u00e9hez, \u00e9rv\u00e9nyes\u00edt\u00e9s\u00e9hez, illetve v\u00e9delm\u00e9hez<\/li>\n<\/ul>\n<p>sz\u00fcks\u00e9ges.<\/p>\n<p><strong>d) Az adatkezel\u00e9s korl\u00e1toz\u00e1s\u00e1hoz val\u00f3 jog<\/strong><\/p>\n<p>Az \u00e9rintett jogosult arra, hogy indokolt k\u00e9relm\u00e9re az adatkezel\u0151 korl\u00e1tozza az adatkezel\u00e9st, ha:<\/p>\n<ul>\n<li>az \u00e9rintett vitatja a szem\u00e9lyes adatok pontoss\u00e1g\u00e1t (am\u00edg az adatkezel\u0151 ellen\u0151rzi az adatok pontoss\u00e1g\u00e1t);<\/li>\n<li>az adatkezel\u00e9s jogellenes, \u00e9s az \u00e9rintett ellenzi az adatok t\u00f6rl\u00e9s\u00e9t;<\/li>\n<li>az adatkezel\u0151nek m\u00e1r nincs sz\u00fcks\u00e9ge a szem\u00e9lyes adatokra adatkezel\u00e9s c\u00e9lj\u00e1b\u00f3l, de az \u00e9rintett ig\u00e9nyli azokat jogi ig\u00e9nyek el\u0151terjeszt\u00e9s\u00e9hez, \u00e9rv\u00e9nyes\u00edt\u00e9s\u00e9hez vagy v\u00e9delm\u00e9hez;<\/li>\n<li>az \u00e9rintett tiltakozott az adatkezel\u00e9s ellen (am\u00edg az adatkezel\u0151 el nem b\u00edr\u00e1lja a tiltakoz\u00e1s ir\u00e1nti k\u00e9relmet).<\/li>\n<\/ul>\n<p>A korl\u00e1toz\u00e1s ideje alatt a szem\u00e9lyes adatokat t\u00e1rol\u00e1s kiv\u00e9tel\u00e9vel t\u00f6bbek k\u00f6z\u00f6tt csak az \u00e9rintett hozz\u00e1j\u00e1rul\u00e1s\u00e1val vagy jogi ig\u00e9nyek \u00e9rv\u00e9nyes\u00edt\u00e9s\u00e9hez kapcsol\u00f3d\u00f3 adatkezel\u00e9s eset\u00e9n lehet tov\u00e1bb kezelni.<\/p>\n<p><strong>5. Jogorvoslatok<\/strong><\/p>\n<p><strong>a) Panasz beny\u00fajt\u00e1sa az adatkezel\u0151h\u00f6z<\/strong><\/p>\n<p>Amennyiben szem\u00e9lyes adatainak kezel\u00e9s\u00e9vel \u00f6sszef\u00fcgg\u00e9sben panasszal k\u00edv\u00e1n \u00e9lni, forduljon az adatkezel\u0151h\u00f6z az 1. pont szerinti el\u00e9rhet\u0151s\u00e9gek valamelyik\u00e9n.<\/p>\n<p><strong>b) B\u00edr\u00f3s\u00e1gi elj\u00e1r\u00e1s ind\u00edt\u00e1sa<\/strong><\/p>\n<p>Ha \u00d6nt \u00e9rintetti jogainak gyakorl\u00e1s\u00e1val \u00f6sszef\u00fcgg\u00e9sben vagy a szem\u00e9lyes adatai kezel\u00e9se sor\u00e1n jogs\u00e9rt\u00e9s \u00e9ri, polg\u00e1ri pert kezdem\u00e9nyezhet az adatkezel\u0151 ellen. A per elb\u00edr\u00e1l\u00e1sa t\u00f6rv\u00e9nysz\u00e9k hat\u00e1sk\u00f6r\u00e9be tartozik. Az elj\u00e1r\u00e1s megind\u00edthat\u00f3 az \u00e9rintett lak\u00f3helye vagy tart\u00f3zkod\u00e1si helye szerinti t\u00f6rv\u00e9nysz\u00e9k el\u0151tt. A b\u00edr\u00f3s\u00e1g az \u00fcgyben soron k\u00edv\u00fcl j\u00e1r el. A jogs\u00e9rt\u00e9s meg\u00e1llap\u00edt\u00e1sa eset\u00e9n \u00d6n k\u00e1rt\u00e9r\u00edt\u00e9sre \u00e9s s\u00e9relemd\u00edjra tarthat ig\u00e9nyt, valamint a b\u00edr\u00f3s\u00e1g k\u00f6telezheti az adatkezel\u0151t az \u00e9rintetti jogok gyakorl\u00e1s\u00e1nak teljes\u00edt\u00e9s\u00e9re.<\/p>\n<p><strong>c) Panasz beny\u00fajt\u00e1sa a fel\u00fcgyeleti hat\u00f3s\u00e1ghoz<\/strong><\/p>\n<p>Amennyiben \u00d6nt a szem\u00e9lyes adatok kezel\u00e9s\u00e9vel kapcsolatban s\u00e9relem \u00e9ri, panasz\u00e1val a Nemzeti Adatv\u00e9delmi \u00e9s Inform\u00e1ci\u00f3szabads\u00e1g Hat\u00f3s\u00e1ghoz fordulhat.<\/p>\n<p>A hat\u00f3s\u00e1g el\u00e9rhet\u0151s\u00e9ge:<\/p>\n<p>E-mail:\u00a0<a href=\"mailto:ugyfelszolgalat@naih.hu\">ugyfelszolgalat@naih.hu<\/a><\/p>\n<p>Telefon: +36 1\u00a0391 1400<\/p>\n<p>Postac\u00edm: 1530 Budapest, Pf.: 5.<\/p>\n<p>Honlap:\u00a0<a href=\"http:\/\/www.naih.hu\/\">www.naih.hu<\/a><\/p>\n","protected":false},"excerpt":{"rendered":"<p>ADATV\u00c9DELMI T\u00c1J\u00c9KOZTAT\u00d3 A VENGRU \u00c1LTAL V\u00c9GZETT ADATKEZEL\u00c9SEKR\u0150L 1. Az adatkezel\u0151 \u00e9s az adatkezel\u0151 k\u00e9pvisel\u0151je Az adatkezel\u0151 Neve: Vengru Kft. C\u00edme: 3104 Salg\u00f3tarj\u00e1n, Makarenk\u00f3 \u00fat 6. 4.em\/7. Email-c\u00edme:\u00a0info@vengru.com Az adatkezel\u0151 k\u00e9pvisel\u0151je Neve: Sz\u00f6gi-Csom\u00e1ny Bogl\u00e1rka C\u00edme: 2151 F\u00f3t, Alberti B\u00e9la utca 66. Email-c\u00edme:\u00a0info@vengru.com 2. A szem\u00e9lyes adatok kezel\u00e9s\u00e9nek c\u00e9lja, jogalapja \u00e9s id\u0151tartama Az adatkezel\u00e9s c\u00e9lja az adatkezel\u0151 <a class=\"read-more\" href=\"https:\/\/vengru.com\/en\/adatvedelmi-nyilatkozat\/\">Read More<\/a><\/p>\n","protected":false},"author":2,"featured_media":0,"parent":0,"menu_order":0,"comment_status":"closed","ping_status":"closed","template":"","meta":{"footnotes":""},"class_list":["post-5804","page","type-page","status-publish","hentry"],"yoast_head":"<!-- This site is optimized with the Yoast SEO plugin v27.4 - https:\/\/yoast.com\/product\/yoast-seo-wordpress\/ -->\n<title>Privacy Policy - vengru.com<\/title>\n<meta name=\"robots\" content=\"index, follow, max-snippet:-1, max-image-preview:large, max-video-preview:-1\" \/>\n<link rel=\"canonical\" href=\"https:\/\/vengru.com\/en\/adatvedelmi-nyilatkozat\/\" \/>\n<meta property=\"og:locale\" content=\"en_US\" \/>\n<meta property=\"og:type\" content=\"article\" \/>\n<meta property=\"og:title\" content=\"Privacy Policy - vengru.com\" \/>\n<meta property=\"og:description\" content=\"ADATV\u00c9DELMI T\u00c1J\u00c9KOZTAT\u00d3 A VENGRU \u00c1LTAL V\u00c9GZETT ADATKEZEL\u00c9SEKR\u0150L 1. Az adatkezel\u0151 \u00e9s az adatkezel\u0151 k\u00e9pvisel\u0151je Az adatkezel\u0151 Neve: Vengru Kft. C\u00edme: 3104 Salg\u00f3tarj\u00e1n, Makarenk\u00f3 \u00fat 6. 4.em\/7. Email-c\u00edme:\u00a0info@vengru.com Az adatkezel\u0151 k\u00e9pvisel\u0151je Neve: Sz\u00f6gi-Csom\u00e1ny Bogl\u00e1rka C\u00edme: 2151 F\u00f3t, Alberti B\u00e9la utca 66. Email-c\u00edme:\u00a0info@vengru.com 2. A szem\u00e9lyes adatok kezel\u00e9s\u00e9nek c\u00e9lja, jogalapja \u00e9s id\u0151tartama Az adatkezel\u00e9s c\u00e9lja az adatkezel\u0151 Read More\" \/>\n<meta property=\"og:url\" content=\"https:\/\/vengru.com\/en\/adatvedelmi-nyilatkozat\/\" \/>\n<meta property=\"og:site_name\" content=\"vengru.com\" \/>\n<meta property=\"article:publisher\" content=\"https:\/\/www.facebook.com\/vengrubag\/\" \/>\n<meta property=\"article:modified_time\" content=\"2021-04-24T18:44:34+00:00\" \/>\n<meta name=\"twitter:card\" content=\"summary_large_image\" \/>\n<meta name=\"twitter:label1\" content=\"Est. reading time\" \/>\n\t<meta name=\"twitter:data1\" content=\"8 minutes\" \/>\n<script type=\"application\/ld+json\" class=\"yoast-schema-graph\">{\"@context\":\"https:\\\/\\\/schema.org\",\"@graph\":[{\"@type\":\"WebPage\",\"@id\":\"https:\\\/\\\/vengru.com\\\/en\\\/adatvedelmi-nyilatkozat\\\/\",\"url\":\"https:\\\/\\\/vengru.com\\\/en\\\/adatvedelmi-nyilatkozat\\\/\",\"name\":\"Privacy Policy - vengru.com\",\"isPartOf\":{\"@id\":\"https:\\\/\\\/vengru.com\\\/en\\\/#website\"},\"datePublished\":\"2020-02-11T02:06:45+00:00\",\"dateModified\":\"2021-04-24T18:44:34+00:00\",\"breadcrumb\":{\"@id\":\"https:\\\/\\\/vengru.com\\\/en\\\/adatvedelmi-nyilatkozat\\\/#breadcrumb\"},\"inLanguage\":\"en-US\",\"potentialAction\":[{\"@type\":\"ReadAction\",\"target\":[\"https:\\\/\\\/vengru.com\\\/en\\\/adatvedelmi-nyilatkozat\\\/\"]}]},{\"@type\":\"BreadcrumbList\",\"@id\":\"https:\\\/\\\/vengru.com\\\/en\\\/adatvedelmi-nyilatkozat\\\/#breadcrumb\",\"itemListElement\":[{\"@type\":\"ListItem\",\"position\":1,\"name\":\"Home\",\"item\":\"https:\\\/\\\/vengru.com\\\/en\\\/\"},{\"@type\":\"ListItem\",\"position\":2,\"name\":\"Privacy Policy\"}]},{\"@type\":\"WebSite\",\"@id\":\"https:\\\/\\\/vengru.com\\\/en\\\/#website\",\"url\":\"https:\\\/\\\/vengru.com\\\/en\\\/\",\"name\":\"vengru.com\",\"description\":\"Vari\u00e1lhat\u00f3, min\u0151s\u00e9gi magyar designer m\u00e1rka\",\"publisher\":{\"@id\":\"https:\\\/\\\/vengru.com\\\/en\\\/#organization\"},\"potentialAction\":[{\"@type\":\"SearchAction\",\"target\":{\"@type\":\"EntryPoint\",\"urlTemplate\":\"https:\\\/\\\/vengru.com\\\/en\\\/?s={search_term_string}\"},\"query-input\":{\"@type\":\"PropertyValueSpecification\",\"valueRequired\":true,\"valueName\":\"search_term_string\"}}],\"inLanguage\":\"en-US\"},{\"@type\":\"Organization\",\"@id\":\"https:\\\/\\\/vengru.com\\\/en\\\/#organization\",\"name\":\"VENGRU Ltd.\",\"url\":\"https:\\\/\\\/vengru.com\\\/en\\\/\",\"logo\":{\"@type\":\"ImageObject\",\"inLanguage\":\"en-US\",\"@id\":\"https:\\\/\\\/vengru.com\\\/en\\\/#\\\/schema\\\/logo\\\/image\\\/\",\"url\":\"https:\\\/\\\/vengru.com\\\/wp-content\\\/uploads\\\/2025\\\/05\\\/cropped-VENGRU-logoPNG3-1.png\",\"contentUrl\":\"https:\\\/\\\/vengru.com\\\/wp-content\\\/uploads\\\/2025\\\/05\\\/cropped-VENGRU-logoPNG3-1.png\",\"width\":581,\"height\":98,\"caption\":\"VENGRU Ltd.\"},\"image\":{\"@id\":\"https:\\\/\\\/vengru.com\\\/en\\\/#\\\/schema\\\/logo\\\/image\\\/\"},\"sameAs\":[\"https:\\\/\\\/www.facebook.com\\\/vengrubag\\\/\",\"https:\\\/\\\/www.instagram.com\\\/vengrubag\\\/\"]}]}<\/script>\n<!-- \/ Yoast SEO plugin. -->","yoast_head_json":{"title":"Privacy Policy - vengru.com","robots":{"index":"index","follow":"follow","max-snippet":"max-snippet:-1","max-image-preview":"max-image-preview:large","max-video-preview":"max-video-preview:-1"},"canonical":"https:\/\/vengru.com\/en\/adatvedelmi-nyilatkozat\/","og_locale":"en_US","og_type":"article","og_title":"Privacy Policy - vengru.com","og_description":"ADATV\u00c9DELMI T\u00c1J\u00c9KOZTAT\u00d3 A VENGRU \u00c1LTAL V\u00c9GZETT ADATKEZEL\u00c9SEKR\u0150L 1. Az adatkezel\u0151 \u00e9s az adatkezel\u0151 k\u00e9pvisel\u0151je Az adatkezel\u0151 Neve: Vengru Kft. C\u00edme: 3104 Salg\u00f3tarj\u00e1n, Makarenk\u00f3 \u00fat 6. 4.em\/7. Email-c\u00edme:\u00a0info@vengru.com Az adatkezel\u0151 k\u00e9pvisel\u0151je Neve: Sz\u00f6gi-Csom\u00e1ny Bogl\u00e1rka C\u00edme: 2151 F\u00f3t, Alberti B\u00e9la utca 66. Email-c\u00edme:\u00a0info@vengru.com 2. A szem\u00e9lyes adatok kezel\u00e9s\u00e9nek c\u00e9lja, jogalapja \u00e9s id\u0151tartama Az adatkezel\u00e9s c\u00e9lja az adatkezel\u0151 Read More","og_url":"https:\/\/vengru.com\/en\/adatvedelmi-nyilatkozat\/","og_site_name":"vengru.com","article_publisher":"https:\/\/www.facebook.com\/vengrubag\/","article_modified_time":"2021-04-24T18:44:34+00:00","twitter_card":"summary_large_image","twitter_misc":{"Est. reading time":"8 minutes"},"schema":{"@context":"https:\/\/schema.org","@graph":[{"@type":"WebPage","@id":"https:\/\/vengru.com\/en\/adatvedelmi-nyilatkozat\/","url":"https:\/\/vengru.com\/en\/adatvedelmi-nyilatkozat\/","name":"Privacy Policy - vengru.com","isPartOf":{"@id":"https:\/\/vengru.com\/en\/#website"},"datePublished":"2020-02-11T02:06:45+00:00","dateModified":"2021-04-24T18:44:34+00:00","breadcrumb":{"@id":"https:\/\/vengru.com\/en\/adatvedelmi-nyilatkozat\/#breadcrumb"},"inLanguage":"en-US","potentialAction":[{"@type":"ReadAction","target":["https:\/\/vengru.com\/en\/adatvedelmi-nyilatkozat\/"]}]},{"@type":"BreadcrumbList","@id":"https:\/\/vengru.com\/en\/adatvedelmi-nyilatkozat\/#breadcrumb","itemListElement":[{"@type":"ListItem","position":1,"name":"Home","item":"https:\/\/vengru.com\/en\/"},{"@type":"ListItem","position":2,"name":"Privacy Policy"}]},{"@type":"WebSite","@id":"https:\/\/vengru.com\/en\/#website","url":"https:\/\/vengru.com\/en\/","name":"vengru.com","description":"Vari\u00e1lhat\u00f3, min\u0151s\u00e9gi magyar designer m\u00e1rka","publisher":{"@id":"https:\/\/vengru.com\/en\/#organization"},"potentialAction":[{"@type":"SearchAction","target":{"@type":"EntryPoint","urlTemplate":"https:\/\/vengru.com\/en\/?s={search_term_string}"},"query-input":{"@type":"PropertyValueSpecification","valueRequired":true,"valueName":"search_term_string"}}],"inLanguage":"en-US"},{"@type":"Organization","@id":"https:\/\/vengru.com\/en\/#organization","name":"VENGRU Ltd.","url":"https:\/\/vengru.com\/en\/","logo":{"@type":"ImageObject","inLanguage":"en-US","@id":"https:\/\/vengru.com\/en\/#\/schema\/logo\/image\/","url":"https:\/\/vengru.com\/wp-content\/uploads\/2025\/05\/cropped-VENGRU-logoPNG3-1.png","contentUrl":"https:\/\/vengru.com\/wp-content\/uploads\/2025\/05\/cropped-VENGRU-logoPNG3-1.png","width":581,"height":98,"caption":"VENGRU Ltd."},"image":{"@id":"https:\/\/vengru.com\/en\/#\/schema\/logo\/image\/"},"sameAs":["https:\/\/www.facebook.com\/vengrubag\/","https:\/\/www.instagram.com\/vengrubag\/"]}]}},"_links":{"self":[{"href":"https:\/\/vengru.com\/en\/wp-json\/wp\/v2\/pages\/5804","targetHints":{"allow":["GET"]}}],"collection":[{"href":"https:\/\/vengru.com\/en\/wp-json\/wp\/v2\/pages"}],"about":[{"href":"https:\/\/vengru.com\/en\/wp-json\/wp\/v2\/types\/page"}],"author":[{"embeddable":true,"href":"https:\/\/vengru.com\/en\/wp-json\/wp\/v2\/users\/2"}],"replies":[{"embeddable":true,"href":"https:\/\/vengru.com\/en\/wp-json\/wp\/v2\/comments?post=5804"}],"version-history":[{"count":0,"href":"https:\/\/vengru.com\/en\/wp-json\/wp\/v2\/pages\/5804\/revisions"}],"wp:attachment":[{"href":"https:\/\/vengru.com\/en\/wp-json\/wp\/v2\/media?parent=5804"}],"curies":[{"name":"wp","href":"https:\/\/api.w.org\/{rel}","templated":true}]}}