{"id":5788,"date":"2019-05-17T15:59:58","date_gmt":"2019-05-17T15:59:58","guid":{"rendered":"https:\/\/vengru.com\/bemutatkozas\/"},"modified":"2023-05-04T21:18:38","modified_gmt":"2023-05-04T21:18:38","slug":"bemutatkozas","status":"publish","type":"page","link":"https:\/\/vengru.com\/en\/bemutatkozas\/","title":{"rendered":"VENGRU story"},"content":{"rendered":"\n<div class=\"wp-block-group\"><div class=\"wp-block-group__inner-container is-layout-constrained wp-block-group-is-layout-constrained\">\n<div class=\"wp-block-columns is-layout-flex wp-container-core-columns-is-layout-9d6595d7 wp-block-columns-is-layout-flex\">\n<div class=\"wp-block-column is-vertically-aligned-center is-layout-flow wp-block-column-is-layout-flow\" style=\"padding-top:var(--wp--preset--spacing--80);padding-right:var(--wp--preset--spacing--80);padding-bottom:var(--wp--preset--spacing--80);padding-left:var(--wp--preset--spacing--80);flex-basis:100%\">\n<div class=\"wp-block-group\"><div class=\"wp-block-group__inner-container is-layout-constrained wp-block-group-is-layout-constrained\">\n<div class=\"wp-block-columns are-vertically-aligned-center is-layout-flex wp-container-core-columns-is-layout-9d6595d7 wp-block-columns-is-layout-flex\">\n<div class=\"wp-block-column is-vertically-aligned-center is-layout-flow wp-block-column-is-layout-flow\">\n<h2 class=\"wp-block-heading has-text-align-left\"><strong>Our story<\/strong><\/h2>\n\n\n\n<p><\/p>\n\n\n\n<p class=\"has-text-align-left\">The VENGRU brand was founded by Bogl\u00e1rka Sz\u00f6gi-Csom\u00e1ny and Tam\u00e1s Farag\u00f3 in 2017. Our goal is to make practical, high-quality and unique bags that we are happy to wear ourselves. &#13;\n&#13;\nInitially, we carried out all the stages of preparation of the bags, we tailored the leather and sewed the bags ourselves. Today, VENGRU has developed into a micro-enterprise, and it also provides jobs for Hungarian leatherworkers who produce exclusively VENGRU products.&#13;\n&#13;\nVENGRU&#8217;s mission is to create high-quality, timeless pieces of eternal value, reflecting the needs of the customers and at the same time giving space to the creativity of our clients. The design of our leather bags is easily recognizable and memorable, and its aesthetics are defined by geometric shapes. <\/p>\n<\/div>\n\n\n\n<div class=\"wp-block-column is-vertically-aligned-center is-layout-flow wp-block-column-is-layout-flow\">\n<figure class=\"wp-block-image size-full\"><img loading=\"lazy\" decoding=\"async\" width=\"800\" height=\"1000\" src=\"https:\/\/vengru.com\/wp-content\/uploads\/2023\/05\/IMG_0232-3-copy.jpg\" alt=\"\" class=\"wp-image-14796\" srcset=\"https:\/\/vengru.com\/wp-content\/uploads\/2023\/05\/IMG_0232-3-copy.jpg 800w, https:\/\/vengru.com\/wp-content\/uploads\/2023\/05\/IMG_0232-3-copy-300x375.jpg 300w, https:\/\/vengru.com\/wp-content\/uploads\/2023\/05\/IMG_0232-3-copy-768x960.jpg 768w\" sizes=\"auto, (max-width: 800px) 100vw, 800px\" \/><\/figure>\n<\/div>\n<\/div>\n<\/div><\/div>\n\n\n\n<h2 class=\"wp-block-heading has-text-align-left\">\u00a0&#13;\n&#13;\n<strong>Our products<\/strong><\/h2>\n\n\n\n<p><\/p>\n\n\n\n<p class=\"has-text-align-center\">&#8220;V as VENGRU \u2013 V as Variable&#8221;<\/p>\n\n\n\n<p class=\"has-text-align-left\">The uniqueness of our bags is due to their high variability. The straps and handles of each bag are interchangeable, adjustable, and several different straps can be attached to one bag. By varying different colours and patterns, individual compositions can be created, and the possibilities are limited only by the creativity of the customers.<\/p>\n\n\n\n<p class=\"has-text-align-left\">The pieces of the Play modular collection can be combined with each other: the underlying bags (backpacks, shoppers, etc.) can be combined with smaller so-called panel bags, which can be attached to the front of the base bags with zippers. On the one hand, the panel bag functions as a separate pocket, and on the other hand, it changes the look of the base bag, creating new, exciting shapes and colour schemes. The multifunctionality of the bags is highlighted by the fact that the panel bag can be carried separately as a mini-bag, belt bag, small shoulder bag or even as a handbag without a strap.&#13;\n&#13;\nThe 3D bag designer available on the brand&#8217;s website helps to realize the creative ideas of the customers by allowing them to tailor the bags of the Play modular collection to their own style, so that they can design a unique bag that they will definitely not encounter on the street.<\/p>\n\n\n\n<p class=\"has-text-align-left\">In addition to our now iconic combinable modular leather bags, over time, unique leather bags of the GEM collection, linen bags and accessories \u2013 belts, purses, glasses cases, bracelets, keychains, watch straps, coin and earphone holders \u2013 have also appeared in the brand&#8217;s offerings. With the introduction of alpaca scarves, we are also opening up to a new direction: to clothing products.<\/p>\n\n\n\n<div class=\"wp-block-columns is-layout-flex wp-container-core-columns-is-layout-9d6595d7 wp-block-columns-is-layout-flex\">\n<div class=\"wp-block-column is-vertically-aligned-center is-layout-flow wp-block-column-is-layout-flow\">\n<figure class=\"wp-block-image size-full\"><img loading=\"lazy\" decoding=\"async\" width=\"800\" height=\"1000\" src=\"https:\/\/vengru.com\/wp-content\/uploads\/2023\/05\/V-vengru3.jpg\" alt=\"\" class=\"wp-image-14795\" srcset=\"https:\/\/vengru.com\/wp-content\/uploads\/2023\/05\/V-vengru3.jpg 800w, https:\/\/vengru.com\/wp-content\/uploads\/2023\/05\/V-vengru3-300x375.jpg 300w, https:\/\/vengru.com\/wp-content\/uploads\/2023\/05\/V-vengru3-768x960.jpg 768w\" sizes=\"auto, (max-width: 800px) 100vw, 800px\" \/><\/figure>\n<\/div>\n\n\n\n<div class=\"wp-block-column is-layout-flow wp-block-column-is-layout-flow\">\n<h2 class=\"wp-block-heading\"><strong>Our philosophy<\/strong><\/h2>\n\n\n\n<p><\/p>\n\n\n\n<p class=\"has-text-align-center\">\u201cWe create bags, not boundaries!\u201d<\/p>\n\n\n\n<p>\u2013 as our motto proclaims, and not only do we make our variable and combinable bags in this spirit, but the 3D bag designer, which gives space to the creativity of the customers, also functions along this principle.<\/p>\n\n\n\n<p>Reflecting on the challenges of climate change, it is important for us to leave the smallest possible ecological footprint with the production of bags and accessories. For this purpose, we predominantly use natural materials, and we minimize the use of plastic. The raw material of bags and accessories is primarily cowhide, which is practically a by-product of beef production. So, unlike artificial leather, cowhide does not need to be produced separately, and instead of ending up in the garbage, it is reused in various leather products and becomes a timeless piece. In order to reduce the waste generated during the production of bags, we use even the smallest pieces of leather, making small accessories from them \u2013 wallets, bracelets, coin and earphone holders, watch straps.<\/p>\n\n\n\n<p>In order to use short supply chains that are often mentioned today, we buy the raw materials from Europe (leather and metal accessories from Italy, textiles from the Czech Republic), and the leather products are made exclusively in Hungary, giving jobs to domestic leatherwork professionals. Leather products are produced in small batches and stocks are minimized which also point towards more sustainable production.<\/p>\n<\/div>\n<\/div>\n\n\n\n<h2 class=\"wp-block-heading has-text-align-left\"><strong>Our Team<\/strong><\/h2>\n\n\n\n<p><\/p>\n\n\n\n<p class=\"has-text-align-left\">\u00a0&#13;\n&#13;\nBogl\u00e1rka Sz\u00f6gi-Csom\u00e1ny and Tam\u00e1s Farag\u00f3 graduated from \u00d3buda University as industrial product and design engineers. They both worked for the same clothing wholesaler, where they learned what it takes to run a fashion company from design to production to market. With the knowledge gained there, they started to build their own brand.<\/p>\n\n\n\n<p class=\"has-text-align-left\">The two designers represent different approaches: while Bogl\u00e1rka, as a mother of three, takes a more practical approach to design, Tam\u00e1s brings extravagant, artistic, gutsy forms to the world of the brand. <\/p>\n\n\n\n<p class=\"has-text-align-left\">Our leatherworkers \u2013 who now exclusively produce VENGRU products \u2013 enrich the brand with many years of experience and precise, handcrafted expertise. <\/p>\n<\/div>\n<\/div>\n<\/div><\/div>\n","protected":false},"excerpt":{"rendered":"<p>Our story The VENGRU brand was founded by Bogl\u00e1rka Sz\u00f6gi-Csom\u00e1ny and Tam\u00e1s Farag\u00f3 in 2017. Our goal is to make practical, high-quality and unique bags that we are happy to wear ourselves. &#13; &#13; Initially, we carried out all the stages of preparation of the bags, we tailored the leather and sewed the bags ourselves. <a class=\"read-more\" href=\"https:\/\/vengru.com\/en\/bemutatkozas\/\">Read More<\/a><\/p>\n","protected":false},"author":2,"featured_media":7240,"parent":0,"menu_order":0,"comment_status":"closed","ping_status":"closed","template":"","meta":{"footnotes":""},"class_list":["post-5788","page","type-page","status-publish","has-post-thumbnail","hentry"],"yoast_head":"<!-- This site is optimized with the Yoast SEO plugin v27.4 - https:\/\/yoast.com\/product\/yoast-seo-wordpress\/ -->\n<title>VENGRU story - vengru.com<\/title>\n<meta name=\"robots\" content=\"index, follow, max-snippet:-1, max-image-preview:large, max-video-preview:-1\" \/>\n<link rel=\"canonical\" href=\"https:\/\/vengru.com\/en\/bemutatkozas\/\" \/>\n<meta property=\"og:locale\" content=\"en_US\" \/>\n<meta property=\"og:type\" content=\"article\" \/>\n<meta property=\"og:title\" content=\"VENGRU story - vengru.com\" \/>\n<meta property=\"og:description\" content=\"Our story The VENGRU brand was founded by Bogl\u00e1rka Sz\u00f6gi-Csom\u00e1ny and Tam\u00e1s Farag\u00f3 in 2017. Our goal is to make practical, high-quality and unique bags that we are happy to wear ourselves. &#013; &#013; Initially, we carried out all the stages of preparation of the bags, we tailored the leather and sewed the bags ourselves. Read More\" \/>\n<meta property=\"og:url\" content=\"https:\/\/vengru.com\/en\/bemutatkozas\/\" \/>\n<meta property=\"og:site_name\" content=\"vengru.com\" \/>\n<meta property=\"article:publisher\" content=\"https:\/\/www.facebook.com\/vengrubag\/\" \/>\n<meta property=\"article:modified_time\" content=\"2023-05-04T21:18:38+00:00\" \/>\n<meta property=\"og:image\" content=\"https:\/\/vengru.com\/wp-content\/uploads\/2020\/08\/IMG_0232-kicsi.jpg\" \/>\n\t<meta property=\"og:image:width\" content=\"480\" \/>\n\t<meta property=\"og:image:height\" content=\"719\" \/>\n\t<meta property=\"og:image:type\" content=\"image\/jpeg\" \/>\n<meta name=\"twitter:card\" content=\"summary_large_image\" \/>\n<meta name=\"twitter:label1\" content=\"Est. reading time\" \/>\n\t<meta name=\"twitter:data1\" content=\"4 minutes\" \/>\n<script type=\"application\/ld+json\" class=\"yoast-schema-graph\">{\"@context\":\"https:\\\/\\\/schema.org\",\"@graph\":[{\"@type\":\"WebPage\",\"@id\":\"https:\\\/\\\/vengru.com\\\/en\\\/bemutatkozas\\\/\",\"url\":\"https:\\\/\\\/vengru.com\\\/en\\\/bemutatkozas\\\/\",\"name\":\"VENGRU story - vengru.com\",\"isPartOf\":{\"@id\":\"https:\\\/\\\/vengru.com\\\/en\\\/#website\"},\"primaryImageOfPage\":{\"@id\":\"https:\\\/\\\/vengru.com\\\/en\\\/bemutatkozas\\\/#primaryimage\"},\"image\":{\"@id\":\"https:\\\/\\\/vengru.com\\\/en\\\/bemutatkozas\\\/#primaryimage\"},\"thumbnailUrl\":\"https:\\\/\\\/vengru.com\\\/wp-content\\\/uploads\\\/2020\\\/08\\\/IMG_0232-kicsi.jpg\",\"datePublished\":\"2019-05-17T15:59:58+00:00\",\"dateModified\":\"2023-05-04T21:18:38+00:00\",\"breadcrumb\":{\"@id\":\"https:\\\/\\\/vengru.com\\\/en\\\/bemutatkozas\\\/#breadcrumb\"},\"inLanguage\":\"en-US\",\"potentialAction\":[{\"@type\":\"ReadAction\",\"target\":[\"https:\\\/\\\/vengru.com\\\/en\\\/bemutatkozas\\\/\"]}]},{\"@type\":\"ImageObject\",\"inLanguage\":\"en-US\",\"@id\":\"https:\\\/\\\/vengru.com\\\/en\\\/bemutatkozas\\\/#primaryimage\",\"url\":\"https:\\\/\\\/vengru.com\\\/wp-content\\\/uploads\\\/2020\\\/08\\\/IMG_0232-kicsi.jpg\",\"contentUrl\":\"https:\\\/\\\/vengru.com\\\/wp-content\\\/uploads\\\/2020\\\/08\\\/IMG_0232-kicsi.jpg\",\"width\":480,\"height\":719,\"caption\":\"VENGRU TERVEZ\u0150K\"},{\"@type\":\"BreadcrumbList\",\"@id\":\"https:\\\/\\\/vengru.com\\\/en\\\/bemutatkozas\\\/#breadcrumb\",\"itemListElement\":[{\"@type\":\"ListItem\",\"position\":1,\"name\":\"Home\",\"item\":\"https:\\\/\\\/vengru.com\\\/en\\\/\"},{\"@type\":\"ListItem\",\"position\":2,\"name\":\"VENGRU story\"}]},{\"@type\":\"WebSite\",\"@id\":\"https:\\\/\\\/vengru.com\\\/en\\\/#website\",\"url\":\"https:\\\/\\\/vengru.com\\\/en\\\/\",\"name\":\"vengru.com\",\"description\":\"Vari\u00e1lhat\u00f3, min\u0151s\u00e9gi magyar designer m\u00e1rka\",\"publisher\":{\"@id\":\"https:\\\/\\\/vengru.com\\\/en\\\/#organization\"},\"potentialAction\":[{\"@type\":\"SearchAction\",\"target\":{\"@type\":\"EntryPoint\",\"urlTemplate\":\"https:\\\/\\\/vengru.com\\\/en\\\/?s={search_term_string}\"},\"query-input\":{\"@type\":\"PropertyValueSpecification\",\"valueRequired\":true,\"valueName\":\"search_term_string\"}}],\"inLanguage\":\"en-US\"},{\"@type\":\"Organization\",\"@id\":\"https:\\\/\\\/vengru.com\\\/en\\\/#organization\",\"name\":\"VENGRU Ltd.\",\"url\":\"https:\\\/\\\/vengru.com\\\/en\\\/\",\"logo\":{\"@type\":\"ImageObject\",\"inLanguage\":\"en-US\",\"@id\":\"https:\\\/\\\/vengru.com\\\/en\\\/#\\\/schema\\\/logo\\\/image\\\/\",\"url\":\"https:\\\/\\\/vengru.com\\\/wp-content\\\/uploads\\\/2025\\\/05\\\/cropped-VENGRU-logoPNG3-1.png\",\"contentUrl\":\"https:\\\/\\\/vengru.com\\\/wp-content\\\/uploads\\\/2025\\\/05\\\/cropped-VENGRU-logoPNG3-1.png\",\"width\":581,\"height\":98,\"caption\":\"VENGRU Ltd.\"},\"image\":{\"@id\":\"https:\\\/\\\/vengru.com\\\/en\\\/#\\\/schema\\\/logo\\\/image\\\/\"},\"sameAs\":[\"https:\\\/\\\/www.facebook.com\\\/vengrubag\\\/\",\"https:\\\/\\\/www.instagram.com\\\/vengrubag\\\/\"]}]}<\/script>\n<!-- \/ Yoast SEO plugin. -->","yoast_head_json":{"title":"VENGRU story - vengru.com","robots":{"index":"index","follow":"follow","max-snippet":"max-snippet:-1","max-image-preview":"max-image-preview:large","max-video-preview":"max-video-preview:-1"},"canonical":"https:\/\/vengru.com\/en\/bemutatkozas\/","og_locale":"en_US","og_type":"article","og_title":"VENGRU story - vengru.com","og_description":"Our story The VENGRU brand was founded by Bogl\u00e1rka Sz\u00f6gi-Csom\u00e1ny and Tam\u00e1s Farag\u00f3 in 2017. Our goal is to make practical, high-quality and unique bags that we are happy to wear ourselves. &#13; &#13; Initially, we carried out all the stages of preparation of the bags, we tailored the leather and sewed the bags ourselves. Read More","og_url":"https:\/\/vengru.com\/en\/bemutatkozas\/","og_site_name":"vengru.com","article_publisher":"https:\/\/www.facebook.com\/vengrubag\/","article_modified_time":"2023-05-04T21:18:38+00:00","og_image":[{"width":480,"height":719,"url":"https:\/\/vengru.com\/wp-content\/uploads\/2020\/08\/IMG_0232-kicsi.jpg","type":"image\/jpeg"}],"twitter_card":"summary_large_image","twitter_misc":{"Est. reading time":"4 minutes"},"schema":{"@context":"https:\/\/schema.org","@graph":[{"@type":"WebPage","@id":"https:\/\/vengru.com\/en\/bemutatkozas\/","url":"https:\/\/vengru.com\/en\/bemutatkozas\/","name":"VENGRU story - vengru.com","isPartOf":{"@id":"https:\/\/vengru.com\/en\/#website"},"primaryImageOfPage":{"@id":"https:\/\/vengru.com\/en\/bemutatkozas\/#primaryimage"},"image":{"@id":"https:\/\/vengru.com\/en\/bemutatkozas\/#primaryimage"},"thumbnailUrl":"https:\/\/vengru.com\/wp-content\/uploads\/2020\/08\/IMG_0232-kicsi.jpg","datePublished":"2019-05-17T15:59:58+00:00","dateModified":"2023-05-04T21:18:38+00:00","breadcrumb":{"@id":"https:\/\/vengru.com\/en\/bemutatkozas\/#breadcrumb"},"inLanguage":"en-US","potentialAction":[{"@type":"ReadAction","target":["https:\/\/vengru.com\/en\/bemutatkozas\/"]}]},{"@type":"ImageObject","inLanguage":"en-US","@id":"https:\/\/vengru.com\/en\/bemutatkozas\/#primaryimage","url":"https:\/\/vengru.com\/wp-content\/uploads\/2020\/08\/IMG_0232-kicsi.jpg","contentUrl":"https:\/\/vengru.com\/wp-content\/uploads\/2020\/08\/IMG_0232-kicsi.jpg","width":480,"height":719,"caption":"VENGRU TERVEZ\u0150K"},{"@type":"BreadcrumbList","@id":"https:\/\/vengru.com\/en\/bemutatkozas\/#breadcrumb","itemListElement":[{"@type":"ListItem","position":1,"name":"Home","item":"https:\/\/vengru.com\/en\/"},{"@type":"ListItem","position":2,"name":"VENGRU story"}]},{"@type":"WebSite","@id":"https:\/\/vengru.com\/en\/#website","url":"https:\/\/vengru.com\/en\/","name":"vengru.com","description":"Vari\u00e1lhat\u00f3, min\u0151s\u00e9gi magyar designer m\u00e1rka","publisher":{"@id":"https:\/\/vengru.com\/en\/#organization"},"potentialAction":[{"@type":"SearchAction","target":{"@type":"EntryPoint","urlTemplate":"https:\/\/vengru.com\/en\/?s={search_term_string}"},"query-input":{"@type":"PropertyValueSpecification","valueRequired":true,"valueName":"search_term_string"}}],"inLanguage":"en-US"},{"@type":"Organization","@id":"https:\/\/vengru.com\/en\/#organization","name":"VENGRU Ltd.","url":"https:\/\/vengru.com\/en\/","logo":{"@type":"ImageObject","inLanguage":"en-US","@id":"https:\/\/vengru.com\/en\/#\/schema\/logo\/image\/","url":"https:\/\/vengru.com\/wp-content\/uploads\/2025\/05\/cropped-VENGRU-logoPNG3-1.png","contentUrl":"https:\/\/vengru.com\/wp-content\/uploads\/2025\/05\/cropped-VENGRU-logoPNG3-1.png","width":581,"height":98,"caption":"VENGRU Ltd."},"image":{"@id":"https:\/\/vengru.com\/en\/#\/schema\/logo\/image\/"},"sameAs":["https:\/\/www.facebook.com\/vengrubag\/","https:\/\/www.instagram.com\/vengrubag\/"]}]}},"_links":{"self":[{"href":"https:\/\/vengru.com\/en\/wp-json\/wp\/v2\/pages\/5788","targetHints":{"allow":["GET"]}}],"collection":[{"href":"https:\/\/vengru.com\/en\/wp-json\/wp\/v2\/pages"}],"about":[{"href":"https:\/\/vengru.com\/en\/wp-json\/wp\/v2\/types\/page"}],"author":[{"embeddable":true,"href":"https:\/\/vengru.com\/en\/wp-json\/wp\/v2\/users\/2"}],"replies":[{"embeddable":true,"href":"https:\/\/vengru.com\/en\/wp-json\/wp\/v2\/comments?post=5788"}],"version-history":[{"count":2,"href":"https:\/\/vengru.com\/en\/wp-json\/wp\/v2\/pages\/5788\/revisions"}],"predecessor-version":[{"id":14853,"href":"https:\/\/vengru.com\/en\/wp-json\/wp\/v2\/pages\/5788\/revisions\/14853"}],"wp:featuredmedia":[{"embeddable":true,"href":"https:\/\/vengru.com\/en\/wp-json\/wp\/v2\/media\/7240"}],"wp:attachment":[{"href":"https:\/\/vengru.com\/en\/wp-json\/wp\/v2\/media?parent=5788"}],"curies":[{"name":"wp","href":"https:\/\/api.w.org\/{rel}","templated":true}]}}