{"id":5766,"date":"2020-06-25T12:09:00","date_gmt":"2020-06-25T12:09:00","guid":{"rendered":"https:\/\/vengru.com\/stylist-szolgaltatasok\/stilustanacsadas\/"},"modified":"2023-05-07T12:37:20","modified_gmt":"2023-05-07T12:37:20","slug":"stilustanacsadas","status":"publish","type":"page","link":"https:\/\/vengru.com\/en\/stylist-szolgaltatasok\/stilustanacsadas\/","title":{"rendered":"Style packages"},"content":{"rendered":"\n<div class=\"wp-block-columns is-layout-flex wp-container-core-columns-is-layout-9d6595d7 wp-block-columns-is-layout-flex\">\n<div class=\"wp-block-column is-layout-flow wp-block-column-is-layout-flow\" style=\"flex-basis:100%\">\n<p class=\"has-text-align-center\">As the creators of VENGRU and EDITING YOUR STYLE, consciousness is important to us. Consciousness in everyday dressing, which we believe not only affects those around us but also allows us to express ourselves in the most authentic way possible. Consciousness in the use of colors, as we believe that colors have a positive power that should be considered when designing our wardrobes.<\/p>\n<\/div>\n<\/div>\n\n\n\n<div class=\"wp-block-group\"><div class=\"wp-block-group__inner-container is-layout-flow wp-block-group-is-layout-flow\">\n<div class=\"wp-block-group\"><div class=\"wp-block-group__inner-container is-layout-flow wp-block-group-is-layout-flow\">\n<p class=\"has-text-align-center\">As a result of the collaboration, we want to provide a unique personalized service that allows you to increase the variability of wardrobe sticks, so that you can choose from our practical, quality products in addition to useful immediately built-in tips. Let&#8217;s find the trademarks of your style together. Come and discover our package offers!<\/p>\n<\/div><\/div>\n\n\n\n<p class=\"has-text-align-center\">You can put together your unique bag with the help of a stylist, with the help of an interactive 3D design program, which is made especially for you.<\/p>\n\n\n<div class=\"wp-block-image\">\n<figure class=\"aligncenter size-large is-resized\"><a href=\"https:\/\/editingyourstyle.com\/termek\/design-your-vengru\/\" target=\"_blank\" rel=\"VENGRU \u00e9s EDITING YOUR STYLE meg\u00e1lmod\u00f3ik\u00e9nt fontos sz\u00e1munkra a TUDATOSS\u00c1G. Tudatoss\u00e1g mindennapok \u00f6lt\u00f6zk\u00f6d\u00e9s\u00e9ben, amivel nemcsak k\u00f6rnyezet\u00fcnkre szeretn\u00e9nk hatni, hanem \u00f6nmagunkat lehet\u0151 leghitelesebb m\u00f3don kifejezni. sz\u00ednek haszn\u00e1lat\u00e1ban, mivel hisz\u00fcnk abban, hogy sz\u00edneknek pozit\u00edv ereje van, amit \u00e9rdemes ruhat\u00e1runk megtervez\u00e9s\u00e9n\u00e9l is figyelembe venni. A kollabor\u00e1ci\u00f3 eredm\u00e9nyek\u00e9nt egy olyan egyedi szem\u00e9lyre szabott szolg\u00e1ltat\u00e1st ny\u00fajtani, n\u00f6velhetitek gardr\u00f3botok vari\u00e1lhat\u00f3s\u00e1g\u00e1t \u00fagy, hasznos azonnal be\u00e9p\u00edthet\u0151 tan\u00e1csok mellett praktikus, min\u0151s\u00e9gi term\u00e9keink k\u00f6z\u00fcl v\u00e1laszthattok. Tal\u00e1ljuk meg egy\u00fctt st\u00edlusotok v\u00e9djegyeit. Gyertek fedezz\u00e9tek fel csomagaj\u00e1nlatainkat! noopener noreferrer\"><img loading=\"lazy\" decoding=\"async\" src=\"https:\/\/vengru.com\/wp-content\/uploads\/2020\/07\/design.jpg\" alt=\"\" class=\"wp-image-5697\" width=\"369\" height=\"368\" srcset=\"https:\/\/vengru.com\/wp-content\/uploads\/2020\/07\/design.jpg 397w, https:\/\/vengru.com\/wp-content\/uploads\/2020\/07\/design-300x300.jpg 300w, https:\/\/vengru.com\/wp-content\/uploads\/2020\/07\/design-150x150.jpg 150w\" sizes=\"auto, (max-width: 369px) 100vw, 369px\" \/><\/a><\/figure>\n<\/div>\n\n\n<p class=\"has-text-align-center has-medium-font-size\"><strong>9 900 Ft<\/strong><\/p>\n\n\n\n<p class=\"has-text-align-center\">The package includes a joint bag design with the stylist in Vengru&#8217;s bag design program to suit your color type, style and needs.<\/p>\n\n\n\n<p class=\"has-text-align-center\">The price of the service can be purchased in case of bag orders over 60,000 HUF.<\/p>\n\n\n\n<p>When do we recommend it?<\/p>\n\n\n\n<ul class=\"wp-block-list\">\n<li>If you get stuck in our planning program and feel like you need a little help<\/li>\n\n\n\n<li>You are insecure and under the pressure of the &#8220;confusion of abundance&#8221; effect<\/li>\n\n\n\n<li>You would have ordered your dream bag a long time ago, but you can&#8217;t decide which shade to choose<\/li>\n\n\n\n<li>You know your color type and you consciously build your gradro<\/li>\n\n\n\n<li>You want to check out and feel the color cards before you buy<\/li>\n\n\n\n<li>You want to make a purchase with the help of a specialist<\/li>\n<\/ul>\n\n\n\n<div style=\"height:31px\" aria-hidden=\"true\" class=\"wp-block-spacer\"><\/div>\n\n\n\n<p class=\"has-text-align-left\">* during the service you will also get help from our stylist to design additional Vengru bags (not included in the package price).<\/p>\n\n\n<div class=\"wp-block-image\">\n<figure class=\"aligncenter size-large\"><a href=\"https:\/\/editingyourstyle.com\/termek\/coloring-your-vengru\/\"><img loading=\"lazy\" decoding=\"async\" width=\"397\" height=\"397\" src=\"https:\/\/vengru.com\/wp-content\/uploads\/2020\/07\/coloring-1.jpg\" alt=\"\" class=\"wp-image-5701\" srcset=\"https:\/\/vengru.com\/wp-content\/uploads\/2020\/07\/coloring-1.jpg 397w, https:\/\/vengru.com\/wp-content\/uploads\/2020\/07\/coloring-1-300x300.jpg 300w, https:\/\/vengru.com\/wp-content\/uploads\/2020\/07\/coloring-1-150x150.jpg 150w\" sizes=\"auto, (max-width: 397px) 100vw, 397px\" \/><\/a><\/figure>\n<\/div>\n\n\n<p class=\"has-text-align-center has-medium-font-size\"><strong>69 900 Ft<\/strong><\/p>\n\n\n\n<p class=\"has-text-align-center\">The package includes a personalized 3-hour color consultation where you get an introduction to the world of colors and learn about your color type, a personalized Vengru panel bag with a chain, or an envelope bag with a removable cover. *<\/p>\n\n\n\n<p>When do we recommend it?<\/p>\n\n\n\n<ul class=\"wp-block-list\">\n<li>The package includes a personalized 5-6 hour complete style advice and a bag design tailored to your color type. The package includes 1 Vengru variable base bag + panel bag + strap. *<\/li>\n\n\n\n<li>You want to consciously build your wardrobe, you want it to harmonize with everything in your wardrobe<\/li>\n\n\n\n<li>You want a panel bag or an envelope bag, you just haven&#8217;t been able to decide which color combination would be right for you.<\/li>\n\n\n\n<li>If you get stuck in our planning program and feel like you need a little help<\/li>\n\n\n\n<li>You are insecure and under the pressure of the &#8220;confusion of abundance&#8221; effect<\/li>\n\n\n\n<li>You want to check out and feel the color cards before you buy<\/li>\n\n\n\n<li>You want to make a purchase with the help of a specialist<\/li>\n<\/ul>\n\n\n\n<div style=\"height:31px\" aria-hidden=\"true\" class=\"wp-block-spacer\"><\/div>\n\n\n\n<p>* during the service you will also get help from our stylist to design additional Vengru bags (not included in the package price).<\/p>\n\n\n<div class=\"wp-block-image\">\n<figure class=\"aligncenter size-large\"><a href=\"https:\/\/editingyourstyle.com\/termek\/styling-your-vengru\/\"><img loading=\"lazy\" decoding=\"async\" width=\"397\" height=\"397\" src=\"https:\/\/vengru.com\/wp-content\/uploads\/2020\/07\/styling-3.jpg\" alt=\"\" class=\"wp-image-5703\" srcset=\"https:\/\/vengru.com\/wp-content\/uploads\/2020\/07\/styling-3.jpg 397w, https:\/\/vengru.com\/wp-content\/uploads\/2020\/07\/styling-3-300x300.jpg 300w, https:\/\/vengru.com\/wp-content\/uploads\/2020\/07\/styling-3-150x150.jpg 150w\" sizes=\"auto, (max-width: 397px) 100vw, 397px\" \/><\/a><\/figure>\n<\/div>\n\n\n<p class=\"has-text-align-center has-medium-font-size\"><strong>94 900 Ft<\/strong><\/p>\n\n\n\n<p class=\"has-text-align-center\">The package includes a personalized 5-6 hour complete style advice and a bag design tailored to your color type. The package includes a unique Vengru panel bag with a chain or a set of envelope bags with a removable cover. *<\/p>\n\n\n\n<p>When do we recommend it?<\/p>\n\n\n\n<ul class=\"wp-block-list\">\n<li>The package includes a personalized 5-6 hour complete style advice and a bag design tailored to your color type. The package includes 1 Vengru variable base bag + panel bag + strap. *<\/li>\n\n\n\n<li>You want to consciously build your wardrobe, you want it to harmonize with everything in your wardrobe<\/li>\n\n\n\n<li>If you are unsure about your figure, you want to know which dress tailors are the ones that fit well and which ones are not.<\/li>\n\n\n\n<li>You want a panel bag or an envelope bag, you just haven&#8217;t been able to decide which color combination would be right for you.<\/li>\n\n\n\n<li>If you get stuck in our planning program and feel like you need a little help<\/li>\n\n\n\n<li>You are insecure and under the pressure of the &#8220;confusion of abundance&#8221; effect<\/li>\n\n\n\n<li>You want to check out and feel the color cards before you buy<\/li>\n\n\n\n<li>You want to make a purchase with the help of a specialist<\/li>\n<\/ul>\n\n\n\n<div style=\"height:31px\" aria-hidden=\"true\" class=\"wp-block-spacer\"><\/div>\n\n\n\n<p>* during the service you will also get help from our stylist to design additional Vengru bags (not included in the package price).<\/p>\n\n\n<div class=\"wp-block-image\">\n<figure class=\"aligncenter size-large\"><a href=\"https:\/\/editingyourstyle.com\/termek\/exclusive-csomag\/\"><img loading=\"lazy\" decoding=\"async\" width=\"397\" height=\"397\" src=\"https:\/\/vengru.com\/wp-content\/uploads\/2020\/07\/exclusive-1.jpg\" alt=\"\" class=\"wp-image-5698\" srcset=\"https:\/\/vengru.com\/wp-content\/uploads\/2020\/07\/exclusive-1.jpg 397w, https:\/\/vengru.com\/wp-content\/uploads\/2020\/07\/exclusive-1-300x300.jpg 300w, https:\/\/vengru.com\/wp-content\/uploads\/2020\/07\/exclusive-1-150x150.jpg 150w\" sizes=\"auto, (max-width: 397px) 100vw, 397px\" \/><\/a><\/figure>\n<\/div>\n\n\n<p class=\"has-text-align-center has-medium-font-size\"><strong>199 900 Ft <\/strong><\/p>\n\n\n\n<p class=\"has-text-align-center\">A csomag tartalmaz egy szem\u00e9lyre szabott 5-6 \u00f3r\u00e1s komplett st\u00edlustan\u00e1csad\u00e1st, \u00e9s egy a sz\u00ednt\u00edpusodra szabott t\u00e1skatervez\u00e9st. A csomagba 1db b\u00e1rmilyen Vengru vari\u00e1lhat\u00f3 alapt\u00e1ska + panelt\u00e1ska + p\u00e1nt tartozik.*<\/p>\n\n\n\n<p>When do we recommend it?<\/p>\n\n\n\n<ul class=\"wp-block-list\">\n<li>The package includes a personalized 5-6 hour complete style advice and a bag design tailored to your color type. The package includes 1 Vengru variable base bag + panel bag + strap. *<\/li>\n\n\n\n<li>You want to consciously build your wardrobe, you want it to harmonize with everything in your wardrobe<\/li>\n\n\n\n<li>If you are unsure about your figure, you want to know which dress tailors are the ones that fit well and which ones are not.<\/li>\n\n\n\n<li>With the help of a specialist, you want to make a purchase decision who will help you choose the right Vengru bag for your lifestyle, shape and personality.<\/li>\n\n\n\n<li>If you get stuck in our planning program and feel like you need a little help<\/li>\n\n\n\n<li>You are insecure and under the pressure of the &#8220;confusion of abundance&#8221; effect<\/li>\n\n\n\n<li>You want to check out and feel the color cards before you buy<\/li>\n<\/ul>\n\n\n\n<div style=\"height:31px\" aria-hidden=\"true\" class=\"wp-block-spacer\"><\/div>\n\n\n\n<p>* during the service you will also get help from our stylist to design additional Vengru bags (not included in the package price).<\/p>\n<\/div><\/div>\n","protected":false},"excerpt":{"rendered":"<p>As the creators of VENGRU and EDITING YOUR STYLE, consciousness is important to us. Consciousness in everyday dressing, which we believe not only affects those around us but also allows us to express ourselves in the most authentic way possible. Consciousness in the use of colors, as we believe that colors have a positive power <a class=\"read-more\" href=\"https:\/\/vengru.com\/en\/stylist-szolgaltatasok\/stilustanacsadas\/\">Read More<\/a><\/p>\n","protected":false},"author":2,"featured_media":0,"parent":5754,"menu_order":0,"comment_status":"closed","ping_status":"closed","template":"","meta":{"footnotes":""},"class_list":["post-5766","page","type-page","status-publish","hentry"],"yoast_head":"<!-- This site is optimized with the Yoast SEO plugin v27.5 - https:\/\/yoast.com\/product\/yoast-seo-wordpress\/ -->\n<title>Style packages - vengru.com<\/title>\n<meta name=\"robots\" content=\"index, follow, max-snippet:-1, max-image-preview:large, max-video-preview:-1\" \/>\n<link rel=\"canonical\" href=\"https:\/\/vengru.com\/en\/stylist-szolgaltatasok\/stilustanacsadas\/\" \/>\n<meta property=\"og:locale\" content=\"en_US\" \/>\n<meta property=\"og:type\" content=\"article\" \/>\n<meta property=\"og:title\" content=\"Style packages - vengru.com\" \/>\n<meta property=\"og:description\" content=\"As the creators of VENGRU and EDITING YOUR STYLE, consciousness is important to us. Consciousness in everyday dressing, which we believe not only affects those around us but also allows us to express ourselves in the most authentic way possible. Consciousness in the use of colors, as we believe that colors have a positive power Read More\" \/>\n<meta property=\"og:url\" content=\"https:\/\/vengru.com\/en\/stylist-szolgaltatasok\/stilustanacsadas\/\" \/>\n<meta property=\"og:site_name\" content=\"vengru.com\" \/>\n<meta property=\"article:publisher\" content=\"https:\/\/www.facebook.com\/vengrubag\/\" \/>\n<meta property=\"article:modified_time\" content=\"2023-05-07T12:37:20+00:00\" \/>\n<meta property=\"og:image\" content=\"https:\/\/vengru.com\/wp-content\/uploads\/2020\/07\/design.jpg\" \/>\n<meta name=\"twitter:card\" content=\"summary_large_image\" \/>\n<meta name=\"twitter:label1\" content=\"Est. reading time\" \/>\n\t<meta name=\"twitter:data1\" content=\"5 minutes\" \/>\n<script type=\"application\/ld+json\" class=\"yoast-schema-graph\">{\"@context\":\"https:\\\/\\\/schema.org\",\"@graph\":[{\"@type\":\"WebPage\",\"@id\":\"https:\\\/\\\/vengru.com\\\/en\\\/stylist-szolgaltatasok\\\/stilustanacsadas\\\/\",\"url\":\"https:\\\/\\\/vengru.com\\\/en\\\/stylist-szolgaltatasok\\\/stilustanacsadas\\\/\",\"name\":\"Style packages - vengru.com\",\"isPartOf\":{\"@id\":\"https:\\\/\\\/vengru.com\\\/en\\\/#website\"},\"primaryImageOfPage\":{\"@id\":\"https:\\\/\\\/vengru.com\\\/en\\\/stylist-szolgaltatasok\\\/stilustanacsadas\\\/#primaryimage\"},\"image\":{\"@id\":\"https:\\\/\\\/vengru.com\\\/en\\\/stylist-szolgaltatasok\\\/stilustanacsadas\\\/#primaryimage\"},\"thumbnailUrl\":\"https:\\\/\\\/vengru.com\\\/wp-content\\\/uploads\\\/2020\\\/07\\\/design.jpg\",\"datePublished\":\"2020-06-25T12:09:00+00:00\",\"dateModified\":\"2023-05-07T12:37:20+00:00\",\"breadcrumb\":{\"@id\":\"https:\\\/\\\/vengru.com\\\/en\\\/stylist-szolgaltatasok\\\/stilustanacsadas\\\/#breadcrumb\"},\"inLanguage\":\"en-US\",\"potentialAction\":[{\"@type\":\"ReadAction\",\"target\":[\"https:\\\/\\\/vengru.com\\\/en\\\/stylist-szolgaltatasok\\\/stilustanacsadas\\\/\"]}]},{\"@type\":\"ImageObject\",\"inLanguage\":\"en-US\",\"@id\":\"https:\\\/\\\/vengru.com\\\/en\\\/stylist-szolgaltatasok\\\/stilustanacsadas\\\/#primaryimage\",\"url\":\"https:\\\/\\\/vengru.com\\\/wp-content\\\/uploads\\\/2020\\\/07\\\/design.jpg\",\"contentUrl\":\"https:\\\/\\\/vengru.com\\\/wp-content\\\/uploads\\\/2020\\\/07\\\/design.jpg\"},{\"@type\":\"BreadcrumbList\",\"@id\":\"https:\\\/\\\/vengru.com\\\/en\\\/stylist-szolgaltatasok\\\/stilustanacsadas\\\/#breadcrumb\",\"itemListElement\":[{\"@type\":\"ListItem\",\"position\":1,\"name\":\"Home\",\"item\":\"https:\\\/\\\/vengru.com\\\/en\\\/\"},{\"@type\":\"ListItem\",\"position\":2,\"name\":\"Stylist services\",\"item\":\"https:\\\/\\\/vengru.com\\\/en\\\/stylist-szolgaltatasok\\\/\"},{\"@type\":\"ListItem\",\"position\":3,\"name\":\"Style packages\"}]},{\"@type\":\"WebSite\",\"@id\":\"https:\\\/\\\/vengru.com\\\/en\\\/#website\",\"url\":\"https:\\\/\\\/vengru.com\\\/en\\\/\",\"name\":\"vengru.com\",\"description\":\"Vari\u00e1lhat\u00f3, min\u0151s\u00e9gi magyar designer m\u00e1rka\",\"publisher\":{\"@id\":\"https:\\\/\\\/vengru.com\\\/en\\\/#organization\"},\"potentialAction\":[{\"@type\":\"SearchAction\",\"target\":{\"@type\":\"EntryPoint\",\"urlTemplate\":\"https:\\\/\\\/vengru.com\\\/en\\\/?s={search_term_string}\"},\"query-input\":{\"@type\":\"PropertyValueSpecification\",\"valueRequired\":true,\"valueName\":\"search_term_string\"}}],\"inLanguage\":\"en-US\"},{\"@type\":\"Organization\",\"@id\":\"https:\\\/\\\/vengru.com\\\/en\\\/#organization\",\"name\":\"VENGRU Ltd.\",\"url\":\"https:\\\/\\\/vengru.com\\\/en\\\/\",\"logo\":{\"@type\":\"ImageObject\",\"inLanguage\":\"en-US\",\"@id\":\"https:\\\/\\\/vengru.com\\\/en\\\/#\\\/schema\\\/logo\\\/image\\\/\",\"url\":\"https:\\\/\\\/vengru.com\\\/wp-content\\\/uploads\\\/2025\\\/05\\\/cropped-VENGRU-logoPNG3-1.png\",\"contentUrl\":\"https:\\\/\\\/vengru.com\\\/wp-content\\\/uploads\\\/2025\\\/05\\\/cropped-VENGRU-logoPNG3-1.png\",\"width\":581,\"height\":98,\"caption\":\"VENGRU Ltd.\"},\"image\":{\"@id\":\"https:\\\/\\\/vengru.com\\\/en\\\/#\\\/schema\\\/logo\\\/image\\\/\"},\"sameAs\":[\"https:\\\/\\\/www.facebook.com\\\/vengrubag\\\/\",\"https:\\\/\\\/www.instagram.com\\\/vengrubag\\\/\"]}]}<\/script>\n<!-- \/ Yoast SEO plugin. -->","yoast_head_json":{"title":"Style packages - vengru.com","robots":{"index":"index","follow":"follow","max-snippet":"max-snippet:-1","max-image-preview":"max-image-preview:large","max-video-preview":"max-video-preview:-1"},"canonical":"https:\/\/vengru.com\/en\/stylist-szolgaltatasok\/stilustanacsadas\/","og_locale":"en_US","og_type":"article","og_title":"Style packages - vengru.com","og_description":"As the creators of VENGRU and EDITING YOUR STYLE, consciousness is important to us. Consciousness in everyday dressing, which we believe not only affects those around us but also allows us to express ourselves in the most authentic way possible. Consciousness in the use of colors, as we believe that colors have a positive power Read More","og_url":"https:\/\/vengru.com\/en\/stylist-szolgaltatasok\/stilustanacsadas\/","og_site_name":"vengru.com","article_publisher":"https:\/\/www.facebook.com\/vengrubag\/","article_modified_time":"2023-05-07T12:37:20+00:00","og_image":[{"url":"https:\/\/vengru.com\/wp-content\/uploads\/2020\/07\/design.jpg","type":"","width":"","height":""}],"twitter_card":"summary_large_image","twitter_misc":{"Est. reading time":"5 minutes"},"schema":{"@context":"https:\/\/schema.org","@graph":[{"@type":"WebPage","@id":"https:\/\/vengru.com\/en\/stylist-szolgaltatasok\/stilustanacsadas\/","url":"https:\/\/vengru.com\/en\/stylist-szolgaltatasok\/stilustanacsadas\/","name":"Style packages - vengru.com","isPartOf":{"@id":"https:\/\/vengru.com\/en\/#website"},"primaryImageOfPage":{"@id":"https:\/\/vengru.com\/en\/stylist-szolgaltatasok\/stilustanacsadas\/#primaryimage"},"image":{"@id":"https:\/\/vengru.com\/en\/stylist-szolgaltatasok\/stilustanacsadas\/#primaryimage"},"thumbnailUrl":"https:\/\/vengru.com\/wp-content\/uploads\/2020\/07\/design.jpg","datePublished":"2020-06-25T12:09:00+00:00","dateModified":"2023-05-07T12:37:20+00:00","breadcrumb":{"@id":"https:\/\/vengru.com\/en\/stylist-szolgaltatasok\/stilustanacsadas\/#breadcrumb"},"inLanguage":"en-US","potentialAction":[{"@type":"ReadAction","target":["https:\/\/vengru.com\/en\/stylist-szolgaltatasok\/stilustanacsadas\/"]}]},{"@type":"ImageObject","inLanguage":"en-US","@id":"https:\/\/vengru.com\/en\/stylist-szolgaltatasok\/stilustanacsadas\/#primaryimage","url":"https:\/\/vengru.com\/wp-content\/uploads\/2020\/07\/design.jpg","contentUrl":"https:\/\/vengru.com\/wp-content\/uploads\/2020\/07\/design.jpg"},{"@type":"BreadcrumbList","@id":"https:\/\/vengru.com\/en\/stylist-szolgaltatasok\/stilustanacsadas\/#breadcrumb","itemListElement":[{"@type":"ListItem","position":1,"name":"Home","item":"https:\/\/vengru.com\/en\/"},{"@type":"ListItem","position":2,"name":"Stylist services","item":"https:\/\/vengru.com\/en\/stylist-szolgaltatasok\/"},{"@type":"ListItem","position":3,"name":"Style packages"}]},{"@type":"WebSite","@id":"https:\/\/vengru.com\/en\/#website","url":"https:\/\/vengru.com\/en\/","name":"vengru.com","description":"Vari\u00e1lhat\u00f3, min\u0151s\u00e9gi magyar designer m\u00e1rka","publisher":{"@id":"https:\/\/vengru.com\/en\/#organization"},"potentialAction":[{"@type":"SearchAction","target":{"@type":"EntryPoint","urlTemplate":"https:\/\/vengru.com\/en\/?s={search_term_string}"},"query-input":{"@type":"PropertyValueSpecification","valueRequired":true,"valueName":"search_term_string"}}],"inLanguage":"en-US"},{"@type":"Organization","@id":"https:\/\/vengru.com\/en\/#organization","name":"VENGRU Ltd.","url":"https:\/\/vengru.com\/en\/","logo":{"@type":"ImageObject","inLanguage":"en-US","@id":"https:\/\/vengru.com\/en\/#\/schema\/logo\/image\/","url":"https:\/\/vengru.com\/wp-content\/uploads\/2025\/05\/cropped-VENGRU-logoPNG3-1.png","contentUrl":"https:\/\/vengru.com\/wp-content\/uploads\/2025\/05\/cropped-VENGRU-logoPNG3-1.png","width":581,"height":98,"caption":"VENGRU Ltd."},"image":{"@id":"https:\/\/vengru.com\/en\/#\/schema\/logo\/image\/"},"sameAs":["https:\/\/www.facebook.com\/vengrubag\/","https:\/\/www.instagram.com\/vengrubag\/"]}]}},"_links":{"self":[{"href":"https:\/\/vengru.com\/en\/wp-json\/wp\/v2\/pages\/5766","targetHints":{"allow":["GET"]}}],"collection":[{"href":"https:\/\/vengru.com\/en\/wp-json\/wp\/v2\/pages"}],"about":[{"href":"https:\/\/vengru.com\/en\/wp-json\/wp\/v2\/types\/page"}],"author":[{"embeddable":true,"href":"https:\/\/vengru.com\/en\/wp-json\/wp\/v2\/users\/2"}],"replies":[{"embeddable":true,"href":"https:\/\/vengru.com\/en\/wp-json\/wp\/v2\/comments?post=5766"}],"version-history":[{"count":2,"href":"https:\/\/vengru.com\/en\/wp-json\/wp\/v2\/pages\/5766\/revisions"}],"predecessor-version":[{"id":15181,"href":"https:\/\/vengru.com\/en\/wp-json\/wp\/v2\/pages\/5766\/revisions\/15181"}],"up":[{"embeddable":true,"href":"https:\/\/vengru.com\/en\/wp-json\/wp\/v2\/pages\/5754"}],"wp:attachment":[{"href":"https:\/\/vengru.com\/en\/wp-json\/wp\/v2\/media?parent=5766"}],"curies":[{"name":"wp","href":"https:\/\/api.w.org\/{rel}","templated":true}]}}