{"id":5762,"date":"2020-07-13T09:10:44","date_gmt":"2020-07-13T09:10:44","guid":{"rendered":"https:\/\/vengru.com\/stylist-szolgaltatasok\/ismerd-meg-stilustanacsadonkat\/"},"modified":"2023-05-07T11:55:09","modified_gmt":"2023-05-07T11:55:09","slug":"meet-our-style-consultant","status":"publish","type":"page","link":"https:\/\/vengru.com\/en\/stylist-szolgaltatasok\/meet-our-style-consultant\/","title":{"rendered":"Meet our Style consultant!"},"content":{"rendered":"\n<div class=\"wp-block-columns is-layout-flex wp-container-core-columns-is-layout-9d6595d7 wp-block-columns-is-layout-flex\">\n<div class=\"wp-block-column is-layout-flow wp-block-column-is-layout-flow\" style=\"flex-basis:66.66%\">\n<p class=\"has-normal-font-size\">We influence each other with our speech, body language, but most importantly with our clothing. During my career as a salesperson at multinational companies, I realized that preparation is important in every aspect of life, but so is authenticity. Authenticity comes from what we radiate about ourselves, how much we are in harmony with ourselves, and how we can express this with our style and clothing.<\/p>\n\n\n\n<p>My passion for fashion, which I inherited from my grandmother, led me to complete the Personal Styling program at the Budapest Fashion School in 2017. It became clear to me there that my creative desire, acquired knowledge, and work experience can be helpful for those who want to dress more consciously, fine-tune their style, or completely transform it.<\/p>\n\n\n\n<p>Through consulting, style sessions, and workshops, I helped women and men consciously build a wardrobe that suits their lifestyle and color type, and reflects their personality.<\/p>\n\n\n\n<p>As a stylist, I believe it&#8217;s important to introduce Hungarian brands, creators, and designers to the public, thereby moving them away from the fast fashion world towards sustainable fashion, all in a personalized way. This is also the basis of our cooperation with VENGRU.<\/p>\n\n\n\n<p>My motto is that style comes from personality, which is present in everyone, but not everyone knows how to showcase it with the right tools. I am here to help those who want to change and transform their style.<\/p>\n\n\n\n<p class=\"has-text-align-right\">Somogyv\u00e1ri Edit<\/p>\n<\/div>\n\n\n\n<div class=\"wp-block-column is-layout-flow wp-block-column-is-layout-flow\" style=\"flex-basis:33.33%\">\n<figure class=\"wp-block-image is-resized\"><img loading=\"lazy\" decoding=\"async\" src=\"https:\/\/vengru.com\/wp-content\/uploads\/2020\/07\/r-1473-400x600-1.jpg\" alt=\"\" class=\"wp-image-5680\" width=\"317\" height=\"477\"\/><\/figure>\n<\/div>\n<\/div>\n","protected":false},"excerpt":{"rendered":"<p>We influence each other with our speech, body language, but most importantly with our clothing. During my career as a salesperson at multinational companies, I realized that preparation is important in every aspect of life, but so is authenticity. Authenticity comes from what we radiate about ourselves, how much we are in harmony with ourselves, <a class=\"read-more\" href=\"https:\/\/vengru.com\/en\/stylist-szolgaltatasok\/meet-our-style-consultant\/\">Read More<\/a><\/p>\n","protected":false},"author":2,"featured_media":0,"parent":5754,"menu_order":0,"comment_status":"closed","ping_status":"closed","template":"","meta":{"footnotes":""},"class_list":["post-5762","page","type-page","status-publish","hentry"],"yoast_head":"<!-- This site is optimized with the Yoast SEO plugin v27.5 - https:\/\/yoast.com\/product\/yoast-seo-wordpress\/ -->\n<title>Meet our Style consultant! - vengru.com<\/title>\n<meta name=\"robots\" content=\"index, follow, max-snippet:-1, max-image-preview:large, max-video-preview:-1\" \/>\n<link rel=\"canonical\" href=\"https:\/\/vengru.com\/en\/stylist-szolgaltatasok\/meet-our-style-consultant\/\" \/>\n<meta property=\"og:locale\" content=\"en_US\" \/>\n<meta property=\"og:type\" content=\"article\" \/>\n<meta property=\"og:title\" content=\"Meet our Style consultant! - vengru.com\" \/>\n<meta property=\"og:description\" content=\"We influence each other with our speech, body language, but most importantly with our clothing. During my career as a salesperson at multinational companies, I realized that preparation is important in every aspect of life, but so is authenticity. Authenticity comes from what we radiate about ourselves, how much we are in harmony with ourselves, Read More\" \/>\n<meta property=\"og:url\" content=\"https:\/\/vengru.com\/en\/stylist-szolgaltatasok\/meet-our-style-consultant\/\" \/>\n<meta property=\"og:site_name\" content=\"vengru.com\" \/>\n<meta property=\"article:publisher\" content=\"https:\/\/www.facebook.com\/vengrubag\/\" \/>\n<meta property=\"article:modified_time\" content=\"2023-05-07T11:55:09+00:00\" \/>\n<meta property=\"og:image\" content=\"https:\/\/vengru.com\/wp-content\/uploads\/2020\/07\/r-1473-400x600-1.jpg\" \/>\n<meta name=\"twitter:card\" content=\"summary_large_image\" \/>\n<meta name=\"twitter:label1\" content=\"Est. reading time\" \/>\n\t<meta name=\"twitter:data1\" content=\"1 minute\" \/>\n<script type=\"application\/ld+json\" class=\"yoast-schema-graph\">{\"@context\":\"https:\\\/\\\/schema.org\",\"@graph\":[{\"@type\":\"WebPage\",\"@id\":\"https:\\\/\\\/vengru.com\\\/en\\\/stylist-szolgaltatasok\\\/meet-our-style-consultant\\\/\",\"url\":\"https:\\\/\\\/vengru.com\\\/en\\\/stylist-szolgaltatasok\\\/meet-our-style-consultant\\\/\",\"name\":\"Meet our Style consultant! - vengru.com\",\"isPartOf\":{\"@id\":\"https:\\\/\\\/vengru.com\\\/en\\\/#website\"},\"primaryImageOfPage\":{\"@id\":\"https:\\\/\\\/vengru.com\\\/en\\\/stylist-szolgaltatasok\\\/meet-our-style-consultant\\\/#primaryimage\"},\"image\":{\"@id\":\"https:\\\/\\\/vengru.com\\\/en\\\/stylist-szolgaltatasok\\\/meet-our-style-consultant\\\/#primaryimage\"},\"thumbnailUrl\":\"https:\\\/\\\/vengru.com\\\/wp-content\\\/uploads\\\/2020\\\/07\\\/r-1473-400x600-1.jpg\",\"datePublished\":\"2020-07-13T09:10:44+00:00\",\"dateModified\":\"2023-05-07T11:55:09+00:00\",\"breadcrumb\":{\"@id\":\"https:\\\/\\\/vengru.com\\\/en\\\/stylist-szolgaltatasok\\\/meet-our-style-consultant\\\/#breadcrumb\"},\"inLanguage\":\"en-US\",\"potentialAction\":[{\"@type\":\"ReadAction\",\"target\":[\"https:\\\/\\\/vengru.com\\\/en\\\/stylist-szolgaltatasok\\\/meet-our-style-consultant\\\/\"]}]},{\"@type\":\"ImageObject\",\"inLanguage\":\"en-US\",\"@id\":\"https:\\\/\\\/vengru.com\\\/en\\\/stylist-szolgaltatasok\\\/meet-our-style-consultant\\\/#primaryimage\",\"url\":\"https:\\\/\\\/vengru.com\\\/wp-content\\\/uploads\\\/2020\\\/07\\\/r-1473-400x600-1.jpg\",\"contentUrl\":\"https:\\\/\\\/vengru.com\\\/wp-content\\\/uploads\\\/2020\\\/07\\\/r-1473-400x600-1.jpg\"},{\"@type\":\"BreadcrumbList\",\"@id\":\"https:\\\/\\\/vengru.com\\\/en\\\/stylist-szolgaltatasok\\\/meet-our-style-consultant\\\/#breadcrumb\",\"itemListElement\":[{\"@type\":\"ListItem\",\"position\":1,\"name\":\"Home\",\"item\":\"https:\\\/\\\/vengru.com\\\/en\\\/\"},{\"@type\":\"ListItem\",\"position\":2,\"name\":\"Stylist services\",\"item\":\"https:\\\/\\\/vengru.com\\\/en\\\/stylist-szolgaltatasok\\\/\"},{\"@type\":\"ListItem\",\"position\":3,\"name\":\"Meet our Style consultant!\"}]},{\"@type\":\"WebSite\",\"@id\":\"https:\\\/\\\/vengru.com\\\/en\\\/#website\",\"url\":\"https:\\\/\\\/vengru.com\\\/en\\\/\",\"name\":\"vengru.com\",\"description\":\"Vari\u00e1lhat\u00f3, min\u0151s\u00e9gi magyar designer m\u00e1rka\",\"publisher\":{\"@id\":\"https:\\\/\\\/vengru.com\\\/en\\\/#organization\"},\"potentialAction\":[{\"@type\":\"SearchAction\",\"target\":{\"@type\":\"EntryPoint\",\"urlTemplate\":\"https:\\\/\\\/vengru.com\\\/en\\\/?s={search_term_string}\"},\"query-input\":{\"@type\":\"PropertyValueSpecification\",\"valueRequired\":true,\"valueName\":\"search_term_string\"}}],\"inLanguage\":\"en-US\"},{\"@type\":\"Organization\",\"@id\":\"https:\\\/\\\/vengru.com\\\/en\\\/#organization\",\"name\":\"VENGRU Ltd.\",\"url\":\"https:\\\/\\\/vengru.com\\\/en\\\/\",\"logo\":{\"@type\":\"ImageObject\",\"inLanguage\":\"en-US\",\"@id\":\"https:\\\/\\\/vengru.com\\\/en\\\/#\\\/schema\\\/logo\\\/image\\\/\",\"url\":\"https:\\\/\\\/vengru.com\\\/wp-content\\\/uploads\\\/2025\\\/05\\\/cropped-VENGRU-logoPNG3-1.png\",\"contentUrl\":\"https:\\\/\\\/vengru.com\\\/wp-content\\\/uploads\\\/2025\\\/05\\\/cropped-VENGRU-logoPNG3-1.png\",\"width\":581,\"height\":98,\"caption\":\"VENGRU Ltd.\"},\"image\":{\"@id\":\"https:\\\/\\\/vengru.com\\\/en\\\/#\\\/schema\\\/logo\\\/image\\\/\"},\"sameAs\":[\"https:\\\/\\\/www.facebook.com\\\/vengrubag\\\/\",\"https:\\\/\\\/www.instagram.com\\\/vengrubag\\\/\"]}]}<\/script>\n<!-- \/ Yoast SEO plugin. -->","yoast_head_json":{"title":"Meet our Style consultant! - vengru.com","robots":{"index":"index","follow":"follow","max-snippet":"max-snippet:-1","max-image-preview":"max-image-preview:large","max-video-preview":"max-video-preview:-1"},"canonical":"https:\/\/vengru.com\/en\/stylist-szolgaltatasok\/meet-our-style-consultant\/","og_locale":"en_US","og_type":"article","og_title":"Meet our Style consultant! - vengru.com","og_description":"We influence each other with our speech, body language, but most importantly with our clothing. During my career as a salesperson at multinational companies, I realized that preparation is important in every aspect of life, but so is authenticity. Authenticity comes from what we radiate about ourselves, how much we are in harmony with ourselves, Read More","og_url":"https:\/\/vengru.com\/en\/stylist-szolgaltatasok\/meet-our-style-consultant\/","og_site_name":"vengru.com","article_publisher":"https:\/\/www.facebook.com\/vengrubag\/","article_modified_time":"2023-05-07T11:55:09+00:00","og_image":[{"url":"https:\/\/vengru.com\/wp-content\/uploads\/2020\/07\/r-1473-400x600-1.jpg","type":"","width":"","height":""}],"twitter_card":"summary_large_image","twitter_misc":{"Est. reading time":"1 minute"},"schema":{"@context":"https:\/\/schema.org","@graph":[{"@type":"WebPage","@id":"https:\/\/vengru.com\/en\/stylist-szolgaltatasok\/meet-our-style-consultant\/","url":"https:\/\/vengru.com\/en\/stylist-szolgaltatasok\/meet-our-style-consultant\/","name":"Meet our Style consultant! - vengru.com","isPartOf":{"@id":"https:\/\/vengru.com\/en\/#website"},"primaryImageOfPage":{"@id":"https:\/\/vengru.com\/en\/stylist-szolgaltatasok\/meet-our-style-consultant\/#primaryimage"},"image":{"@id":"https:\/\/vengru.com\/en\/stylist-szolgaltatasok\/meet-our-style-consultant\/#primaryimage"},"thumbnailUrl":"https:\/\/vengru.com\/wp-content\/uploads\/2020\/07\/r-1473-400x600-1.jpg","datePublished":"2020-07-13T09:10:44+00:00","dateModified":"2023-05-07T11:55:09+00:00","breadcrumb":{"@id":"https:\/\/vengru.com\/en\/stylist-szolgaltatasok\/meet-our-style-consultant\/#breadcrumb"},"inLanguage":"en-US","potentialAction":[{"@type":"ReadAction","target":["https:\/\/vengru.com\/en\/stylist-szolgaltatasok\/meet-our-style-consultant\/"]}]},{"@type":"ImageObject","inLanguage":"en-US","@id":"https:\/\/vengru.com\/en\/stylist-szolgaltatasok\/meet-our-style-consultant\/#primaryimage","url":"https:\/\/vengru.com\/wp-content\/uploads\/2020\/07\/r-1473-400x600-1.jpg","contentUrl":"https:\/\/vengru.com\/wp-content\/uploads\/2020\/07\/r-1473-400x600-1.jpg"},{"@type":"BreadcrumbList","@id":"https:\/\/vengru.com\/en\/stylist-szolgaltatasok\/meet-our-style-consultant\/#breadcrumb","itemListElement":[{"@type":"ListItem","position":1,"name":"Home","item":"https:\/\/vengru.com\/en\/"},{"@type":"ListItem","position":2,"name":"Stylist services","item":"https:\/\/vengru.com\/en\/stylist-szolgaltatasok\/"},{"@type":"ListItem","position":3,"name":"Meet our Style consultant!"}]},{"@type":"WebSite","@id":"https:\/\/vengru.com\/en\/#website","url":"https:\/\/vengru.com\/en\/","name":"vengru.com","description":"Vari\u00e1lhat\u00f3, min\u0151s\u00e9gi magyar designer m\u00e1rka","publisher":{"@id":"https:\/\/vengru.com\/en\/#organization"},"potentialAction":[{"@type":"SearchAction","target":{"@type":"EntryPoint","urlTemplate":"https:\/\/vengru.com\/en\/?s={search_term_string}"},"query-input":{"@type":"PropertyValueSpecification","valueRequired":true,"valueName":"search_term_string"}}],"inLanguage":"en-US"},{"@type":"Organization","@id":"https:\/\/vengru.com\/en\/#organization","name":"VENGRU Ltd.","url":"https:\/\/vengru.com\/en\/","logo":{"@type":"ImageObject","inLanguage":"en-US","@id":"https:\/\/vengru.com\/en\/#\/schema\/logo\/image\/","url":"https:\/\/vengru.com\/wp-content\/uploads\/2025\/05\/cropped-VENGRU-logoPNG3-1.png","contentUrl":"https:\/\/vengru.com\/wp-content\/uploads\/2025\/05\/cropped-VENGRU-logoPNG3-1.png","width":581,"height":98,"caption":"VENGRU Ltd."},"image":{"@id":"https:\/\/vengru.com\/en\/#\/schema\/logo\/image\/"},"sameAs":["https:\/\/www.facebook.com\/vengrubag\/","https:\/\/www.instagram.com\/vengrubag\/"]}]}},"_links":{"self":[{"href":"https:\/\/vengru.com\/en\/wp-json\/wp\/v2\/pages\/5762","targetHints":{"allow":["GET"]}}],"collection":[{"href":"https:\/\/vengru.com\/en\/wp-json\/wp\/v2\/pages"}],"about":[{"href":"https:\/\/vengru.com\/en\/wp-json\/wp\/v2\/types\/page"}],"author":[{"embeddable":true,"href":"https:\/\/vengru.com\/en\/wp-json\/wp\/v2\/users\/2"}],"replies":[{"embeddable":true,"href":"https:\/\/vengru.com\/en\/wp-json\/wp\/v2\/comments?post=5762"}],"version-history":[{"count":2,"href":"https:\/\/vengru.com\/en\/wp-json\/wp\/v2\/pages\/5762\/revisions"}],"predecessor-version":[{"id":15176,"href":"https:\/\/vengru.com\/en\/wp-json\/wp\/v2\/pages\/5762\/revisions\/15176"}],"up":[{"embeddable":true,"href":"https:\/\/vengru.com\/en\/wp-json\/wp\/v2\/pages\/5754"}],"wp:attachment":[{"href":"https:\/\/vengru.com\/en\/wp-json\/wp\/v2\/media?parent=5762"}],"curies":[{"name":"wp","href":"https:\/\/api.w.org\/{rel}","templated":true}]}}