{"id":20457,"date":"2025-04-09T10:53:20","date_gmt":"2025-04-09T10:53:20","guid":{"rendered":"https:\/\/vengru.com\/shipping-delivery\/"},"modified":"2025-04-09T10:53:20","modified_gmt":"2025-04-09T10:53:20","slug":"shipping-delivery","status":"publish","type":"page","link":"https:\/\/vengru.com\/en\/shipping-delivery\/","title":{"rendered":"Shipping &amp; Delivery"},"content":{"rendered":"<p data-start=\"311\" data-end=\"371\">Shipping &amp; Delivery<\/p>\n<h3 data-start=\"311\" data-end=\"371\">\ud83c\udf0d We ship worldwide \u2013 with complimentary express delivery<\/h3>\n<p class=\"\" data-start=\"373\" data-end=\"643\">At VENGRU, we create exclusive, <strong data-start=\"386\" data-end=\"432\">small-batch leather goods <\/strong>designed in Europe and crafted from premium genuine leather. Each product is made with <strong data-start=\"534\" data-end=\"588\">exceptional care by our skilled artisans<\/strong> to reflect timeless elegance and outstanding quality.<\/p>\n<hr class=\"\" data-start=\"645\" data-end=\"648\">\n<h3 class=\"\" data-start=\"650\" data-end=\"685\">\ud83e\uddf5 Made-to-order with care<\/h3>\n<p class=\"\" data-start=\"687\" data-end=\"924\">At VENGRU, <strong data-start=\"700\" data-end=\"757\">every item is individually crafted after your order is placed<\/strong>.<br data-start=\"758\" data-end=\"761\">We work with very limited stock, so most pieces <strong data-start=\"830\" data-end=\"867\">are not available for immediate dispatch<\/strong>. This allows us to focus on craftsmanship and sustainability \u2013 not mass production.<\/p>\n<p class=\"\" data-start=\"926\" data-end=\"1097\">Please note that the preparation time <strong data-start=\"956\" data-end=\"1020\">for your selected item may take 10\u201315 business days<\/strong>, depending on the model. Once completed, we ship your order immediately via express courier.<\/p>\n<hr class=\"\" data-start=\"645\" data-end=\"648\">\n<h3 class=\"\" data-start=\"1104\" data-end=\"1149\"> Free Express Shipping to Hungary<\/h3>\n<p class=\"\" data-start=\"1151\" data-end=\"1351\">We offer <strong data-start=\"1185\" data-end=\"1220\">free express delivery to Hungary<\/strong><strong>via GLS Hungary or MPL.<br data-start=\"1267\" data-end=\"1270\"><\/strong>Your order will typically arrive within <strong>1business day<\/strong> after it is completed.<\/p>\n<hr class=\"\" data-start=\"645\" data-end=\"648\">\n<p data-start=\"926\" data-end=\"1097\">\n<h3 class=\"\" data-start=\"1104\" data-end=\"1149\">\u2708\ufe0f Free Express International Shipping<\/h3>\n<p class=\"\" data-start=\"1151\" data-end=\"1351\">We offer<strong data-start=\"1185\" data-end=\"1220\"> free express delivery<\/strong> worldwide<strong data-start=\"1869\" data-end=\"1893\"> via DHL Express or FedEx<\/strong>.<br data-start=\"1267\" data-end=\"1270\">Your order will typically arrive within <strong data-start=\"1290\" data-end=\"1325\">3\u20135 business days <\/strong>after it is completed.<\/p>\n<p class=\"\" data-start=\"1353\" data-end=\"1682\">We offer free express delivery worldwide via DHL Express or FedEx.<br \/>Your order will typically arrive within 3\u20135 business days after it is completed.<br \/>We proudly deliver to customers across the globe \u2013 including:<br data-start=\"1432\" data-end=\"1435\">\ud83c\uddf0\ud83c\uddfc <strong data-start=\"1440\" data-end=\"1450\">Kuwait<br data-start=\"1450\" data-end=\"1453\"><\/strong>\ud83c\udde6\ud83c\uddea <strong data-start=\"1458\" data-end=\"1504\">United Arab Emirates (Dubai, Abu Dhabi)<br data-start=\"1504\" data-end=\"1507\"><\/strong>\ud83c\uddf6\ud83c\udde6<strong data-start=\"1512\" data-end=\"1521\"> Qatar<br data-start=\"1521\" data-end=\"1524\"><\/strong>\ud83c\uddf8\ud83c\udde6 <strong data-start=\"1529\" data-end=\"1545\">Saudi Arabia<br data-start=\"1545\" data-end=\"1548\"><\/strong>\ud83c\udde7\ud83c\udded<strong data-start=\"1553\" data-end=\"1564\"> Bahrain<br data-start=\"1564\" data-end=\"1567\"><\/strong>\ud83c\uddfa\ud83c\uddf8 <strong data-start=\"1572\" data-end=\"1592\">United States<br data-start=\"1592\" data-end=\"1595\"><\/strong>\ud83c\udde8\ud83c\udded <strong data-start=\"1600\" data-end=\"1609\">Switzerland<br data-start=\"1609\" data-end=\"1612\"><\/strong>\ud83c\udde6\ud83c\uddfa <strong data-start=\"1617\" data-end=\"1631\">Australia<br data-start=\"1631\" data-end=\"1634\"><\/strong>\ud83c\uddf8\ud83c\uddec <strong data-start=\"1639\" data-end=\"1652\">Singapore<br data-start=\"1652\" data-end=\"1655\"><\/strong>&#8230;and many more.       <\/p>\n<hr class=\"\" data-start=\"1684\" data-end=\"1687\">\n<h3 class=\"\" data-start=\"1689\" data-end=\"1723\">\ud83d\udce6 Tracking &amp; Delivery<\/h3>\n<p class=\"\" data-start=\"1725\" data-end=\"1958\">Once your order is ready and shipped, you will <strong data-start=\"1771\" data-end=\"1810\">receive a tracking number<\/strong> via email.<br data-start=\"1829\" data-end=\"1832\">Our trusted logistics partners \u2013 <strong data-start=\"1869\" data-end=\"1893\">DHL Express and FedEx <\/strong>\u2013 ensure fast and secure delivery to your doorstep.<\/p>\n<hr class=\"\" data-start=\"1960\" data-end=\"1963\">\n<h3 class=\"\" data-start=\"1965\" data-end=\"1984\">\u2753Questions?<\/h3>\n<p class=\"\" data-start=\"1986\" data-end=\"2116\">If you have any questions about production or delivery times, please reach out to our customer support at:<br data-start=\"2090\" data-end=\"2093\">\ud83d\udce7 info@vengru.com<\/p>\n","protected":false},"excerpt":{"rendered":"<p>Shipping &amp; Delivery \ud83c\udf0d We ship worldwide \u2013 with complimentary express delivery At VENGRU, we create exclusive, small-batch leather goods designed in Europe and crafted from premium genuine leather. Each product is made with exceptional care by our skilled artisans to reflect timeless elegance and outstanding quality. \ud83e\uddf5 Made-to-order with care At VENGRU, every item <a class=\"read-more\" href=\"https:\/\/vengru.com\/en\/shipping-delivery\/\">Read More<\/a><\/p>\n","protected":false},"author":2,"featured_media":0,"parent":0,"menu_order":0,"comment_status":"closed","ping_status":"closed","template":"","meta":{"footnotes":""},"class_list":["post-20457","page","type-page","status-publish","hentry"],"yoast_head":"<!-- This site is optimized with the Yoast SEO plugin v27.4 - https:\/\/yoast.com\/product\/yoast-seo-wordpress\/ -->\n<title>We ship worldwide<\/title>\n<meta name=\"description\" content=\"We ship worldwide \u2013 with complimentary express delivery. At VENGRU, we create exclusive, small-batch leather goods designed in Europe.\" \/>\n<meta name=\"robots\" content=\"index, follow, max-snippet:-1, max-image-preview:large, max-video-preview:-1\" \/>\n<link rel=\"canonical\" href=\"https:\/\/vengru.com\/en\/shipping-delivery\/\" \/>\n<meta property=\"og:locale\" content=\"en_US\" \/>\n<meta property=\"og:type\" content=\"article\" \/>\n<meta property=\"og:title\" content=\"We ship worldwide\" \/>\n<meta property=\"og:description\" content=\"We ship worldwide \u2013 with complimentary express delivery. At VENGRU, we create exclusive, small-batch leather goods designed in Europe.\" \/>\n<meta property=\"og:url\" content=\"https:\/\/vengru.com\/en\/shipping-delivery\/\" \/>\n<meta property=\"og:site_name\" content=\"vengru.com\" \/>\n<meta property=\"article:publisher\" content=\"https:\/\/www.facebook.com\/vengrubag\/\" \/>\n<meta name=\"twitter:card\" content=\"summary_large_image\" \/>\n<meta name=\"twitter:label1\" content=\"Est. reading time\" \/>\n\t<meta name=\"twitter:data1\" content=\"1 minute\" \/>\n<script type=\"application\/ld+json\" class=\"yoast-schema-graph\">{\"@context\":\"https:\\\/\\\/schema.org\",\"@graph\":[{\"@type\":\"WebPage\",\"@id\":\"https:\\\/\\\/vengru.com\\\/en\\\/shipping-delivery\\\/\",\"url\":\"https:\\\/\\\/vengru.com\\\/en\\\/shipping-delivery\\\/\",\"name\":\"We ship worldwide\",\"isPartOf\":{\"@id\":\"https:\\\/\\\/vengru.com\\\/en\\\/#website\"},\"datePublished\":\"2025-04-09T10:53:20+00:00\",\"description\":\"We ship worldwide \u2013 with complimentary express delivery. At VENGRU, we create exclusive, small-batch leather goods designed in Europe.\",\"breadcrumb\":{\"@id\":\"https:\\\/\\\/vengru.com\\\/en\\\/shipping-delivery\\\/#breadcrumb\"},\"inLanguage\":\"en-US\",\"potentialAction\":[{\"@type\":\"ReadAction\",\"target\":[\"https:\\\/\\\/vengru.com\\\/en\\\/shipping-delivery\\\/\"]}]},{\"@type\":\"BreadcrumbList\",\"@id\":\"https:\\\/\\\/vengru.com\\\/en\\\/shipping-delivery\\\/#breadcrumb\",\"itemListElement\":[{\"@type\":\"ListItem\",\"position\":1,\"name\":\"Home\",\"item\":\"https:\\\/\\\/vengru.com\\\/en\\\/\"},{\"@type\":\"ListItem\",\"position\":2,\"name\":\"Shipping &amp; Delivery\"}]},{\"@type\":\"WebSite\",\"@id\":\"https:\\\/\\\/vengru.com\\\/en\\\/#website\",\"url\":\"https:\\\/\\\/vengru.com\\\/en\\\/\",\"name\":\"vengru.com\",\"description\":\"Vari\u00e1lhat\u00f3, min\u0151s\u00e9gi magyar designer m\u00e1rka\",\"publisher\":{\"@id\":\"https:\\\/\\\/vengru.com\\\/en\\\/#organization\"},\"potentialAction\":[{\"@type\":\"SearchAction\",\"target\":{\"@type\":\"EntryPoint\",\"urlTemplate\":\"https:\\\/\\\/vengru.com\\\/en\\\/?s={search_term_string}\"},\"query-input\":{\"@type\":\"PropertyValueSpecification\",\"valueRequired\":true,\"valueName\":\"search_term_string\"}}],\"inLanguage\":\"en-US\"},{\"@type\":\"Organization\",\"@id\":\"https:\\\/\\\/vengru.com\\\/en\\\/#organization\",\"name\":\"VENGRU Ltd.\",\"url\":\"https:\\\/\\\/vengru.com\\\/en\\\/\",\"logo\":{\"@type\":\"ImageObject\",\"inLanguage\":\"en-US\",\"@id\":\"https:\\\/\\\/vengru.com\\\/en\\\/#\\\/schema\\\/logo\\\/image\\\/\",\"url\":\"https:\\\/\\\/vengru.com\\\/wp-content\\\/uploads\\\/2025\\\/05\\\/cropped-VENGRU-logoPNG3-1.png\",\"contentUrl\":\"https:\\\/\\\/vengru.com\\\/wp-content\\\/uploads\\\/2025\\\/05\\\/cropped-VENGRU-logoPNG3-1.png\",\"width\":581,\"height\":98,\"caption\":\"VENGRU Ltd.\"},\"image\":{\"@id\":\"https:\\\/\\\/vengru.com\\\/en\\\/#\\\/schema\\\/logo\\\/image\\\/\"},\"sameAs\":[\"https:\\\/\\\/www.facebook.com\\\/vengrubag\\\/\",\"https:\\\/\\\/www.instagram.com\\\/vengrubag\\\/\"]}]}<\/script>\n<!-- \/ Yoast SEO plugin. -->","yoast_head_json":{"title":"We ship worldwide","description":"We ship worldwide \u2013 with complimentary express delivery. At VENGRU, we create exclusive, small-batch leather goods designed in Europe.","robots":{"index":"index","follow":"follow","max-snippet":"max-snippet:-1","max-image-preview":"max-image-preview:large","max-video-preview":"max-video-preview:-1"},"canonical":"https:\/\/vengru.com\/en\/shipping-delivery\/","og_locale":"en_US","og_type":"article","og_title":"We ship worldwide","og_description":"We ship worldwide \u2013 with complimentary express delivery. At VENGRU, we create exclusive, small-batch leather goods designed in Europe.","og_url":"https:\/\/vengru.com\/en\/shipping-delivery\/","og_site_name":"vengru.com","article_publisher":"https:\/\/www.facebook.com\/vengrubag\/","twitter_card":"summary_large_image","twitter_misc":{"Est. reading time":"1 minute"},"schema":{"@context":"https:\/\/schema.org","@graph":[{"@type":"WebPage","@id":"https:\/\/vengru.com\/en\/shipping-delivery\/","url":"https:\/\/vengru.com\/en\/shipping-delivery\/","name":"We ship worldwide","isPartOf":{"@id":"https:\/\/vengru.com\/en\/#website"},"datePublished":"2025-04-09T10:53:20+00:00","description":"We ship worldwide \u2013 with complimentary express delivery. At VENGRU, we create exclusive, small-batch leather goods designed in Europe.","breadcrumb":{"@id":"https:\/\/vengru.com\/en\/shipping-delivery\/#breadcrumb"},"inLanguage":"en-US","potentialAction":[{"@type":"ReadAction","target":["https:\/\/vengru.com\/en\/shipping-delivery\/"]}]},{"@type":"BreadcrumbList","@id":"https:\/\/vengru.com\/en\/shipping-delivery\/#breadcrumb","itemListElement":[{"@type":"ListItem","position":1,"name":"Home","item":"https:\/\/vengru.com\/en\/"},{"@type":"ListItem","position":2,"name":"Shipping &amp; Delivery"}]},{"@type":"WebSite","@id":"https:\/\/vengru.com\/en\/#website","url":"https:\/\/vengru.com\/en\/","name":"vengru.com","description":"Vari\u00e1lhat\u00f3, min\u0151s\u00e9gi magyar designer m\u00e1rka","publisher":{"@id":"https:\/\/vengru.com\/en\/#organization"},"potentialAction":[{"@type":"SearchAction","target":{"@type":"EntryPoint","urlTemplate":"https:\/\/vengru.com\/en\/?s={search_term_string}"},"query-input":{"@type":"PropertyValueSpecification","valueRequired":true,"valueName":"search_term_string"}}],"inLanguage":"en-US"},{"@type":"Organization","@id":"https:\/\/vengru.com\/en\/#organization","name":"VENGRU Ltd.","url":"https:\/\/vengru.com\/en\/","logo":{"@type":"ImageObject","inLanguage":"en-US","@id":"https:\/\/vengru.com\/en\/#\/schema\/logo\/image\/","url":"https:\/\/vengru.com\/wp-content\/uploads\/2025\/05\/cropped-VENGRU-logoPNG3-1.png","contentUrl":"https:\/\/vengru.com\/wp-content\/uploads\/2025\/05\/cropped-VENGRU-logoPNG3-1.png","width":581,"height":98,"caption":"VENGRU Ltd."},"image":{"@id":"https:\/\/vengru.com\/en\/#\/schema\/logo\/image\/"},"sameAs":["https:\/\/www.facebook.com\/vengrubag\/","https:\/\/www.instagram.com\/vengrubag\/"]}]}},"_links":{"self":[{"href":"https:\/\/vengru.com\/en\/wp-json\/wp\/v2\/pages\/20457","targetHints":{"allow":["GET"]}}],"collection":[{"href":"https:\/\/vengru.com\/en\/wp-json\/wp\/v2\/pages"}],"about":[{"href":"https:\/\/vengru.com\/en\/wp-json\/wp\/v2\/types\/page"}],"author":[{"embeddable":true,"href":"https:\/\/vengru.com\/en\/wp-json\/wp\/v2\/users\/2"}],"replies":[{"embeddable":true,"href":"https:\/\/vengru.com\/en\/wp-json\/wp\/v2\/comments?post=20457"}],"version-history":[{"count":0,"href":"https:\/\/vengru.com\/en\/wp-json\/wp\/v2\/pages\/20457\/revisions"}],"wp:attachment":[{"href":"https:\/\/vengru.com\/en\/wp-json\/wp\/v2\/media?parent=20457"}],"curies":[{"name":"wp","href":"https:\/\/api.w.org\/{rel}","templated":true}]}}