{"id":15063,"date":"2023-05-06T15:48:22","date_gmt":"2023-05-06T15:48:22","guid":{"rendered":"https:\/\/vengru.com\/sign-up-our-newsletter\/"},"modified":"2023-05-06T15:48:29","modified_gmt":"2023-05-06T15:48:29","slug":"sign-up-our-newsletter","status":"publish","type":"page","link":"https:\/\/vengru.com\/en\/sign-up-our-newsletter\/","title":{"rendered":"Sign up our newsletter"},"content":{"rendered":"<p><!-- Begin Mailchimp Signup Form -->\n \t<link href=\"\/\/cdn-images.mailchimp.com\/embedcode\/classic-071822.css\" rel=\"stylesheet\" type=\"text\/css\">\n<style type=\"text\/css\">\n\t#mc_embed_signup{background:#fff; clear:left; font:14px Helvetica,Arial,sans-serif;  width:600px;}<br \/>\n\t\/* Add your own Mailchimp form style overrides in your site stylesheet or in this style block.<br \/>\n\t   We recommend moving this block and the preceding CSS link to the HEAD of your HTML file. *\/<br \/>\n<\/style>\n<div id=\"mc_embed_signup\">\n<form action=\"https:\/\/vengru.us20.list-manage.com\/subscribe\/post?u=a6c328c99e61a9916bdbdc88f&amp;id=6a08e477c2&amp;f_id=00db60e7f0\" method=\"post\" id=\"mc-embedded-subscribe-form\" name=\"mc-embedded-subscribe-form\" class=\"validate\" target=\"_blank\" novalidate=\"\">\n<div id=\"mc_embed_signup_scroll\">\n<h2>\u00cdratkozz fel h\u00edrlevel\u00fcnkre!<\/h2>\n<div class=\"indicates-required\"><span class=\"asterisk\">*<\/span> indicates required<\/div>\n<div class=\"mc-field-group\">\n\t<label for=\"mce-EMAIL\">E-mail C\u00edm  <span class=\"asterisk\">*<\/span><br \/>\n<\/label><br \/>\n<input type=\"email\" value=\"\" name=\"EMAIL\" class=\"required email\" id=\"mce-EMAIL\" required=\"\"><br \/>\n<span id=\"mce-EMAIL-HELPERTEXT\" class=\"helper_text\"><\/span><\/div>\n<div class=\"mc-field-group\">\n\t<label for=\"mce-FNAME\">Keresztn\u00e9v  <span class=\"asterisk\">*<\/span><br \/>\n<\/label><br \/>\n<input type=\"text\" value=\"\" name=\"FNAME\" class=\"required\" id=\"mce-FNAME\" required=\"\"><br \/>\n<span id=\"mce-FNAME-HELPERTEXT\" class=\"helper_text\"><\/span><\/div>\n<div class=\"mc-field-group\">\n\t<label for=\"mce-LNAME\">Vezet\u00e9kn\u00e9v  <span class=\"asterisk\">*<\/span><br \/>\n<\/label><br \/>\n<input type=\"text\" value=\"\" name=\"LNAME\" class=\"required\" id=\"mce-LNAME\" required=\"\"><br \/>\n<span id=\"mce-LNAME-HELPERTEXT\" class=\"helper_text\"><\/span><\/div>\n<div id=\"mce-responses\" class=\"clear foot\">\n<div class=\"response\" id=\"mce-error-response\" style=\"display:none\"><\/div>\n<div class=\"response\" id=\"mce-success-response\" style=\"display:none\"><\/div>\n<\/div>\n<p><!-- real people should not fill this in and expect good things - do not remove this or risk form bot signups--><\/p>\n<div style=\"position: absolute; left: -5000px;\" aria-hidden=\"true\"><input type=\"text\" name=\"b_a6c328c99e61a9916bdbdc88f_6a08e477c2\" tabindex=\"-1\" value=\"\"><\/div>\n<div class=\"optionalParent\">\n<div class=\"clear foot\">\n                <input type=\"submit\" value=\"Subscribe\" name=\"subscribe\" id=\"mc-embedded-subscribe\" class=\"button\"><\/p>\n<p class=\"brandingLogo\"><a href=\"http:\/\/eepurl.com\/hwdfBT\" title=\"Mailchimp - email marketing made easy and fun\"><img decoding=\"async\" src=\"https:\/\/eep.io\/mc-cdn-images\/template_images\/branding_logo_text_dark_dtp.svg\"><\/a><\/p>\n<\/div>\n<\/div>\n<\/div>\n<\/form>\n<\/div>\n<p><script type=\"text\/javascript\" src=\"\/\/s3.amazonaws.com\/downloads.mailchimp.com\/js\/mc-validate.js\"><\/script><script type=\"text\/javascript\">(function($) {window.fnames = new Array(); window.ftypes = new Array();fnames[0]='EMAIL';ftypes[0]='email';fnames[1]='FNAME';ftypes[1]='text';fnames[2]='LNAME';ftypes[2]='text';fnames[3]='ADDRESS';ftypes[3]='address';fnames[4]='PHONE';ftypes[4]='phone'; \/*<br \/>\n * Translated default messages for the $ validation plugin.<br \/>\n * Locale: HU<br \/>\n *\/<br \/>\n$.extend($.validator.messages, {<br \/>\n\trequired: \"K\u00f6telez\u0151 megadni.\",<br \/>\n\tmaxlength: $.validator.format(\"Legfeljebb {0} karakter hossz\u00fa legyen.\"),<br \/>\n\tminlength: $.validator.format(\"Legal\u00e1bb {0} karakter hossz\u00fa legyen.\"),<br \/>\n\trangelength: $.validator.format(\"Legal\u00e1bb {0} \u00e9s legfeljebb {1} karakter hossz\u00fa legyen.\"),<br \/>\n\temail: \"\u00c9rv\u00e9nyes e-mail c\u00edmnek kell lennie.\",<br \/>\n\turl: \"\u00c9rv\u00e9nyes URL-nek kell lennie.\",<br \/>\n\tdate: \"D\u00e1tumnak kell lennie.\",<br \/>\n\tnumber: \"Sz\u00e1mnak kell lennie.\",<br \/>\n\tdigits: \"Csak sz\u00e1mjegyek lehetnek.\",<br \/>\n\tequalTo: \"Meg kell egyeznie a k\u00e9t \u00e9rt\u00e9knek.\",<br \/>\n\trange: $.validator.format(\"{0} \u00e9s {1} k\u00f6z\u00e9 kell esnie.\"),<br \/>\n\tmax: $.validator.format(\"Nem lehet nagyobb, mint {0}.\"),<br \/>\n\tmin: $.validator.format(\"Nem lehet kisebb, mint {0}.\"),<br \/>\n\tcreditcard: \"\u00c9rv\u00e9nyes hitelk\u00e1rtyasz\u00e1mnak kell lennie.\"<br \/>\n});}(jQuery));var $mcj = jQuery.noConflict(true);<\/script><br \/>\n<!--End mc_embed_signup--><\/p>\n","protected":false},"excerpt":{"rendered":"<p>\u00cdratkozz fel h\u00edrlevel\u00fcnkre! * indicates required E-mail C\u00edm * Keresztn\u00e9v * Vezet\u00e9kn\u00e9v *<\/p>\n","protected":false},"author":2,"featured_media":0,"parent":0,"menu_order":0,"comment_status":"closed","ping_status":"closed","template":"","meta":{"footnotes":""},"class_list":["post-15063","page","type-page","status-publish","hentry"],"yoast_head":"<!-- This site is optimized with the Yoast SEO plugin v27.4 - https:\/\/yoast.com\/product\/yoast-seo-wordpress\/ -->\n<title>Sign up our newsletter - vengru.com<\/title>\n<meta name=\"robots\" content=\"index, follow, max-snippet:-1, max-image-preview:large, max-video-preview:-1\" \/>\n<link rel=\"canonical\" href=\"https:\/\/vengru.com\/en\/sign-up-our-newsletter\/\" \/>\n<meta property=\"og:locale\" content=\"en_US\" \/>\n<meta property=\"og:type\" content=\"article\" \/>\n<meta property=\"og:title\" content=\"Sign up our newsletter - vengru.com\" \/>\n<meta property=\"og:description\" content=\"\u00cdratkozz fel h\u00edrlevel\u00fcnkre! * indicates required E-mail C\u00edm * Keresztn\u00e9v * Vezet\u00e9kn\u00e9v *\" \/>\n<meta property=\"og:url\" content=\"https:\/\/vengru.com\/en\/sign-up-our-newsletter\/\" \/>\n<meta property=\"og:site_name\" content=\"vengru.com\" \/>\n<meta property=\"article:publisher\" content=\"https:\/\/www.facebook.com\/vengrubag\/\" \/>\n<meta property=\"article:modified_time\" content=\"2023-05-06T15:48:29+00:00\" \/>\n<meta property=\"og:image\" content=\"https:\/\/eep.io\/mc-cdn-images\/template_images\/branding_logo_text_dark_dtp.svg\" \/>\n<meta name=\"twitter:card\" content=\"summary_large_image\" \/>\n<script type=\"application\/ld+json\" class=\"yoast-schema-graph\">{\"@context\":\"https:\\\/\\\/schema.org\",\"@graph\":[{\"@type\":\"WebPage\",\"@id\":\"https:\\\/\\\/vengru.com\\\/en\\\/sign-up-our-newsletter\\\/\",\"url\":\"https:\\\/\\\/vengru.com\\\/en\\\/sign-up-our-newsletter\\\/\",\"name\":\"Sign up our newsletter - vengru.com\",\"isPartOf\":{\"@id\":\"https:\\\/\\\/vengru.com\\\/en\\\/#website\"},\"primaryImageOfPage\":{\"@id\":\"https:\\\/\\\/vengru.com\\\/en\\\/sign-up-our-newsletter\\\/#primaryimage\"},\"image\":{\"@id\":\"https:\\\/\\\/vengru.com\\\/en\\\/sign-up-our-newsletter\\\/#primaryimage\"},\"thumbnailUrl\":\"https:\\\/\\\/eep.io\\\/mc-cdn-images\\\/template_images\\\/branding_logo_text_dark_dtp.svg\",\"datePublished\":\"2023-05-06T15:48:22+00:00\",\"dateModified\":\"2023-05-06T15:48:29+00:00\",\"breadcrumb\":{\"@id\":\"https:\\\/\\\/vengru.com\\\/en\\\/sign-up-our-newsletter\\\/#breadcrumb\"},\"inLanguage\":\"en-US\",\"potentialAction\":[{\"@type\":\"ReadAction\",\"target\":[\"https:\\\/\\\/vengru.com\\\/en\\\/sign-up-our-newsletter\\\/\"]}]},{\"@type\":\"ImageObject\",\"inLanguage\":\"en-US\",\"@id\":\"https:\\\/\\\/vengru.com\\\/en\\\/sign-up-our-newsletter\\\/#primaryimage\",\"url\":\"https:\\\/\\\/eep.io\\\/mc-cdn-images\\\/template_images\\\/branding_logo_text_dark_dtp.svg\",\"contentUrl\":\"https:\\\/\\\/eep.io\\\/mc-cdn-images\\\/template_images\\\/branding_logo_text_dark_dtp.svg\"},{\"@type\":\"BreadcrumbList\",\"@id\":\"https:\\\/\\\/vengru.com\\\/en\\\/sign-up-our-newsletter\\\/#breadcrumb\",\"itemListElement\":[{\"@type\":\"ListItem\",\"position\":1,\"name\":\"Home\",\"item\":\"https:\\\/\\\/vengru.com\\\/en\\\/\"},{\"@type\":\"ListItem\",\"position\":2,\"name\":\"Sign up our newsletter\"}]},{\"@type\":\"WebSite\",\"@id\":\"https:\\\/\\\/vengru.com\\\/en\\\/#website\",\"url\":\"https:\\\/\\\/vengru.com\\\/en\\\/\",\"name\":\"vengru.com\",\"description\":\"Vari\u00e1lhat\u00f3, min\u0151s\u00e9gi magyar designer m\u00e1rka\",\"publisher\":{\"@id\":\"https:\\\/\\\/vengru.com\\\/en\\\/#organization\"},\"potentialAction\":[{\"@type\":\"SearchAction\",\"target\":{\"@type\":\"EntryPoint\",\"urlTemplate\":\"https:\\\/\\\/vengru.com\\\/en\\\/?s={search_term_string}\"},\"query-input\":{\"@type\":\"PropertyValueSpecification\",\"valueRequired\":true,\"valueName\":\"search_term_string\"}}],\"inLanguage\":\"en-US\"},{\"@type\":\"Organization\",\"@id\":\"https:\\\/\\\/vengru.com\\\/en\\\/#organization\",\"name\":\"VENGRU Ltd.\",\"url\":\"https:\\\/\\\/vengru.com\\\/en\\\/\",\"logo\":{\"@type\":\"ImageObject\",\"inLanguage\":\"en-US\",\"@id\":\"https:\\\/\\\/vengru.com\\\/en\\\/#\\\/schema\\\/logo\\\/image\\\/\",\"url\":\"https:\\\/\\\/vengru.com\\\/wp-content\\\/uploads\\\/2025\\\/05\\\/cropped-VENGRU-logoPNG3-1.png\",\"contentUrl\":\"https:\\\/\\\/vengru.com\\\/wp-content\\\/uploads\\\/2025\\\/05\\\/cropped-VENGRU-logoPNG3-1.png\",\"width\":581,\"height\":98,\"caption\":\"VENGRU Ltd.\"},\"image\":{\"@id\":\"https:\\\/\\\/vengru.com\\\/en\\\/#\\\/schema\\\/logo\\\/image\\\/\"},\"sameAs\":[\"https:\\\/\\\/www.facebook.com\\\/vengrubag\\\/\",\"https:\\\/\\\/www.instagram.com\\\/vengrubag\\\/\"]}]}<\/script>\n<!-- \/ Yoast SEO plugin. -->","yoast_head_json":{"title":"Sign up our newsletter - vengru.com","robots":{"index":"index","follow":"follow","max-snippet":"max-snippet:-1","max-image-preview":"max-image-preview:large","max-video-preview":"max-video-preview:-1"},"canonical":"https:\/\/vengru.com\/en\/sign-up-our-newsletter\/","og_locale":"en_US","og_type":"article","og_title":"Sign up our newsletter - vengru.com","og_description":"\u00cdratkozz fel h\u00edrlevel\u00fcnkre! * indicates required E-mail C\u00edm * Keresztn\u00e9v * Vezet\u00e9kn\u00e9v *","og_url":"https:\/\/vengru.com\/en\/sign-up-our-newsletter\/","og_site_name":"vengru.com","article_publisher":"https:\/\/www.facebook.com\/vengrubag\/","article_modified_time":"2023-05-06T15:48:29+00:00","og_image":[{"url":"https:\/\/eep.io\/mc-cdn-images\/template_images\/branding_logo_text_dark_dtp.svg","type":"","width":"","height":""}],"twitter_card":"summary_large_image","schema":{"@context":"https:\/\/schema.org","@graph":[{"@type":"WebPage","@id":"https:\/\/vengru.com\/en\/sign-up-our-newsletter\/","url":"https:\/\/vengru.com\/en\/sign-up-our-newsletter\/","name":"Sign up our newsletter - vengru.com","isPartOf":{"@id":"https:\/\/vengru.com\/en\/#website"},"primaryImageOfPage":{"@id":"https:\/\/vengru.com\/en\/sign-up-our-newsletter\/#primaryimage"},"image":{"@id":"https:\/\/vengru.com\/en\/sign-up-our-newsletter\/#primaryimage"},"thumbnailUrl":"https:\/\/eep.io\/mc-cdn-images\/template_images\/branding_logo_text_dark_dtp.svg","datePublished":"2023-05-06T15:48:22+00:00","dateModified":"2023-05-06T15:48:29+00:00","breadcrumb":{"@id":"https:\/\/vengru.com\/en\/sign-up-our-newsletter\/#breadcrumb"},"inLanguage":"en-US","potentialAction":[{"@type":"ReadAction","target":["https:\/\/vengru.com\/en\/sign-up-our-newsletter\/"]}]},{"@type":"ImageObject","inLanguage":"en-US","@id":"https:\/\/vengru.com\/en\/sign-up-our-newsletter\/#primaryimage","url":"https:\/\/eep.io\/mc-cdn-images\/template_images\/branding_logo_text_dark_dtp.svg","contentUrl":"https:\/\/eep.io\/mc-cdn-images\/template_images\/branding_logo_text_dark_dtp.svg"},{"@type":"BreadcrumbList","@id":"https:\/\/vengru.com\/en\/sign-up-our-newsletter\/#breadcrumb","itemListElement":[{"@type":"ListItem","position":1,"name":"Home","item":"https:\/\/vengru.com\/en\/"},{"@type":"ListItem","position":2,"name":"Sign up our newsletter"}]},{"@type":"WebSite","@id":"https:\/\/vengru.com\/en\/#website","url":"https:\/\/vengru.com\/en\/","name":"vengru.com","description":"Vari\u00e1lhat\u00f3, min\u0151s\u00e9gi magyar designer m\u00e1rka","publisher":{"@id":"https:\/\/vengru.com\/en\/#organization"},"potentialAction":[{"@type":"SearchAction","target":{"@type":"EntryPoint","urlTemplate":"https:\/\/vengru.com\/en\/?s={search_term_string}"},"query-input":{"@type":"PropertyValueSpecification","valueRequired":true,"valueName":"search_term_string"}}],"inLanguage":"en-US"},{"@type":"Organization","@id":"https:\/\/vengru.com\/en\/#organization","name":"VENGRU Ltd.","url":"https:\/\/vengru.com\/en\/","logo":{"@type":"ImageObject","inLanguage":"en-US","@id":"https:\/\/vengru.com\/en\/#\/schema\/logo\/image\/","url":"https:\/\/vengru.com\/wp-content\/uploads\/2025\/05\/cropped-VENGRU-logoPNG3-1.png","contentUrl":"https:\/\/vengru.com\/wp-content\/uploads\/2025\/05\/cropped-VENGRU-logoPNG3-1.png","width":581,"height":98,"caption":"VENGRU Ltd."},"image":{"@id":"https:\/\/vengru.com\/en\/#\/schema\/logo\/image\/"},"sameAs":["https:\/\/www.facebook.com\/vengrubag\/","https:\/\/www.instagram.com\/vengrubag\/"]}]}},"_links":{"self":[{"href":"https:\/\/vengru.com\/en\/wp-json\/wp\/v2\/pages\/15063","targetHints":{"allow":["GET"]}}],"collection":[{"href":"https:\/\/vengru.com\/en\/wp-json\/wp\/v2\/pages"}],"about":[{"href":"https:\/\/vengru.com\/en\/wp-json\/wp\/v2\/types\/page"}],"author":[{"embeddable":true,"href":"https:\/\/vengru.com\/en\/wp-json\/wp\/v2\/users\/2"}],"replies":[{"embeddable":true,"href":"https:\/\/vengru.com\/en\/wp-json\/wp\/v2\/comments?post=15063"}],"version-history":[{"count":1,"href":"https:\/\/vengru.com\/en\/wp-json\/wp\/v2\/pages\/15063\/revisions"}],"predecessor-version":[{"id":15065,"href":"https:\/\/vengru.com\/en\/wp-json\/wp\/v2\/pages\/15063\/revisions\/15065"}],"wp:attachment":[{"href":"https:\/\/vengru.com\/en\/wp-json\/wp\/v2\/media?parent=15063"}],"curies":[{"name":"wp","href":"https:\/\/api.w.org\/{rel}","templated":true}]}}